{"id":980,"date":"2022-05-12T18:24:16","date_gmt":"2022-05-12T15:24:16","guid":{"rendered":"http:\/\/www.italwaxfrance.fr\/particulier\/?post_type=product&#038;p=980"},"modified":"2025-10-17T10:52:26","modified_gmt":"2025-10-17T07:52:26","slug":"talc-cosmetique-et-talc-cosmetique-au-menthol","status":"publish","type":"product","link":"https:\/\/italwaxfrance.fr\/particulier\/product\/talc-cosmetique-et-talc-cosmetique-au-menthol\/","title":{"rendered":"Talc cosm\u00e9tique (classique ou au menthol)"},"content":{"rendered":"<h2 data-start=\"183\" data-end=\"222\">\ud83c\udf3f Talc Cosm\u00e9tique Avant \u00c9pilation \u2013 Italwax<\/h2>\n<p data-start=\"223\" data-end=\"302\">La pr\u00e9paration id\u00e9ale pour une peau douce, prot\u00e9g\u00e9e et pr\u00eate \u00e0 \u00eatre \u00e9pil\u00e9e.Pr\u00e9parer sa peau <a href=\"https:\/\/italwaxfrance.fr\/lotion-pre-epilation\/\"><em><strong>avant l\u2019\u00e9pilation<\/strong><\/em><\/a>, c\u2019est la cl\u00e9 d\u2019un r\u00e9sultat net, sans irritation. Le talc cosm\u00e9tique et le talc cosm\u00e9tique au menthol Italwax, formul\u00e9 sans oxyde de zinc, respecte m\u00eame les peaux les plus sensibles. R\u00e9sultat ? Moins de rougeurs, plus de confort.<\/p>\n<h3 data-start=\"534\" data-end=\"560\">\u2728 Pourquoi l\u2019adopter ?<\/h3>\n<ul data-start=\"561\" data-end=\"899\">\n<li data-start=\"561\" data-end=\"671\">\n<p data-start=\"563\" data-end=\"671\"><strong data-start=\"563\" data-end=\"585\">Prot\u00e8ge votre peau<\/strong> : forme une barri\u00e8re l\u00e9g\u00e8re entre la peau et la <a href=\"https:\/\/italwaxfrance.fr\/particulier\/product-category\/cire-film-cires-pelables\/\"><em><strong>cire<\/strong><\/em><\/a>, pour limiter les irritations.<\/p>\n<\/li>\n<li data-start=\"672\" data-end=\"796\">\n<p data-start=\"674\" data-end=\"796\"><strong data-start=\"674\" data-end=\"696\">Absorbe l\u2019humidit\u00e9<\/strong> : la peau reste s\u00e8che, la cire adh\u00e8re mieux \u2013 l\u2019\u00e9pilation est plus efficace et moins douloureuse.<\/p>\n<\/li>\n<li data-start=\"797\" data-end=\"899\">\n<p data-start=\"799\" data-end=\"899\"><strong data-start=\"799\" data-end=\"823\">Am\u00e9liore le r\u00e9sultat<\/strong> : parfait pour toutes les m\u00e9thodes \u2013 cire chaude, ti\u00e8de, <a href=\"https:\/\/italwaxfrance.fr\/particulier\/product\/italwax-solo-pate-a-sucre-strong\/\"><em><strong>p\u00e2te de sucre<\/strong><\/em><\/a>&#8230;<\/p>\n<\/li>\n<\/ul>\n<p data-start=\"901\" data-end=\"1006\">Fini les sensations d\u00e9sagr\u00e9ables : votre peau est lisse, apais\u00e9e, et pr\u00eate pour une \u00e9pilation impeccable.<\/p>\n<h3 data-start=\"1008\" data-end=\"1038\">\u2714\ufe0f Formule clean &amp; douce<\/h3>\n<p data-start=\"1039\" data-end=\"1125\">Sans oxyde de zinc ni nanoparticules : un choix s\u00fbr, surtout pour les zones sensibles.<\/p>\n<h3 data-start=\"1127\" data-end=\"1156\">\ud83d\udecd\ufe0f Formats pratiques :<\/h3>\n<ul data-start=\"1157\" data-end=\"1252\">\n<li data-start=\"1157\" data-end=\"1205\">\n<p data-start=\"1159\" data-end=\"1205\"><strong data-start=\"1159\" data-end=\"1168\">150 g<\/strong> pour un usage r\u00e9gulier \u00e0 la maison<\/p>\n<\/li>\n<li data-start=\"1206\" data-end=\"1252\">\n<p data-start=\"1208\" data-end=\"1252\"><strong data-start=\"1208\" data-end=\"1216\">50 g<\/strong> \u00e0 glisser dans la trousse de voyage<\/p>\n<\/li>\n<\/ul>\n<p>&nbsp;<\/p>\n","protected":false},"excerpt":{"rendered":"<p>\ud83c\udf3f Talc Cosm\u00e9tique Avant \u00c9pilation \u2013 Italwax La pr\u00e9paration id\u00e9ale pour une peau douce, prot\u00e9g\u00e9e et pr\u00eate \u00e0 \u00eatre \u00e9pil\u00e9e.Pr\u00e9parer sa peau avant l\u2019\u00e9pilation, c\u2019est la cl\u00e9 d\u2019un r\u00e9sultat net, sans irritation. Le talc cosm\u00e9tique et le talc cosm\u00e9tique au menthol Italwax, formul\u00e9 sans oxyde de zinc, respecte m\u00eame les peaux les plus sensibles. R\u00e9sultat&#8230; <a href=\"https:\/\/italwaxfrance.fr\/particulier\/product\/talc-cosmetique-et-talc-cosmetique-au-menthol\/\">Read More<\/a><\/p>\n","protected":false},"featured_media":993,"comment_status":"open","ping_status":"closed","template":"","meta":[],"product_brand":[],"product_cat":[26],"product_tag":[],"class_list":{"0":"post-980","1":"product","2":"type-product","3":"status-publish","4":"has-post-thumbnail","6":"product_cat-produits-pre-epilation","8":"first","9":"instock","10":"taxable","11":"shipping-taxable","12":"purchasable","13":"product-type-variable"},"yoast_head":"<!-- This site is optimized with the Yoast SEO Premium plugin v27.2 (Yoast SEO v27.3) - https:\/\/yoast.com\/product\/yoast-seo-premium-wordpress\/ -->\n<title>Talc cosm\u00e9tique (classique ou au menthol) - Italwax France Particulier<\/title>\n<meta name=\"description\" content=\"Pr\u00e9parez votre peau en douceur avec le talc cosm\u00e9tique avant \u00e9pilation Italwax, sans oxyde de zinc. Id\u00e9al pour une \u00e9pilation domicile.\" \/>\n<meta name=\"robots\" content=\"index, follow, max-snippet:-1, max-image-preview:large, max-video-preview:-1\" \/>\n<link rel=\"canonical\" href=\"https:\/\/italwaxfrance.fr\/particulier\/product\/talc-cosmetique-et-talc-cosmetique-au-menthol\/\" \/>\n<meta property=\"og:locale\" content=\"fr_FR\" \/>\n<meta property=\"og:type\" content=\"article\" \/>\n<meta property=\"og:title\" content=\"Talc cosm\u00e9tique (classique ou au menthol)\" \/>\n<meta property=\"og:description\" content=\"Pr\u00e9parez votre peau en douceur avec le talc cosm\u00e9tique avant \u00e9pilation Italwax, sans oxyde de zinc. Id\u00e9al pour une \u00e9pilation domicile.\" \/>\n<meta property=\"og:url\" content=\"https:\/\/italwaxfrance.fr\/particulier\/product\/talc-cosmetique-et-talc-cosmetique-au-menthol\/\" \/>\n<meta property=\"og:site_name\" content=\"Italwax France Particulier\" \/>\n<meta property=\"article:modified_time\" content=\"2025-10-17T07:52:26+00:00\" \/>\n<meta property=\"og:image\" content=\"http:\/\/italwaxfrance.fr\/particulier\/wp-content\/uploads\/sites\/12\/2022\/05\/italwax-shop-cosmetic-talc.jpg\" \/>\n\t<meta property=\"og:image:width\" content=\"1000\" \/>\n\t<meta property=\"og:image:height\" content=\"1000\" \/>\n\t<meta property=\"og:image:type\" content=\"image\/jpeg\" \/>\n<meta name=\"twitter:card\" content=\"summary_large_image\" \/>\n<meta name=\"twitter:label1\" content=\"Dur\u00e9e de lecture estim\u00e9e\" \/>\n\t<meta name=\"twitter:data1\" content=\"1 minute\" \/>\n<script type=\"application\/ld+json\" class=\"yoast-schema-graph\">{\"@context\":\"https:\\\/\\\/schema.org\",\"@graph\":[{\"@type\":\"WebPage\",\"@id\":\"https:\\\/\\\/italwaxfrance.fr\\\/particulier\\\/product\\\/talc-cosmetique-et-talc-cosmetique-au-menthol\\\/\",\"url\":\"https:\\\/\\\/italwaxfrance.fr\\\/particulier\\\/product\\\/talc-cosmetique-et-talc-cosmetique-au-menthol\\\/\",\"name\":\"Talc cosm\u00e9tique (classique ou au menthol) - Italwax France Particulier\",\"isPartOf\":{\"@id\":\"https:\\\/\\\/italwaxfrance.fr\\\/particulier\\\/#website\"},\"primaryImageOfPage\":{\"@id\":\"https:\\\/\\\/italwaxfrance.fr\\\/particulier\\\/product\\\/talc-cosmetique-et-talc-cosmetique-au-menthol\\\/#primaryimage\"},\"image\":{\"@id\":\"https:\\\/\\\/italwaxfrance.fr\\\/particulier\\\/product\\\/talc-cosmetique-et-talc-cosmetique-au-menthol\\\/#primaryimage\"},\"thumbnailUrl\":\"https:\\\/\\\/italwaxfrance.fr\\\/particulier\\\/wp-content\\\/uploads\\\/sites\\\/12\\\/2022\\\/05\\\/italwax-shop-cosmetic-talc.jpg\",\"datePublished\":\"2022-05-12T15:24:16+00:00\",\"dateModified\":\"2025-10-17T07:52:26+00:00\",\"description\":\"Pr\u00e9parez votre peau en douceur avec le talc cosm\u00e9tique avant \u00e9pilation Italwax, sans oxyde de zinc. Id\u00e9al pour une \u00e9pilation domicile.\",\"breadcrumb\":{\"@id\":\"https:\\\/\\\/italwaxfrance.fr\\\/particulier\\\/product\\\/talc-cosmetique-et-talc-cosmetique-au-menthol\\\/#breadcrumb\"},\"inLanguage\":\"fr-FR\",\"potentialAction\":[{\"@type\":\"ReadAction\",\"target\":[\"https:\\\/\\\/italwaxfrance.fr\\\/particulier\\\/product\\\/talc-cosmetique-et-talc-cosmetique-au-menthol\\\/\"]}]},{\"@type\":\"ImageObject\",\"inLanguage\":\"fr-FR\",\"@id\":\"https:\\\/\\\/italwaxfrance.fr\\\/particulier\\\/product\\\/talc-cosmetique-et-talc-cosmetique-au-menthol\\\/#primaryimage\",\"url\":\"https:\\\/\\\/italwaxfrance.fr\\\/particulier\\\/wp-content\\\/uploads\\\/sites\\\/12\\\/2022\\\/05\\\/italwax-shop-cosmetic-talc.jpg\",\"contentUrl\":\"https:\\\/\\\/italwaxfrance.fr\\\/particulier\\\/wp-content\\\/uploads\\\/sites\\\/12\\\/2022\\\/05\\\/italwax-shop-cosmetic-talc.jpg\",\"width\":1000,\"height\":1000,\"caption\":\"Talc cosm\u00e9tique (classique ou au menthol)\"},{\"@type\":\"BreadcrumbList\",\"@id\":\"https:\\\/\\\/italwaxfrance.fr\\\/particulier\\\/product\\\/talc-cosmetique-et-talc-cosmetique-au-menthol\\\/#breadcrumb\",\"itemListElement\":[{\"@type\":\"ListItem\",\"position\":1,\"name\":\"Accueil\",\"item\":\"https:\\\/\\\/italwaxfrance.fr\\\/particulier\\\/\"},{\"@type\":\"ListItem\",\"position\":2,\"name\":\"Score\",\"item\":\"https:\\\/\\\/italwaxfrance.fr\\\/particulier\\\/shop\\\/\"},{\"@type\":\"ListItem\",\"position\":3,\"name\":\"Talc cosm\u00e9tique (classique ou au menthol)\"}]},{\"@type\":\"WebSite\",\"@id\":\"https:\\\/\\\/italwaxfrance.fr\\\/particulier\\\/#website\",\"url\":\"https:\\\/\\\/italwaxfrance.fr\\\/particulier\\\/\",\"name\":\"Italwax France Particulier\",\"description\":\"Cosm\u00e9tiques professionnels\",\"publisher\":{\"@id\":\"https:\\\/\\\/italwaxfrance.fr\\\/particulier\\\/#organization\"},\"potentialAction\":[{\"@type\":\"SearchAction\",\"target\":{\"@type\":\"EntryPoint\",\"urlTemplate\":\"https:\\\/\\\/italwaxfrance.fr\\\/particulier\\\/?s={search_term_string}\"},\"query-input\":{\"@type\":\"PropertyValueSpecification\",\"valueRequired\":true,\"valueName\":\"search_term_string\"}}],\"inLanguage\":\"fr-FR\"},{\"@type\":\"Organization\",\"@id\":\"https:\\\/\\\/italwaxfrance.fr\\\/particulier\\\/#organization\",\"name\":\"Italwax France\",\"url\":\"https:\\\/\\\/italwaxfrance.fr\\\/particulier\\\/\",\"logo\":{\"@type\":\"ImageObject\",\"inLanguage\":\"fr-FR\",\"@id\":\"https:\\\/\\\/italwaxfrance.fr\\\/particulier\\\/#\\\/schema\\\/logo\\\/image\\\/\",\"url\":\"https:\\\/\\\/italwaxfrance.fr\\\/particulier\\\/wp-content\\\/uploads\\\/sites\\\/12\\\/2022\\\/04\\\/logo.png\",\"contentUrl\":\"https:\\\/\\\/italwaxfrance.fr\\\/particulier\\\/wp-content\\\/uploads\\\/sites\\\/12\\\/2022\\\/04\\\/logo.png\",\"width\":334,\"height\":158,\"caption\":\"Italwax France\"},\"image\":{\"@id\":\"https:\\\/\\\/italwaxfrance.fr\\\/particulier\\\/#\\\/schema\\\/logo\\\/image\\\/\"},\"sameAs\":[\"https:\\\/\\\/www.instagram.com\\\/italwaxfrance\\\/\",\"https:\\\/\\\/www.youtube.com\\\/@ItalwaxMedia\"]}]}<\/script>\n<!-- \/ Yoast SEO Premium plugin. -->","yoast_head_json":{"title":"Talc cosm\u00e9tique (classique ou au menthol) - Italwax France Particulier","description":"Pr\u00e9parez votre peau en douceur avec le talc cosm\u00e9tique avant \u00e9pilation Italwax, sans oxyde de zinc. Id\u00e9al pour une \u00e9pilation domicile.","robots":{"index":"index","follow":"follow","max-snippet":"max-snippet:-1","max-image-preview":"max-image-preview:large","max-video-preview":"max-video-preview:-1"},"canonical":"https:\/\/italwaxfrance.fr\/particulier\/product\/talc-cosmetique-et-talc-cosmetique-au-menthol\/","og_locale":"fr_FR","og_type":"article","og_title":"Talc cosm\u00e9tique (classique ou au menthol)","og_description":"Pr\u00e9parez votre peau en douceur avec le talc cosm\u00e9tique avant \u00e9pilation Italwax, sans oxyde de zinc. Id\u00e9al pour une \u00e9pilation domicile.","og_url":"https:\/\/italwaxfrance.fr\/particulier\/product\/talc-cosmetique-et-talc-cosmetique-au-menthol\/","og_site_name":"Italwax France Particulier","article_modified_time":"2025-10-17T07:52:26+00:00","og_image":[{"width":1000,"height":1000,"url":"http:\/\/italwaxfrance.fr\/particulier\/wp-content\/uploads\/sites\/12\/2022\/05\/italwax-shop-cosmetic-talc.jpg","type":"image\/jpeg"}],"twitter_card":"summary_large_image","twitter_misc":{"Dur\u00e9e de lecture estim\u00e9e":"1 minute"},"schema":{"@context":"https:\/\/schema.org","@graph":[{"@type":"WebPage","@id":"https:\/\/italwaxfrance.fr\/particulier\/product\/talc-cosmetique-et-talc-cosmetique-au-menthol\/","url":"https:\/\/italwaxfrance.fr\/particulier\/product\/talc-cosmetique-et-talc-cosmetique-au-menthol\/","name":"Talc cosm\u00e9tique (classique ou au menthol) - Italwax France Particulier","isPartOf":{"@id":"https:\/\/italwaxfrance.fr\/particulier\/#website"},"primaryImageOfPage":{"@id":"https:\/\/italwaxfrance.fr\/particulier\/product\/talc-cosmetique-et-talc-cosmetique-au-menthol\/#primaryimage"},"image":{"@id":"https:\/\/italwaxfrance.fr\/particulier\/product\/talc-cosmetique-et-talc-cosmetique-au-menthol\/#primaryimage"},"thumbnailUrl":"https:\/\/italwaxfrance.fr\/particulier\/wp-content\/uploads\/sites\/12\/2022\/05\/italwax-shop-cosmetic-talc.jpg","datePublished":"2022-05-12T15:24:16+00:00","dateModified":"2025-10-17T07:52:26+00:00","description":"Pr\u00e9parez votre peau en douceur avec le talc cosm\u00e9tique avant \u00e9pilation Italwax, sans oxyde de zinc. Id\u00e9al pour une \u00e9pilation domicile.","breadcrumb":{"@id":"https:\/\/italwaxfrance.fr\/particulier\/product\/talc-cosmetique-et-talc-cosmetique-au-menthol\/#breadcrumb"},"inLanguage":"fr-FR","potentialAction":[{"@type":"ReadAction","target":["https:\/\/italwaxfrance.fr\/particulier\/product\/talc-cosmetique-et-talc-cosmetique-au-menthol\/"]}]},{"@type":"ImageObject","inLanguage":"fr-FR","@id":"https:\/\/italwaxfrance.fr\/particulier\/product\/talc-cosmetique-et-talc-cosmetique-au-menthol\/#primaryimage","url":"https:\/\/italwaxfrance.fr\/particulier\/wp-content\/uploads\/sites\/12\/2022\/05\/italwax-shop-cosmetic-talc.jpg","contentUrl":"https:\/\/italwaxfrance.fr\/particulier\/wp-content\/uploads\/sites\/12\/2022\/05\/italwax-shop-cosmetic-talc.jpg","width":1000,"height":1000,"caption":"Talc cosm\u00e9tique (classique ou au menthol)"},{"@type":"BreadcrumbList","@id":"https:\/\/italwaxfrance.fr\/particulier\/product\/talc-cosmetique-et-talc-cosmetique-au-menthol\/#breadcrumb","itemListElement":[{"@type":"ListItem","position":1,"name":"Accueil","item":"https:\/\/italwaxfrance.fr\/particulier\/"},{"@type":"ListItem","position":2,"name":"Score","item":"https:\/\/italwaxfrance.fr\/particulier\/shop\/"},{"@type":"ListItem","position":3,"name":"Talc cosm\u00e9tique (classique ou au menthol)"}]},{"@type":"WebSite","@id":"https:\/\/italwaxfrance.fr\/particulier\/#website","url":"https:\/\/italwaxfrance.fr\/particulier\/","name":"Italwax France Particulier","description":"Cosm\u00e9tiques professionnels","publisher":{"@id":"https:\/\/italwaxfrance.fr\/particulier\/#organization"},"potentialAction":[{"@type":"SearchAction","target":{"@type":"EntryPoint","urlTemplate":"https:\/\/italwaxfrance.fr\/particulier\/?s={search_term_string}"},"query-input":{"@type":"PropertyValueSpecification","valueRequired":true,"valueName":"search_term_string"}}],"inLanguage":"fr-FR"},{"@type":"Organization","@id":"https:\/\/italwaxfrance.fr\/particulier\/#organization","name":"Italwax France","url":"https:\/\/italwaxfrance.fr\/particulier\/","logo":{"@type":"ImageObject","inLanguage":"fr-FR","@id":"https:\/\/italwaxfrance.fr\/particulier\/#\/schema\/logo\/image\/","url":"https:\/\/italwaxfrance.fr\/particulier\/wp-content\/uploads\/sites\/12\/2022\/04\/logo.png","contentUrl":"https:\/\/italwaxfrance.fr\/particulier\/wp-content\/uploads\/sites\/12\/2022\/04\/logo.png","width":334,"height":158,"caption":"Italwax France"},"image":{"@id":"https:\/\/italwaxfrance.fr\/particulier\/#\/schema\/logo\/image\/"},"sameAs":["https:\/\/www.instagram.com\/italwaxfrance\/","https:\/\/www.youtube.com\/@ItalwaxMedia"]}]}},"_links":{"self":[{"href":"https:\/\/italwaxfrance.fr\/particulier\/wp-json\/wp\/v2\/product\/980","targetHints":{"allow":["GET"]}}],"collection":[{"href":"https:\/\/italwaxfrance.fr\/particulier\/wp-json\/wp\/v2\/product"}],"about":[{"href":"https:\/\/italwaxfrance.fr\/particulier\/wp-json\/wp\/v2\/types\/product"}],"replies":[{"embeddable":true,"href":"https:\/\/italwaxfrance.fr\/particulier\/wp-json\/wp\/v2\/comments?post=980"}],"wp:featuredmedia":[{"embeddable":true,"href":"https:\/\/italwaxfrance.fr\/particulier\/wp-json\/wp\/v2\/media\/993"}],"wp:attachment":[{"href":"https:\/\/italwaxfrance.fr\/particulier\/wp-json\/wp\/v2\/media?parent=980"}],"wp:term":[{"taxonomy":"product_brand","embeddable":true,"href":"https:\/\/italwaxfrance.fr\/particulier\/wp-json\/wp\/v2\/product_brand?post=980"},{"taxonomy":"product_cat","embeddable":true,"href":"https:\/\/italwaxfrance.fr\/particulier\/wp-json\/wp\/v2\/product_cat?post=980"},{"taxonomy":"product_tag","embeddable":true,"href":"https:\/\/italwaxfrance.fr\/particulier\/wp-json\/wp\/v2\/product_tag?post=980"}],"curies":[{"name":"wp","href":"https:\/\/api.w.org\/{rel}","templated":true}]}}