{"id":910,"date":"2022-05-12T16:40:04","date_gmt":"2022-05-12T13:40:04","guid":{"rendered":"http:\/\/www.italwaxfrance.fr\/particulier\/?post_type=product&#038;p=910"},"modified":"2025-10-15T11:45:41","modified_gmt":"2025-10-15T08:45:41","slug":"cire-depilatoire-oud","status":"publish","type":"product","link":"https:\/\/italwaxfrance.fr\/particulier\/product\/cire-depilatoire-oud\/","title":{"rendered":"Ligne Flex &#8211; Oud"},"content":{"rendered":"<h2 data-start=\"144\" data-end=\"213\"><strong data-start=\"148\" data-end=\"213\">Cire OUD FLEX \u2013 Puissance, douceur et parfum d\u2019Orient<\/strong><\/h2>\n<p data-start=\"215\" data-end=\"443\">La cire <strong data-start=\"223\" data-end=\"235\">OUD FLEX<\/strong> est sp\u00e9cialement con\u00e7ue pour \u00e9liminer efficacement les poils \u00e9pais, courts et robustes. Son parfum d\u00e9licat \u00e9voque les ambiances orientales, pour transformer chaque \u00e9pilation en un vrai moment de bien-\u00eatre.<\/p>\n<p data-start=\"445\" data-end=\"656\">Enrichie en essence pr\u00e9cieuse d\u2019Oud \u2014 une r\u00e9sine naturelle reconnue pour ses vertus apaisantes \u2014 cette cire procure un intense effet calmant qui aide \u00e0 r\u00e9duire le stress et les irritations pendant l\u2019\u00e9pilation.<\/p>\n<p data-start=\"658\" data-end=\"818\">Utilis\u00e9e dans les centres bien-\u00eatre et lors des s\u00e9ances d\u2019aromath\u00e9rapie, la cire OUD FLEX offre une exp\u00e9rience sensorielle unique, alliant efficacit\u00e9 et soin.<\/p>\n<hr data-start=\"820\" data-end=\"823\" \/>\n<h3 data-start=\"825\" data-end=\"852\">Formats disponibles :<\/h3>\n<ul data-start=\"854\" data-end=\"1240\">\n<li data-start=\"854\" data-end=\"1059\">\n<p data-start=\"856\" data-end=\"1059\"><strong data-start=\"856\" data-end=\"874\">Roll-On 100 ml<\/strong> : Pratique et facile \u00e0 utiliser, ce format est id\u00e9al pour une \u00e9pilation cibl\u00e9e. Il se chauffe simplement dans son propre <strong><em><a href=\"https:\/\/italwaxfrance.fr\/particulier\/product\/chauffe-cire-pas-cher-pour-cartocuhes-free\/\">chauffe-cire roll-on<\/a><\/em><\/strong>, pour une application rapide et pr\u00e9cise.<\/p>\n<\/li>\n<li data-start=\"1060\" data-end=\"1240\">\n<p data-start=\"1062\" data-end=\"1240\"><strong data-start=\"1062\" data-end=\"1076\">Pot 800 ml<\/strong> : Parfait pour un usage r\u00e9gulier. Ce grand format peut \u00eatre chauff\u00e9 dans un <strong><em><a href=\"https:\/\/italwaxfrance.fr\/particulier\/product\/chauffe-cire-liberty-pour-boites-800ml\/\">chauffe-cire adapt\u00e9<\/a>,<\/em><\/strong> pour une cire toujours \u00e0 la temp\u00e9rature id\u00e9ale.<\/p>\n<\/li>\n<\/ul>\n<hr data-start=\"1242\" data-end=\"1245\" \/>\n<h3 data-start=\"1247\" data-end=\"1280\">Pourquoi choisir OUD FLEX ?<\/h3>\n<ul data-start=\"1282\" data-end=\"1619\">\n<li data-start=\"1282\" data-end=\"1353\">\n<p data-start=\"1284\" data-end=\"1353\"><strong data-start=\"1284\" data-end=\"1321\">\u00c9limine les poils \u00e9pais et fonc\u00e9s<\/strong> avec efficacit\u00e9 et pr\u00e9cision.<\/p>\n<\/li>\n<li data-start=\"1354\" data-end=\"1429\">\n<p data-start=\"1356\" data-end=\"1429\"><strong data-start=\"1356\" data-end=\"1386\">Parfum raffin\u00e9 et apaisant<\/strong> d\u2019essence d\u2019Oud qui invite \u00e0 la d\u00e9tente.<\/p>\n<\/li>\n<li data-start=\"1430\" data-end=\"1520\">\n<p data-start=\"1432\" data-end=\"1520\"><strong data-start=\"1432\" data-end=\"1461\">Effet calmant sur la peau<\/strong>, pour une \u00e9pilation plus confortable et moins irritante.<\/p>\n<\/li>\n<li data-start=\"1521\" data-end=\"1619\">\n<p data-start=\"1523\" data-end=\"1619\"><strong data-start=\"1523\" data-end=\"1551\">Qualit\u00e9 spa et bien-\u00eatre<\/strong>, utilis\u00e9e dans les instituts et pour les rituels d\u2019aromath\u00e9rapie.<\/p>\n<\/li>\n<\/ul>\n<hr data-start=\"1621\" data-end=\"1624\" \/>\n<p data-start=\"1626\" data-end=\"1753\">Offrez-vous une \u00e9pilation puissante et sensorielle \u00e0 la maison, avec la cire OUD FLEX, pour une peau douce, nette et apais\u00e9e.<\/p>\n","protected":false},"excerpt":{"rendered":"<p>Cire OUD FLEX \u2013 Puissance, douceur et parfum d\u2019Orient La cire OUD FLEX est sp\u00e9cialement con\u00e7ue pour \u00e9liminer efficacement les poils \u00e9pais, courts et robustes. Son parfum d\u00e9licat \u00e9voque les ambiances orientales, pour transformer chaque \u00e9pilation en un vrai moment de bien-\u00eatre. Enrichie en essence pr\u00e9cieuse d\u2019Oud \u2014 une r\u00e9sine naturelle reconnue pour ses vertus&#8230; <a href=\"https:\/\/italwaxfrance.fr\/particulier\/product\/cire-depilatoire-oud\/\">Read More<\/a><\/p>\n","protected":false},"featured_media":915,"comment_status":"open","ping_status":"closed","template":"","meta":[],"product_brand":[],"product_cat":[30],"product_tag":[],"class_list":{"0":"post-910","1":"product","2":"type-product","3":"status-publish","4":"has-post-thumbnail","6":"product_cat-italwax-cire-liposoluble-cartouches-et-pots-roll-on","8":"first","9":"instock","10":"taxable","11":"shipping-taxable","12":"purchasable","13":"product-type-variable"},"yoast_head":"<!-- This site is optimized with the Yoast SEO Premium plugin v27.2 (Yoast SEO v27.5) - https:\/\/yoast.com\/product\/yoast-seo-premium-wordpress\/ -->\n<title>Ligne Flex - Oud - Italwax France Particulier<\/title>\n<meta name=\"description\" content=\"La cire d\u00e9pilatoire OUD FLEX, efficace pour les poils \u00e9pais et robustes. Disponible en cartouche 100 ml et en pot 800 ml pour une \u00e9pilation douce.\" \/>\n<meta name=\"robots\" content=\"index, follow, max-snippet:-1, max-image-preview:large, max-video-preview:-1\" \/>\n<link rel=\"canonical\" href=\"https:\/\/italwaxfrance.fr\/particulier\/product\/cire-depilatoire-oud\/\" \/>\n<meta property=\"og:locale\" content=\"fr_FR\" \/>\n<meta property=\"og:type\" content=\"article\" \/>\n<meta property=\"og:title\" content=\"Ligne Flex - Oud\" \/>\n<meta property=\"og:description\" content=\"La cire d\u00e9pilatoire OUD FLEX, efficace pour les poils \u00e9pais et robustes. Disponible en cartouche 100 ml et en pot 800 ml pour une \u00e9pilation douce.\" \/>\n<meta property=\"og:url\" content=\"https:\/\/italwaxfrance.fr\/particulier\/product\/cire-depilatoire-oud\/\" \/>\n<meta property=\"og:site_name\" content=\"Italwax France Particulier\" \/>\n<meta property=\"article:modified_time\" content=\"2025-10-15T08:45:41+00:00\" \/>\n<meta property=\"og:image\" content=\"http:\/\/italwaxfrance.fr\/particulier\/wp-content\/uploads\/sites\/12\/2022\/05\/italwax-shop-flex-liposoluble-wax-oud.jpg\" \/>\n\t<meta property=\"og:image:width\" content=\"1000\" \/>\n\t<meta property=\"og:image:height\" content=\"1000\" \/>\n\t<meta property=\"og:image:type\" content=\"image\/jpeg\" \/>\n<meta name=\"twitter:card\" content=\"summary_large_image\" \/>\n<meta name=\"twitter:label1\" content=\"Dur\u00e9e de lecture estim\u00e9e\" \/>\n\t<meta name=\"twitter:data1\" content=\"2 minutes\" \/>\n<script type=\"application\/ld+json\" class=\"yoast-schema-graph\">{\"@context\":\"https:\\\/\\\/schema.org\",\"@graph\":[{\"@type\":\"WebPage\",\"@id\":\"https:\\\/\\\/italwaxfrance.fr\\\/particulier\\\/product\\\/cire-depilatoire-oud\\\/\",\"url\":\"https:\\\/\\\/italwaxfrance.fr\\\/particulier\\\/product\\\/cire-depilatoire-oud\\\/\",\"name\":\"Ligne Flex - Oud - Italwax France Particulier\",\"isPartOf\":{\"@id\":\"https:\\\/\\\/italwaxfrance.fr\\\/particulier\\\/#website\"},\"primaryImageOfPage\":{\"@id\":\"https:\\\/\\\/italwaxfrance.fr\\\/particulier\\\/product\\\/cire-depilatoire-oud\\\/#primaryimage\"},\"image\":{\"@id\":\"https:\\\/\\\/italwaxfrance.fr\\\/particulier\\\/product\\\/cire-depilatoire-oud\\\/#primaryimage\"},\"thumbnailUrl\":\"https:\\\/\\\/italwaxfrance.fr\\\/particulier\\\/wp-content\\\/uploads\\\/sites\\\/12\\\/2022\\\/05\\\/italwax-shop-flex-liposoluble-wax-oud.jpg\",\"datePublished\":\"2022-05-12T13:40:04+00:00\",\"dateModified\":\"2025-10-15T08:45:41+00:00\",\"description\":\"La cire d\u00e9pilatoire OUD FLEX, efficace pour les poils \u00e9pais et robustes. Disponible en cartouche 100 ml et en pot 800 ml pour une \u00e9pilation douce.\",\"breadcrumb\":{\"@id\":\"https:\\\/\\\/italwaxfrance.fr\\\/particulier\\\/product\\\/cire-depilatoire-oud\\\/#breadcrumb\"},\"inLanguage\":\"fr-FR\",\"potentialAction\":[{\"@type\":\"ReadAction\",\"target\":[\"https:\\\/\\\/italwaxfrance.fr\\\/particulier\\\/product\\\/cire-depilatoire-oud\\\/\"]}]},{\"@type\":\"ImageObject\",\"inLanguage\":\"fr-FR\",\"@id\":\"https:\\\/\\\/italwaxfrance.fr\\\/particulier\\\/product\\\/cire-depilatoire-oud\\\/#primaryimage\",\"url\":\"https:\\\/\\\/italwaxfrance.fr\\\/particulier\\\/wp-content\\\/uploads\\\/sites\\\/12\\\/2022\\\/05\\\/italwax-shop-flex-liposoluble-wax-oud.jpg\",\"contentUrl\":\"https:\\\/\\\/italwaxfrance.fr\\\/particulier\\\/wp-content\\\/uploads\\\/sites\\\/12\\\/2022\\\/05\\\/italwax-shop-flex-liposoluble-wax-oud.jpg\",\"width\":1000,\"height\":1000,\"caption\":\"Cire d\u00e9pilatoire oud FLEX, en cartouche de 100 ml et en pot de 800 ml\"},{\"@type\":\"BreadcrumbList\",\"@id\":\"https:\\\/\\\/italwaxfrance.fr\\\/particulier\\\/product\\\/cire-depilatoire-oud\\\/#breadcrumb\",\"itemListElement\":[{\"@type\":\"ListItem\",\"position\":1,\"name\":\"Accueil\",\"item\":\"https:\\\/\\\/italwaxfrance.fr\\\/particulier\\\/\"},{\"@type\":\"ListItem\",\"position\":2,\"name\":\"Score\",\"item\":\"https:\\\/\\\/italwaxfrance.fr\\\/particulier\\\/shop\\\/\"},{\"@type\":\"ListItem\",\"position\":3,\"name\":\"Ligne Flex &#8211; Oud\"}]},{\"@type\":\"WebSite\",\"@id\":\"https:\\\/\\\/italwaxfrance.fr\\\/particulier\\\/#website\",\"url\":\"https:\\\/\\\/italwaxfrance.fr\\\/particulier\\\/\",\"name\":\"Italwax France Particulier\",\"description\":\"Cosm\u00e9tiques professionnels\",\"publisher\":{\"@id\":\"https:\\\/\\\/italwaxfrance.fr\\\/particulier\\\/#organization\"},\"potentialAction\":[{\"@type\":\"SearchAction\",\"target\":{\"@type\":\"EntryPoint\",\"urlTemplate\":\"https:\\\/\\\/italwaxfrance.fr\\\/particulier\\\/?s={search_term_string}\"},\"query-input\":{\"@type\":\"PropertyValueSpecification\",\"valueRequired\":true,\"valueName\":\"search_term_string\"}}],\"inLanguage\":\"fr-FR\"},{\"@type\":\"Organization\",\"@id\":\"https:\\\/\\\/italwaxfrance.fr\\\/particulier\\\/#organization\",\"name\":\"Italwax France\",\"url\":\"https:\\\/\\\/italwaxfrance.fr\\\/particulier\\\/\",\"logo\":{\"@type\":\"ImageObject\",\"inLanguage\":\"fr-FR\",\"@id\":\"https:\\\/\\\/italwaxfrance.fr\\\/particulier\\\/#\\\/schema\\\/logo\\\/image\\\/\",\"url\":\"https:\\\/\\\/italwaxfrance.fr\\\/particulier\\\/wp-content\\\/uploads\\\/sites\\\/12\\\/2022\\\/04\\\/logo.png\",\"contentUrl\":\"https:\\\/\\\/italwaxfrance.fr\\\/particulier\\\/wp-content\\\/uploads\\\/sites\\\/12\\\/2022\\\/04\\\/logo.png\",\"width\":334,\"height\":158,\"caption\":\"Italwax France\"},\"image\":{\"@id\":\"https:\\\/\\\/italwaxfrance.fr\\\/particulier\\\/#\\\/schema\\\/logo\\\/image\\\/\"},\"sameAs\":[\"https:\\\/\\\/www.instagram.com\\\/italwaxfrance\\\/\",\"https:\\\/\\\/www.youtube.com\\\/@ItalwaxMedia\"]}]}<\/script>\n<!-- \/ Yoast SEO Premium plugin. -->","yoast_head_json":{"title":"Ligne Flex - Oud - Italwax France Particulier","description":"La cire d\u00e9pilatoire OUD FLEX, efficace pour les poils \u00e9pais et robustes. Disponible en cartouche 100 ml et en pot 800 ml pour une \u00e9pilation douce.","robots":{"index":"index","follow":"follow","max-snippet":"max-snippet:-1","max-image-preview":"max-image-preview:large","max-video-preview":"max-video-preview:-1"},"canonical":"https:\/\/italwaxfrance.fr\/particulier\/product\/cire-depilatoire-oud\/","og_locale":"fr_FR","og_type":"article","og_title":"Ligne Flex - Oud","og_description":"La cire d\u00e9pilatoire OUD FLEX, efficace pour les poils \u00e9pais et robustes. Disponible en cartouche 100 ml et en pot 800 ml pour une \u00e9pilation douce.","og_url":"https:\/\/italwaxfrance.fr\/particulier\/product\/cire-depilatoire-oud\/","og_site_name":"Italwax France Particulier","article_modified_time":"2025-10-15T08:45:41+00:00","og_image":[{"width":1000,"height":1000,"url":"http:\/\/italwaxfrance.fr\/particulier\/wp-content\/uploads\/sites\/12\/2022\/05\/italwax-shop-flex-liposoluble-wax-oud.jpg","type":"image\/jpeg"}],"twitter_card":"summary_large_image","twitter_misc":{"Dur\u00e9e de lecture estim\u00e9e":"2 minutes"},"schema":{"@context":"https:\/\/schema.org","@graph":[{"@type":"WebPage","@id":"https:\/\/italwaxfrance.fr\/particulier\/product\/cire-depilatoire-oud\/","url":"https:\/\/italwaxfrance.fr\/particulier\/product\/cire-depilatoire-oud\/","name":"Ligne Flex - Oud - Italwax France Particulier","isPartOf":{"@id":"https:\/\/italwaxfrance.fr\/particulier\/#website"},"primaryImageOfPage":{"@id":"https:\/\/italwaxfrance.fr\/particulier\/product\/cire-depilatoire-oud\/#primaryimage"},"image":{"@id":"https:\/\/italwaxfrance.fr\/particulier\/product\/cire-depilatoire-oud\/#primaryimage"},"thumbnailUrl":"https:\/\/italwaxfrance.fr\/particulier\/wp-content\/uploads\/sites\/12\/2022\/05\/italwax-shop-flex-liposoluble-wax-oud.jpg","datePublished":"2022-05-12T13:40:04+00:00","dateModified":"2025-10-15T08:45:41+00:00","description":"La cire d\u00e9pilatoire OUD FLEX, efficace pour les poils \u00e9pais et robustes. Disponible en cartouche 100 ml et en pot 800 ml pour une \u00e9pilation douce.","breadcrumb":{"@id":"https:\/\/italwaxfrance.fr\/particulier\/product\/cire-depilatoire-oud\/#breadcrumb"},"inLanguage":"fr-FR","potentialAction":[{"@type":"ReadAction","target":["https:\/\/italwaxfrance.fr\/particulier\/product\/cire-depilatoire-oud\/"]}]},{"@type":"ImageObject","inLanguage":"fr-FR","@id":"https:\/\/italwaxfrance.fr\/particulier\/product\/cire-depilatoire-oud\/#primaryimage","url":"https:\/\/italwaxfrance.fr\/particulier\/wp-content\/uploads\/sites\/12\/2022\/05\/italwax-shop-flex-liposoluble-wax-oud.jpg","contentUrl":"https:\/\/italwaxfrance.fr\/particulier\/wp-content\/uploads\/sites\/12\/2022\/05\/italwax-shop-flex-liposoluble-wax-oud.jpg","width":1000,"height":1000,"caption":"Cire d\u00e9pilatoire oud FLEX, en cartouche de 100 ml et en pot de 800 ml"},{"@type":"BreadcrumbList","@id":"https:\/\/italwaxfrance.fr\/particulier\/product\/cire-depilatoire-oud\/#breadcrumb","itemListElement":[{"@type":"ListItem","position":1,"name":"Accueil","item":"https:\/\/italwaxfrance.fr\/particulier\/"},{"@type":"ListItem","position":2,"name":"Score","item":"https:\/\/italwaxfrance.fr\/particulier\/shop\/"},{"@type":"ListItem","position":3,"name":"Ligne Flex &#8211; Oud"}]},{"@type":"WebSite","@id":"https:\/\/italwaxfrance.fr\/particulier\/#website","url":"https:\/\/italwaxfrance.fr\/particulier\/","name":"Italwax France Particulier","description":"Cosm\u00e9tiques professionnels","publisher":{"@id":"https:\/\/italwaxfrance.fr\/particulier\/#organization"},"potentialAction":[{"@type":"SearchAction","target":{"@type":"EntryPoint","urlTemplate":"https:\/\/italwaxfrance.fr\/particulier\/?s={search_term_string}"},"query-input":{"@type":"PropertyValueSpecification","valueRequired":true,"valueName":"search_term_string"}}],"inLanguage":"fr-FR"},{"@type":"Organization","@id":"https:\/\/italwaxfrance.fr\/particulier\/#organization","name":"Italwax France","url":"https:\/\/italwaxfrance.fr\/particulier\/","logo":{"@type":"ImageObject","inLanguage":"fr-FR","@id":"https:\/\/italwaxfrance.fr\/particulier\/#\/schema\/logo\/image\/","url":"https:\/\/italwaxfrance.fr\/particulier\/wp-content\/uploads\/sites\/12\/2022\/04\/logo.png","contentUrl":"https:\/\/italwaxfrance.fr\/particulier\/wp-content\/uploads\/sites\/12\/2022\/04\/logo.png","width":334,"height":158,"caption":"Italwax France"},"image":{"@id":"https:\/\/italwaxfrance.fr\/particulier\/#\/schema\/logo\/image\/"},"sameAs":["https:\/\/www.instagram.com\/italwaxfrance\/","https:\/\/www.youtube.com\/@ItalwaxMedia"]}]}},"_links":{"self":[{"href":"https:\/\/italwaxfrance.fr\/particulier\/wp-json\/wp\/v2\/product\/910","targetHints":{"allow":["GET"]}}],"collection":[{"href":"https:\/\/italwaxfrance.fr\/particulier\/wp-json\/wp\/v2\/product"}],"about":[{"href":"https:\/\/italwaxfrance.fr\/particulier\/wp-json\/wp\/v2\/types\/product"}],"replies":[{"embeddable":true,"href":"https:\/\/italwaxfrance.fr\/particulier\/wp-json\/wp\/v2\/comments?post=910"}],"wp:featuredmedia":[{"embeddable":true,"href":"https:\/\/italwaxfrance.fr\/particulier\/wp-json\/wp\/v2\/media\/915"}],"wp:attachment":[{"href":"https:\/\/italwaxfrance.fr\/particulier\/wp-json\/wp\/v2\/media?parent=910"}],"wp:term":[{"taxonomy":"product_brand","embeddable":true,"href":"https:\/\/italwaxfrance.fr\/particulier\/wp-json\/wp\/v2\/product_brand?post=910"},{"taxonomy":"product_cat","embeddable":true,"href":"https:\/\/italwaxfrance.fr\/particulier\/wp-json\/wp\/v2\/product_cat?post=910"},{"taxonomy":"product_tag","embeddable":true,"href":"https:\/\/italwaxfrance.fr\/particulier\/wp-json\/wp\/v2\/product_tag?post=910"}],"curies":[{"name":"wp","href":"https:\/\/api.w.org\/{rel}","templated":true}]}}