{"id":902,"date":"2022-05-12T16:36:09","date_gmt":"2022-05-12T13:36:09","guid":{"rendered":"http:\/\/www.italwaxfrance.fr\/particulier\/?post_type=product&#038;p=902"},"modified":"2026-04-24T15:07:09","modified_gmt":"2026-04-24T12:07:09","slug":"cire-liposoluble-huile-de-rose","status":"publish","type":"product","link":"https:\/\/italwaxfrance.fr\/particulier\/product\/cire-liposoluble-huile-de-rose\/","title":{"rendered":"Ligne Flex &#8211; Huile de Rose"},"content":{"rendered":"<h2 data-start=\"190\" data-end=\"267\"><strong data-start=\"194\" data-end=\"267\">Cire Roll-On Flex Rose Oil \u2013 \u00c9pilation pr\u00e9cise, rapide et sans effort<\/strong><\/h2>\n<p data-start=\"269\" data-end=\"563\">D\u00e9couvrez la Cire Roll-On Flex Rose Oil (cire au huile de rose) con\u00e7ue pour offrir une \u00e9pilation professionnelle \u00e0 la maison, simple, efficace et agr\u00e9able. Sa texture cr\u00e9meuse glisse facilement sur la peau gr\u00e2ce \u00e0 la cartouche roll-on. Elle est alors id\u00e9ale pour les grandes zones comme les jambes, les bras ou le dos.<\/p>\n<p class=\"yoast-text-mark\">Formul\u00e9e \u00e0 partir d\u2019un m\u00e9lange de cires synth\u00e9tiques et naturelles, elle offre une adh\u00e9rence optimale et garantit une \u00e9pilation sans compromis. Elle reste efficace m\u00eame sur les poils les plus tenaces.<\/p>\n<p class=\"yoast-text-mark\" data-start=\"895\" data-end=\"\">La cire s\u2019enl\u00e8ve facilement avec des <a href=\"https:\/\/italwaxfrance.fr\/particulier\/product\/bandes-depilation-non-tissees\/\"><em><strong>bandes d\u2019\u00e9pilation<\/strong><\/em><\/a>, ne laisse aucun r\u00e9sidu collant et laisse la peau douce, lisse et parfaitement propre. Vous profitez ainsi d\u2019un r\u00e9sultat impeccable et durable, en quelques gestes seulement.<\/p>\n<p class=\"yoast-text-mark\" data-start=\"1136\" data-end=\"\">Que vous ayez des poils courts, \u00e9pais, fonc\u00e9s ou clairs, cette cire s\u2019adapte \u00e0 tous les types de poils, pour un r\u00e9sultat uniforme. Elle convient aussi bien aux d\u00e9butants qu\u2019aux utilisateurs exp\u00e9riment\u00e9s, et assure un confort optimal \u00e0 chaque utilisation.<\/p>\n<h3 data-start=\"1402\" data-end=\"1423\">\u2705 Ses avantages :<\/h3>\n<ul data-start=\"1424\" data-end=\"1665\">\n<li data-start=\"1424\" data-end=\"1483\">\n<p data-start=\"1426\" data-end=\"1483\"><strong data-start=\"1426\" data-end=\"1446\">Texture cr\u00e9meuse<\/strong> facile \u00e0 appliquer avec le roll-on<\/p>\n<\/li>\n<li data-start=\"1484\" data-end=\"1557\">\n<p data-start=\"1486\" data-end=\"1557\"><strong data-start=\"1486\" data-end=\"1510\">\u00c9limination efficace<\/strong> de 100 % des poils, m\u00eame les plus r\u00e9sistants<\/p>\n<\/li>\n<li data-start=\"1558\" data-end=\"1622\">\n<p data-start=\"1560\" data-end=\"1622\"><strong data-start=\"1560\" data-end=\"1585\">Sans r\u00e9sidus collants<\/strong>, pour une peau nette imm\u00e9diatement<\/p>\n<\/li>\n<li data-start=\"1623\" data-end=\"1665\">\n<p data-start=\"1625\" data-end=\"1665\"><strong data-start=\"1625\" data-end=\"1663\">Convient \u00e0 tous les types de poils<\/strong><\/p>\n<\/li>\n<\/ul>\n<p data-start=\"1667\" data-end=\"1784\">Disponible en format <strong data-start=\"1688\" data-end=\"1698\">100 ml <\/strong>ou <strong data-start=\"1688\" data-end=\"1698\">800 ml. E<\/strong>lle est parfaite pour int\u00e9grer votre routine beaut\u00e9 ou pour un usage professionnel. La cartouche peut \u00eatre r\u00e9chauff\u00e9e dans un <a href=\"https:\/\/italwaxfrance.fr\/particulier\/product\/chauffe-cire-pas-cher-pour-cartocuhes-free\/\">chauffe-cartouche<\/a> adapt\u00e9, tandis que le pot de cire s\u2019utilise avec un <a href=\"https:\/\/italwaxfrance.fr\/particulier\/product\/chauffe-cire-pour-boites-de-800ml\/\">chauffe-cire classique<\/a>.<\/p>\n<p data-start=\"1786\" data-end=\"1886\">Offrez \u00e0 votre peau un soin pr\u00e9cis, rapide et sans compromis avec la Cire Roll-On Flex Rose Oil.<\/p>\n","protected":false},"excerpt":{"rendered":"<p>Cire Roll-On Flex Rose Oil \u2013 \u00c9pilation pr\u00e9cise, rapide et sans effort D\u00e9couvrez la Cire Roll-On Flex Rose Oil (cire au huile de rose) con\u00e7ue pour offrir une \u00e9pilation professionnelle \u00e0 la maison, simple, efficace et agr\u00e9able. Sa texture cr\u00e9meuse glisse facilement sur la peau gr\u00e2ce \u00e0 la cartouche roll-on. Elle est alors id\u00e9ale pour&#8230; <a href=\"https:\/\/italwaxfrance.fr\/particulier\/product\/cire-liposoluble-huile-de-rose\/\">Read More<\/a><\/p>\n","protected":false},"featured_media":909,"comment_status":"open","ping_status":"closed","template":"","meta":[],"product_brand":[],"product_cat":[30],"product_tag":[],"class_list":{"0":"post-902","1":"product","2":"type-product","3":"status-publish","4":"has-post-thumbnail","6":"product_cat-italwax-cire-liposoluble-cartouches-et-pots-roll-on","8":"first","9":"instock","10":"taxable","11":"shipping-taxable","12":"purchasable","13":"product-type-variable"},"yoast_head":"<!-- This site is optimized with the Yoast SEO Premium plugin v27.2 (Yoast SEO v27.5) - https:\/\/yoast.com\/product\/yoast-seo-premium-wordpress\/ -->\n<title>Ligne Flex - Huile de Rose - Italwax France Particulier<\/title>\n<meta name=\"description\" content=\"Cire liposoluble au huile de rose, Roll-On Flex Rose Oil \u2013 \u00c9pilation cr\u00e9meuse et efficace. Poils courts ou \u00e9pais, r\u00e9sultat net sans r\u00e9sidus.\" \/>\n<meta name=\"robots\" content=\"index, follow, max-snippet:-1, max-image-preview:large, max-video-preview:-1\" \/>\n<link rel=\"canonical\" href=\"https:\/\/italwaxfrance.fr\/particulier\/product\/cire-liposoluble-huile-de-rose\/\" \/>\n<meta property=\"og:locale\" content=\"fr_FR\" \/>\n<meta property=\"og:type\" content=\"article\" \/>\n<meta property=\"og:title\" content=\"Ligne Flex - Huile de Rose\" \/>\n<meta property=\"og:description\" content=\"Cire liposoluble au huile de rose, Roll-On Flex Rose Oil \u2013 \u00c9pilation cr\u00e9meuse et efficace. Poils courts ou \u00e9pais, r\u00e9sultat net sans r\u00e9sidus.\" \/>\n<meta property=\"og:url\" content=\"https:\/\/italwaxfrance.fr\/particulier\/product\/cire-liposoluble-huile-de-rose\/\" \/>\n<meta property=\"og:site_name\" content=\"Italwax France Particulier\" \/>\n<meta property=\"article:modified_time\" content=\"2026-04-24T12:07:09+00:00\" \/>\n<meta property=\"og:image\" content=\"http:\/\/italwaxfrance.fr\/particulier\/wp-content\/uploads\/sites\/12\/2022\/05\/italwax-shop-flex-liposoluble-wax-rose-oil.jpg\" \/>\n\t<meta property=\"og:image:width\" content=\"1000\" \/>\n\t<meta property=\"og:image:height\" content=\"1000\" \/>\n\t<meta property=\"og:image:type\" content=\"image\/jpeg\" \/>\n<meta name=\"twitter:card\" content=\"summary_large_image\" \/>\n<meta name=\"twitter:label1\" content=\"Dur\u00e9e de lecture estim\u00e9e\" \/>\n\t<meta name=\"twitter:data1\" content=\"2 minutes\" \/>\n<script type=\"application\/ld+json\" class=\"yoast-schema-graph\">{\"@context\":\"https:\\\/\\\/schema.org\",\"@graph\":[{\"@type\":\"WebPage\",\"@id\":\"https:\\\/\\\/italwaxfrance.fr\\\/particulier\\\/product\\\/cire-liposoluble-huile-de-rose\\\/\",\"url\":\"https:\\\/\\\/italwaxfrance.fr\\\/particulier\\\/product\\\/cire-liposoluble-huile-de-rose\\\/\",\"name\":\"Ligne Flex - Huile de Rose - Italwax France Particulier\",\"isPartOf\":{\"@id\":\"https:\\\/\\\/italwaxfrance.fr\\\/particulier\\\/#website\"},\"primaryImageOfPage\":{\"@id\":\"https:\\\/\\\/italwaxfrance.fr\\\/particulier\\\/product\\\/cire-liposoluble-huile-de-rose\\\/#primaryimage\"},\"image\":{\"@id\":\"https:\\\/\\\/italwaxfrance.fr\\\/particulier\\\/product\\\/cire-liposoluble-huile-de-rose\\\/#primaryimage\"},\"thumbnailUrl\":\"https:\\\/\\\/italwaxfrance.fr\\\/particulier\\\/wp-content\\\/uploads\\\/sites\\\/12\\\/2022\\\/05\\\/italwax-shop-flex-liposoluble-wax-rose-oil.jpg\",\"datePublished\":\"2022-05-12T13:36:09+00:00\",\"dateModified\":\"2026-04-24T12:07:09+00:00\",\"description\":\"Cire liposoluble au huile de rose, Roll-On Flex Rose Oil \u2013 \u00c9pilation cr\u00e9meuse et efficace. Poils courts ou \u00e9pais, r\u00e9sultat net sans r\u00e9sidus.\",\"breadcrumb\":{\"@id\":\"https:\\\/\\\/italwaxfrance.fr\\\/particulier\\\/product\\\/cire-liposoluble-huile-de-rose\\\/#breadcrumb\"},\"inLanguage\":\"fr-FR\",\"potentialAction\":[{\"@type\":\"ReadAction\",\"target\":[\"https:\\\/\\\/italwaxfrance.fr\\\/particulier\\\/product\\\/cire-liposoluble-huile-de-rose\\\/\"]}]},{\"@type\":\"ImageObject\",\"inLanguage\":\"fr-FR\",\"@id\":\"https:\\\/\\\/italwaxfrance.fr\\\/particulier\\\/product\\\/cire-liposoluble-huile-de-rose\\\/#primaryimage\",\"url\":\"https:\\\/\\\/italwaxfrance.fr\\\/particulier\\\/wp-content\\\/uploads\\\/sites\\\/12\\\/2022\\\/05\\\/italwax-shop-flex-liposoluble-wax-rose-oil.jpg\",\"contentUrl\":\"https:\\\/\\\/italwaxfrance.fr\\\/particulier\\\/wp-content\\\/uploads\\\/sites\\\/12\\\/2022\\\/05\\\/italwax-shop-flex-liposoluble-wax-rose-oil.jpg\",\"width\":1000,\"height\":1000,\"caption\":\"Ligne Flex - Huile de Rose en cartouche de 100 ml et en pot de 800 ml\"},{\"@type\":\"BreadcrumbList\",\"@id\":\"https:\\\/\\\/italwaxfrance.fr\\\/particulier\\\/product\\\/cire-liposoluble-huile-de-rose\\\/#breadcrumb\",\"itemListElement\":[{\"@type\":\"ListItem\",\"position\":1,\"name\":\"Accueil\",\"item\":\"https:\\\/\\\/italwaxfrance.fr\\\/particulier\\\/\"},{\"@type\":\"ListItem\",\"position\":2,\"name\":\"Score\",\"item\":\"https:\\\/\\\/italwaxfrance.fr\\\/particulier\\\/shop\\\/\"},{\"@type\":\"ListItem\",\"position\":3,\"name\":\"Ligne Flex &#8211; Huile de Rose\"}]},{\"@type\":\"WebSite\",\"@id\":\"https:\\\/\\\/italwaxfrance.fr\\\/particulier\\\/#website\",\"url\":\"https:\\\/\\\/italwaxfrance.fr\\\/particulier\\\/\",\"name\":\"Italwax France Particulier\",\"description\":\"Cosm\u00e9tiques professionnels\",\"publisher\":{\"@id\":\"https:\\\/\\\/italwaxfrance.fr\\\/particulier\\\/#organization\"},\"potentialAction\":[{\"@type\":\"SearchAction\",\"target\":{\"@type\":\"EntryPoint\",\"urlTemplate\":\"https:\\\/\\\/italwaxfrance.fr\\\/particulier\\\/?s={search_term_string}\"},\"query-input\":{\"@type\":\"PropertyValueSpecification\",\"valueRequired\":true,\"valueName\":\"search_term_string\"}}],\"inLanguage\":\"fr-FR\"},{\"@type\":\"Organization\",\"@id\":\"https:\\\/\\\/italwaxfrance.fr\\\/particulier\\\/#organization\",\"name\":\"Italwax France\",\"url\":\"https:\\\/\\\/italwaxfrance.fr\\\/particulier\\\/\",\"logo\":{\"@type\":\"ImageObject\",\"inLanguage\":\"fr-FR\",\"@id\":\"https:\\\/\\\/italwaxfrance.fr\\\/particulier\\\/#\\\/schema\\\/logo\\\/image\\\/\",\"url\":\"https:\\\/\\\/italwaxfrance.fr\\\/particulier\\\/wp-content\\\/uploads\\\/sites\\\/12\\\/2022\\\/04\\\/logo.png\",\"contentUrl\":\"https:\\\/\\\/italwaxfrance.fr\\\/particulier\\\/wp-content\\\/uploads\\\/sites\\\/12\\\/2022\\\/04\\\/logo.png\",\"width\":334,\"height\":158,\"caption\":\"Italwax France\"},\"image\":{\"@id\":\"https:\\\/\\\/italwaxfrance.fr\\\/particulier\\\/#\\\/schema\\\/logo\\\/image\\\/\"},\"sameAs\":[\"https:\\\/\\\/www.instagram.com\\\/italwaxfrance\\\/\",\"https:\\\/\\\/www.youtube.com\\\/@ItalwaxMedia\"]}]}<\/script>\n<!-- \/ Yoast SEO Premium plugin. -->","yoast_head_json":{"title":"Ligne Flex - Huile de Rose - Italwax France Particulier","description":"Cire liposoluble au huile de rose, Roll-On Flex Rose Oil \u2013 \u00c9pilation cr\u00e9meuse et efficace. Poils courts ou \u00e9pais, r\u00e9sultat net sans r\u00e9sidus.","robots":{"index":"index","follow":"follow","max-snippet":"max-snippet:-1","max-image-preview":"max-image-preview:large","max-video-preview":"max-video-preview:-1"},"canonical":"https:\/\/italwaxfrance.fr\/particulier\/product\/cire-liposoluble-huile-de-rose\/","og_locale":"fr_FR","og_type":"article","og_title":"Ligne Flex - Huile de Rose","og_description":"Cire liposoluble au huile de rose, Roll-On Flex Rose Oil \u2013 \u00c9pilation cr\u00e9meuse et efficace. Poils courts ou \u00e9pais, r\u00e9sultat net sans r\u00e9sidus.","og_url":"https:\/\/italwaxfrance.fr\/particulier\/product\/cire-liposoluble-huile-de-rose\/","og_site_name":"Italwax France Particulier","article_modified_time":"2026-04-24T12:07:09+00:00","og_image":[{"width":1000,"height":1000,"url":"http:\/\/italwaxfrance.fr\/particulier\/wp-content\/uploads\/sites\/12\/2022\/05\/italwax-shop-flex-liposoluble-wax-rose-oil.jpg","type":"image\/jpeg"}],"twitter_card":"summary_large_image","twitter_misc":{"Dur\u00e9e de lecture estim\u00e9e":"2 minutes"},"schema":{"@context":"https:\/\/schema.org","@graph":[{"@type":"WebPage","@id":"https:\/\/italwaxfrance.fr\/particulier\/product\/cire-liposoluble-huile-de-rose\/","url":"https:\/\/italwaxfrance.fr\/particulier\/product\/cire-liposoluble-huile-de-rose\/","name":"Ligne Flex - Huile de Rose - Italwax France Particulier","isPartOf":{"@id":"https:\/\/italwaxfrance.fr\/particulier\/#website"},"primaryImageOfPage":{"@id":"https:\/\/italwaxfrance.fr\/particulier\/product\/cire-liposoluble-huile-de-rose\/#primaryimage"},"image":{"@id":"https:\/\/italwaxfrance.fr\/particulier\/product\/cire-liposoluble-huile-de-rose\/#primaryimage"},"thumbnailUrl":"https:\/\/italwaxfrance.fr\/particulier\/wp-content\/uploads\/sites\/12\/2022\/05\/italwax-shop-flex-liposoluble-wax-rose-oil.jpg","datePublished":"2022-05-12T13:36:09+00:00","dateModified":"2026-04-24T12:07:09+00:00","description":"Cire liposoluble au huile de rose, Roll-On Flex Rose Oil \u2013 \u00c9pilation cr\u00e9meuse et efficace. Poils courts ou \u00e9pais, r\u00e9sultat net sans r\u00e9sidus.","breadcrumb":{"@id":"https:\/\/italwaxfrance.fr\/particulier\/product\/cire-liposoluble-huile-de-rose\/#breadcrumb"},"inLanguage":"fr-FR","potentialAction":[{"@type":"ReadAction","target":["https:\/\/italwaxfrance.fr\/particulier\/product\/cire-liposoluble-huile-de-rose\/"]}]},{"@type":"ImageObject","inLanguage":"fr-FR","@id":"https:\/\/italwaxfrance.fr\/particulier\/product\/cire-liposoluble-huile-de-rose\/#primaryimage","url":"https:\/\/italwaxfrance.fr\/particulier\/wp-content\/uploads\/sites\/12\/2022\/05\/italwax-shop-flex-liposoluble-wax-rose-oil.jpg","contentUrl":"https:\/\/italwaxfrance.fr\/particulier\/wp-content\/uploads\/sites\/12\/2022\/05\/italwax-shop-flex-liposoluble-wax-rose-oil.jpg","width":1000,"height":1000,"caption":"Ligne Flex - Huile de Rose en cartouche de 100 ml et en pot de 800 ml"},{"@type":"BreadcrumbList","@id":"https:\/\/italwaxfrance.fr\/particulier\/product\/cire-liposoluble-huile-de-rose\/#breadcrumb","itemListElement":[{"@type":"ListItem","position":1,"name":"Accueil","item":"https:\/\/italwaxfrance.fr\/particulier\/"},{"@type":"ListItem","position":2,"name":"Score","item":"https:\/\/italwaxfrance.fr\/particulier\/shop\/"},{"@type":"ListItem","position":3,"name":"Ligne Flex &#8211; Huile de Rose"}]},{"@type":"WebSite","@id":"https:\/\/italwaxfrance.fr\/particulier\/#website","url":"https:\/\/italwaxfrance.fr\/particulier\/","name":"Italwax France Particulier","description":"Cosm\u00e9tiques professionnels","publisher":{"@id":"https:\/\/italwaxfrance.fr\/particulier\/#organization"},"potentialAction":[{"@type":"SearchAction","target":{"@type":"EntryPoint","urlTemplate":"https:\/\/italwaxfrance.fr\/particulier\/?s={search_term_string}"},"query-input":{"@type":"PropertyValueSpecification","valueRequired":true,"valueName":"search_term_string"}}],"inLanguage":"fr-FR"},{"@type":"Organization","@id":"https:\/\/italwaxfrance.fr\/particulier\/#organization","name":"Italwax France","url":"https:\/\/italwaxfrance.fr\/particulier\/","logo":{"@type":"ImageObject","inLanguage":"fr-FR","@id":"https:\/\/italwaxfrance.fr\/particulier\/#\/schema\/logo\/image\/","url":"https:\/\/italwaxfrance.fr\/particulier\/wp-content\/uploads\/sites\/12\/2022\/04\/logo.png","contentUrl":"https:\/\/italwaxfrance.fr\/particulier\/wp-content\/uploads\/sites\/12\/2022\/04\/logo.png","width":334,"height":158,"caption":"Italwax France"},"image":{"@id":"https:\/\/italwaxfrance.fr\/particulier\/#\/schema\/logo\/image\/"},"sameAs":["https:\/\/www.instagram.com\/italwaxfrance\/","https:\/\/www.youtube.com\/@ItalwaxMedia"]}]}},"_links":{"self":[{"href":"https:\/\/italwaxfrance.fr\/particulier\/wp-json\/wp\/v2\/product\/902","targetHints":{"allow":["GET"]}}],"collection":[{"href":"https:\/\/italwaxfrance.fr\/particulier\/wp-json\/wp\/v2\/product"}],"about":[{"href":"https:\/\/italwaxfrance.fr\/particulier\/wp-json\/wp\/v2\/types\/product"}],"replies":[{"embeddable":true,"href":"https:\/\/italwaxfrance.fr\/particulier\/wp-json\/wp\/v2\/comments?post=902"}],"wp:featuredmedia":[{"embeddable":true,"href":"https:\/\/italwaxfrance.fr\/particulier\/wp-json\/wp\/v2\/media\/909"}],"wp:attachment":[{"href":"https:\/\/italwaxfrance.fr\/particulier\/wp-json\/wp\/v2\/media?parent=902"}],"wp:term":[{"taxonomy":"product_brand","embeddable":true,"href":"https:\/\/italwaxfrance.fr\/particulier\/wp-json\/wp\/v2\/product_brand?post=902"},{"taxonomy":"product_cat","embeddable":true,"href":"https:\/\/italwaxfrance.fr\/particulier\/wp-json\/wp\/v2\/product_cat?post=902"},{"taxonomy":"product_tag","embeddable":true,"href":"https:\/\/italwaxfrance.fr\/particulier\/wp-json\/wp\/v2\/product_tag?post=902"}],"curies":[{"name":"wp","href":"https:\/\/api.w.org\/{rel}","templated":true}]}}