{"id":894,"date":"2022-05-12T16:31:55","date_gmt":"2022-05-12T13:31:55","guid":{"rendered":"http:\/\/www.italwaxfrance.fr\/particulier\/?post_type=product&#038;p=894"},"modified":"2025-10-15T11:05:06","modified_gmt":"2025-10-15T08:05:06","slug":"cire-liposoluble-framboise","status":"publish","type":"product","link":"https:\/\/italwaxfrance.fr\/particulier\/product\/cire-liposoluble-framboise\/","title":{"rendered":"Ligne Flex &#8211; Framboise"},"content":{"rendered":"<h2 data-start=\"377\" data-end=\"686\">Cire Liposoluble Italwax Flex Framboise<\/h2>\n<p data-start=\"377\" data-end=\"686\">Profitez d\u2019une \u00e9pilation douce, efficace et parfum\u00e9e avec la Cire Italwax Flex Framboise, une solution professionnelle pour toutes vos zones du corps. Que vous soyez esth\u00e9ticienne ou que vous fassiez votre \u00e9pilation \u00e0 la maison, cette cire vous garantit un r\u00e9sultat net, sans douleur excessive ni r\u00e9sidus.<\/p>\n<p data-start=\"688\" data-end=\"1008\">Sa formule unique, \u00e0 base de r\u00e9sines naturelles et synth\u00e9tiques, offre une grande plasticit\u00e9. La cire s\u2019applique en couche tr\u00e8s fine, adh\u00e8re parfaitement aux poils (m\u00eame les plus courts et fins), tout en respectant la peau. Elle ne casse pas le poil, \u00e9vite les irritations et ne laisse pas de sensation collante.<\/p>\n<p data-start=\"1010\" data-end=\"1142\">Son parfum d\u00e9licat de framboise rend l\u2019\u00e9pilation agr\u00e9able et sensorielle, id\u00e9ale pour transformer une routine en moment de soin.<\/p>\n<p data-start=\"1144\" data-end=\"1232\">La cire liposoluble framboise est disponible en deux formats pratiques selon votre mode d&rsquo;application :<\/p>\n<ul data-start=\"1233\" data-end=\"1620\">\n<li data-start=\"1233\" data-end=\"1426\">\n<p data-start=\"1235\" data-end=\"1426\"><strong data-start=\"1235\" data-end=\"1255\">Cartouche 100 ml<\/strong> : application rapide et homog\u00e8ne gr\u00e2ce \u00e0 un syst\u00e8me roll-on. Id\u00e9ale pour les jambes, bras et dos. \u00c0 utiliser avec des<a href=\"https:\/\/italwaxfrance.fr\/particulier\/product\/bandes-depilation-non-tissees\/\"><em> <strong data-start=\"1374\" data-end=\"1397\">bandes d\u00e9pilatoires<\/strong><\/em><\/a> et un <a href=\"https:\/\/italwaxfrance.fr\/particulier\/product\/chauffe-cire-pas-cher-pour-cartocuhes-free\/\"><em><strong data-start=\"1404\" data-end=\"1425\">chauffe-cartouche<\/strong><\/em><\/a>.<\/p>\n<\/li>\n<li data-start=\"1427\" data-end=\"1620\">\n<p data-start=\"1429\" data-end=\"1620\"><strong data-start=\"1429\" data-end=\"1443\">Pot 800 ml<\/strong> : pour une application \u00e0 la spatule (bois ou m\u00e9tal). Parfait pour une utilisation \u00e0 domicile avec plus de contr\u00f4le. \u00c0 chauffer dans un <a href=\"https:\/\/italwaxfrance.fr\/particulier\/product\/chauffe-cire-liberty-pour-boites-800ml\/\"><em><strong data-start=\"1596\" data-end=\"1619\">chauffe-cire adapt\u00e9<\/strong><\/em><\/a>.<\/p>\n<\/li>\n<\/ul>\n<h3 data-start=\"1622\" data-end=\"1644\"><strong data-start=\"1622\" data-end=\"1642\">Avantages cl\u00e9s :<\/strong><\/h3>\n<ul data-start=\"1645\" data-end=\"1891\">\n<li data-start=\"1645\" data-end=\"1696\">\n<p data-start=\"1647\" data-end=\"1696\">Excellente adh\u00e9rence, m\u00eame sur les poils courts<\/p>\n<\/li>\n<li data-start=\"1697\" data-end=\"1748\">\n<p data-start=\"1699\" data-end=\"1748\">Texture fluide = application fine et \u00e9conomique<\/p>\n<\/li>\n<li data-start=\"1749\" data-end=\"1781\">\n<p data-start=\"1751\" data-end=\"1781\">Respecte les peaux sensibles<\/p>\n<\/li>\n<li data-start=\"1782\" data-end=\"1827\">\n<p data-start=\"1784\" data-end=\"1827\">Parfum fruit\u00e9 pour une \u00e9pilation agr\u00e9able<\/p>\n<\/li>\n<li data-start=\"1828\" data-end=\"1852\">\n<p data-start=\"1830\" data-end=\"1852\">Aucun r\u00e9sidu collant<\/p>\n<\/li>\n<li data-start=\"1853\" data-end=\"1891\">\n<p data-start=\"1855\" data-end=\"1891\">Deux formats selon vos pr\u00e9f\u00e9rences<\/p>\n<\/li>\n<\/ul>\n<p data-start=\"1893\" data-end=\"2078\">Que vous pr\u00e9f\u00e9riez la cartouche pratique ou le pot g\u00e9n\u00e9reux, la cire Italwax Framboise vous offre une \u00e9pilation professionnelle, rapide et confortable, \u00e0 chaque utilisation.<\/p>\n","protected":false},"excerpt":{"rendered":"<p>Cire Liposoluble Italwax Flex Framboise Profitez d\u2019une \u00e9pilation douce, efficace et parfum\u00e9e avec la Cire Italwax Flex Framboise, une solution professionnelle pour toutes vos zones du corps. Que vous soyez esth\u00e9ticienne ou que vous fassiez votre \u00e9pilation \u00e0 la maison, cette cire vous garantit un r\u00e9sultat net, sans douleur excessive ni r\u00e9sidus. Sa formule unique,&#8230; <a href=\"https:\/\/italwaxfrance.fr\/particulier\/product\/cire-liposoluble-framboise\/\">Read More<\/a><\/p>\n","protected":false},"featured_media":901,"comment_status":"open","ping_status":"closed","template":"","meta":[],"product_brand":[],"product_cat":[30],"product_tag":[],"class_list":{"0":"post-894","1":"product","2":"type-product","3":"status-publish","4":"has-post-thumbnail","6":"product_cat-italwax-cire-liposoluble-cartouches-et-pots-roll-on","8":"first","9":"instock","10":"taxable","11":"shipping-taxable","12":"purchasable","13":"product-type-variable"},"yoast_head":"<!-- This site is optimized with the Yoast SEO Premium plugin v27.2 (Yoast SEO v27.5) - https:\/\/yoast.com\/product\/yoast-seo-premium-wordpress\/ -->\n<title>Ligne Flex - Framboise - Italwax France Particulier<\/title>\n<meta name=\"description\" content=\"Cire liposoluble Framboise Italwax pour une \u00e9pilation douce, efficace et parfum\u00e9e. Disponible en cartouche 100\u00a0ml et pot 800\u00a0ml.\" \/>\n<meta name=\"robots\" content=\"index, follow, max-snippet:-1, max-image-preview:large, max-video-preview:-1\" \/>\n<link rel=\"canonical\" href=\"https:\/\/italwaxfrance.fr\/particulier\/product\/cire-liposoluble-framboise\/\" \/>\n<meta property=\"og:locale\" content=\"fr_FR\" \/>\n<meta property=\"og:type\" content=\"article\" \/>\n<meta property=\"og:title\" content=\"Ligne Flex - Framboise\" \/>\n<meta property=\"og:description\" content=\"Cire liposoluble Framboise Italwax pour une \u00e9pilation douce, efficace et parfum\u00e9e. Disponible en cartouche 100\u00a0ml et pot 800\u00a0ml.\" \/>\n<meta property=\"og:url\" content=\"https:\/\/italwaxfrance.fr\/particulier\/product\/cire-liposoluble-framboise\/\" \/>\n<meta property=\"og:site_name\" content=\"Italwax France Particulier\" \/>\n<meta property=\"article:modified_time\" content=\"2025-10-15T08:05:06+00:00\" \/>\n<meta property=\"og:image\" content=\"http:\/\/italwaxfrance.fr\/particulier\/wp-content\/uploads\/sites\/12\/2022\/05\/italwax-shop-flex-liposoluble-wax-raspberry.jpg\" \/>\n\t<meta property=\"og:image:width\" content=\"1000\" \/>\n\t<meta property=\"og:image:height\" content=\"1000\" \/>\n\t<meta property=\"og:image:type\" content=\"image\/jpeg\" \/>\n<meta name=\"twitter:card\" content=\"summary_large_image\" \/>\n<meta name=\"twitter:label1\" content=\"Dur\u00e9e de lecture estim\u00e9e\" \/>\n\t<meta name=\"twitter:data1\" content=\"2 minutes\" \/>\n<script type=\"application\/ld+json\" class=\"yoast-schema-graph\">{\"@context\":\"https:\\\/\\\/schema.org\",\"@graph\":[{\"@type\":\"WebPage\",\"@id\":\"https:\\\/\\\/italwaxfrance.fr\\\/particulier\\\/product\\\/cire-liposoluble-framboise\\\/\",\"url\":\"https:\\\/\\\/italwaxfrance.fr\\\/particulier\\\/product\\\/cire-liposoluble-framboise\\\/\",\"name\":\"Ligne Flex - Framboise - Italwax France Particulier\",\"isPartOf\":{\"@id\":\"https:\\\/\\\/italwaxfrance.fr\\\/particulier\\\/#website\"},\"primaryImageOfPage\":{\"@id\":\"https:\\\/\\\/italwaxfrance.fr\\\/particulier\\\/product\\\/cire-liposoluble-framboise\\\/#primaryimage\"},\"image\":{\"@id\":\"https:\\\/\\\/italwaxfrance.fr\\\/particulier\\\/product\\\/cire-liposoluble-framboise\\\/#primaryimage\"},\"thumbnailUrl\":\"https:\\\/\\\/italwaxfrance.fr\\\/particulier\\\/wp-content\\\/uploads\\\/sites\\\/12\\\/2022\\\/05\\\/italwax-shop-flex-liposoluble-wax-raspberry.jpg\",\"datePublished\":\"2022-05-12T13:31:55+00:00\",\"dateModified\":\"2025-10-15T08:05:06+00:00\",\"description\":\"Cire liposoluble Framboise Italwax pour une \u00e9pilation douce, efficace et parfum\u00e9e. Disponible en cartouche 100\u00a0ml et pot 800\u00a0ml.\",\"breadcrumb\":{\"@id\":\"https:\\\/\\\/italwaxfrance.fr\\\/particulier\\\/product\\\/cire-liposoluble-framboise\\\/#breadcrumb\"},\"inLanguage\":\"fr-FR\",\"potentialAction\":[{\"@type\":\"ReadAction\",\"target\":[\"https:\\\/\\\/italwaxfrance.fr\\\/particulier\\\/product\\\/cire-liposoluble-framboise\\\/\"]}]},{\"@type\":\"ImageObject\",\"inLanguage\":\"fr-FR\",\"@id\":\"https:\\\/\\\/italwaxfrance.fr\\\/particulier\\\/product\\\/cire-liposoluble-framboise\\\/#primaryimage\",\"url\":\"https:\\\/\\\/italwaxfrance.fr\\\/particulier\\\/wp-content\\\/uploads\\\/sites\\\/12\\\/2022\\\/05\\\/italwax-shop-flex-liposoluble-wax-raspberry.jpg\",\"contentUrl\":\"https:\\\/\\\/italwaxfrance.fr\\\/particulier\\\/wp-content\\\/uploads\\\/sites\\\/12\\\/2022\\\/05\\\/italwax-shop-flex-liposoluble-wax-raspberry.jpg\",\"width\":1000,\"height\":1000,\"caption\":\"Ligne Flex - Framboise cire liposoluble, en cartouches et en pots\"},{\"@type\":\"BreadcrumbList\",\"@id\":\"https:\\\/\\\/italwaxfrance.fr\\\/particulier\\\/product\\\/cire-liposoluble-framboise\\\/#breadcrumb\",\"itemListElement\":[{\"@type\":\"ListItem\",\"position\":1,\"name\":\"Accueil\",\"item\":\"https:\\\/\\\/italwaxfrance.fr\\\/particulier\\\/\"},{\"@type\":\"ListItem\",\"position\":2,\"name\":\"Score\",\"item\":\"https:\\\/\\\/italwaxfrance.fr\\\/particulier\\\/shop\\\/\"},{\"@type\":\"ListItem\",\"position\":3,\"name\":\"Ligne Flex &#8211; Framboise\"}]},{\"@type\":\"WebSite\",\"@id\":\"https:\\\/\\\/italwaxfrance.fr\\\/particulier\\\/#website\",\"url\":\"https:\\\/\\\/italwaxfrance.fr\\\/particulier\\\/\",\"name\":\"Italwax France Particulier\",\"description\":\"Cosm\u00e9tiques professionnels\",\"publisher\":{\"@id\":\"https:\\\/\\\/italwaxfrance.fr\\\/particulier\\\/#organization\"},\"potentialAction\":[{\"@type\":\"SearchAction\",\"target\":{\"@type\":\"EntryPoint\",\"urlTemplate\":\"https:\\\/\\\/italwaxfrance.fr\\\/particulier\\\/?s={search_term_string}\"},\"query-input\":{\"@type\":\"PropertyValueSpecification\",\"valueRequired\":true,\"valueName\":\"search_term_string\"}}],\"inLanguage\":\"fr-FR\"},{\"@type\":\"Organization\",\"@id\":\"https:\\\/\\\/italwaxfrance.fr\\\/particulier\\\/#organization\",\"name\":\"Italwax France\",\"url\":\"https:\\\/\\\/italwaxfrance.fr\\\/particulier\\\/\",\"logo\":{\"@type\":\"ImageObject\",\"inLanguage\":\"fr-FR\",\"@id\":\"https:\\\/\\\/italwaxfrance.fr\\\/particulier\\\/#\\\/schema\\\/logo\\\/image\\\/\",\"url\":\"https:\\\/\\\/italwaxfrance.fr\\\/particulier\\\/wp-content\\\/uploads\\\/sites\\\/12\\\/2022\\\/04\\\/logo.png\",\"contentUrl\":\"https:\\\/\\\/italwaxfrance.fr\\\/particulier\\\/wp-content\\\/uploads\\\/sites\\\/12\\\/2022\\\/04\\\/logo.png\",\"width\":334,\"height\":158,\"caption\":\"Italwax France\"},\"image\":{\"@id\":\"https:\\\/\\\/italwaxfrance.fr\\\/particulier\\\/#\\\/schema\\\/logo\\\/image\\\/\"},\"sameAs\":[\"https:\\\/\\\/www.instagram.com\\\/italwaxfrance\\\/\",\"https:\\\/\\\/www.youtube.com\\\/@ItalwaxMedia\"]}]}<\/script>\n<!-- \/ Yoast SEO Premium plugin. -->","yoast_head_json":{"title":"Ligne Flex - Framboise - Italwax France Particulier","description":"Cire liposoluble Framboise Italwax pour une \u00e9pilation douce, efficace et parfum\u00e9e. Disponible en cartouche 100\u00a0ml et pot 800\u00a0ml.","robots":{"index":"index","follow":"follow","max-snippet":"max-snippet:-1","max-image-preview":"max-image-preview:large","max-video-preview":"max-video-preview:-1"},"canonical":"https:\/\/italwaxfrance.fr\/particulier\/product\/cire-liposoluble-framboise\/","og_locale":"fr_FR","og_type":"article","og_title":"Ligne Flex - Framboise","og_description":"Cire liposoluble Framboise Italwax pour une \u00e9pilation douce, efficace et parfum\u00e9e. Disponible en cartouche 100\u00a0ml et pot 800\u00a0ml.","og_url":"https:\/\/italwaxfrance.fr\/particulier\/product\/cire-liposoluble-framboise\/","og_site_name":"Italwax France Particulier","article_modified_time":"2025-10-15T08:05:06+00:00","og_image":[{"width":1000,"height":1000,"url":"http:\/\/italwaxfrance.fr\/particulier\/wp-content\/uploads\/sites\/12\/2022\/05\/italwax-shop-flex-liposoluble-wax-raspberry.jpg","type":"image\/jpeg"}],"twitter_card":"summary_large_image","twitter_misc":{"Dur\u00e9e de lecture estim\u00e9e":"2 minutes"},"schema":{"@context":"https:\/\/schema.org","@graph":[{"@type":"WebPage","@id":"https:\/\/italwaxfrance.fr\/particulier\/product\/cire-liposoluble-framboise\/","url":"https:\/\/italwaxfrance.fr\/particulier\/product\/cire-liposoluble-framboise\/","name":"Ligne Flex - Framboise - Italwax France Particulier","isPartOf":{"@id":"https:\/\/italwaxfrance.fr\/particulier\/#website"},"primaryImageOfPage":{"@id":"https:\/\/italwaxfrance.fr\/particulier\/product\/cire-liposoluble-framboise\/#primaryimage"},"image":{"@id":"https:\/\/italwaxfrance.fr\/particulier\/product\/cire-liposoluble-framboise\/#primaryimage"},"thumbnailUrl":"https:\/\/italwaxfrance.fr\/particulier\/wp-content\/uploads\/sites\/12\/2022\/05\/italwax-shop-flex-liposoluble-wax-raspberry.jpg","datePublished":"2022-05-12T13:31:55+00:00","dateModified":"2025-10-15T08:05:06+00:00","description":"Cire liposoluble Framboise Italwax pour une \u00e9pilation douce, efficace et parfum\u00e9e. Disponible en cartouche 100\u00a0ml et pot 800\u00a0ml.","breadcrumb":{"@id":"https:\/\/italwaxfrance.fr\/particulier\/product\/cire-liposoluble-framboise\/#breadcrumb"},"inLanguage":"fr-FR","potentialAction":[{"@type":"ReadAction","target":["https:\/\/italwaxfrance.fr\/particulier\/product\/cire-liposoluble-framboise\/"]}]},{"@type":"ImageObject","inLanguage":"fr-FR","@id":"https:\/\/italwaxfrance.fr\/particulier\/product\/cire-liposoluble-framboise\/#primaryimage","url":"https:\/\/italwaxfrance.fr\/particulier\/wp-content\/uploads\/sites\/12\/2022\/05\/italwax-shop-flex-liposoluble-wax-raspberry.jpg","contentUrl":"https:\/\/italwaxfrance.fr\/particulier\/wp-content\/uploads\/sites\/12\/2022\/05\/italwax-shop-flex-liposoluble-wax-raspberry.jpg","width":1000,"height":1000,"caption":"Ligne Flex - Framboise cire liposoluble, en cartouches et en pots"},{"@type":"BreadcrumbList","@id":"https:\/\/italwaxfrance.fr\/particulier\/product\/cire-liposoluble-framboise\/#breadcrumb","itemListElement":[{"@type":"ListItem","position":1,"name":"Accueil","item":"https:\/\/italwaxfrance.fr\/particulier\/"},{"@type":"ListItem","position":2,"name":"Score","item":"https:\/\/italwaxfrance.fr\/particulier\/shop\/"},{"@type":"ListItem","position":3,"name":"Ligne Flex &#8211; Framboise"}]},{"@type":"WebSite","@id":"https:\/\/italwaxfrance.fr\/particulier\/#website","url":"https:\/\/italwaxfrance.fr\/particulier\/","name":"Italwax France Particulier","description":"Cosm\u00e9tiques professionnels","publisher":{"@id":"https:\/\/italwaxfrance.fr\/particulier\/#organization"},"potentialAction":[{"@type":"SearchAction","target":{"@type":"EntryPoint","urlTemplate":"https:\/\/italwaxfrance.fr\/particulier\/?s={search_term_string}"},"query-input":{"@type":"PropertyValueSpecification","valueRequired":true,"valueName":"search_term_string"}}],"inLanguage":"fr-FR"},{"@type":"Organization","@id":"https:\/\/italwaxfrance.fr\/particulier\/#organization","name":"Italwax France","url":"https:\/\/italwaxfrance.fr\/particulier\/","logo":{"@type":"ImageObject","inLanguage":"fr-FR","@id":"https:\/\/italwaxfrance.fr\/particulier\/#\/schema\/logo\/image\/","url":"https:\/\/italwaxfrance.fr\/particulier\/wp-content\/uploads\/sites\/12\/2022\/04\/logo.png","contentUrl":"https:\/\/italwaxfrance.fr\/particulier\/wp-content\/uploads\/sites\/12\/2022\/04\/logo.png","width":334,"height":158,"caption":"Italwax France"},"image":{"@id":"https:\/\/italwaxfrance.fr\/particulier\/#\/schema\/logo\/image\/"},"sameAs":["https:\/\/www.instagram.com\/italwaxfrance\/","https:\/\/www.youtube.com\/@ItalwaxMedia"]}]}},"_links":{"self":[{"href":"https:\/\/italwaxfrance.fr\/particulier\/wp-json\/wp\/v2\/product\/894","targetHints":{"allow":["GET"]}}],"collection":[{"href":"https:\/\/italwaxfrance.fr\/particulier\/wp-json\/wp\/v2\/product"}],"about":[{"href":"https:\/\/italwaxfrance.fr\/particulier\/wp-json\/wp\/v2\/types\/product"}],"replies":[{"embeddable":true,"href":"https:\/\/italwaxfrance.fr\/particulier\/wp-json\/wp\/v2\/comments?post=894"}],"wp:featuredmedia":[{"embeddable":true,"href":"https:\/\/italwaxfrance.fr\/particulier\/wp-json\/wp\/v2\/media\/901"}],"wp:attachment":[{"href":"https:\/\/italwaxfrance.fr\/particulier\/wp-json\/wp\/v2\/media?parent=894"}],"wp:term":[{"taxonomy":"product_brand","embeddable":true,"href":"https:\/\/italwaxfrance.fr\/particulier\/wp-json\/wp\/v2\/product_brand?post=894"},{"taxonomy":"product_cat","embeddable":true,"href":"https:\/\/italwaxfrance.fr\/particulier\/wp-json\/wp\/v2\/product_cat?post=894"},{"taxonomy":"product_tag","embeddable":true,"href":"https:\/\/italwaxfrance.fr\/particulier\/wp-json\/wp\/v2\/product_tag?post=894"}],"curies":[{"name":"wp","href":"https:\/\/api.w.org\/{rel}","templated":true}]}}