{"id":886,"date":"2022-05-12T16:26:49","date_gmt":"2022-05-12T13:26:49","guid":{"rendered":"http:\/\/www.italwaxfrance.fr\/particulier\/?post_type=product&#038;p=886"},"modified":"2026-04-24T11:41:41","modified_gmt":"2026-04-24T08:41:41","slug":"cire-liposoluble-ambre","status":"publish","type":"product","link":"https:\/\/italwaxfrance.fr\/particulier\/product\/cire-liposoluble-ambre\/","title":{"rendered":"Ligne Flex &#8211; Ambre"},"content":{"rendered":"<h2 data-start=\"200\" data-end=\"288\">\u2728 <strong data-start=\"205\" data-end=\"286\">Cire Liposoluble Italwax Ambre \u2013 Performance et Confort pour Grandes Surfaces<\/strong><\/h2>\n<p data-start=\"383\" data-end=\"714\">D\u00e9couvrez la cire Italwax Ambre. C&rsquo;est une cire liposoluble innovante et tr\u00e8s efficace. Elle est sp\u00e9cialement con\u00e7ue pour les grandes surfaces comme les jambes, les bras et le dos. Sa formule unique combine un m\u00e9lange parfait de cires synth\u00e9tiques et naturelles, offrant une <strong data-start=\"643\" data-end=\"672\">plasticit\u00e9 exceptionnelle<\/strong> pour une application pr\u00e9cise et uniforme.<\/p>\n<p data-start=\"716\" data-end=\"964\">Notre cire liposoluble Ambre \u00e9limine <strong data-start=\"735\" data-end=\"807\">100 % des poils, m\u00eame les plus courts et r\u00e9sistants, sans les casser<\/strong>, pour une peau parfaitement lisse apr\u00e8s chaque \u00e9pilation. Elle ne laisse pas de r\u00e9sidus collants, assurant une sensation de douceur et de confort prolong\u00e9e.<\/p>\n<p data-start=\"966\" data-end=\"1249\">Gr\u00e2ce \u00e0 sa formulation \u00e9pur\u00e9e, la cire Italwax Ambre adh\u00e8re parfaitement aux poils sans agresser la peau, m\u00eame les plus sensibles. Elle fond \u00e0 une temp\u00e9rature id\u00e9ale pour une utilisation confortable et rapide, transformant chaque s\u00e9ance d\u2019\u00e9pilation en un moment efficace et agr\u00e9able.<\/p>\n<h3 data-start=\"1251\" data-end=\"1285\">\u2733\ufe0f <strong data-start=\"1258\" data-end=\"1283\">Formats disponibles :<\/strong><\/h3>\n<ul data-start=\"1286\" data-end=\"1525\">\n<li data-start=\"1286\" data-end=\"1411\">\n<p data-start=\"1288\" data-end=\"1411\"><strong data-start=\"1288\" data-end=\"1308\">Cartouche 100 ml<\/strong> : pratique pour une application rapide en roll-on. Compatible avec les <a href=\"https:\/\/italwaxfrance.fr\/particulier\/product\/chauffe-cire-pas-cher-pour-cartocuhes-free\/\"><em><strong>chauffe-cartouches<\/strong><\/em><\/a> standards.<\/p>\n<\/li>\n<li data-start=\"1412\" data-end=\"1525\">\n<p data-start=\"1414\" data-end=\"1525\"><strong data-start=\"1414\" data-end=\"1428\">Pot 800 ml<\/strong> : id\u00e9al pour une application \u00e0 la spatule, parfait pour les grandes zones. A r\u00e9chauffer avec un <a href=\"https:\/\/italwaxfrance.fr\/particulier\/product\/chauffe-cire-liberty-pour-boites-800ml\/\"><em><strong>chauffe-cire<\/strong><\/em><\/a>.<\/p>\n<\/li>\n<\/ul>\n<h3 data-start=\"1527\" data-end=\"1555\">\u2705 <strong data-start=\"1533\" data-end=\"1553\">Avantages cl\u00e9s :<\/strong><\/h3>\n<ul data-start=\"1556\" data-end=\"1803\">\n<li data-start=\"1556\" data-end=\"1612\">\n<p data-start=\"1558\" data-end=\"1612\">Haute adh\u00e9rence, m\u00eame sur poils courts et r\u00e9sistants<\/p>\n<\/li>\n<li data-start=\"1613\" data-end=\"1647\">\n<p data-start=\"1615\" data-end=\"1647\">Ne laisse pas la peau collante<\/p>\n<\/li>\n<li data-start=\"1648\" data-end=\"1706\">\n<p data-start=\"1650\" data-end=\"1706\">Texture fluide et plastique pour une \u00e9pilation pr\u00e9cise<\/p>\n<\/li>\n<li data-start=\"1707\" data-end=\"1756\">\n<p data-start=\"1709\" data-end=\"1756\">Convient \u00e0 tous types de peau, m\u00eame sensibles<\/p>\n<\/li>\n<li data-start=\"1757\" data-end=\"1803\">\n<p data-start=\"1759\" data-end=\"1803\">Deux formats selon vos pr\u00e9f\u00e9rences et usages<\/p>\n<\/li>\n<\/ul>\n<p data-start=\"1805\" data-end=\"1944\">Faites confiance \u00e0 notre cire Ambre pour une \u00e9pilation professionnelle, confortable et efficace sur toutes les grandes zones du corps.<\/p>\n","protected":false},"excerpt":{"rendered":"<p>\u2728 Cire Liposoluble Italwax Ambre \u2013 Performance et Confort pour Grandes Surfaces D\u00e9couvrez la cire Italwax Ambre. C&rsquo;est une cire liposoluble innovante et tr\u00e8s efficace. Elle est sp\u00e9cialement con\u00e7ue pour les grandes surfaces comme les jambes, les bras et le dos. Sa formule unique combine un m\u00e9lange parfait de cires synth\u00e9tiques et naturelles, offrant une&#8230; <a href=\"https:\/\/italwaxfrance.fr\/particulier\/product\/cire-liposoluble-ambre\/\">Read More<\/a><\/p>\n","protected":false},"featured_media":893,"comment_status":"open","ping_status":"closed","template":"","meta":[],"product_brand":[],"product_cat":[30],"product_tag":[],"class_list":{"0":"post-886","1":"product","2":"type-product","3":"status-publish","4":"has-post-thumbnail","6":"product_cat-italwax-cire-liposoluble-cartouches-et-pots-roll-on","8":"first","9":"instock","10":"taxable","11":"shipping-taxable","12":"purchasable","13":"product-type-variable"},"yoast_head":"<!-- This site is optimized with the Yoast SEO Premium plugin v27.2 (Yoast SEO v27.5) - https:\/\/yoast.com\/product\/yoast-seo-premium-wordpress\/ -->\n<title>Ligne Flex - Ambre - Italwax France Particulier<\/title>\n<meta name=\"description\" content=\"Cire liposoluble Ambre pour grandes surfaces. \u00c9pilation efficace, confortable, sans r\u00e9sidus collants. Disponible en cartouche 100 ml et pot 800 ml.\" \/>\n<meta name=\"robots\" content=\"index, follow, max-snippet:-1, max-image-preview:large, max-video-preview:-1\" \/>\n<link rel=\"canonical\" href=\"https:\/\/italwaxfrance.fr\/particulier\/product\/cire-liposoluble-ambre\/\" \/>\n<meta property=\"og:locale\" content=\"fr_FR\" \/>\n<meta property=\"og:type\" content=\"article\" \/>\n<meta property=\"og:title\" content=\"Ligne Flex - Ambre\" \/>\n<meta property=\"og:description\" content=\"Cire liposoluble Ambre pour grandes surfaces. \u00c9pilation efficace, confortable, sans r\u00e9sidus collants. Disponible en cartouche 100 ml et pot 800 ml.\" \/>\n<meta property=\"og:url\" content=\"https:\/\/italwaxfrance.fr\/particulier\/product\/cire-liposoluble-ambre\/\" \/>\n<meta property=\"og:site_name\" content=\"Italwax France Particulier\" \/>\n<meta property=\"article:modified_time\" content=\"2026-04-24T08:41:41+00:00\" \/>\n<meta property=\"og:image\" content=\"http:\/\/italwaxfrance.fr\/particulier\/wp-content\/uploads\/sites\/12\/2022\/05\/italwax-shop-flex-liposoluble-wax-amber.jpg\" \/>\n\t<meta property=\"og:image:width\" content=\"1000\" \/>\n\t<meta property=\"og:image:height\" content=\"1000\" \/>\n\t<meta property=\"og:image:type\" content=\"image\/jpeg\" \/>\n<meta name=\"twitter:card\" content=\"summary_large_image\" \/>\n<meta name=\"twitter:label1\" content=\"Dur\u00e9e de lecture estim\u00e9e\" \/>\n\t<meta name=\"twitter:data1\" content=\"2 minutes\" \/>\n<script type=\"application\/ld+json\" class=\"yoast-schema-graph\">{\"@context\":\"https:\\\/\\\/schema.org\",\"@graph\":[{\"@type\":\"WebPage\",\"@id\":\"https:\\\/\\\/italwaxfrance.fr\\\/particulier\\\/product\\\/cire-liposoluble-ambre\\\/\",\"url\":\"https:\\\/\\\/italwaxfrance.fr\\\/particulier\\\/product\\\/cire-liposoluble-ambre\\\/\",\"name\":\"Ligne Flex - Ambre - Italwax France Particulier\",\"isPartOf\":{\"@id\":\"https:\\\/\\\/italwaxfrance.fr\\\/particulier\\\/#website\"},\"primaryImageOfPage\":{\"@id\":\"https:\\\/\\\/italwaxfrance.fr\\\/particulier\\\/product\\\/cire-liposoluble-ambre\\\/#primaryimage\"},\"image\":{\"@id\":\"https:\\\/\\\/italwaxfrance.fr\\\/particulier\\\/product\\\/cire-liposoluble-ambre\\\/#primaryimage\"},\"thumbnailUrl\":\"https:\\\/\\\/italwaxfrance.fr\\\/particulier\\\/wp-content\\\/uploads\\\/sites\\\/12\\\/2022\\\/05\\\/italwax-shop-flex-liposoluble-wax-amber.jpg\",\"datePublished\":\"2022-05-12T13:26:49+00:00\",\"dateModified\":\"2026-04-24T08:41:41+00:00\",\"description\":\"Cire liposoluble Ambre pour grandes surfaces. \u00c9pilation efficace, confortable, sans r\u00e9sidus collants. Disponible en cartouche 100 ml et pot 800 ml.\",\"breadcrumb\":{\"@id\":\"https:\\\/\\\/italwaxfrance.fr\\\/particulier\\\/product\\\/cire-liposoluble-ambre\\\/#breadcrumb\"},\"inLanguage\":\"fr-FR\",\"potentialAction\":[{\"@type\":\"ReadAction\",\"target\":[\"https:\\\/\\\/italwaxfrance.fr\\\/particulier\\\/product\\\/cire-liposoluble-ambre\\\/\"]}]},{\"@type\":\"ImageObject\",\"inLanguage\":\"fr-FR\",\"@id\":\"https:\\\/\\\/italwaxfrance.fr\\\/particulier\\\/product\\\/cire-liposoluble-ambre\\\/#primaryimage\",\"url\":\"https:\\\/\\\/italwaxfrance.fr\\\/particulier\\\/wp-content\\\/uploads\\\/sites\\\/12\\\/2022\\\/05\\\/italwax-shop-flex-liposoluble-wax-amber.jpg\",\"contentUrl\":\"https:\\\/\\\/italwaxfrance.fr\\\/particulier\\\/wp-content\\\/uploads\\\/sites\\\/12\\\/2022\\\/05\\\/italwax-shop-flex-liposoluble-wax-amber.jpg\",\"width\":1000,\"height\":1000,\"caption\":\"Ambre cire liposoluble, en cartouche de 100 ml et en pot de 800 ml\"},{\"@type\":\"BreadcrumbList\",\"@id\":\"https:\\\/\\\/italwaxfrance.fr\\\/particulier\\\/product\\\/cire-liposoluble-ambre\\\/#breadcrumb\",\"itemListElement\":[{\"@type\":\"ListItem\",\"position\":1,\"name\":\"Accueil\",\"item\":\"https:\\\/\\\/italwaxfrance.fr\\\/particulier\\\/\"},{\"@type\":\"ListItem\",\"position\":2,\"name\":\"Score\",\"item\":\"https:\\\/\\\/italwaxfrance.fr\\\/particulier\\\/shop\\\/\"},{\"@type\":\"ListItem\",\"position\":3,\"name\":\"Ligne Flex &#8211; Ambre\"}]},{\"@type\":\"WebSite\",\"@id\":\"https:\\\/\\\/italwaxfrance.fr\\\/particulier\\\/#website\",\"url\":\"https:\\\/\\\/italwaxfrance.fr\\\/particulier\\\/\",\"name\":\"Italwax France Particulier\",\"description\":\"Cosm\u00e9tiques professionnels\",\"publisher\":{\"@id\":\"https:\\\/\\\/italwaxfrance.fr\\\/particulier\\\/#organization\"},\"potentialAction\":[{\"@type\":\"SearchAction\",\"target\":{\"@type\":\"EntryPoint\",\"urlTemplate\":\"https:\\\/\\\/italwaxfrance.fr\\\/particulier\\\/?s={search_term_string}\"},\"query-input\":{\"@type\":\"PropertyValueSpecification\",\"valueRequired\":true,\"valueName\":\"search_term_string\"}}],\"inLanguage\":\"fr-FR\"},{\"@type\":\"Organization\",\"@id\":\"https:\\\/\\\/italwaxfrance.fr\\\/particulier\\\/#organization\",\"name\":\"Italwax France\",\"url\":\"https:\\\/\\\/italwaxfrance.fr\\\/particulier\\\/\",\"logo\":{\"@type\":\"ImageObject\",\"inLanguage\":\"fr-FR\",\"@id\":\"https:\\\/\\\/italwaxfrance.fr\\\/particulier\\\/#\\\/schema\\\/logo\\\/image\\\/\",\"url\":\"https:\\\/\\\/italwaxfrance.fr\\\/particulier\\\/wp-content\\\/uploads\\\/sites\\\/12\\\/2022\\\/04\\\/logo.png\",\"contentUrl\":\"https:\\\/\\\/italwaxfrance.fr\\\/particulier\\\/wp-content\\\/uploads\\\/sites\\\/12\\\/2022\\\/04\\\/logo.png\",\"width\":334,\"height\":158,\"caption\":\"Italwax France\"},\"image\":{\"@id\":\"https:\\\/\\\/italwaxfrance.fr\\\/particulier\\\/#\\\/schema\\\/logo\\\/image\\\/\"},\"sameAs\":[\"https:\\\/\\\/www.instagram.com\\\/italwaxfrance\\\/\",\"https:\\\/\\\/www.youtube.com\\\/@ItalwaxMedia\"]}]}<\/script>\n<!-- \/ Yoast SEO Premium plugin. -->","yoast_head_json":{"title":"Ligne Flex - Ambre - Italwax France Particulier","description":"Cire liposoluble Ambre pour grandes surfaces. \u00c9pilation efficace, confortable, sans r\u00e9sidus collants. Disponible en cartouche 100 ml et pot 800 ml.","robots":{"index":"index","follow":"follow","max-snippet":"max-snippet:-1","max-image-preview":"max-image-preview:large","max-video-preview":"max-video-preview:-1"},"canonical":"https:\/\/italwaxfrance.fr\/particulier\/product\/cire-liposoluble-ambre\/","og_locale":"fr_FR","og_type":"article","og_title":"Ligne Flex - Ambre","og_description":"Cire liposoluble Ambre pour grandes surfaces. \u00c9pilation efficace, confortable, sans r\u00e9sidus collants. Disponible en cartouche 100 ml et pot 800 ml.","og_url":"https:\/\/italwaxfrance.fr\/particulier\/product\/cire-liposoluble-ambre\/","og_site_name":"Italwax France Particulier","article_modified_time":"2026-04-24T08:41:41+00:00","og_image":[{"width":1000,"height":1000,"url":"http:\/\/italwaxfrance.fr\/particulier\/wp-content\/uploads\/sites\/12\/2022\/05\/italwax-shop-flex-liposoluble-wax-amber.jpg","type":"image\/jpeg"}],"twitter_card":"summary_large_image","twitter_misc":{"Dur\u00e9e de lecture estim\u00e9e":"2 minutes"},"schema":{"@context":"https:\/\/schema.org","@graph":[{"@type":"WebPage","@id":"https:\/\/italwaxfrance.fr\/particulier\/product\/cire-liposoluble-ambre\/","url":"https:\/\/italwaxfrance.fr\/particulier\/product\/cire-liposoluble-ambre\/","name":"Ligne Flex - Ambre - Italwax France Particulier","isPartOf":{"@id":"https:\/\/italwaxfrance.fr\/particulier\/#website"},"primaryImageOfPage":{"@id":"https:\/\/italwaxfrance.fr\/particulier\/product\/cire-liposoluble-ambre\/#primaryimage"},"image":{"@id":"https:\/\/italwaxfrance.fr\/particulier\/product\/cire-liposoluble-ambre\/#primaryimage"},"thumbnailUrl":"https:\/\/italwaxfrance.fr\/particulier\/wp-content\/uploads\/sites\/12\/2022\/05\/italwax-shop-flex-liposoluble-wax-amber.jpg","datePublished":"2022-05-12T13:26:49+00:00","dateModified":"2026-04-24T08:41:41+00:00","description":"Cire liposoluble Ambre pour grandes surfaces. \u00c9pilation efficace, confortable, sans r\u00e9sidus collants. Disponible en cartouche 100 ml et pot 800 ml.","breadcrumb":{"@id":"https:\/\/italwaxfrance.fr\/particulier\/product\/cire-liposoluble-ambre\/#breadcrumb"},"inLanguage":"fr-FR","potentialAction":[{"@type":"ReadAction","target":["https:\/\/italwaxfrance.fr\/particulier\/product\/cire-liposoluble-ambre\/"]}]},{"@type":"ImageObject","inLanguage":"fr-FR","@id":"https:\/\/italwaxfrance.fr\/particulier\/product\/cire-liposoluble-ambre\/#primaryimage","url":"https:\/\/italwaxfrance.fr\/particulier\/wp-content\/uploads\/sites\/12\/2022\/05\/italwax-shop-flex-liposoluble-wax-amber.jpg","contentUrl":"https:\/\/italwaxfrance.fr\/particulier\/wp-content\/uploads\/sites\/12\/2022\/05\/italwax-shop-flex-liposoluble-wax-amber.jpg","width":1000,"height":1000,"caption":"Ambre cire liposoluble, en cartouche de 100 ml et en pot de 800 ml"},{"@type":"BreadcrumbList","@id":"https:\/\/italwaxfrance.fr\/particulier\/product\/cire-liposoluble-ambre\/#breadcrumb","itemListElement":[{"@type":"ListItem","position":1,"name":"Accueil","item":"https:\/\/italwaxfrance.fr\/particulier\/"},{"@type":"ListItem","position":2,"name":"Score","item":"https:\/\/italwaxfrance.fr\/particulier\/shop\/"},{"@type":"ListItem","position":3,"name":"Ligne Flex &#8211; Ambre"}]},{"@type":"WebSite","@id":"https:\/\/italwaxfrance.fr\/particulier\/#website","url":"https:\/\/italwaxfrance.fr\/particulier\/","name":"Italwax France Particulier","description":"Cosm\u00e9tiques professionnels","publisher":{"@id":"https:\/\/italwaxfrance.fr\/particulier\/#organization"},"potentialAction":[{"@type":"SearchAction","target":{"@type":"EntryPoint","urlTemplate":"https:\/\/italwaxfrance.fr\/particulier\/?s={search_term_string}"},"query-input":{"@type":"PropertyValueSpecification","valueRequired":true,"valueName":"search_term_string"}}],"inLanguage":"fr-FR"},{"@type":"Organization","@id":"https:\/\/italwaxfrance.fr\/particulier\/#organization","name":"Italwax France","url":"https:\/\/italwaxfrance.fr\/particulier\/","logo":{"@type":"ImageObject","inLanguage":"fr-FR","@id":"https:\/\/italwaxfrance.fr\/particulier\/#\/schema\/logo\/image\/","url":"https:\/\/italwaxfrance.fr\/particulier\/wp-content\/uploads\/sites\/12\/2022\/04\/logo.png","contentUrl":"https:\/\/italwaxfrance.fr\/particulier\/wp-content\/uploads\/sites\/12\/2022\/04\/logo.png","width":334,"height":158,"caption":"Italwax France"},"image":{"@id":"https:\/\/italwaxfrance.fr\/particulier\/#\/schema\/logo\/image\/"},"sameAs":["https:\/\/www.instagram.com\/italwaxfrance\/","https:\/\/www.youtube.com\/@ItalwaxMedia"]}]}},"_links":{"self":[{"href":"https:\/\/italwaxfrance.fr\/particulier\/wp-json\/wp\/v2\/product\/886","targetHints":{"allow":["GET"]}}],"collection":[{"href":"https:\/\/italwaxfrance.fr\/particulier\/wp-json\/wp\/v2\/product"}],"about":[{"href":"https:\/\/italwaxfrance.fr\/particulier\/wp-json\/wp\/v2\/types\/product"}],"replies":[{"embeddable":true,"href":"https:\/\/italwaxfrance.fr\/particulier\/wp-json\/wp\/v2\/comments?post=886"}],"wp:featuredmedia":[{"embeddable":true,"href":"https:\/\/italwaxfrance.fr\/particulier\/wp-json\/wp\/v2\/media\/893"}],"wp:attachment":[{"href":"https:\/\/italwaxfrance.fr\/particulier\/wp-json\/wp\/v2\/media?parent=886"}],"wp:term":[{"taxonomy":"product_brand","embeddable":true,"href":"https:\/\/italwaxfrance.fr\/particulier\/wp-json\/wp\/v2\/product_brand?post=886"},{"taxonomy":"product_cat","embeddable":true,"href":"https:\/\/italwaxfrance.fr\/particulier\/wp-json\/wp\/v2\/product_cat?post=886"},{"taxonomy":"product_tag","embeddable":true,"href":"https:\/\/italwaxfrance.fr\/particulier\/wp-json\/wp\/v2\/product_tag?post=886"}],"curies":[{"name":"wp","href":"https:\/\/api.w.org\/{rel}","templated":true}]}}