{"id":860,"date":"2022-05-11T23:29:53","date_gmt":"2022-05-11T20:29:53","guid":{"rendered":"http:\/\/www.italwaxfrance.fr\/particulier\/?post_type=product&#038;p=860"},"modified":"2025-08-11T14:39:17","modified_gmt":"2025-08-11T11:39:17","slug":"cire-transparente-naturelle","status":"publish","type":"product","link":"https:\/\/italwaxfrance.fr\/particulier\/product\/cire-transparente-naturelle\/","title":{"rendered":"Cire Transparente \u2013 Naturelle"},"content":{"rendered":"<h2 data-start=\"198\" data-end=\"263\"><strong data-start=\"201\" data-end=\"261\">Cire Transparente Naturelle \u2013 \u00c9pilation Douce, Efficace et \u00c9conomique<\/strong><\/h2>\n<p data-start=\"265\" data-end=\"569\">La <strong data-start=\"268\" data-end=\"294\">Cire Transparente Naturelle Italwax<\/strong> est sp\u00e9cialement formul\u00e9e pour une \u00e9pilation douce, rapide et efficace. Elle est id\u00e9ale pour \u00e9liminer les <strong data-start=\"401\" data-end=\"435\">poils fins, clairs et d\u00e9licats<\/strong>, tout en respectant parfaitement la peau. Sa formule naturelle assure une <strong data-start=\"510\" data-end=\"532\">adh\u00e9rence maximale<\/strong>, m\u00eame sur les poils les plus courts.<\/p>\n<p data-start=\"571\" data-end=\"820\">Sa texture fluide et l\u00e9g\u00e8re permet une application en <strong data-start=\"625\" data-end=\"645\">couche tr\u00e8s fine<\/strong>, garantissant une consommation r\u00e9duite de cire \u00e0 chaque utilisation. Elle s\u2019\u00e9tale facilement et offre un confort optimal, aussi bien pour le professionnel que pour le client.<\/p>\n<p data-start=\"822\" data-end=\"864\">La cire est disponible en deux formats :<\/p>\n<ul data-start=\"865\" data-end=\"1158\">\n<li data-start=\"865\" data-end=\"1044\">\n<p data-start=\"867\" data-end=\"1044\"><strong data-start=\"867\" data-end=\"895\">Cartouche roll-on 100 ml<\/strong>, pratique pour les grandes zones comme les jambes et les bras. Elle garantit une application rapide, uniforme et pr\u00e9cise gr\u00e2ce au syst\u00e8me roll-on.<\/p>\n<\/li>\n<li data-start=\"1045\" data-end=\"1158\">\n<p data-start=\"1047\" data-end=\"1158\"><strong data-start=\"1047\" data-end=\"1061\">Pot 800 ml<\/strong>, id\u00e9al pour une utilisation avec spatule, adapt\u00e9 aux instituts ou aux particuliers bien \u00e9quip\u00e9s.<\/p>\n<\/li>\n<\/ul>\n<p data-start=\"1160\" data-end=\"1444\">Pour chauffer la cire, il faut utiliser un <a href=\"https:\/\/italwaxfrance.fr\/particulier\/product\/chauffe-cartouches-avec-thermostat\/\"><em><strong data-start=\"1203\" data-end=\"1224\">chauffe-cartouche<\/strong><\/em><\/a> standard de 100 ml ou un <a href=\"https:\/\/italwaxfrance.fr\/particulier\/product\/chauffe-cire-liberty-pour-boites-800ml\/\"><em><strong data-start=\"1250\" data-end=\"1299\">chauffe-cire professionnel pour pot de 800 ml<\/strong><\/em><\/a>. Ces appareils permettent de maintenir la cire \u00e0 la <strong data-start=\"1352\" data-end=\"1386\">temp\u00e9rature id\u00e9ale de 48-50\u202f\u00b0C<\/strong>, assurant une texture parfaite tout au long de la s\u00e9ance.<\/p>\n<p data-start=\"1446\" data-end=\"1713\">La <strong data-start=\"1449\" data-end=\"1475\">Cire Transparente Naturelle Italwax<\/strong> est particuli\u00e8rement appr\u00e9ci\u00e9e pour son <strong data-start=\"1516\" data-end=\"1550\">excellent rapport qualit\u00e9-prix<\/strong>. Elle offre une solution \u00e9conomique sans compromis sur l\u2019efficacit\u00e9. Elle est donc id\u00e9ale pour les instituts cherchant une cire fiable, performante et accessible.<\/p>\n<p data-start=\"1715\" data-end=\"1938\">Gr\u00e2ce \u00e0 sa forte adh\u00e9rence, m\u00eame en fine couche, elle capture efficacement les poils sans irriter la peau. Elle convient parfaitement aux peaux sensibles, garantissant une \u00e9pilation confortable et un r\u00e9sultat professionnel.<\/p>\n<p data-start=\"1940\" data-end=\"2059\" data-is-last-node=\"\" data-is-only-node=\"\">Optez pour la <strong data-start=\"1954\" data-end=\"1980\">Cire Transparente Naturelle Italwax<\/strong>, un alli\u00e9 incontournable pour une \u00e9pilation impeccable, douce et \u00e0 petit prix.<\/p>\n","protected":false},"excerpt":{"rendered":"<p>Cire Transparente Naturelle \u2013 \u00c9pilation Douce, Efficace et \u00c9conomique La Cire Transparente Naturelle Italwax est sp\u00e9cialement formul\u00e9e pour une \u00e9pilation douce, rapide et efficace. Elle est id\u00e9ale pour \u00e9liminer les poils fins, clairs et d\u00e9licats, tout en respectant parfaitement la peau. Sa formule naturelle assure une adh\u00e9rence maximale, m\u00eame sur les poils les plus courts&#8230;. <a href=\"https:\/\/italwaxfrance.fr\/particulier\/product\/cire-transparente-naturelle\/\">Read More<\/a><\/p>\n","protected":false},"featured_media":867,"comment_status":"open","ping_status":"closed","template":"","meta":[],"product_brand":[],"product_cat":[30],"product_tag":[],"class_list":{"0":"post-860","1":"product","2":"type-product","3":"status-publish","4":"has-post-thumbnail","6":"product_cat-italwax-cire-liposoluble-cartouches-et-pots-roll-on","8":"first","9":"instock","10":"taxable","11":"shipping-taxable","12":"purchasable","13":"product-type-variable"},"yoast_head":"<!-- This site is optimized with the Yoast SEO Premium plugin v27.2 (Yoast SEO v27.5) - https:\/\/yoast.com\/product\/yoast-seo-premium-wordpress\/ -->\n<title>Cire Transparente \u2013 Naturelle - Italwax France Particulier<\/title>\n<meta name=\"description\" content=\"Cire transparente Naturelle Italwax en pot 800 ml ou cartouche 100 ml. \u00c9pilation douce, efficace et \u00e9conomique. Id\u00e9ale pour poils fins et peaux sensibles.\" \/>\n<meta name=\"robots\" content=\"index, follow, max-snippet:-1, max-image-preview:large, max-video-preview:-1\" \/>\n<link rel=\"canonical\" href=\"https:\/\/italwaxfrance.fr\/particulier\/product\/cire-transparente-naturelle\/\" \/>\n<meta property=\"og:locale\" content=\"fr_FR\" \/>\n<meta property=\"og:type\" content=\"article\" \/>\n<meta property=\"og:title\" content=\"Cire Transparente \u2013 Naturelle\" \/>\n<meta property=\"og:description\" content=\"Cire transparente Naturelle Italwax en pot 800 ml ou cartouche 100 ml. \u00c9pilation douce, efficace et \u00e9conomique. Id\u00e9ale pour poils fins et peaux sensibles.\" \/>\n<meta property=\"og:url\" content=\"https:\/\/italwaxfrance.fr\/particulier\/product\/cire-transparente-naturelle\/\" \/>\n<meta property=\"og:site_name\" content=\"Italwax France Particulier\" \/>\n<meta property=\"article:modified_time\" content=\"2025-08-11T11:39:17+00:00\" \/>\n<meta property=\"og:image\" content=\"http:\/\/italwaxfrance.fr\/particulier\/wp-content\/uploads\/sites\/12\/2022\/05\/italwax-shop-liposoluble-wax-natural.jpg\" \/>\n\t<meta property=\"og:image:width\" content=\"1000\" \/>\n\t<meta property=\"og:image:height\" content=\"1000\" \/>\n\t<meta property=\"og:image:type\" content=\"image\/jpeg\" \/>\n<meta name=\"twitter:card\" content=\"summary_large_image\" \/>\n<meta name=\"twitter:label1\" content=\"Dur\u00e9e de lecture estim\u00e9e\" \/>\n\t<meta name=\"twitter:data1\" content=\"2 minutes\" \/>\n<script type=\"application\/ld+json\" class=\"yoast-schema-graph\">{\"@context\":\"https:\\\/\\\/schema.org\",\"@graph\":[{\"@type\":\"WebPage\",\"@id\":\"https:\\\/\\\/italwaxfrance.fr\\\/particulier\\\/product\\\/cire-transparente-naturelle\\\/\",\"url\":\"https:\\\/\\\/italwaxfrance.fr\\\/particulier\\\/product\\\/cire-transparente-naturelle\\\/\",\"name\":\"Cire Transparente \u2013 Naturelle - Italwax France Particulier\",\"isPartOf\":{\"@id\":\"https:\\\/\\\/italwaxfrance.fr\\\/particulier\\\/#website\"},\"primaryImageOfPage\":{\"@id\":\"https:\\\/\\\/italwaxfrance.fr\\\/particulier\\\/product\\\/cire-transparente-naturelle\\\/#primaryimage\"},\"image\":{\"@id\":\"https:\\\/\\\/italwaxfrance.fr\\\/particulier\\\/product\\\/cire-transparente-naturelle\\\/#primaryimage\"},\"thumbnailUrl\":\"https:\\\/\\\/italwaxfrance.fr\\\/particulier\\\/wp-content\\\/uploads\\\/sites\\\/12\\\/2022\\\/05\\\/italwax-shop-liposoluble-wax-natural.jpg\",\"datePublished\":\"2022-05-11T20:29:53+00:00\",\"dateModified\":\"2025-08-11T11:39:17+00:00\",\"description\":\"Cire transparente Naturelle Italwax en pot 800 ml ou cartouche 100 ml. \u00c9pilation douce, efficace et \u00e9conomique. Id\u00e9ale pour poils fins et peaux sensibles.\",\"breadcrumb\":{\"@id\":\"https:\\\/\\\/italwaxfrance.fr\\\/particulier\\\/product\\\/cire-transparente-naturelle\\\/#breadcrumb\"},\"inLanguage\":\"fr-FR\",\"potentialAction\":[{\"@type\":\"ReadAction\",\"target\":[\"https:\\\/\\\/italwaxfrance.fr\\\/particulier\\\/product\\\/cire-transparente-naturelle\\\/\"]}]},{\"@type\":\"ImageObject\",\"inLanguage\":\"fr-FR\",\"@id\":\"https:\\\/\\\/italwaxfrance.fr\\\/particulier\\\/product\\\/cire-transparente-naturelle\\\/#primaryimage\",\"url\":\"https:\\\/\\\/italwaxfrance.fr\\\/particulier\\\/wp-content\\\/uploads\\\/sites\\\/12\\\/2022\\\/05\\\/italwax-shop-liposoluble-wax-natural.jpg\",\"contentUrl\":\"https:\\\/\\\/italwaxfrance.fr\\\/particulier\\\/wp-content\\\/uploads\\\/sites\\\/12\\\/2022\\\/05\\\/italwax-shop-liposoluble-wax-natural.jpg\",\"width\":1000,\"height\":1000,\"caption\":\"Cire transparente Naturelle, en cartouche de 100 ml et en pot de 800 ml\"},{\"@type\":\"BreadcrumbList\",\"@id\":\"https:\\\/\\\/italwaxfrance.fr\\\/particulier\\\/product\\\/cire-transparente-naturelle\\\/#breadcrumb\",\"itemListElement\":[{\"@type\":\"ListItem\",\"position\":1,\"name\":\"Accueil\",\"item\":\"https:\\\/\\\/italwaxfrance.fr\\\/particulier\\\/\"},{\"@type\":\"ListItem\",\"position\":2,\"name\":\"Score\",\"item\":\"https:\\\/\\\/italwaxfrance.fr\\\/particulier\\\/shop\\\/\"},{\"@type\":\"ListItem\",\"position\":3,\"name\":\"Cire Transparente \u2013 Naturelle\"}]},{\"@type\":\"WebSite\",\"@id\":\"https:\\\/\\\/italwaxfrance.fr\\\/particulier\\\/#website\",\"url\":\"https:\\\/\\\/italwaxfrance.fr\\\/particulier\\\/\",\"name\":\"Italwax France Particulier\",\"description\":\"Cosm\u00e9tiques professionnels\",\"publisher\":{\"@id\":\"https:\\\/\\\/italwaxfrance.fr\\\/particulier\\\/#organization\"},\"potentialAction\":[{\"@type\":\"SearchAction\",\"target\":{\"@type\":\"EntryPoint\",\"urlTemplate\":\"https:\\\/\\\/italwaxfrance.fr\\\/particulier\\\/?s={search_term_string}\"},\"query-input\":{\"@type\":\"PropertyValueSpecification\",\"valueRequired\":true,\"valueName\":\"search_term_string\"}}],\"inLanguage\":\"fr-FR\"},{\"@type\":\"Organization\",\"@id\":\"https:\\\/\\\/italwaxfrance.fr\\\/particulier\\\/#organization\",\"name\":\"Italwax France\",\"url\":\"https:\\\/\\\/italwaxfrance.fr\\\/particulier\\\/\",\"logo\":{\"@type\":\"ImageObject\",\"inLanguage\":\"fr-FR\",\"@id\":\"https:\\\/\\\/italwaxfrance.fr\\\/particulier\\\/#\\\/schema\\\/logo\\\/image\\\/\",\"url\":\"https:\\\/\\\/italwaxfrance.fr\\\/particulier\\\/wp-content\\\/uploads\\\/sites\\\/12\\\/2022\\\/04\\\/logo.png\",\"contentUrl\":\"https:\\\/\\\/italwaxfrance.fr\\\/particulier\\\/wp-content\\\/uploads\\\/sites\\\/12\\\/2022\\\/04\\\/logo.png\",\"width\":334,\"height\":158,\"caption\":\"Italwax France\"},\"image\":{\"@id\":\"https:\\\/\\\/italwaxfrance.fr\\\/particulier\\\/#\\\/schema\\\/logo\\\/image\\\/\"},\"sameAs\":[\"https:\\\/\\\/www.instagram.com\\\/italwaxfrance\\\/\",\"https:\\\/\\\/www.youtube.com\\\/@ItalwaxMedia\"]}]}<\/script>\n<!-- \/ Yoast SEO Premium plugin. -->","yoast_head_json":{"title":"Cire Transparente \u2013 Naturelle - Italwax France Particulier","description":"Cire transparente Naturelle Italwax en pot 800 ml ou cartouche 100 ml. \u00c9pilation douce, efficace et \u00e9conomique. Id\u00e9ale pour poils fins et peaux sensibles.","robots":{"index":"index","follow":"follow","max-snippet":"max-snippet:-1","max-image-preview":"max-image-preview:large","max-video-preview":"max-video-preview:-1"},"canonical":"https:\/\/italwaxfrance.fr\/particulier\/product\/cire-transparente-naturelle\/","og_locale":"fr_FR","og_type":"article","og_title":"Cire Transparente \u2013 Naturelle","og_description":"Cire transparente Naturelle Italwax en pot 800 ml ou cartouche 100 ml. \u00c9pilation douce, efficace et \u00e9conomique. Id\u00e9ale pour poils fins et peaux sensibles.","og_url":"https:\/\/italwaxfrance.fr\/particulier\/product\/cire-transparente-naturelle\/","og_site_name":"Italwax France Particulier","article_modified_time":"2025-08-11T11:39:17+00:00","og_image":[{"width":1000,"height":1000,"url":"http:\/\/italwaxfrance.fr\/particulier\/wp-content\/uploads\/sites\/12\/2022\/05\/italwax-shop-liposoluble-wax-natural.jpg","type":"image\/jpeg"}],"twitter_card":"summary_large_image","twitter_misc":{"Dur\u00e9e de lecture estim\u00e9e":"2 minutes"},"schema":{"@context":"https:\/\/schema.org","@graph":[{"@type":"WebPage","@id":"https:\/\/italwaxfrance.fr\/particulier\/product\/cire-transparente-naturelle\/","url":"https:\/\/italwaxfrance.fr\/particulier\/product\/cire-transparente-naturelle\/","name":"Cire Transparente \u2013 Naturelle - Italwax France Particulier","isPartOf":{"@id":"https:\/\/italwaxfrance.fr\/particulier\/#website"},"primaryImageOfPage":{"@id":"https:\/\/italwaxfrance.fr\/particulier\/product\/cire-transparente-naturelle\/#primaryimage"},"image":{"@id":"https:\/\/italwaxfrance.fr\/particulier\/product\/cire-transparente-naturelle\/#primaryimage"},"thumbnailUrl":"https:\/\/italwaxfrance.fr\/particulier\/wp-content\/uploads\/sites\/12\/2022\/05\/italwax-shop-liposoluble-wax-natural.jpg","datePublished":"2022-05-11T20:29:53+00:00","dateModified":"2025-08-11T11:39:17+00:00","description":"Cire transparente Naturelle Italwax en pot 800 ml ou cartouche 100 ml. \u00c9pilation douce, efficace et \u00e9conomique. Id\u00e9ale pour poils fins et peaux sensibles.","breadcrumb":{"@id":"https:\/\/italwaxfrance.fr\/particulier\/product\/cire-transparente-naturelle\/#breadcrumb"},"inLanguage":"fr-FR","potentialAction":[{"@type":"ReadAction","target":["https:\/\/italwaxfrance.fr\/particulier\/product\/cire-transparente-naturelle\/"]}]},{"@type":"ImageObject","inLanguage":"fr-FR","@id":"https:\/\/italwaxfrance.fr\/particulier\/product\/cire-transparente-naturelle\/#primaryimage","url":"https:\/\/italwaxfrance.fr\/particulier\/wp-content\/uploads\/sites\/12\/2022\/05\/italwax-shop-liposoluble-wax-natural.jpg","contentUrl":"https:\/\/italwaxfrance.fr\/particulier\/wp-content\/uploads\/sites\/12\/2022\/05\/italwax-shop-liposoluble-wax-natural.jpg","width":1000,"height":1000,"caption":"Cire transparente Naturelle, en cartouche de 100 ml et en pot de 800 ml"},{"@type":"BreadcrumbList","@id":"https:\/\/italwaxfrance.fr\/particulier\/product\/cire-transparente-naturelle\/#breadcrumb","itemListElement":[{"@type":"ListItem","position":1,"name":"Accueil","item":"https:\/\/italwaxfrance.fr\/particulier\/"},{"@type":"ListItem","position":2,"name":"Score","item":"https:\/\/italwaxfrance.fr\/particulier\/shop\/"},{"@type":"ListItem","position":3,"name":"Cire Transparente \u2013 Naturelle"}]},{"@type":"WebSite","@id":"https:\/\/italwaxfrance.fr\/particulier\/#website","url":"https:\/\/italwaxfrance.fr\/particulier\/","name":"Italwax France Particulier","description":"Cosm\u00e9tiques professionnels","publisher":{"@id":"https:\/\/italwaxfrance.fr\/particulier\/#organization"},"potentialAction":[{"@type":"SearchAction","target":{"@type":"EntryPoint","urlTemplate":"https:\/\/italwaxfrance.fr\/particulier\/?s={search_term_string}"},"query-input":{"@type":"PropertyValueSpecification","valueRequired":true,"valueName":"search_term_string"}}],"inLanguage":"fr-FR"},{"@type":"Organization","@id":"https:\/\/italwaxfrance.fr\/particulier\/#organization","name":"Italwax France","url":"https:\/\/italwaxfrance.fr\/particulier\/","logo":{"@type":"ImageObject","inLanguage":"fr-FR","@id":"https:\/\/italwaxfrance.fr\/particulier\/#\/schema\/logo\/image\/","url":"https:\/\/italwaxfrance.fr\/particulier\/wp-content\/uploads\/sites\/12\/2022\/04\/logo.png","contentUrl":"https:\/\/italwaxfrance.fr\/particulier\/wp-content\/uploads\/sites\/12\/2022\/04\/logo.png","width":334,"height":158,"caption":"Italwax France"},"image":{"@id":"https:\/\/italwaxfrance.fr\/particulier\/#\/schema\/logo\/image\/"},"sameAs":["https:\/\/www.instagram.com\/italwaxfrance\/","https:\/\/www.youtube.com\/@ItalwaxMedia"]}]}},"_links":{"self":[{"href":"https:\/\/italwaxfrance.fr\/particulier\/wp-json\/wp\/v2\/product\/860","targetHints":{"allow":["GET"]}}],"collection":[{"href":"https:\/\/italwaxfrance.fr\/particulier\/wp-json\/wp\/v2\/product"}],"about":[{"href":"https:\/\/italwaxfrance.fr\/particulier\/wp-json\/wp\/v2\/types\/product"}],"replies":[{"embeddable":true,"href":"https:\/\/italwaxfrance.fr\/particulier\/wp-json\/wp\/v2\/comments?post=860"}],"wp:featuredmedia":[{"embeddable":true,"href":"https:\/\/italwaxfrance.fr\/particulier\/wp-json\/wp\/v2\/media\/867"}],"wp:attachment":[{"href":"https:\/\/italwaxfrance.fr\/particulier\/wp-json\/wp\/v2\/media?parent=860"}],"wp:term":[{"taxonomy":"product_brand","embeddable":true,"href":"https:\/\/italwaxfrance.fr\/particulier\/wp-json\/wp\/v2\/product_brand?post=860"},{"taxonomy":"product_cat","embeddable":true,"href":"https:\/\/italwaxfrance.fr\/particulier\/wp-json\/wp\/v2\/product_cat?post=860"},{"taxonomy":"product_tag","embeddable":true,"href":"https:\/\/italwaxfrance.fr\/particulier\/wp-json\/wp\/v2\/product_tag?post=860"}],"curies":[{"name":"wp","href":"https:\/\/api.w.org\/{rel}","templated":true}]}}