{"id":80,"date":"2022-03-29T17:21:28","date_gmt":"2022-03-29T14:21:28","guid":{"rendered":"https:\/\/www.italwaxfrance.fr\/particulier\/?post_type=product&#038;p=80"},"modified":"2026-01-28T15:03:30","modified_gmt":"2026-01-28T12:03:30","slug":"boite-pour-chauffe-cire","status":"publish","type":"product","link":"https:\/\/italwaxfrance.fr\/particulier\/product\/boite-pour-chauffe-cire\/","title":{"rendered":"Bo\u00eete vide pour chauffe-cire avec couvercle"},"content":{"rendered":"<h2 data-start=\"137\" data-end=\"200\"><strong data-start=\"137\" data-end=\"200\">Contenant vide pour chauffe-cire \u2013 Pratique et r\u00e9utilisable<\/strong><\/h2>\n<p data-start=\"202\" data-end=\"423\">Simplifiez votre routine d\u2019\u00e9pilation avec ce contenant vide sp\u00e9cialement con\u00e7u pour votre <a href=\"https:\/\/italwaxfrance.fr\/particulier\/product\/chauffe-cire-liberty-pour-boites-800ml\/\"><em><strong>chauffe-cire<\/strong><\/em><\/a>. Id\u00e9al pour alterner facilement entre diff\u00e9rents types de cire film sans nettoyage compliqu\u00e9 entre chaque utilisation.<\/p>\n<h3 data-start=\"425\" data-end=\"682\"><strong data-start=\"425\" data-end=\"444\">Mode d\u2019emploi<\/strong><\/h3>\n<p data-start=\"425\" data-end=\"682\">Placez simplement le contenant dans votre<a href=\"https:\/\/italwaxfrance.fr\/particulier\/product\/chauffe-cire-liberty-pour-boites-400ml\/\"><em><strong> chauffe-cire<\/strong><\/em><\/a>, ajoutez vos pastilles de cire, et c\u2019est pr\u00eat ! Une fois votre s\u00e9ance termin\u00e9e, refermez-le avec son couvercle en plastique pour conserver la cire jusqu\u2019\u00e0 la prochaine utilisation.<\/p>\n<p data-start=\"684\" data-end=\"804\">Besoin de changer de cire ? Vous pouvez \u00e9galement nettoyer le contenant \u00e0 l\u2019aide de vos\u00a0<a href=\"https:\/\/italwaxfrance.fr\/particulier\/product\/nettoyant-pour-cire\/\"><em><strong> produits de nettoyage<\/strong><\/em><\/a>\u00a0 habituels.<\/p>\n<h3 data-start=\"806\" data-end=\"1064\"><strong data-start=\"806\" data-end=\"840\">Pourquoi vous allez l\u2019adorer :<\/strong><\/h3>\n<p data-start=\"806\" data-end=\"1064\">\u2714 Permet de changer facilement de cire sans m\u00e9langer les r\u00e9sidus<br data-start=\"907\" data-end=\"910\" \/>\u2714 R\u00e9utilisable et \u00e9conomique<br data-start=\"938\" data-end=\"941\" \/>\u2714 Compatible avec la plupart des chauffe-cire standards<br data-start=\"996\" data-end=\"999\" \/>\u2714 Disponible en deux formats pratiques : <strong data-start=\"1040\" data-end=\"1050\">400 ml<\/strong> ou <strong data-start=\"1054\" data-end=\"1064\">800 ml<\/strong><\/p>\n","protected":false},"excerpt":{"rendered":"<p>Contenant vide pour chauffe-cire \u2013 Pratique et r\u00e9utilisable Simplifiez votre routine d\u2019\u00e9pilation avec ce contenant vide sp\u00e9cialement con\u00e7u pour votre chauffe-cire. Id\u00e9al pour alterner facilement entre diff\u00e9rents types de cire film sans nettoyage compliqu\u00e9 entre chaque utilisation. Mode d\u2019emploi Placez simplement le contenant dans votre chauffe-cire, ajoutez vos pastilles de cire, et c\u2019est pr\u00eat !&#8230; <a href=\"https:\/\/italwaxfrance.fr\/particulier\/product\/boite-pour-chauffe-cire\/\">Read More<\/a><\/p>\n","protected":false},"featured_media":756,"comment_status":"closed","ping_status":"closed","template":"","meta":[],"product_brand":[],"product_cat":[21,16],"product_tag":[],"class_list":{"0":"post-80","1":"product","2":"type-product","3":"status-publish","4":"has-post-thumbnail","6":"product_cat-accessoires-epilation-jetables","7":"product_cat-cire-film-cires-pelables","9":"first","10":"instock","11":"taxable","12":"shipping-taxable","13":"purchasable","14":"product-type-variable"},"yoast_head":"<!-- This site is optimized with the Yoast SEO Premium plugin v27.2 (Yoast SEO v27.5) - https:\/\/yoast.com\/product\/yoast-seo-premium-wordpress\/ -->\n<title>Bo\u00eete vide pour chauffe-cire avec couvercle<\/title>\n<meta name=\"description\" content=\"Bo\u00eete vide r\u00e9utilisable pour chauffe-cire \u2013 id\u00e9al pour alterner facilement entre diff\u00e9rents types de cire film. Pratique et propre.\" \/>\n<meta name=\"robots\" content=\"index, follow, max-snippet:-1, max-image-preview:large, max-video-preview:-1\" \/>\n<link rel=\"canonical\" href=\"https:\/\/italwaxfrance.fr\/particulier\/product\/boite-pour-chauffe-cire\/\" \/>\n<meta property=\"og:locale\" content=\"fr_FR\" \/>\n<meta property=\"og:type\" content=\"article\" \/>\n<meta property=\"og:title\" content=\"Bo\u00eete vide pour chauffe-cire avec couvercle\" \/>\n<meta property=\"og:description\" content=\"Bo\u00eete vide r\u00e9utilisable pour chauffe-cire \u2013 id\u00e9al pour alterner facilement entre diff\u00e9rents types de cire film. Pratique et propre.\" \/>\n<meta property=\"og:url\" content=\"https:\/\/italwaxfrance.fr\/particulier\/product\/boite-pour-chauffe-cire\/\" \/>\n<meta property=\"og:site_name\" content=\"Italwax France Particulier\" \/>\n<meta property=\"article:modified_time\" content=\"2026-01-28T12:03:30+00:00\" \/>\n<meta property=\"og:image\" content=\"http:\/\/italwaxfrance.fr\/particulier\/wp-content\/uploads\/sites\/12\/2022\/03\/italwax-shop-empty-tins.jpg\" \/>\n\t<meta property=\"og:image:width\" content=\"1000\" \/>\n\t<meta property=\"og:image:height\" content=\"1000\" \/>\n\t<meta property=\"og:image:type\" content=\"image\/jpeg\" \/>\n<meta name=\"twitter:card\" content=\"summary_large_image\" \/>\n<meta name=\"twitter:label1\" content=\"Dur\u00e9e de lecture estim\u00e9e\" \/>\n\t<meta name=\"twitter:data1\" content=\"1 minute\" \/>\n<script type=\"application\/ld+json\" class=\"yoast-schema-graph\">{\"@context\":\"https:\\\/\\\/schema.org\",\"@graph\":[{\"@type\":\"WebPage\",\"@id\":\"https:\\\/\\\/italwaxfrance.fr\\\/particulier\\\/product\\\/boite-pour-chauffe-cire\\\/\",\"url\":\"https:\\\/\\\/italwaxfrance.fr\\\/particulier\\\/product\\\/boite-pour-chauffe-cire\\\/\",\"name\":\"Bo\u00eete vide pour chauffe-cire avec couvercle\",\"isPartOf\":{\"@id\":\"https:\\\/\\\/italwaxfrance.fr\\\/particulier\\\/#website\"},\"primaryImageOfPage\":{\"@id\":\"https:\\\/\\\/italwaxfrance.fr\\\/particulier\\\/product\\\/boite-pour-chauffe-cire\\\/#primaryimage\"},\"image\":{\"@id\":\"https:\\\/\\\/italwaxfrance.fr\\\/particulier\\\/product\\\/boite-pour-chauffe-cire\\\/#primaryimage\"},\"thumbnailUrl\":\"https:\\\/\\\/italwaxfrance.fr\\\/particulier\\\/wp-content\\\/uploads\\\/sites\\\/12\\\/2022\\\/03\\\/italwax-shop-empty-tins.jpg\",\"datePublished\":\"2022-03-29T14:21:28+00:00\",\"dateModified\":\"2026-01-28T12:03:30+00:00\",\"description\":\"Bo\u00eete vide r\u00e9utilisable pour chauffe-cire \u2013 id\u00e9al pour alterner facilement entre diff\u00e9rents types de cire film. Pratique et propre.\",\"breadcrumb\":{\"@id\":\"https:\\\/\\\/italwaxfrance.fr\\\/particulier\\\/product\\\/boite-pour-chauffe-cire\\\/#breadcrumb\"},\"inLanguage\":\"fr-FR\",\"potentialAction\":[{\"@type\":\"ReadAction\",\"target\":[\"https:\\\/\\\/italwaxfrance.fr\\\/particulier\\\/product\\\/boite-pour-chauffe-cire\\\/\"]}]},{\"@type\":\"ImageObject\",\"inLanguage\":\"fr-FR\",\"@id\":\"https:\\\/\\\/italwaxfrance.fr\\\/particulier\\\/product\\\/boite-pour-chauffe-cire\\\/#primaryimage\",\"url\":\"https:\\\/\\\/italwaxfrance.fr\\\/particulier\\\/wp-content\\\/uploads\\\/sites\\\/12\\\/2022\\\/03\\\/italwax-shop-empty-tins.jpg\",\"contentUrl\":\"https:\\\/\\\/italwaxfrance.fr\\\/particulier\\\/wp-content\\\/uploads\\\/sites\\\/12\\\/2022\\\/03\\\/italwax-shop-empty-tins.jpg\",\"width\":1000,\"height\":1000,\"caption\":\"Bo\u00eete pour chauffe-cire avec couvercle\"},{\"@type\":\"BreadcrumbList\",\"@id\":\"https:\\\/\\\/italwaxfrance.fr\\\/particulier\\\/product\\\/boite-pour-chauffe-cire\\\/#breadcrumb\",\"itemListElement\":[{\"@type\":\"ListItem\",\"position\":1,\"name\":\"Accueil\",\"item\":\"https:\\\/\\\/italwaxfrance.fr\\\/particulier\\\/\"},{\"@type\":\"ListItem\",\"position\":2,\"name\":\"Score\",\"item\":\"https:\\\/\\\/italwaxfrance.fr\\\/particulier\\\/shop\\\/\"},{\"@type\":\"ListItem\",\"position\":3,\"name\":\"Bo\u00eete vide pour chauffe-cire avec couvercle\"}]},{\"@type\":\"WebSite\",\"@id\":\"https:\\\/\\\/italwaxfrance.fr\\\/particulier\\\/#website\",\"url\":\"https:\\\/\\\/italwaxfrance.fr\\\/particulier\\\/\",\"name\":\"Italwax France Particulier\",\"description\":\"Cosm\u00e9tiques professionnels\",\"publisher\":{\"@id\":\"https:\\\/\\\/italwaxfrance.fr\\\/particulier\\\/#organization\"},\"potentialAction\":[{\"@type\":\"SearchAction\",\"target\":{\"@type\":\"EntryPoint\",\"urlTemplate\":\"https:\\\/\\\/italwaxfrance.fr\\\/particulier\\\/?s={search_term_string}\"},\"query-input\":{\"@type\":\"PropertyValueSpecification\",\"valueRequired\":true,\"valueName\":\"search_term_string\"}}],\"inLanguage\":\"fr-FR\"},{\"@type\":\"Organization\",\"@id\":\"https:\\\/\\\/italwaxfrance.fr\\\/particulier\\\/#organization\",\"name\":\"Italwax France\",\"url\":\"https:\\\/\\\/italwaxfrance.fr\\\/particulier\\\/\",\"logo\":{\"@type\":\"ImageObject\",\"inLanguage\":\"fr-FR\",\"@id\":\"https:\\\/\\\/italwaxfrance.fr\\\/particulier\\\/#\\\/schema\\\/logo\\\/image\\\/\",\"url\":\"https:\\\/\\\/italwaxfrance.fr\\\/particulier\\\/wp-content\\\/uploads\\\/sites\\\/12\\\/2022\\\/04\\\/logo.png\",\"contentUrl\":\"https:\\\/\\\/italwaxfrance.fr\\\/particulier\\\/wp-content\\\/uploads\\\/sites\\\/12\\\/2022\\\/04\\\/logo.png\",\"width\":334,\"height\":158,\"caption\":\"Italwax France\"},\"image\":{\"@id\":\"https:\\\/\\\/italwaxfrance.fr\\\/particulier\\\/#\\\/schema\\\/logo\\\/image\\\/\"},\"sameAs\":[\"https:\\\/\\\/www.instagram.com\\\/italwaxfrance\\\/\",\"https:\\\/\\\/www.youtube.com\\\/@ItalwaxMedia\"]}]}<\/script>\n<!-- \/ Yoast SEO Premium plugin. -->","yoast_head_json":{"title":"Bo\u00eete vide pour chauffe-cire avec couvercle","description":"Bo\u00eete vide r\u00e9utilisable pour chauffe-cire \u2013 id\u00e9al pour alterner facilement entre diff\u00e9rents types de cire film. Pratique et propre.","robots":{"index":"index","follow":"follow","max-snippet":"max-snippet:-1","max-image-preview":"max-image-preview:large","max-video-preview":"max-video-preview:-1"},"canonical":"https:\/\/italwaxfrance.fr\/particulier\/product\/boite-pour-chauffe-cire\/","og_locale":"fr_FR","og_type":"article","og_title":"Bo\u00eete vide pour chauffe-cire avec couvercle","og_description":"Bo\u00eete vide r\u00e9utilisable pour chauffe-cire \u2013 id\u00e9al pour alterner facilement entre diff\u00e9rents types de cire film. Pratique et propre.","og_url":"https:\/\/italwaxfrance.fr\/particulier\/product\/boite-pour-chauffe-cire\/","og_site_name":"Italwax France Particulier","article_modified_time":"2026-01-28T12:03:30+00:00","og_image":[{"width":1000,"height":1000,"url":"http:\/\/italwaxfrance.fr\/particulier\/wp-content\/uploads\/sites\/12\/2022\/03\/italwax-shop-empty-tins.jpg","type":"image\/jpeg"}],"twitter_card":"summary_large_image","twitter_misc":{"Dur\u00e9e de lecture estim\u00e9e":"1 minute"},"schema":{"@context":"https:\/\/schema.org","@graph":[{"@type":"WebPage","@id":"https:\/\/italwaxfrance.fr\/particulier\/product\/boite-pour-chauffe-cire\/","url":"https:\/\/italwaxfrance.fr\/particulier\/product\/boite-pour-chauffe-cire\/","name":"Bo\u00eete vide pour chauffe-cire avec couvercle","isPartOf":{"@id":"https:\/\/italwaxfrance.fr\/particulier\/#website"},"primaryImageOfPage":{"@id":"https:\/\/italwaxfrance.fr\/particulier\/product\/boite-pour-chauffe-cire\/#primaryimage"},"image":{"@id":"https:\/\/italwaxfrance.fr\/particulier\/product\/boite-pour-chauffe-cire\/#primaryimage"},"thumbnailUrl":"https:\/\/italwaxfrance.fr\/particulier\/wp-content\/uploads\/sites\/12\/2022\/03\/italwax-shop-empty-tins.jpg","datePublished":"2022-03-29T14:21:28+00:00","dateModified":"2026-01-28T12:03:30+00:00","description":"Bo\u00eete vide r\u00e9utilisable pour chauffe-cire \u2013 id\u00e9al pour alterner facilement entre diff\u00e9rents types de cire film. Pratique et propre.","breadcrumb":{"@id":"https:\/\/italwaxfrance.fr\/particulier\/product\/boite-pour-chauffe-cire\/#breadcrumb"},"inLanguage":"fr-FR","potentialAction":[{"@type":"ReadAction","target":["https:\/\/italwaxfrance.fr\/particulier\/product\/boite-pour-chauffe-cire\/"]}]},{"@type":"ImageObject","inLanguage":"fr-FR","@id":"https:\/\/italwaxfrance.fr\/particulier\/product\/boite-pour-chauffe-cire\/#primaryimage","url":"https:\/\/italwaxfrance.fr\/particulier\/wp-content\/uploads\/sites\/12\/2022\/03\/italwax-shop-empty-tins.jpg","contentUrl":"https:\/\/italwaxfrance.fr\/particulier\/wp-content\/uploads\/sites\/12\/2022\/03\/italwax-shop-empty-tins.jpg","width":1000,"height":1000,"caption":"Bo\u00eete pour chauffe-cire avec couvercle"},{"@type":"BreadcrumbList","@id":"https:\/\/italwaxfrance.fr\/particulier\/product\/boite-pour-chauffe-cire\/#breadcrumb","itemListElement":[{"@type":"ListItem","position":1,"name":"Accueil","item":"https:\/\/italwaxfrance.fr\/particulier\/"},{"@type":"ListItem","position":2,"name":"Score","item":"https:\/\/italwaxfrance.fr\/particulier\/shop\/"},{"@type":"ListItem","position":3,"name":"Bo\u00eete vide pour chauffe-cire avec couvercle"}]},{"@type":"WebSite","@id":"https:\/\/italwaxfrance.fr\/particulier\/#website","url":"https:\/\/italwaxfrance.fr\/particulier\/","name":"Italwax France Particulier","description":"Cosm\u00e9tiques professionnels","publisher":{"@id":"https:\/\/italwaxfrance.fr\/particulier\/#organization"},"potentialAction":[{"@type":"SearchAction","target":{"@type":"EntryPoint","urlTemplate":"https:\/\/italwaxfrance.fr\/particulier\/?s={search_term_string}"},"query-input":{"@type":"PropertyValueSpecification","valueRequired":true,"valueName":"search_term_string"}}],"inLanguage":"fr-FR"},{"@type":"Organization","@id":"https:\/\/italwaxfrance.fr\/particulier\/#organization","name":"Italwax France","url":"https:\/\/italwaxfrance.fr\/particulier\/","logo":{"@type":"ImageObject","inLanguage":"fr-FR","@id":"https:\/\/italwaxfrance.fr\/particulier\/#\/schema\/logo\/image\/","url":"https:\/\/italwaxfrance.fr\/particulier\/wp-content\/uploads\/sites\/12\/2022\/04\/logo.png","contentUrl":"https:\/\/italwaxfrance.fr\/particulier\/wp-content\/uploads\/sites\/12\/2022\/04\/logo.png","width":334,"height":158,"caption":"Italwax France"},"image":{"@id":"https:\/\/italwaxfrance.fr\/particulier\/#\/schema\/logo\/image\/"},"sameAs":["https:\/\/www.instagram.com\/italwaxfrance\/","https:\/\/www.youtube.com\/@ItalwaxMedia"]}]}},"_links":{"self":[{"href":"https:\/\/italwaxfrance.fr\/particulier\/wp-json\/wp\/v2\/product\/80","targetHints":{"allow":["GET"]}}],"collection":[{"href":"https:\/\/italwaxfrance.fr\/particulier\/wp-json\/wp\/v2\/product"}],"about":[{"href":"https:\/\/italwaxfrance.fr\/particulier\/wp-json\/wp\/v2\/types\/product"}],"replies":[{"embeddable":true,"href":"https:\/\/italwaxfrance.fr\/particulier\/wp-json\/wp\/v2\/comments?post=80"}],"wp:featuredmedia":[{"embeddable":true,"href":"https:\/\/italwaxfrance.fr\/particulier\/wp-json\/wp\/v2\/media\/756"}],"wp:attachment":[{"href":"https:\/\/italwaxfrance.fr\/particulier\/wp-json\/wp\/v2\/media?parent=80"}],"wp:term":[{"taxonomy":"product_brand","embeddable":true,"href":"https:\/\/italwaxfrance.fr\/particulier\/wp-json\/wp\/v2\/product_brand?post=80"},{"taxonomy":"product_cat","embeddable":true,"href":"https:\/\/italwaxfrance.fr\/particulier\/wp-json\/wp\/v2\/product_cat?post=80"},{"taxonomy":"product_tag","embeddable":true,"href":"https:\/\/italwaxfrance.fr\/particulier\/wp-json\/wp\/v2\/product_tag?post=80"}],"curies":[{"name":"wp","href":"https:\/\/api.w.org\/{rel}","templated":true}]}}