{"id":78,"date":"2022-03-29T17:21:28","date_gmt":"2022-03-29T14:21:28","guid":{"rendered":"https:\/\/www.italwaxfrance.fr\/particulier\/?post_type=product&#038;p=78"},"modified":"2025-07-18T12:59:23","modified_gmt":"2025-07-18T09:59:23","slug":"bandes-depilation-non-tissees","status":"publish","type":"product","link":"https:\/\/italwaxfrance.fr\/particulier\/product\/bandes-depilation-non-tissees\/","title":{"rendered":"Bandes d&rsquo;Epilation non Tiss\u00e9es"},"content":{"rendered":"<h2 data-start=\"272\" data-end=\"355\"><strong data-start=\"276\" data-end=\"355\">Bandes d\u2019\u00e9pilation non tiss\u00e9es \u2013 R\u00e9sistantes, pr\u00e9cises et pr\u00eates \u00e0 l\u2019emploi<\/strong><\/h2>\n<p data-start=\"357\" data-end=\"745\">Optez pour des r\u00e9sultats professionnels \u00e0 la maison avec nos bandes d\u2019\u00e9pilation non tiss\u00e9es, con\u00e7ues pour une \u00e9pilation efficace et sans effort.<br data-start=\"505\" data-end=\"508\" \/>Gr\u00e2ce \u00e0 leur texture r\u00e9sistante et douce, elles ne se d\u00e9chirent pas, m\u00eame lors de gestes rapides ou fermes.<br data-start=\"619\" data-end=\"622\" \/>Id\u00e9ales pour \u00e9piler les jambes, les bras, le dos ou toute autre grande zone, elles garantissent un arrachage net et pr\u00e9cis.<\/p>\n<p data-start=\"747\" data-end=\"999\">La pr\u00e9-d\u00e9coupe pratique \u00e9vite les d\u00e9chirures inutiles et vous fait gagner du temps \u00e0 chaque utilisation.<br data-start=\"855\" data-end=\"858\" \/>Ces bandes sont compatibles avec toutes les cires \u00e0 \u00e9piler traditionnelles (<a href=\"https:\/\/italwaxfrance.fr\/particulier\/product-category\/italwax-cire-liposoluble-cartouches-et-pots-roll-on\/\"><em><strong>ti\u00e8des<\/strong> <\/em><\/a>ou <a href=\"https:\/\/italwaxfrance.fr\/particulier\/product-category\/cire-film-cires-pelables\/\"><em><strong>chaudes<\/strong><\/em><\/a>), pour une exp\u00e9rience confortable et ma\u00eetris\u00e9e.<\/p>\n<p data-start=\"1001\" data-end=\"1064\">Disponibles en plusieurs formats pour s\u2019adapter \u00e0 vos besoins :<\/p>\n<ul data-start=\"1065\" data-end=\"1497\">\n<li data-start=\"1065\" data-end=\"1183\">\n<p data-start=\"1067\" data-end=\"1183\"><strong data-start=\"1067\" data-end=\"1093\">Bandes d&rsquo;\u00e9pilation non tiss\u00e9es, simples 7\u00d720 cm<\/strong>, en paquets de 20 ou 100 pi\u00e8ces : pr\u00eates \u00e0 l\u2019emploi, parfaites pour une \u00e9pilation rapide.<\/p>\n<\/li>\n<li data-start=\"1184\" data-end=\"1283\">\n<p data-start=\"1186\" data-end=\"1283\"><strong data-start=\"1186\" data-end=\"1218\">Rouleaux de 50 ou 100 m\u00e8tres<\/strong> : id\u00e9aux pour une d\u00e9coupe sur mesure, selon les zones \u00e0 traiter.<\/p>\n<\/li>\n<li data-start=\"1284\" data-end=\"1370\">\n<p data-start=\"1286\" data-end=\"1370\"><strong data-start=\"1286\" data-end=\"1311\">Rouleaux pr\u00e9-perfor\u00e9s<\/strong> : l&rsquo;\u00e9quilibre parfait entre personnalisation et praticit\u00e9.<\/p>\n<\/li>\n<li data-start=\"1371\" data-end=\"1497\">\n<p data-start=\"1373\" data-end=\"1497\"><strong data-start=\"1373\" data-end=\"1429\">Bandes d\u2019\u00e9pilation\u00a0 de luxe extra-fortes (100 pi\u00e8ces)<\/strong> : con\u00e7ues pour les professionnels ou les zones les plus exigeantes.<\/p>\n<\/li>\n<\/ul>\n<p data-start=\"1499\" data-end=\"1730\">Faciles \u00e0 utiliser, \u00e9conomiques et ultra efficaces, nos bandes non tiss\u00e9es transforment chaque \u00e9pilation en moment simple et pr\u00e9cis.<br data-start=\"1631\" data-end=\"1634\" \/>Elles conviennent aussi bien aux d\u00e9butants qu\u2019aux experts, pour un r\u00e9sultat toujours impeccable.<\/p>\n<p data-start=\"1732\" data-end=\"1872\">Faites le choix d\u2019un produit fiable, durable et confortable. Avec ces bandes, \u00e9pilez-vous en toute confiance, sans compromis sur la qualit\u00e9.<\/p>\n","protected":false},"excerpt":{"rendered":"<p>Bandes d\u2019\u00e9pilation non tiss\u00e9es \u2013 R\u00e9sistantes, pr\u00e9cises et pr\u00eates \u00e0 l\u2019emploi Optez pour des r\u00e9sultats professionnels \u00e0 la maison avec nos bandes d\u2019\u00e9pilation non tiss\u00e9es, con\u00e7ues pour une \u00e9pilation efficace et sans effort.Gr\u00e2ce \u00e0 leur texture r\u00e9sistante et douce, elles ne se d\u00e9chirent pas, m\u00eame lors de gestes rapides ou fermes.Id\u00e9ales pour \u00e9piler les jambes,&#8230; <a href=\"https:\/\/italwaxfrance.fr\/particulier\/product\/bandes-depilation-non-tissees\/\">Read More<\/a><\/p>\n","protected":false},"featured_media":1084,"comment_status":"closed","ping_status":"closed","template":"","meta":[],"product_brand":[],"product_cat":[21],"product_tag":[],"class_list":{"0":"post-78","1":"product","2":"type-product","3":"status-publish","4":"has-post-thumbnail","6":"product_cat-accessoires-epilation-jetables","8":"first","9":"instock","10":"taxable","11":"shipping-taxable","12":"purchasable","13":"product-type-variable"},"yoast_head":"<!-- This site is optimized with the Yoast SEO Premium plugin v27.2 (Yoast SEO v27.4) - https:\/\/yoast.com\/product\/yoast-seo-premium-wordpress\/ -->\n<title>Bandes d&#039;Epilation non Tiss\u00e9es - Italwax France Particulier<\/title>\n<meta name=\"description\" content=\"Bandes d\u2019\u00e9pilation non tiss\u00e9es r\u00e9sistantes \u2013 Formats vari\u00e9s, parfaites pour jambes, bras, dos. Pr\u00e9cision, propret\u00e9 et confort \u00e0 chaque utilisation.\" \/>\n<meta name=\"robots\" content=\"index, follow, max-snippet:-1, max-image-preview:large, max-video-preview:-1\" \/>\n<link rel=\"canonical\" href=\"https:\/\/italwaxfrance.fr\/particulier\/product\/bandes-depilation-non-tissees\/\" \/>\n<meta property=\"og:locale\" content=\"fr_FR\" \/>\n<meta property=\"og:type\" content=\"article\" \/>\n<meta property=\"og:title\" content=\"Bandes d&#039;Epilation non Tiss\u00e9es\" \/>\n<meta property=\"og:description\" content=\"Bandes d\u2019\u00e9pilation non tiss\u00e9es r\u00e9sistantes \u2013 Formats vari\u00e9s, parfaites pour jambes, bras, dos. Pr\u00e9cision, propret\u00e9 et confort \u00e0 chaque utilisation.\" \/>\n<meta property=\"og:url\" content=\"https:\/\/italwaxfrance.fr\/particulier\/product\/bandes-depilation-non-tissees\/\" \/>\n<meta property=\"og:site_name\" content=\"Italwax France Particulier\" \/>\n<meta property=\"article:modified_time\" content=\"2025-07-18T09:59:23+00:00\" \/>\n<meta property=\"og:image\" content=\"http:\/\/italwaxfrance.fr\/particulier\/wp-content\/uploads\/sites\/12\/2022\/03\/italwax-shop-monouso-rolls-strips.jpg\" \/>\n\t<meta property=\"og:image:width\" content=\"1000\" \/>\n\t<meta property=\"og:image:height\" content=\"1000\" \/>\n\t<meta property=\"og:image:type\" content=\"image\/jpeg\" \/>\n<meta name=\"twitter:card\" content=\"summary_large_image\" \/>\n<meta name=\"twitter:label1\" content=\"Dur\u00e9e de lecture estim\u00e9e\" \/>\n\t<meta name=\"twitter:data1\" content=\"2 minutes\" \/>\n<script type=\"application\/ld+json\" class=\"yoast-schema-graph\">{\"@context\":\"https:\\\/\\\/schema.org\",\"@graph\":[{\"@type\":\"WebPage\",\"@id\":\"https:\\\/\\\/italwaxfrance.fr\\\/particulier\\\/product\\\/bandes-depilation-non-tissees\\\/\",\"url\":\"https:\\\/\\\/italwaxfrance.fr\\\/particulier\\\/product\\\/bandes-depilation-non-tissees\\\/\",\"name\":\"Bandes d'Epilation non Tiss\u00e9es - Italwax France Particulier\",\"isPartOf\":{\"@id\":\"https:\\\/\\\/italwaxfrance.fr\\\/particulier\\\/#website\"},\"primaryImageOfPage\":{\"@id\":\"https:\\\/\\\/italwaxfrance.fr\\\/particulier\\\/product\\\/bandes-depilation-non-tissees\\\/#primaryimage\"},\"image\":{\"@id\":\"https:\\\/\\\/italwaxfrance.fr\\\/particulier\\\/product\\\/bandes-depilation-non-tissees\\\/#primaryimage\"},\"thumbnailUrl\":\"https:\\\/\\\/italwaxfrance.fr\\\/particulier\\\/wp-content\\\/uploads\\\/sites\\\/12\\\/2022\\\/03\\\/italwax-shop-monouso-rolls-strips.jpg\",\"datePublished\":\"2022-03-29T14:21:28+00:00\",\"dateModified\":\"2025-07-18T09:59:23+00:00\",\"description\":\"Bandes d\u2019\u00e9pilation non tiss\u00e9es r\u00e9sistantes \u2013 Formats vari\u00e9s, parfaites pour jambes, bras, dos. Pr\u00e9cision, propret\u00e9 et confort \u00e0 chaque utilisation.\",\"breadcrumb\":{\"@id\":\"https:\\\/\\\/italwaxfrance.fr\\\/particulier\\\/product\\\/bandes-depilation-non-tissees\\\/#breadcrumb\"},\"inLanguage\":\"fr-FR\",\"potentialAction\":[{\"@type\":\"ReadAction\",\"target\":[\"https:\\\/\\\/italwaxfrance.fr\\\/particulier\\\/product\\\/bandes-depilation-non-tissees\\\/\"]}]},{\"@type\":\"ImageObject\",\"inLanguage\":\"fr-FR\",\"@id\":\"https:\\\/\\\/italwaxfrance.fr\\\/particulier\\\/product\\\/bandes-depilation-non-tissees\\\/#primaryimage\",\"url\":\"https:\\\/\\\/italwaxfrance.fr\\\/particulier\\\/wp-content\\\/uploads\\\/sites\\\/12\\\/2022\\\/03\\\/italwax-shop-monouso-rolls-strips.jpg\",\"contentUrl\":\"https:\\\/\\\/italwaxfrance.fr\\\/particulier\\\/wp-content\\\/uploads\\\/sites\\\/12\\\/2022\\\/03\\\/italwax-shop-monouso-rolls-strips.jpg\",\"width\":1000,\"height\":1000,\"caption\":\"Bandes d\u2019\u00e9pilation non tiss\u00e9es\"},{\"@type\":\"BreadcrumbList\",\"@id\":\"https:\\\/\\\/italwaxfrance.fr\\\/particulier\\\/product\\\/bandes-depilation-non-tissees\\\/#breadcrumb\",\"itemListElement\":[{\"@type\":\"ListItem\",\"position\":1,\"name\":\"Accueil\",\"item\":\"https:\\\/\\\/italwaxfrance.fr\\\/particulier\\\/\"},{\"@type\":\"ListItem\",\"position\":2,\"name\":\"Score\",\"item\":\"https:\\\/\\\/italwaxfrance.fr\\\/particulier\\\/shop\\\/\"},{\"@type\":\"ListItem\",\"position\":3,\"name\":\"Bandes d&rsquo;Epilation non Tiss\u00e9es\"}]},{\"@type\":\"WebSite\",\"@id\":\"https:\\\/\\\/italwaxfrance.fr\\\/particulier\\\/#website\",\"url\":\"https:\\\/\\\/italwaxfrance.fr\\\/particulier\\\/\",\"name\":\"Italwax France Particulier\",\"description\":\"Cosm\u00e9tiques professionnels\",\"publisher\":{\"@id\":\"https:\\\/\\\/italwaxfrance.fr\\\/particulier\\\/#organization\"},\"potentialAction\":[{\"@type\":\"SearchAction\",\"target\":{\"@type\":\"EntryPoint\",\"urlTemplate\":\"https:\\\/\\\/italwaxfrance.fr\\\/particulier\\\/?s={search_term_string}\"},\"query-input\":{\"@type\":\"PropertyValueSpecification\",\"valueRequired\":true,\"valueName\":\"search_term_string\"}}],\"inLanguage\":\"fr-FR\"},{\"@type\":\"Organization\",\"@id\":\"https:\\\/\\\/italwaxfrance.fr\\\/particulier\\\/#organization\",\"name\":\"Italwax France\",\"url\":\"https:\\\/\\\/italwaxfrance.fr\\\/particulier\\\/\",\"logo\":{\"@type\":\"ImageObject\",\"inLanguage\":\"fr-FR\",\"@id\":\"https:\\\/\\\/italwaxfrance.fr\\\/particulier\\\/#\\\/schema\\\/logo\\\/image\\\/\",\"url\":\"https:\\\/\\\/italwaxfrance.fr\\\/particulier\\\/wp-content\\\/uploads\\\/sites\\\/12\\\/2022\\\/04\\\/logo.png\",\"contentUrl\":\"https:\\\/\\\/italwaxfrance.fr\\\/particulier\\\/wp-content\\\/uploads\\\/sites\\\/12\\\/2022\\\/04\\\/logo.png\",\"width\":334,\"height\":158,\"caption\":\"Italwax France\"},\"image\":{\"@id\":\"https:\\\/\\\/italwaxfrance.fr\\\/particulier\\\/#\\\/schema\\\/logo\\\/image\\\/\"},\"sameAs\":[\"https:\\\/\\\/www.instagram.com\\\/italwaxfrance\\\/\",\"https:\\\/\\\/www.youtube.com\\\/@ItalwaxMedia\"]}]}<\/script>\n<!-- \/ Yoast SEO Premium plugin. -->","yoast_head_json":{"title":"Bandes d'Epilation non Tiss\u00e9es - Italwax France Particulier","description":"Bandes d\u2019\u00e9pilation non tiss\u00e9es r\u00e9sistantes \u2013 Formats vari\u00e9s, parfaites pour jambes, bras, dos. Pr\u00e9cision, propret\u00e9 et confort \u00e0 chaque utilisation.","robots":{"index":"index","follow":"follow","max-snippet":"max-snippet:-1","max-image-preview":"max-image-preview:large","max-video-preview":"max-video-preview:-1"},"canonical":"https:\/\/italwaxfrance.fr\/particulier\/product\/bandes-depilation-non-tissees\/","og_locale":"fr_FR","og_type":"article","og_title":"Bandes d'Epilation non Tiss\u00e9es","og_description":"Bandes d\u2019\u00e9pilation non tiss\u00e9es r\u00e9sistantes \u2013 Formats vari\u00e9s, parfaites pour jambes, bras, dos. Pr\u00e9cision, propret\u00e9 et confort \u00e0 chaque utilisation.","og_url":"https:\/\/italwaxfrance.fr\/particulier\/product\/bandes-depilation-non-tissees\/","og_site_name":"Italwax France Particulier","article_modified_time":"2025-07-18T09:59:23+00:00","og_image":[{"width":1000,"height":1000,"url":"http:\/\/italwaxfrance.fr\/particulier\/wp-content\/uploads\/sites\/12\/2022\/03\/italwax-shop-monouso-rolls-strips.jpg","type":"image\/jpeg"}],"twitter_card":"summary_large_image","twitter_misc":{"Dur\u00e9e de lecture estim\u00e9e":"2 minutes"},"schema":{"@context":"https:\/\/schema.org","@graph":[{"@type":"WebPage","@id":"https:\/\/italwaxfrance.fr\/particulier\/product\/bandes-depilation-non-tissees\/","url":"https:\/\/italwaxfrance.fr\/particulier\/product\/bandes-depilation-non-tissees\/","name":"Bandes d'Epilation non Tiss\u00e9es - Italwax France Particulier","isPartOf":{"@id":"https:\/\/italwaxfrance.fr\/particulier\/#website"},"primaryImageOfPage":{"@id":"https:\/\/italwaxfrance.fr\/particulier\/product\/bandes-depilation-non-tissees\/#primaryimage"},"image":{"@id":"https:\/\/italwaxfrance.fr\/particulier\/product\/bandes-depilation-non-tissees\/#primaryimage"},"thumbnailUrl":"https:\/\/italwaxfrance.fr\/particulier\/wp-content\/uploads\/sites\/12\/2022\/03\/italwax-shop-monouso-rolls-strips.jpg","datePublished":"2022-03-29T14:21:28+00:00","dateModified":"2025-07-18T09:59:23+00:00","description":"Bandes d\u2019\u00e9pilation non tiss\u00e9es r\u00e9sistantes \u2013 Formats vari\u00e9s, parfaites pour jambes, bras, dos. Pr\u00e9cision, propret\u00e9 et confort \u00e0 chaque utilisation.","breadcrumb":{"@id":"https:\/\/italwaxfrance.fr\/particulier\/product\/bandes-depilation-non-tissees\/#breadcrumb"},"inLanguage":"fr-FR","potentialAction":[{"@type":"ReadAction","target":["https:\/\/italwaxfrance.fr\/particulier\/product\/bandes-depilation-non-tissees\/"]}]},{"@type":"ImageObject","inLanguage":"fr-FR","@id":"https:\/\/italwaxfrance.fr\/particulier\/product\/bandes-depilation-non-tissees\/#primaryimage","url":"https:\/\/italwaxfrance.fr\/particulier\/wp-content\/uploads\/sites\/12\/2022\/03\/italwax-shop-monouso-rolls-strips.jpg","contentUrl":"https:\/\/italwaxfrance.fr\/particulier\/wp-content\/uploads\/sites\/12\/2022\/03\/italwax-shop-monouso-rolls-strips.jpg","width":1000,"height":1000,"caption":"Bandes d\u2019\u00e9pilation non tiss\u00e9es"},{"@type":"BreadcrumbList","@id":"https:\/\/italwaxfrance.fr\/particulier\/product\/bandes-depilation-non-tissees\/#breadcrumb","itemListElement":[{"@type":"ListItem","position":1,"name":"Accueil","item":"https:\/\/italwaxfrance.fr\/particulier\/"},{"@type":"ListItem","position":2,"name":"Score","item":"https:\/\/italwaxfrance.fr\/particulier\/shop\/"},{"@type":"ListItem","position":3,"name":"Bandes d&rsquo;Epilation non Tiss\u00e9es"}]},{"@type":"WebSite","@id":"https:\/\/italwaxfrance.fr\/particulier\/#website","url":"https:\/\/italwaxfrance.fr\/particulier\/","name":"Italwax France Particulier","description":"Cosm\u00e9tiques professionnels","publisher":{"@id":"https:\/\/italwaxfrance.fr\/particulier\/#organization"},"potentialAction":[{"@type":"SearchAction","target":{"@type":"EntryPoint","urlTemplate":"https:\/\/italwaxfrance.fr\/particulier\/?s={search_term_string}"},"query-input":{"@type":"PropertyValueSpecification","valueRequired":true,"valueName":"search_term_string"}}],"inLanguage":"fr-FR"},{"@type":"Organization","@id":"https:\/\/italwaxfrance.fr\/particulier\/#organization","name":"Italwax France","url":"https:\/\/italwaxfrance.fr\/particulier\/","logo":{"@type":"ImageObject","inLanguage":"fr-FR","@id":"https:\/\/italwaxfrance.fr\/particulier\/#\/schema\/logo\/image\/","url":"https:\/\/italwaxfrance.fr\/particulier\/wp-content\/uploads\/sites\/12\/2022\/04\/logo.png","contentUrl":"https:\/\/italwaxfrance.fr\/particulier\/wp-content\/uploads\/sites\/12\/2022\/04\/logo.png","width":334,"height":158,"caption":"Italwax France"},"image":{"@id":"https:\/\/italwaxfrance.fr\/particulier\/#\/schema\/logo\/image\/"},"sameAs":["https:\/\/www.instagram.com\/italwaxfrance\/","https:\/\/www.youtube.com\/@ItalwaxMedia"]}]}},"_links":{"self":[{"href":"https:\/\/italwaxfrance.fr\/particulier\/wp-json\/wp\/v2\/product\/78","targetHints":{"allow":["GET"]}}],"collection":[{"href":"https:\/\/italwaxfrance.fr\/particulier\/wp-json\/wp\/v2\/product"}],"about":[{"href":"https:\/\/italwaxfrance.fr\/particulier\/wp-json\/wp\/v2\/types\/product"}],"replies":[{"embeddable":true,"href":"https:\/\/italwaxfrance.fr\/particulier\/wp-json\/wp\/v2\/comments?post=78"}],"wp:featuredmedia":[{"embeddable":true,"href":"https:\/\/italwaxfrance.fr\/particulier\/wp-json\/wp\/v2\/media\/1084"}],"wp:attachment":[{"href":"https:\/\/italwaxfrance.fr\/particulier\/wp-json\/wp\/v2\/media?parent=78"}],"wp:term":[{"taxonomy":"product_brand","embeddable":true,"href":"https:\/\/italwaxfrance.fr\/particulier\/wp-json\/wp\/v2\/product_brand?post=78"},{"taxonomy":"product_cat","embeddable":true,"href":"https:\/\/italwaxfrance.fr\/particulier\/wp-json\/wp\/v2\/product_cat?post=78"},{"taxonomy":"product_tag","embeddable":true,"href":"https:\/\/italwaxfrance.fr\/particulier\/wp-json\/wp\/v2\/product_tag?post=78"}],"curies":[{"name":"wp","href":"https:\/\/api.w.org\/{rel}","templated":true}]}}