{"id":745,"date":"2022-05-08T19:39:43","date_gmt":"2022-05-08T16:39:43","guid":{"rendered":"http:\/\/www.italwaxfrance.fr\/particulier\/?post_type=product&#038;p=745"},"modified":"2026-01-28T12:25:22","modified_gmt":"2026-01-28T09:25:22","slug":"cire-epilation-homme","status":"publish","type":"product","link":"https:\/\/italwaxfrance.fr\/particulier\/product\/cire-epilation-homme\/","title":{"rendered":"Italwax Pour Homme Barber Edition &#8211; Cire Hypoallerg\u00e9nique"},"content":{"rendered":"<h2><strong>Cire \u00e9pilation Pour Homme \u00c9dition Barber \u2013 Hypoallerg\u00e9nique et Sans Colophane<\/strong><\/h2>\n<p>Cette cire pelable bleu sarcelle m\u00e9tallique de densit\u00e9 moyenne est sp\u00e9cialement con\u00e7ue pour l&rsquo;\u00e9pilation compl\u00e8te du visage et du corps. Formul\u00e9e sans colophane et hypoallerg\u00e9nique, elle convient particuli\u00e8rement aux peaux sensibles et permet de r\u00e9aliser une \u00e9pilation pr\u00e9cise et confortable. M\u00eame sur les zones les plus d\u00e9licates, elle reste tr\u00e8s efficace.<\/p>\n<p>\ud83d\udca1 Pour optimiser les r\u00e9sultats et prot\u00e9ger la peau, utilisez une <strong><em><a href=\"https:\/\/italwaxfrance.fr\/particulier\/product\/lotion-pre-cire-pour-homme\/\">lotion pr\u00e9-\u00e9pilation Pour Homme<\/a><\/em><\/strong> avant l\u2019application de la cire. Cette \u00e9tape pr\u00e9pare la peau en \u00e9liminant les impuret\u00e9s et le s\u00e9bum, tout en favorisant une meilleure adh\u00e9rence de la cire.<\/p>\n<p>Id\u00e9ale pour le coiffage de la barbe, l&rsquo;\u00e9pilation des sourcils et des favoris, ainsi que pour une \u00e9pilation compl\u00e8te du corps, cette cire \u00e9limine efficacement les poils forts et \u00e9pais sans causer d&rsquo;irritations. Sa texture film pelable assure une adh\u00e9sion optimale et un retrait facile, pour une exp\u00e9rience presque indolore.<\/p>\n<p>\ud83d\udc49 Apr\u00e8s l\u2019\u00e9pilation, pensez \u00e0 appliquer notre <em><strong><a href=\"https:\/\/italwaxfrance.fr\/particulier\/product\/baume-post-epilation-pour-homme\/\">baume post-\u00e9pilation Pour Homme<\/a><\/strong><\/em> pour apaiser et hydrater la peau.<\/p>\n<p>Le temps de s\u00e9chage rapide (6-10 secondes) permet une application rapide et efficace, que ce soit pour une utilisation professionnelle ou \u00e0 domicile. Disponible en formats de 100 g et 500 g, cette cire est l\u2019alli\u00e9e id\u00e9ale pour des r\u00e9sultats nets et durables.<\/p>\n<h3><strong>Caract\u00e9ristiques principales de la cire d&rsquo;\u00e9pilation Pour Homme:<\/strong><\/h3>\n<ul>\n<li>Cire film pelable sans colophane et hypoallerg\u00e9nique.<\/li>\n<li>Densit\u00e9 moyenne, id\u00e9ale pour l\u2019\u00e9pilation du visage et du corps.<\/li>\n<li>Enl\u00e8ve les poils forts et \u00e9pais, tout en respectant la peau.<\/li>\n<li>Temps de s\u00e9chage rapide de 6-10 secondes.<\/li>\n<li>Parfaite pour le coiffage de la barbe, les sourcils, les favoris, et l&rsquo;\u00e9pilation du corps.<\/li>\n<li>Formats disponibles : 100 g et 500 g.<\/li>\n<\/ul>\n<p>Offrez-vous une \u00e9pilation professionnelle et confortable avec cette cire Pour Homme sp\u00e9cialement formul\u00e9e pour les hommes, tout en garantissant une peau douce et sans irritation.<\/p>\n","protected":false},"excerpt":{"rendered":"<p>Cire \u00e9pilation Pour Homme \u00c9dition Barber \u2013 Hypoallerg\u00e9nique et Sans Colophane Cette cire pelable bleu sarcelle m\u00e9tallique de densit\u00e9 moyenne est sp\u00e9cialement con\u00e7ue pour l&rsquo;\u00e9pilation compl\u00e8te du visage et du corps. Formul\u00e9e sans colophane et hypoallerg\u00e9nique, elle convient particuli\u00e8rement aux peaux sensibles et permet de r\u00e9aliser une \u00e9pilation pr\u00e9cise et confortable. M\u00eame sur les zones&#8230; <a href=\"https:\/\/italwaxfrance.fr\/particulier\/product\/cire-epilation-homme\/\">Read More<\/a><\/p>\n","protected":false},"featured_media":750,"comment_status":"open","ping_status":"closed","template":"","meta":[],"product_brand":[],"product_cat":[16,20,38],"product_tag":[],"class_list":{"0":"post-745","1":"product","2":"type-product","3":"status-publish","4":"has-post-thumbnail","6":"product_cat-cire-film-cires-pelables","7":"product_cat-cires-hypoallergeniques-pelables-sans-colophane","8":"product_cat-italwax-pour-homme-waxing","10":"first","11":"instock","12":"taxable","13":"shipping-taxable","14":"purchasable","15":"product-type-variable"},"yoast_head":"<!-- This site is optimized with the Yoast SEO Premium plugin v27.2 (Yoast SEO v27.5) - https:\/\/yoast.com\/product\/yoast-seo-premium-wordpress\/ -->\n<title>Italwax Pour Homme Barber Edition - Cire Hypoallerg\u00e9nique<\/title>\n<meta name=\"description\" content=\"Cire pelable pour \u00e9pilation homme, sans colophane et hypoallerg\u00e9nique. Id\u00e9ale pour le visage et le corps, \u00e9limine les poils forts avec pr\u00e9cision et confort.\" \/>\n<meta name=\"robots\" content=\"index, follow, max-snippet:-1, max-image-preview:large, max-video-preview:-1\" \/>\n<link rel=\"canonical\" href=\"https:\/\/italwaxfrance.fr\/particulier\/product\/cire-epilation-homme\/\" \/>\n<meta property=\"og:locale\" content=\"fr_FR\" \/>\n<meta property=\"og:type\" content=\"article\" \/>\n<meta property=\"og:title\" content=\"Italwax Pour Homme Barber Edition - Cire Hypoallerg\u00e9nique\" \/>\n<meta property=\"og:description\" content=\"Cire pelable pour \u00e9pilation homme, sans colophane et hypoallerg\u00e9nique. Id\u00e9ale pour le visage et le corps, \u00e9limine les poils forts avec pr\u00e9cision et confort.\" \/>\n<meta property=\"og:url\" content=\"https:\/\/italwaxfrance.fr\/particulier\/product\/cire-epilation-homme\/\" \/>\n<meta property=\"og:site_name\" content=\"Italwax France Particulier\" \/>\n<meta property=\"article:modified_time\" content=\"2026-01-28T09:25:22+00:00\" \/>\n<meta property=\"og:image\" content=\"http:\/\/italwaxfrance.fr\/particulier\/wp-content\/uploads\/sites\/12\/2022\/05\/italwax-shop-filmwax-pour-homme-barber-1.jpg\" \/>\n\t<meta property=\"og:image:width\" content=\"1000\" \/>\n\t<meta property=\"og:image:height\" content=\"1000\" \/>\n\t<meta property=\"og:image:type\" content=\"image\/jpeg\" \/>\n<meta name=\"twitter:card\" content=\"summary_large_image\" \/>\n<meta name=\"twitter:label1\" content=\"Dur\u00e9e de lecture estim\u00e9e\" \/>\n\t<meta name=\"twitter:data1\" content=\"2 minutes\" \/>\n<script type=\"application\/ld+json\" class=\"yoast-schema-graph\">{\"@context\":\"https:\\\/\\\/schema.org\",\"@graph\":[{\"@type\":\"WebPage\",\"@id\":\"https:\\\/\\\/italwaxfrance.fr\\\/particulier\\\/product\\\/cire-epilation-homme\\\/\",\"url\":\"https:\\\/\\\/italwaxfrance.fr\\\/particulier\\\/product\\\/cire-epilation-homme\\\/\",\"name\":\"Italwax Pour Homme Barber Edition - Cire Hypoallerg\u00e9nique\",\"isPartOf\":{\"@id\":\"https:\\\/\\\/italwaxfrance.fr\\\/particulier\\\/#website\"},\"primaryImageOfPage\":{\"@id\":\"https:\\\/\\\/italwaxfrance.fr\\\/particulier\\\/product\\\/cire-epilation-homme\\\/#primaryimage\"},\"image\":{\"@id\":\"https:\\\/\\\/italwaxfrance.fr\\\/particulier\\\/product\\\/cire-epilation-homme\\\/#primaryimage\"},\"thumbnailUrl\":\"https:\\\/\\\/italwaxfrance.fr\\\/particulier\\\/wp-content\\\/uploads\\\/sites\\\/12\\\/2022\\\/05\\\/italwax-shop-filmwax-pour-homme-barber-1.jpg\",\"datePublished\":\"2022-05-08T16:39:43+00:00\",\"dateModified\":\"2026-01-28T09:25:22+00:00\",\"description\":\"Cire pelable pour \u00e9pilation homme, sans colophane et hypoallerg\u00e9nique. Id\u00e9ale pour le visage et le corps, \u00e9limine les poils forts avec pr\u00e9cision et confort.\",\"breadcrumb\":{\"@id\":\"https:\\\/\\\/italwaxfrance.fr\\\/particulier\\\/product\\\/cire-epilation-homme\\\/#breadcrumb\"},\"inLanguage\":\"fr-FR\",\"potentialAction\":[{\"@type\":\"ReadAction\",\"target\":[\"https:\\\/\\\/italwaxfrance.fr\\\/particulier\\\/product\\\/cire-epilation-homme\\\/\"]}]},{\"@type\":\"ImageObject\",\"inLanguage\":\"fr-FR\",\"@id\":\"https:\\\/\\\/italwaxfrance.fr\\\/particulier\\\/product\\\/cire-epilation-homme\\\/#primaryimage\",\"url\":\"https:\\\/\\\/italwaxfrance.fr\\\/particulier\\\/wp-content\\\/uploads\\\/sites\\\/12\\\/2022\\\/05\\\/italwax-shop-filmwax-pour-homme-barber-1.jpg\",\"contentUrl\":\"https:\\\/\\\/italwaxfrance.fr\\\/particulier\\\/wp-content\\\/uploads\\\/sites\\\/12\\\/2022\\\/05\\\/italwax-shop-filmwax-pour-homme-barber-1.jpg\",\"width\":1000,\"height\":1000,\"caption\":\"cire d'\u00e9pilation Pour Homme Barber Edition\"},{\"@type\":\"BreadcrumbList\",\"@id\":\"https:\\\/\\\/italwaxfrance.fr\\\/particulier\\\/product\\\/cire-epilation-homme\\\/#breadcrumb\",\"itemListElement\":[{\"@type\":\"ListItem\",\"position\":1,\"name\":\"Accueil\",\"item\":\"https:\\\/\\\/italwaxfrance.fr\\\/particulier\\\/\"},{\"@type\":\"ListItem\",\"position\":2,\"name\":\"Score\",\"item\":\"https:\\\/\\\/italwaxfrance.fr\\\/particulier\\\/shop\\\/\"},{\"@type\":\"ListItem\",\"position\":3,\"name\":\"Italwax Pour Homme Barber Edition &#8211; Cire Hypoallerg\u00e9nique\"}]},{\"@type\":\"WebSite\",\"@id\":\"https:\\\/\\\/italwaxfrance.fr\\\/particulier\\\/#website\",\"url\":\"https:\\\/\\\/italwaxfrance.fr\\\/particulier\\\/\",\"name\":\"Italwax France Particulier\",\"description\":\"Cosm\u00e9tiques professionnels\",\"publisher\":{\"@id\":\"https:\\\/\\\/italwaxfrance.fr\\\/particulier\\\/#organization\"},\"potentialAction\":[{\"@type\":\"SearchAction\",\"target\":{\"@type\":\"EntryPoint\",\"urlTemplate\":\"https:\\\/\\\/italwaxfrance.fr\\\/particulier\\\/?s={search_term_string}\"},\"query-input\":{\"@type\":\"PropertyValueSpecification\",\"valueRequired\":true,\"valueName\":\"search_term_string\"}}],\"inLanguage\":\"fr-FR\"},{\"@type\":\"Organization\",\"@id\":\"https:\\\/\\\/italwaxfrance.fr\\\/particulier\\\/#organization\",\"name\":\"Italwax France\",\"url\":\"https:\\\/\\\/italwaxfrance.fr\\\/particulier\\\/\",\"logo\":{\"@type\":\"ImageObject\",\"inLanguage\":\"fr-FR\",\"@id\":\"https:\\\/\\\/italwaxfrance.fr\\\/particulier\\\/#\\\/schema\\\/logo\\\/image\\\/\",\"url\":\"https:\\\/\\\/italwaxfrance.fr\\\/particulier\\\/wp-content\\\/uploads\\\/sites\\\/12\\\/2022\\\/04\\\/logo.png\",\"contentUrl\":\"https:\\\/\\\/italwaxfrance.fr\\\/particulier\\\/wp-content\\\/uploads\\\/sites\\\/12\\\/2022\\\/04\\\/logo.png\",\"width\":334,\"height\":158,\"caption\":\"Italwax France\"},\"image\":{\"@id\":\"https:\\\/\\\/italwaxfrance.fr\\\/particulier\\\/#\\\/schema\\\/logo\\\/image\\\/\"},\"sameAs\":[\"https:\\\/\\\/www.instagram.com\\\/italwaxfrance\\\/\",\"https:\\\/\\\/www.youtube.com\\\/@ItalwaxMedia\"]}]}<\/script>\n<!-- \/ Yoast SEO Premium plugin. -->","yoast_head_json":{"title":"Italwax Pour Homme Barber Edition - Cire Hypoallerg\u00e9nique","description":"Cire pelable pour \u00e9pilation homme, sans colophane et hypoallerg\u00e9nique. Id\u00e9ale pour le visage et le corps, \u00e9limine les poils forts avec pr\u00e9cision et confort.","robots":{"index":"index","follow":"follow","max-snippet":"max-snippet:-1","max-image-preview":"max-image-preview:large","max-video-preview":"max-video-preview:-1"},"canonical":"https:\/\/italwaxfrance.fr\/particulier\/product\/cire-epilation-homme\/","og_locale":"fr_FR","og_type":"article","og_title":"Italwax Pour Homme Barber Edition - Cire Hypoallerg\u00e9nique","og_description":"Cire pelable pour \u00e9pilation homme, sans colophane et hypoallerg\u00e9nique. Id\u00e9ale pour le visage et le corps, \u00e9limine les poils forts avec pr\u00e9cision et confort.","og_url":"https:\/\/italwaxfrance.fr\/particulier\/product\/cire-epilation-homme\/","og_site_name":"Italwax France Particulier","article_modified_time":"2026-01-28T09:25:22+00:00","og_image":[{"width":1000,"height":1000,"url":"http:\/\/italwaxfrance.fr\/particulier\/wp-content\/uploads\/sites\/12\/2022\/05\/italwax-shop-filmwax-pour-homme-barber-1.jpg","type":"image\/jpeg"}],"twitter_card":"summary_large_image","twitter_misc":{"Dur\u00e9e de lecture estim\u00e9e":"2 minutes"},"schema":{"@context":"https:\/\/schema.org","@graph":[{"@type":"WebPage","@id":"https:\/\/italwaxfrance.fr\/particulier\/product\/cire-epilation-homme\/","url":"https:\/\/italwaxfrance.fr\/particulier\/product\/cire-epilation-homme\/","name":"Italwax Pour Homme Barber Edition - Cire Hypoallerg\u00e9nique","isPartOf":{"@id":"https:\/\/italwaxfrance.fr\/particulier\/#website"},"primaryImageOfPage":{"@id":"https:\/\/italwaxfrance.fr\/particulier\/product\/cire-epilation-homme\/#primaryimage"},"image":{"@id":"https:\/\/italwaxfrance.fr\/particulier\/product\/cire-epilation-homme\/#primaryimage"},"thumbnailUrl":"https:\/\/italwaxfrance.fr\/particulier\/wp-content\/uploads\/sites\/12\/2022\/05\/italwax-shop-filmwax-pour-homme-barber-1.jpg","datePublished":"2022-05-08T16:39:43+00:00","dateModified":"2026-01-28T09:25:22+00:00","description":"Cire pelable pour \u00e9pilation homme, sans colophane et hypoallerg\u00e9nique. Id\u00e9ale pour le visage et le corps, \u00e9limine les poils forts avec pr\u00e9cision et confort.","breadcrumb":{"@id":"https:\/\/italwaxfrance.fr\/particulier\/product\/cire-epilation-homme\/#breadcrumb"},"inLanguage":"fr-FR","potentialAction":[{"@type":"ReadAction","target":["https:\/\/italwaxfrance.fr\/particulier\/product\/cire-epilation-homme\/"]}]},{"@type":"ImageObject","inLanguage":"fr-FR","@id":"https:\/\/italwaxfrance.fr\/particulier\/product\/cire-epilation-homme\/#primaryimage","url":"https:\/\/italwaxfrance.fr\/particulier\/wp-content\/uploads\/sites\/12\/2022\/05\/italwax-shop-filmwax-pour-homme-barber-1.jpg","contentUrl":"https:\/\/italwaxfrance.fr\/particulier\/wp-content\/uploads\/sites\/12\/2022\/05\/italwax-shop-filmwax-pour-homme-barber-1.jpg","width":1000,"height":1000,"caption":"cire d'\u00e9pilation Pour Homme Barber Edition"},{"@type":"BreadcrumbList","@id":"https:\/\/italwaxfrance.fr\/particulier\/product\/cire-epilation-homme\/#breadcrumb","itemListElement":[{"@type":"ListItem","position":1,"name":"Accueil","item":"https:\/\/italwaxfrance.fr\/particulier\/"},{"@type":"ListItem","position":2,"name":"Score","item":"https:\/\/italwaxfrance.fr\/particulier\/shop\/"},{"@type":"ListItem","position":3,"name":"Italwax Pour Homme Barber Edition &#8211; Cire Hypoallerg\u00e9nique"}]},{"@type":"WebSite","@id":"https:\/\/italwaxfrance.fr\/particulier\/#website","url":"https:\/\/italwaxfrance.fr\/particulier\/","name":"Italwax France Particulier","description":"Cosm\u00e9tiques professionnels","publisher":{"@id":"https:\/\/italwaxfrance.fr\/particulier\/#organization"},"potentialAction":[{"@type":"SearchAction","target":{"@type":"EntryPoint","urlTemplate":"https:\/\/italwaxfrance.fr\/particulier\/?s={search_term_string}"},"query-input":{"@type":"PropertyValueSpecification","valueRequired":true,"valueName":"search_term_string"}}],"inLanguage":"fr-FR"},{"@type":"Organization","@id":"https:\/\/italwaxfrance.fr\/particulier\/#organization","name":"Italwax France","url":"https:\/\/italwaxfrance.fr\/particulier\/","logo":{"@type":"ImageObject","inLanguage":"fr-FR","@id":"https:\/\/italwaxfrance.fr\/particulier\/#\/schema\/logo\/image\/","url":"https:\/\/italwaxfrance.fr\/particulier\/wp-content\/uploads\/sites\/12\/2022\/04\/logo.png","contentUrl":"https:\/\/italwaxfrance.fr\/particulier\/wp-content\/uploads\/sites\/12\/2022\/04\/logo.png","width":334,"height":158,"caption":"Italwax France"},"image":{"@id":"https:\/\/italwaxfrance.fr\/particulier\/#\/schema\/logo\/image\/"},"sameAs":["https:\/\/www.instagram.com\/italwaxfrance\/","https:\/\/www.youtube.com\/@ItalwaxMedia"]}]}},"_links":{"self":[{"href":"https:\/\/italwaxfrance.fr\/particulier\/wp-json\/wp\/v2\/product\/745","targetHints":{"allow":["GET"]}}],"collection":[{"href":"https:\/\/italwaxfrance.fr\/particulier\/wp-json\/wp\/v2\/product"}],"about":[{"href":"https:\/\/italwaxfrance.fr\/particulier\/wp-json\/wp\/v2\/types\/product"}],"replies":[{"embeddable":true,"href":"https:\/\/italwaxfrance.fr\/particulier\/wp-json\/wp\/v2\/comments?post=745"}],"wp:featuredmedia":[{"embeddable":true,"href":"https:\/\/italwaxfrance.fr\/particulier\/wp-json\/wp\/v2\/media\/750"}],"wp:attachment":[{"href":"https:\/\/italwaxfrance.fr\/particulier\/wp-json\/wp\/v2\/media?parent=745"}],"wp:term":[{"taxonomy":"product_brand","embeddable":true,"href":"https:\/\/italwaxfrance.fr\/particulier\/wp-json\/wp\/v2\/product_brand?post=745"},{"taxonomy":"product_cat","embeddable":true,"href":"https:\/\/italwaxfrance.fr\/particulier\/wp-json\/wp\/v2\/product_cat?post=745"},{"taxonomy":"product_tag","embeddable":true,"href":"https:\/\/italwaxfrance.fr\/particulier\/wp-json\/wp\/v2\/product_tag?post=745"}],"curies":[{"name":"wp","href":"https:\/\/api.w.org\/{rel}","templated":true}]}}