{"id":53,"date":"2022-03-29T17:21:07","date_gmt":"2022-03-29T14:21:07","guid":{"rendered":"https:\/\/www.italwaxfrance.fr\/particulier\/?post_type=product&#038;p=53"},"modified":"2026-01-28T14:54:38","modified_gmt":"2026-01-28T11:54:38","slug":"cire-synthetique-orchidee","status":"publish","type":"product","link":"https:\/\/italwaxfrance.fr\/particulier\/product\/cire-synthetique-orchidee\/","title":{"rendered":"Italwax Top Line Orchid\u00e9e &#8211; cire film synth\u00e9tique"},"content":{"rendered":"<h2 data-start=\"188\" data-end=\"274\"><strong data-start=\"191\" data-end=\"272\">Cire Film<\/strong> Synth\u00e9tique<strong data-start=\"191\" data-end=\"272\"> Top Line Orchid\u00e9e \u2013 \u00c9pilation Douce et Hypoallerg\u00e9nique<\/strong><\/h2>\n<p data-start=\"276\" data-end=\"576\">La <strong data-start=\"279\" data-end=\"322\">cire film synth\u00e9tique Top Line Orchid\u00e9e<\/strong> est sp\u00e9cialement con\u00e7ue pour offrir une \u00e9pilation douce et confortable. Elle est efficace m\u00eame sur les peaux les plus sensibles. Sa formule innovante ne contient ni colophane, ni r\u00e9sine de pin naturelle, r\u00e9duisant ainsi les risques d\u2019allergies et d\u2019irritations.<\/p>\n<p data-start=\"578\" data-end=\"810\">Cette cire professionnelle fond \u00e0 <a href=\"https:\/\/italwaxfrance.fr\/particulier\/product\/chauffe-cire-liberty-pour-boites-800ml\/\"><em><strong data-start=\"612\" data-end=\"644\">basse temp\u00e9rature (38-40 \u00b0C)<\/strong><\/em><\/a>, offrant un confort optimal pendant l\u2019\u00e9pilation. Elle est id\u00e9ale pour les zones d\u00e9licates comme le maillot, les aisselles, le visage et m\u00eame l\u2019ensemble du corps.<\/p>\n<ul>\n<li data-start=\"812\" data-end=\"1083\">Sa texture gel ultra-souple s\u2019applique facilement avec<em><a href=\"https:\/\/italwaxfrance.fr\/particulier\/product\/spatules-en-bois-a-cire\/\"><strong> une spatule<\/strong><\/a>, <\/em>dans n\u2019importe quelle direction, sans se casser ni cr\u00e9er de fils. Elle est efficace sur tous types de poils, qu\u2019ils soient courts, longs, fins ou \u00e9pais. Elle marche\u00a0m\u00eame sur les poils les plus difficiles.<\/li>\n<\/ul>\n<p data-start=\"128\" data-end=\"426\">Lors de l\u2019application, la cire passe d\u2019un gel transparent \u00e0 une jolie teinte mauve, puis devient mate lorsqu\u2019elle est pr\u00eate \u00e0 \u00eatre retir\u00e9e. Gr\u00e2ce \u00e0 ce changement visuel, vous savez exactement quand enlever la cire, ce qui garantit un r\u00e9sultat parfait, pr\u00e9cis et sans erreur.<\/p>\n<p data-start=\"428\" data-end=\"652\">De plus, cette cire est sans bande, ce qui rend l\u2019\u00e9pilation encore plus simple, aussi bien \u00e0 la maison qu\u2019en institut. Son retrait est rapide, propre et sans r\u00e9sidus, pour une utilisation confortable et efficace.<\/p>\n<p data-start=\"654\" data-end=\"918\">Enfin, la Cire Top Line Orchid\u00e9e est propos\u00e9e en sachet ziplock de 100g ou 750g, un format \u00e0 la fois pratique et hygi\u00e9nique. Ce sachet refermable prot\u00e8ge la cire de la poussi\u00e8re, de l\u2019humidit\u00e9 et des salet\u00e9s, garantissant une conservation optimale.<\/p>\n<p data-start=\"1680\" data-end=\"1917\" data-is-last-node=\"\" data-is-only-node=\"\">Choisissez la cire Italwax Top Line Orchid\u00e9e pour une \u00e9pilation professionnelle, hypoallerg\u00e9nique et ultra douce, directement chez vous. Vous profitez d\u2019un r\u00e9sultat impeccable, m\u00eame si vous avez la peau sensible ou sujette aux allergies.<\/p>\n","protected":false},"excerpt":{"rendered":"<p>Cire Film Synth\u00e9tique Top Line Orchid\u00e9e \u2013 \u00c9pilation Douce et Hypoallerg\u00e9nique La cire film synth\u00e9tique Top Line Orchid\u00e9e est sp\u00e9cialement con\u00e7ue pour offrir une \u00e9pilation douce et confortable. Elle est efficace m\u00eame sur les peaux les plus sensibles. Sa formule innovante ne contient ni colophane, ni r\u00e9sine de pin naturelle, r\u00e9duisant ainsi les risques d\u2019allergies&#8230; <a href=\"https:\/\/italwaxfrance.fr\/particulier\/product\/cire-synthetique-orchidee\/\">Read More<\/a><\/p>\n","protected":false},"featured_media":640,"comment_status":"closed","ping_status":"closed","template":"","meta":[],"product_brand":[],"product_cat":[16,20],"product_tag":[],"class_list":{"0":"post-53","1":"product","2":"type-product","3":"status-publish","4":"has-post-thumbnail","6":"product_cat-cire-film-cires-pelables","7":"product_cat-cires-hypoallergeniques-pelables-sans-colophane","9":"first","10":"instock","11":"taxable","12":"shipping-taxable","13":"purchasable","14":"product-type-variable"},"yoast_head":"<!-- This site is optimized with the Yoast SEO Premium plugin v27.2 (Yoast SEO v27.3) - https:\/\/yoast.com\/product\/yoast-seo-premium-wordpress\/ -->\n<title>Italwax Top Line Orchid\u00e9e - cire film synth\u00e9tique<\/title>\n<meta name=\"description\" content=\"Cire synth\u00e9tique Orchid\u00e9e, Italwax Top Line, sans colophane. Hypoallerg\u00e9nique, basse temp\u00e9rature, id\u00e9ale pour maillot, aisselles, visage.\" \/>\n<meta name=\"robots\" content=\"index, follow, max-snippet:-1, max-image-preview:large, max-video-preview:-1\" \/>\n<link rel=\"canonical\" href=\"https:\/\/italwaxfrance.fr\/particulier\/product\/cire-synthetique-orchidee\/\" \/>\n<meta property=\"og:locale\" content=\"fr_FR\" \/>\n<meta property=\"og:type\" content=\"article\" \/>\n<meta property=\"og:title\" content=\"Italwax Top Line Orchid\u00e9e - cire film synth\u00e9tique\" \/>\n<meta property=\"og:description\" content=\"Cire synth\u00e9tique Orchid\u00e9e, Italwax Top Line, sans colophane. Hypoallerg\u00e9nique, basse temp\u00e9rature, id\u00e9ale pour maillot, aisselles, visage.\" \/>\n<meta property=\"og:url\" content=\"https:\/\/italwaxfrance.fr\/particulier\/product\/cire-synthetique-orchidee\/\" \/>\n<meta property=\"og:site_name\" content=\"Italwax France Particulier\" \/>\n<meta property=\"article:modified_time\" content=\"2026-01-28T11:54:38+00:00\" \/>\n<meta property=\"og:image\" content=\"http:\/\/italwaxfrance.fr\/particulier\/wp-content\/uploads\/sites\/12\/2022\/03\/italwax-shop-filmwax-topline-orchid.jpg\" \/>\n\t<meta property=\"og:image:width\" content=\"1000\" \/>\n\t<meta property=\"og:image:height\" content=\"1000\" \/>\n\t<meta property=\"og:image:type\" content=\"image\/jpeg\" \/>\n<meta name=\"twitter:card\" content=\"summary_large_image\" \/>\n<meta name=\"twitter:label1\" content=\"Dur\u00e9e de lecture estim\u00e9e\" \/>\n\t<meta name=\"twitter:data1\" content=\"2 minutes\" \/>\n<script type=\"application\/ld+json\" class=\"yoast-schema-graph\">{\"@context\":\"https:\\\/\\\/schema.org\",\"@graph\":[{\"@type\":\"WebPage\",\"@id\":\"https:\\\/\\\/italwaxfrance.fr\\\/particulier\\\/product\\\/cire-synthetique-orchidee\\\/\",\"url\":\"https:\\\/\\\/italwaxfrance.fr\\\/particulier\\\/product\\\/cire-synthetique-orchidee\\\/\",\"name\":\"Italwax Top Line Orchid\u00e9e - cire film synth\u00e9tique\",\"isPartOf\":{\"@id\":\"https:\\\/\\\/italwaxfrance.fr\\\/particulier\\\/#website\"},\"primaryImageOfPage\":{\"@id\":\"https:\\\/\\\/italwaxfrance.fr\\\/particulier\\\/product\\\/cire-synthetique-orchidee\\\/#primaryimage\"},\"image\":{\"@id\":\"https:\\\/\\\/italwaxfrance.fr\\\/particulier\\\/product\\\/cire-synthetique-orchidee\\\/#primaryimage\"},\"thumbnailUrl\":\"https:\\\/\\\/italwaxfrance.fr\\\/particulier\\\/wp-content\\\/uploads\\\/sites\\\/12\\\/2022\\\/03\\\/italwax-shop-filmwax-topline-orchid.jpg\",\"datePublished\":\"2022-03-29T14:21:07+00:00\",\"dateModified\":\"2026-01-28T11:54:38+00:00\",\"description\":\"Cire synth\u00e9tique Orchid\u00e9e, Italwax Top Line, sans colophane. Hypoallerg\u00e9nique, basse temp\u00e9rature, id\u00e9ale pour maillot, aisselles, visage.\",\"breadcrumb\":{\"@id\":\"https:\\\/\\\/italwaxfrance.fr\\\/particulier\\\/product\\\/cire-synthetique-orchidee\\\/#breadcrumb\"},\"inLanguage\":\"fr-FR\",\"potentialAction\":[{\"@type\":\"ReadAction\",\"target\":[\"https:\\\/\\\/italwaxfrance.fr\\\/particulier\\\/product\\\/cire-synthetique-orchidee\\\/\"]}]},{\"@type\":\"ImageObject\",\"inLanguage\":\"fr-FR\",\"@id\":\"https:\\\/\\\/italwaxfrance.fr\\\/particulier\\\/product\\\/cire-synthetique-orchidee\\\/#primaryimage\",\"url\":\"https:\\\/\\\/italwaxfrance.fr\\\/particulier\\\/wp-content\\\/uploads\\\/sites\\\/12\\\/2022\\\/03\\\/italwax-shop-filmwax-topline-orchid.jpg\",\"contentUrl\":\"https:\\\/\\\/italwaxfrance.fr\\\/particulier\\\/wp-content\\\/uploads\\\/sites\\\/12\\\/2022\\\/03\\\/italwax-shop-filmwax-topline-orchid.jpg\",\"width\":1000,\"height\":1000,\"caption\":\"Cire synth\u00e9tique Orchid\u00e9e, Top Line\"},{\"@type\":\"BreadcrumbList\",\"@id\":\"https:\\\/\\\/italwaxfrance.fr\\\/particulier\\\/product\\\/cire-synthetique-orchidee\\\/#breadcrumb\",\"itemListElement\":[{\"@type\":\"ListItem\",\"position\":1,\"name\":\"Accueil\",\"item\":\"https:\\\/\\\/italwaxfrance.fr\\\/particulier\\\/\"},{\"@type\":\"ListItem\",\"position\":2,\"name\":\"Score\",\"item\":\"https:\\\/\\\/italwaxfrance.fr\\\/particulier\\\/shop\\\/\"},{\"@type\":\"ListItem\",\"position\":3,\"name\":\"Italwax Top Line Orchid\u00e9e &#8211; cire film synth\u00e9tique\"}]},{\"@type\":\"WebSite\",\"@id\":\"https:\\\/\\\/italwaxfrance.fr\\\/particulier\\\/#website\",\"url\":\"https:\\\/\\\/italwaxfrance.fr\\\/particulier\\\/\",\"name\":\"Italwax France Particulier\",\"description\":\"Cosm\u00e9tiques professionnels\",\"publisher\":{\"@id\":\"https:\\\/\\\/italwaxfrance.fr\\\/particulier\\\/#organization\"},\"potentialAction\":[{\"@type\":\"SearchAction\",\"target\":{\"@type\":\"EntryPoint\",\"urlTemplate\":\"https:\\\/\\\/italwaxfrance.fr\\\/particulier\\\/?s={search_term_string}\"},\"query-input\":{\"@type\":\"PropertyValueSpecification\",\"valueRequired\":true,\"valueName\":\"search_term_string\"}}],\"inLanguage\":\"fr-FR\"},{\"@type\":\"Organization\",\"@id\":\"https:\\\/\\\/italwaxfrance.fr\\\/particulier\\\/#organization\",\"name\":\"Italwax France\",\"url\":\"https:\\\/\\\/italwaxfrance.fr\\\/particulier\\\/\",\"logo\":{\"@type\":\"ImageObject\",\"inLanguage\":\"fr-FR\",\"@id\":\"https:\\\/\\\/italwaxfrance.fr\\\/particulier\\\/#\\\/schema\\\/logo\\\/image\\\/\",\"url\":\"https:\\\/\\\/italwaxfrance.fr\\\/particulier\\\/wp-content\\\/uploads\\\/sites\\\/12\\\/2022\\\/04\\\/logo.png\",\"contentUrl\":\"https:\\\/\\\/italwaxfrance.fr\\\/particulier\\\/wp-content\\\/uploads\\\/sites\\\/12\\\/2022\\\/04\\\/logo.png\",\"width\":334,\"height\":158,\"caption\":\"Italwax France\"},\"image\":{\"@id\":\"https:\\\/\\\/italwaxfrance.fr\\\/particulier\\\/#\\\/schema\\\/logo\\\/image\\\/\"},\"sameAs\":[\"https:\\\/\\\/www.instagram.com\\\/italwaxfrance\\\/\",\"https:\\\/\\\/www.youtube.com\\\/@ItalwaxMedia\"]}]}<\/script>\n<!-- \/ Yoast SEO Premium plugin. -->","yoast_head_json":{"title":"Italwax Top Line Orchid\u00e9e - cire film synth\u00e9tique","description":"Cire synth\u00e9tique Orchid\u00e9e, Italwax Top Line, sans colophane. Hypoallerg\u00e9nique, basse temp\u00e9rature, id\u00e9ale pour maillot, aisselles, visage.","robots":{"index":"index","follow":"follow","max-snippet":"max-snippet:-1","max-image-preview":"max-image-preview:large","max-video-preview":"max-video-preview:-1"},"canonical":"https:\/\/italwaxfrance.fr\/particulier\/product\/cire-synthetique-orchidee\/","og_locale":"fr_FR","og_type":"article","og_title":"Italwax Top Line Orchid\u00e9e - cire film synth\u00e9tique","og_description":"Cire synth\u00e9tique Orchid\u00e9e, Italwax Top Line, sans colophane. Hypoallerg\u00e9nique, basse temp\u00e9rature, id\u00e9ale pour maillot, aisselles, visage.","og_url":"https:\/\/italwaxfrance.fr\/particulier\/product\/cire-synthetique-orchidee\/","og_site_name":"Italwax France Particulier","article_modified_time":"2026-01-28T11:54:38+00:00","og_image":[{"width":1000,"height":1000,"url":"http:\/\/italwaxfrance.fr\/particulier\/wp-content\/uploads\/sites\/12\/2022\/03\/italwax-shop-filmwax-topline-orchid.jpg","type":"image\/jpeg"}],"twitter_card":"summary_large_image","twitter_misc":{"Dur\u00e9e de lecture estim\u00e9e":"2 minutes"},"schema":{"@context":"https:\/\/schema.org","@graph":[{"@type":"WebPage","@id":"https:\/\/italwaxfrance.fr\/particulier\/product\/cire-synthetique-orchidee\/","url":"https:\/\/italwaxfrance.fr\/particulier\/product\/cire-synthetique-orchidee\/","name":"Italwax Top Line Orchid\u00e9e - cire film synth\u00e9tique","isPartOf":{"@id":"https:\/\/italwaxfrance.fr\/particulier\/#website"},"primaryImageOfPage":{"@id":"https:\/\/italwaxfrance.fr\/particulier\/product\/cire-synthetique-orchidee\/#primaryimage"},"image":{"@id":"https:\/\/italwaxfrance.fr\/particulier\/product\/cire-synthetique-orchidee\/#primaryimage"},"thumbnailUrl":"https:\/\/italwaxfrance.fr\/particulier\/wp-content\/uploads\/sites\/12\/2022\/03\/italwax-shop-filmwax-topline-orchid.jpg","datePublished":"2022-03-29T14:21:07+00:00","dateModified":"2026-01-28T11:54:38+00:00","description":"Cire synth\u00e9tique Orchid\u00e9e, Italwax Top Line, sans colophane. Hypoallerg\u00e9nique, basse temp\u00e9rature, id\u00e9ale pour maillot, aisselles, visage.","breadcrumb":{"@id":"https:\/\/italwaxfrance.fr\/particulier\/product\/cire-synthetique-orchidee\/#breadcrumb"},"inLanguage":"fr-FR","potentialAction":[{"@type":"ReadAction","target":["https:\/\/italwaxfrance.fr\/particulier\/product\/cire-synthetique-orchidee\/"]}]},{"@type":"ImageObject","inLanguage":"fr-FR","@id":"https:\/\/italwaxfrance.fr\/particulier\/product\/cire-synthetique-orchidee\/#primaryimage","url":"https:\/\/italwaxfrance.fr\/particulier\/wp-content\/uploads\/sites\/12\/2022\/03\/italwax-shop-filmwax-topline-orchid.jpg","contentUrl":"https:\/\/italwaxfrance.fr\/particulier\/wp-content\/uploads\/sites\/12\/2022\/03\/italwax-shop-filmwax-topline-orchid.jpg","width":1000,"height":1000,"caption":"Cire synth\u00e9tique Orchid\u00e9e, Top Line"},{"@type":"BreadcrumbList","@id":"https:\/\/italwaxfrance.fr\/particulier\/product\/cire-synthetique-orchidee\/#breadcrumb","itemListElement":[{"@type":"ListItem","position":1,"name":"Accueil","item":"https:\/\/italwaxfrance.fr\/particulier\/"},{"@type":"ListItem","position":2,"name":"Score","item":"https:\/\/italwaxfrance.fr\/particulier\/shop\/"},{"@type":"ListItem","position":3,"name":"Italwax Top Line Orchid\u00e9e &#8211; cire film synth\u00e9tique"}]},{"@type":"WebSite","@id":"https:\/\/italwaxfrance.fr\/particulier\/#website","url":"https:\/\/italwaxfrance.fr\/particulier\/","name":"Italwax France Particulier","description":"Cosm\u00e9tiques professionnels","publisher":{"@id":"https:\/\/italwaxfrance.fr\/particulier\/#organization"},"potentialAction":[{"@type":"SearchAction","target":{"@type":"EntryPoint","urlTemplate":"https:\/\/italwaxfrance.fr\/particulier\/?s={search_term_string}"},"query-input":{"@type":"PropertyValueSpecification","valueRequired":true,"valueName":"search_term_string"}}],"inLanguage":"fr-FR"},{"@type":"Organization","@id":"https:\/\/italwaxfrance.fr\/particulier\/#organization","name":"Italwax France","url":"https:\/\/italwaxfrance.fr\/particulier\/","logo":{"@type":"ImageObject","inLanguage":"fr-FR","@id":"https:\/\/italwaxfrance.fr\/particulier\/#\/schema\/logo\/image\/","url":"https:\/\/italwaxfrance.fr\/particulier\/wp-content\/uploads\/sites\/12\/2022\/04\/logo.png","contentUrl":"https:\/\/italwaxfrance.fr\/particulier\/wp-content\/uploads\/sites\/12\/2022\/04\/logo.png","width":334,"height":158,"caption":"Italwax France"},"image":{"@id":"https:\/\/italwaxfrance.fr\/particulier\/#\/schema\/logo\/image\/"},"sameAs":["https:\/\/www.instagram.com\/italwaxfrance\/","https:\/\/www.youtube.com\/@ItalwaxMedia"]}]}},"_links":{"self":[{"href":"https:\/\/italwaxfrance.fr\/particulier\/wp-json\/wp\/v2\/product\/53","targetHints":{"allow":["GET"]}}],"collection":[{"href":"https:\/\/italwaxfrance.fr\/particulier\/wp-json\/wp\/v2\/product"}],"about":[{"href":"https:\/\/italwaxfrance.fr\/particulier\/wp-json\/wp\/v2\/types\/product"}],"replies":[{"embeddable":true,"href":"https:\/\/italwaxfrance.fr\/particulier\/wp-json\/wp\/v2\/comments?post=53"}],"wp:featuredmedia":[{"embeddable":true,"href":"https:\/\/italwaxfrance.fr\/particulier\/wp-json\/wp\/v2\/media\/640"}],"wp:attachment":[{"href":"https:\/\/italwaxfrance.fr\/particulier\/wp-json\/wp\/v2\/media?parent=53"}],"wp:term":[{"taxonomy":"product_brand","embeddable":true,"href":"https:\/\/italwaxfrance.fr\/particulier\/wp-json\/wp\/v2\/product_brand?post=53"},{"taxonomy":"product_cat","embeddable":true,"href":"https:\/\/italwaxfrance.fr\/particulier\/wp-json\/wp\/v2\/product_cat?post=53"},{"taxonomy":"product_tag","embeddable":true,"href":"https:\/\/italwaxfrance.fr\/particulier\/wp-json\/wp\/v2\/product_tag?post=53"}],"curies":[{"name":"wp","href":"https:\/\/api.w.org\/{rel}","templated":true}]}}