{"id":46,"date":"2022-03-29T17:21:06","date_gmt":"2022-03-29T14:21:06","guid":{"rendered":"https:\/\/www.italwaxfrance.fr\/particulier\/?post_type=product&#038;p=46"},"modified":"2026-01-28T16:28:08","modified_gmt":"2026-01-28T13:28:08","slug":"miraveda-citrus-scrub-gommage-manucure","status":"publish","type":"product","link":"https:\/\/italwaxfrance.fr\/particulier\/product\/miraveda-citrus-scrub-gommage-manucure\/","title":{"rendered":"Gommage aux Agrumes &#8211; Miraveda Citrus Scrub"},"content":{"rendered":"<h2><strong>Scrub \u00ab\u00a0Citrus\u00a0\u00bb Miraveda Italwax \u2013 Soin Exfoliant et Nourrissant pour Manucure<\/strong><\/h2>\n<p>Les <a href=\"https:\/\/italwaxfrance.fr\/miraveda-cosmetiques-pour-les-soins-de-la-peau-gommage\/\"><em><strong>gommages Miraveda Italwax<\/strong><\/em><\/a> sont formul\u00e9s \u00e0 partir d\u2019huiles naturelles de haute qualit\u00e9 et d\u2019ingr\u00e9dients abrasifs 100 % naturels. Ils nettoient la peau en profondeur, \u00e9liminent les cellules mortes et contribuent \u00e0 la r\u00e9novation, l\u2019hydratation et la nutrition de la peau. Une utilisation r\u00e9guli\u00e8re rend la peau lisse, souple et \u00e9clatante.<\/p>\n<h3 data-start=\"182\" data-end=\"249\">Gommage \u00ab\u00a0Citrus\u00a0\u00bb \u2013 Le Scrub Relaxant pour une Manucure Parfaite<\/h3>\n<p data-start=\"251\" data-end=\"580\">Offrez \u00e0 vos mains un soin complet avec le <strong data-start=\"294\" data-end=\"312\">scrub \u00ab\u00a0Citrus\u00a0\u00bb<\/strong>, indispensable \u00e0 toute routine de manucure.<br data-start=\"356\" data-end=\"359\" \/>Ce <strong data-start=\"362\" data-end=\"382\">gommage \u00ab\u00a0Citrus\u00a0\u00bb<\/strong> exfolie en douceur, pr\u00e9vient les poils incarn\u00e9s et laisse la peau lisse entre deux \u00e9pilations.<br data-start=\"477\" data-end=\"480\" \/>Sa texture onctueuse et apaisante transforme chaque application en un v\u00e9ritable moment de bien-\u00eatre.<\/p>\n<h3 data-start=\"582\" data-end=\"619\">Exfoliation Douce, Soin Tonifiant<\/h3>\n<p data-start=\"621\" data-end=\"1007\">Le <strong data-start=\"624\" data-end=\"642\">scrub \u00ab\u00a0Citrus\u00a0\u00bb<\/strong> est id\u00e9al pour les zones sensibles, comme le dessus des mains.<br data-start=\"705\" data-end=\"708\" \/>Les fines particules de canne \u00e0 sucre assurent une exfoliation douce, sans agresser la peau.<br data-start=\"800\" data-end=\"803\" \/>Enrichi en huile de coco, beurre de karit\u00e9 et huile de jojoba, ce <strong data-start=\"869\" data-end=\"889\">gommage \u00ab\u00a0Citrus\u00a0\u00bb<\/strong> nourrit intens\u00e9ment.<br data-start=\"910\" data-end=\"913\" \/>Les huiles essentielles de zeste de citron vert revitalisent, tonifient et illuminent la peau.<\/p>\n<h3 data-start=\"1009\" data-end=\"1028\">Format Pratique<\/h3>\n<p data-start=\"1030\" data-end=\"1159\">Facile \u00e0 utiliser et \u00e0 doser, ce <strong data-start=\"1063\" data-end=\"1081\">scrub \u00ab\u00a0Citrus\u00a0\u00bb<\/strong> s\u2019int\u00e8gre parfaitement dans votre routine beaut\u00e9, \u00e0 la maison ou en institut.\u00a0Disponible en pot de 250 ml, ce scrub \u00ab\u00a0Citrus\u00a0\u00bb devient un essentiel pour une peau revitalis\u00e9e et nourrie. Id\u00e9al pour une utilisation r\u00e9guli\u00e8re dans le cadre de vos soins de manucure.<\/p>\n","protected":false},"excerpt":{"rendered":"<p>Scrub \u00ab\u00a0Citrus\u00a0\u00bb Miraveda Italwax \u2013 Soin Exfoliant et Nourrissant pour Manucure Les gommages Miraveda Italwax sont formul\u00e9s \u00e0 partir d\u2019huiles naturelles de haute qualit\u00e9 et d\u2019ingr\u00e9dients abrasifs 100 % naturels. Ils nettoient la peau en profondeur, \u00e9liminent les cellules mortes et contribuent \u00e0 la r\u00e9novation, l\u2019hydratation et la nutrition de la peau. Une utilisation r\u00e9guli\u00e8re&#8230; <a href=\"https:\/\/italwaxfrance.fr\/particulier\/product\/miraveda-citrus-scrub-gommage-manucure\/\">Read More<\/a><\/p>\n","protected":false},"featured_media":951,"comment_status":"closed","ping_status":"closed","template":"","meta":[],"product_brand":[],"product_cat":[22],"product_tag":[],"class_list":{"0":"post-46","1":"product","2":"type-product","3":"status-publish","4":"has-post-thumbnail","6":"product_cat-cosmetiques-naturels-soins-de-la-peau-miraveda-gommages-lotions","8":"first","9":"instock","10":"taxable","11":"shipping-taxable","12":"purchasable","13":"product-type-simple"},"yoast_head":"<!-- This site is optimized with the Yoast SEO Premium plugin v27.2 (Yoast SEO v27.5) - https:\/\/yoast.com\/product\/yoast-seo-premium-wordpress\/ -->\n<title>Gommage aux Agrumes - Miraveda Citrus Scrub<\/title>\n<meta name=\"description\" content=\"Exfoliez et nourrissez vos mains avec le scrub &quot;Citrus&quot; Miraveda Italwax. Enrichi d&#039;huiles naturelles, il tonifie la peau et \u00e9limine les cellules mortes.\" \/>\n<meta name=\"robots\" content=\"index, follow, max-snippet:-1, max-image-preview:large, max-video-preview:-1\" \/>\n<link rel=\"canonical\" href=\"https:\/\/italwaxfrance.fr\/particulier\/product\/miraveda-citrus-scrub-gommage-manucure\/\" \/>\n<meta property=\"og:locale\" content=\"fr_FR\" \/>\n<meta property=\"og:type\" content=\"article\" \/>\n<meta property=\"og:title\" content=\"Gommage aux Agrumes - Miraveda Citrus Scrub\" \/>\n<meta property=\"og:description\" content=\"Exfoliez et nourrissez vos mains avec le scrub &quot;Citrus&quot; Miraveda Italwax. Enrichi d&#039;huiles naturelles, il tonifie la peau et \u00e9limine les cellules mortes.\" \/>\n<meta property=\"og:url\" content=\"https:\/\/italwaxfrance.fr\/particulier\/product\/miraveda-citrus-scrub-gommage-manucure\/\" \/>\n<meta property=\"og:site_name\" content=\"Italwax France Particulier\" \/>\n<meta property=\"article:modified_time\" content=\"2026-01-28T13:28:08+00:00\" \/>\n<meta property=\"og:image\" content=\"http:\/\/italwaxfrance.fr\/particulier\/wp-content\/uploads\/sites\/12\/2022\/03\/italwax-shop-miraveda-scrub-citrus.jpg\" \/>\n\t<meta property=\"og:image:width\" content=\"1000\" \/>\n\t<meta property=\"og:image:height\" content=\"1000\" \/>\n\t<meta property=\"og:image:type\" content=\"image\/jpeg\" \/>\n<meta name=\"twitter:card\" content=\"summary_large_image\" \/>\n<meta name=\"twitter:label1\" content=\"Dur\u00e9e de lecture estim\u00e9e\" \/>\n\t<meta name=\"twitter:data1\" content=\"2 minutes\" \/>\n<script type=\"application\/ld+json\" class=\"yoast-schema-graph\">{\"@context\":\"https:\\\/\\\/schema.org\",\"@graph\":[{\"@type\":\"WebPage\",\"@id\":\"https:\\\/\\\/italwaxfrance.fr\\\/particulier\\\/product\\\/miraveda-citrus-scrub-gommage-manucure\\\/\",\"url\":\"https:\\\/\\\/italwaxfrance.fr\\\/particulier\\\/product\\\/miraveda-citrus-scrub-gommage-manucure\\\/\",\"name\":\"Gommage aux Agrumes - Miraveda Citrus Scrub\",\"isPartOf\":{\"@id\":\"https:\\\/\\\/italwaxfrance.fr\\\/particulier\\\/#website\"},\"primaryImageOfPage\":{\"@id\":\"https:\\\/\\\/italwaxfrance.fr\\\/particulier\\\/product\\\/miraveda-citrus-scrub-gommage-manucure\\\/#primaryimage\"},\"image\":{\"@id\":\"https:\\\/\\\/italwaxfrance.fr\\\/particulier\\\/product\\\/miraveda-citrus-scrub-gommage-manucure\\\/#primaryimage\"},\"thumbnailUrl\":\"https:\\\/\\\/italwaxfrance.fr\\\/particulier\\\/wp-content\\\/uploads\\\/sites\\\/12\\\/2022\\\/03\\\/italwax-shop-miraveda-scrub-citrus.jpg\",\"datePublished\":\"2022-03-29T14:21:06+00:00\",\"dateModified\":\"2026-01-28T13:28:08+00:00\",\"description\":\"Exfoliez et nourrissez vos mains avec le scrub \\\"Citrus\\\" Miraveda Italwax. Enrichi d'huiles naturelles, il tonifie la peau et \u00e9limine les cellules mortes.\",\"breadcrumb\":{\"@id\":\"https:\\\/\\\/italwaxfrance.fr\\\/particulier\\\/product\\\/miraveda-citrus-scrub-gommage-manucure\\\/#breadcrumb\"},\"inLanguage\":\"fr-FR\",\"potentialAction\":[{\"@type\":\"ReadAction\",\"target\":[\"https:\\\/\\\/italwaxfrance.fr\\\/particulier\\\/product\\\/miraveda-citrus-scrub-gommage-manucure\\\/\"]}]},{\"@type\":\"ImageObject\",\"inLanguage\":\"fr-FR\",\"@id\":\"https:\\\/\\\/italwaxfrance.fr\\\/particulier\\\/product\\\/miraveda-citrus-scrub-gommage-manucure\\\/#primaryimage\",\"url\":\"https:\\\/\\\/italwaxfrance.fr\\\/particulier\\\/wp-content\\\/uploads\\\/sites\\\/12\\\/2022\\\/03\\\/italwax-shop-miraveda-scrub-citrus.jpg\",\"contentUrl\":\"https:\\\/\\\/italwaxfrance.fr\\\/particulier\\\/wp-content\\\/uploads\\\/sites\\\/12\\\/2022\\\/03\\\/italwax-shop-miraveda-scrub-citrus.jpg\",\"width\":1000,\"height\":1000,\"caption\":\"Scrub \\\"Citrus\\\" pour manucure \u2013 gommage exfoliant doux au sucre et huiles naturelles\"},{\"@type\":\"BreadcrumbList\",\"@id\":\"https:\\\/\\\/italwaxfrance.fr\\\/particulier\\\/product\\\/miraveda-citrus-scrub-gommage-manucure\\\/#breadcrumb\",\"itemListElement\":[{\"@type\":\"ListItem\",\"position\":1,\"name\":\"Accueil\",\"item\":\"https:\\\/\\\/italwaxfrance.fr\\\/particulier\\\/\"},{\"@type\":\"ListItem\",\"position\":2,\"name\":\"Score\",\"item\":\"https:\\\/\\\/italwaxfrance.fr\\\/particulier\\\/shop\\\/\"},{\"@type\":\"ListItem\",\"position\":3,\"name\":\"Gommage aux Agrumes &#8211; Miraveda Citrus Scrub\"}]},{\"@type\":\"WebSite\",\"@id\":\"https:\\\/\\\/italwaxfrance.fr\\\/particulier\\\/#website\",\"url\":\"https:\\\/\\\/italwaxfrance.fr\\\/particulier\\\/\",\"name\":\"Italwax France Particulier\",\"description\":\"Cosm\u00e9tiques professionnels\",\"publisher\":{\"@id\":\"https:\\\/\\\/italwaxfrance.fr\\\/particulier\\\/#organization\"},\"potentialAction\":[{\"@type\":\"SearchAction\",\"target\":{\"@type\":\"EntryPoint\",\"urlTemplate\":\"https:\\\/\\\/italwaxfrance.fr\\\/particulier\\\/?s={search_term_string}\"},\"query-input\":{\"@type\":\"PropertyValueSpecification\",\"valueRequired\":true,\"valueName\":\"search_term_string\"}}],\"inLanguage\":\"fr-FR\"},{\"@type\":\"Organization\",\"@id\":\"https:\\\/\\\/italwaxfrance.fr\\\/particulier\\\/#organization\",\"name\":\"Italwax France\",\"url\":\"https:\\\/\\\/italwaxfrance.fr\\\/particulier\\\/\",\"logo\":{\"@type\":\"ImageObject\",\"inLanguage\":\"fr-FR\",\"@id\":\"https:\\\/\\\/italwaxfrance.fr\\\/particulier\\\/#\\\/schema\\\/logo\\\/image\\\/\",\"url\":\"https:\\\/\\\/italwaxfrance.fr\\\/particulier\\\/wp-content\\\/uploads\\\/sites\\\/12\\\/2022\\\/04\\\/logo.png\",\"contentUrl\":\"https:\\\/\\\/italwaxfrance.fr\\\/particulier\\\/wp-content\\\/uploads\\\/sites\\\/12\\\/2022\\\/04\\\/logo.png\",\"width\":334,\"height\":158,\"caption\":\"Italwax France\"},\"image\":{\"@id\":\"https:\\\/\\\/italwaxfrance.fr\\\/particulier\\\/#\\\/schema\\\/logo\\\/image\\\/\"},\"sameAs\":[\"https:\\\/\\\/www.instagram.com\\\/italwaxfrance\\\/\",\"https:\\\/\\\/www.youtube.com\\\/@ItalwaxMedia\"]}]}<\/script>\n<!-- \/ Yoast SEO Premium plugin. -->","yoast_head_json":{"title":"Gommage aux Agrumes - Miraveda Citrus Scrub","description":"Exfoliez et nourrissez vos mains avec le scrub \"Citrus\" Miraveda Italwax. Enrichi d'huiles naturelles, il tonifie la peau et \u00e9limine les cellules mortes.","robots":{"index":"index","follow":"follow","max-snippet":"max-snippet:-1","max-image-preview":"max-image-preview:large","max-video-preview":"max-video-preview:-1"},"canonical":"https:\/\/italwaxfrance.fr\/particulier\/product\/miraveda-citrus-scrub-gommage-manucure\/","og_locale":"fr_FR","og_type":"article","og_title":"Gommage aux Agrumes - Miraveda Citrus Scrub","og_description":"Exfoliez et nourrissez vos mains avec le scrub \"Citrus\" Miraveda Italwax. Enrichi d'huiles naturelles, il tonifie la peau et \u00e9limine les cellules mortes.","og_url":"https:\/\/italwaxfrance.fr\/particulier\/product\/miraveda-citrus-scrub-gommage-manucure\/","og_site_name":"Italwax France Particulier","article_modified_time":"2026-01-28T13:28:08+00:00","og_image":[{"width":1000,"height":1000,"url":"http:\/\/italwaxfrance.fr\/particulier\/wp-content\/uploads\/sites\/12\/2022\/03\/italwax-shop-miraveda-scrub-citrus.jpg","type":"image\/jpeg"}],"twitter_card":"summary_large_image","twitter_misc":{"Dur\u00e9e de lecture estim\u00e9e":"2 minutes"},"schema":{"@context":"https:\/\/schema.org","@graph":[{"@type":"WebPage","@id":"https:\/\/italwaxfrance.fr\/particulier\/product\/miraveda-citrus-scrub-gommage-manucure\/","url":"https:\/\/italwaxfrance.fr\/particulier\/product\/miraveda-citrus-scrub-gommage-manucure\/","name":"Gommage aux Agrumes - Miraveda Citrus Scrub","isPartOf":{"@id":"https:\/\/italwaxfrance.fr\/particulier\/#website"},"primaryImageOfPage":{"@id":"https:\/\/italwaxfrance.fr\/particulier\/product\/miraveda-citrus-scrub-gommage-manucure\/#primaryimage"},"image":{"@id":"https:\/\/italwaxfrance.fr\/particulier\/product\/miraveda-citrus-scrub-gommage-manucure\/#primaryimage"},"thumbnailUrl":"https:\/\/italwaxfrance.fr\/particulier\/wp-content\/uploads\/sites\/12\/2022\/03\/italwax-shop-miraveda-scrub-citrus.jpg","datePublished":"2022-03-29T14:21:06+00:00","dateModified":"2026-01-28T13:28:08+00:00","description":"Exfoliez et nourrissez vos mains avec le scrub \"Citrus\" Miraveda Italwax. Enrichi d'huiles naturelles, il tonifie la peau et \u00e9limine les cellules mortes.","breadcrumb":{"@id":"https:\/\/italwaxfrance.fr\/particulier\/product\/miraveda-citrus-scrub-gommage-manucure\/#breadcrumb"},"inLanguage":"fr-FR","potentialAction":[{"@type":"ReadAction","target":["https:\/\/italwaxfrance.fr\/particulier\/product\/miraveda-citrus-scrub-gommage-manucure\/"]}]},{"@type":"ImageObject","inLanguage":"fr-FR","@id":"https:\/\/italwaxfrance.fr\/particulier\/product\/miraveda-citrus-scrub-gommage-manucure\/#primaryimage","url":"https:\/\/italwaxfrance.fr\/particulier\/wp-content\/uploads\/sites\/12\/2022\/03\/italwax-shop-miraveda-scrub-citrus.jpg","contentUrl":"https:\/\/italwaxfrance.fr\/particulier\/wp-content\/uploads\/sites\/12\/2022\/03\/italwax-shop-miraveda-scrub-citrus.jpg","width":1000,"height":1000,"caption":"Scrub \"Citrus\" pour manucure \u2013 gommage exfoliant doux au sucre et huiles naturelles"},{"@type":"BreadcrumbList","@id":"https:\/\/italwaxfrance.fr\/particulier\/product\/miraveda-citrus-scrub-gommage-manucure\/#breadcrumb","itemListElement":[{"@type":"ListItem","position":1,"name":"Accueil","item":"https:\/\/italwaxfrance.fr\/particulier\/"},{"@type":"ListItem","position":2,"name":"Score","item":"https:\/\/italwaxfrance.fr\/particulier\/shop\/"},{"@type":"ListItem","position":3,"name":"Gommage aux Agrumes &#8211; Miraveda Citrus Scrub"}]},{"@type":"WebSite","@id":"https:\/\/italwaxfrance.fr\/particulier\/#website","url":"https:\/\/italwaxfrance.fr\/particulier\/","name":"Italwax France Particulier","description":"Cosm\u00e9tiques professionnels","publisher":{"@id":"https:\/\/italwaxfrance.fr\/particulier\/#organization"},"potentialAction":[{"@type":"SearchAction","target":{"@type":"EntryPoint","urlTemplate":"https:\/\/italwaxfrance.fr\/particulier\/?s={search_term_string}"},"query-input":{"@type":"PropertyValueSpecification","valueRequired":true,"valueName":"search_term_string"}}],"inLanguage":"fr-FR"},{"@type":"Organization","@id":"https:\/\/italwaxfrance.fr\/particulier\/#organization","name":"Italwax France","url":"https:\/\/italwaxfrance.fr\/particulier\/","logo":{"@type":"ImageObject","inLanguage":"fr-FR","@id":"https:\/\/italwaxfrance.fr\/particulier\/#\/schema\/logo\/image\/","url":"https:\/\/italwaxfrance.fr\/particulier\/wp-content\/uploads\/sites\/12\/2022\/04\/logo.png","contentUrl":"https:\/\/italwaxfrance.fr\/particulier\/wp-content\/uploads\/sites\/12\/2022\/04\/logo.png","width":334,"height":158,"caption":"Italwax France"},"image":{"@id":"https:\/\/italwaxfrance.fr\/particulier\/#\/schema\/logo\/image\/"},"sameAs":["https:\/\/www.instagram.com\/italwaxfrance\/","https:\/\/www.youtube.com\/@ItalwaxMedia"]}]}},"_links":{"self":[{"href":"https:\/\/italwaxfrance.fr\/particulier\/wp-json\/wp\/v2\/product\/46","targetHints":{"allow":["GET"]}}],"collection":[{"href":"https:\/\/italwaxfrance.fr\/particulier\/wp-json\/wp\/v2\/product"}],"about":[{"href":"https:\/\/italwaxfrance.fr\/particulier\/wp-json\/wp\/v2\/types\/product"}],"replies":[{"embeddable":true,"href":"https:\/\/italwaxfrance.fr\/particulier\/wp-json\/wp\/v2\/comments?post=46"}],"wp:featuredmedia":[{"embeddable":true,"href":"https:\/\/italwaxfrance.fr\/particulier\/wp-json\/wp\/v2\/media\/951"}],"wp:attachment":[{"href":"https:\/\/italwaxfrance.fr\/particulier\/wp-json\/wp\/v2\/media?parent=46"}],"wp:term":[{"taxonomy":"product_brand","embeddable":true,"href":"https:\/\/italwaxfrance.fr\/particulier\/wp-json\/wp\/v2\/product_brand?post=46"},{"taxonomy":"product_cat","embeddable":true,"href":"https:\/\/italwaxfrance.fr\/particulier\/wp-json\/wp\/v2\/product_cat?post=46"},{"taxonomy":"product_tag","embeddable":true,"href":"https:\/\/italwaxfrance.fr\/particulier\/wp-json\/wp\/v2\/product_tag?post=46"}],"curies":[{"name":"wp","href":"https:\/\/api.w.org\/{rel}","templated":true}]}}