{"id":44,"date":"2022-03-29T17:21:06","date_gmt":"2022-03-29T14:21:06","guid":{"rendered":"https:\/\/www.italwaxfrance.fr\/particulier\/?post_type=product&#038;p=44"},"modified":"2026-01-28T16:25:00","modified_gmt":"2026-01-28T13:25:00","slug":"miraveda-sea-scrub-pedicure-gommage","status":"publish","type":"product","link":"https:\/\/italwaxfrance.fr\/particulier\/product\/miraveda-sea-scrub-pedicure-gommage\/","title":{"rendered":"Gommage au Sel de Mer &#8211; Miraveda Sea Scrub"},"content":{"rendered":"<h2><strong>Gommage <\/strong><strong>pour P\u00e9dicure\u00a0<\/strong><strong>\u00ab\u00a0Sea\u00a0\u00bb Miraveda Italwax \u2013 Soin Exfoliant et Revitalisant<\/strong><\/h2>\n<p>Le scrub \u00ab\u00a0Sea\u00a0\u00bb Miraveda Italwax est formul\u00e9 \u00e0 base d&rsquo;huiles naturelles de haute qualit\u00e9 et d&rsquo;ingr\u00e9dients abrasifs 100% naturels. Il nettoie la peau en profondeur, \u00e9limine les cellules mortes et hydrate intens\u00e9ment. Une utilisation r\u00e9guli\u00e8re rend la peau lisse, souple et \u00e9clatante.<\/p>\n<h3><strong>Un Gommage Essentiel pour la P\u00e9dicure<\/strong><\/h3>\n<p>Le gommage au sel de mer \u00ab\u00a0Sea\u00a0\u00bb est id\u00e9al pour votre p\u00e9dicure. Son exfoliation emp\u00eache la formation de poils incarn\u00e9s et maintient la peau douce entre deux \u00e9pilations. Il apporte \u00e9galement relaxation et bien-\u00eatre \u00e0 chaque utilisation.<\/p>\n<h3><strong>Exfoliation Efficace et Apaisante<\/strong><\/h3>\n<p>Compos\u00e9 de sel marin, ce gommage est id\u00e9al pour une p\u00e9dicure compl\u00e8te : il exfolie parfaitement les zones \u00e9paisses comme les talons et la plante des pieds. Gr\u00e2ce \u00e0 ses propri\u00e9t\u00e9s antibact\u00e9riennes, antifongiques et antivirales, le sel marin purifie la peau en profondeur et pr\u00e9pare parfaitement les pieds aux soins suivants.<\/p>\n<p>Le m\u00e9lange d\u2019huiles naturelles, telles que l&rsquo;huile de coco et l&rsquo;huile d\u2019amande, nourrit la peau et lui donne un \u00e9clat naturel et sain.<\/p>\n<h3><strong>Format Pratique<\/strong><\/h3>\n<p>Disponible en pot de 250 ml. Ce gommage au sel de mer \u00ab\u00a0Sea\u00a0\u00bb est un incontournable pour des pieds doux et nourris. Id\u00e9al pour une utilisation r\u00e9guli\u00e8re dans votre routine de p\u00e9dicure.<\/p>\n","protected":false},"excerpt":{"rendered":"<p>Gommage pour P\u00e9dicure\u00a0\u00ab\u00a0Sea\u00a0\u00bb Miraveda Italwax \u2013 Soin Exfoliant et Revitalisant Le scrub \u00ab\u00a0Sea\u00a0\u00bb Miraveda Italwax est formul\u00e9 \u00e0 base d&rsquo;huiles naturelles de haute qualit\u00e9 et d&rsquo;ingr\u00e9dients abrasifs 100% naturels. Il nettoie la peau en profondeur, \u00e9limine les cellules mortes et hydrate intens\u00e9ment. Une utilisation r\u00e9guli\u00e8re rend la peau lisse, souple et \u00e9clatante. Un Gommage Essentiel&#8230; <a href=\"https:\/\/italwaxfrance.fr\/particulier\/product\/miraveda-sea-scrub-pedicure-gommage\/\">Read More<\/a><\/p>\n","protected":false},"featured_media":945,"comment_status":"closed","ping_status":"closed","template":"","meta":[],"product_brand":[],"product_cat":[22],"product_tag":[],"class_list":{"0":"post-44","1":"product","2":"type-product","3":"status-publish","4":"has-post-thumbnail","6":"product_cat-cosmetiques-naturels-soins-de-la-peau-miraveda-gommages-lotions","8":"first","9":"instock","10":"taxable","11":"shipping-taxable","12":"purchasable","13":"product-type-simple"},"yoast_head":"<!-- This site is optimized with the Yoast SEO Premium plugin v27.2 (Yoast SEO v27.5) - https:\/\/yoast.com\/product\/yoast-seo-premium-wordpress\/ -->\n<title>Gommage au Sel de Mer - Miraveda Sea Scrub<\/title>\n<meta name=\"description\" content=\"Gommage au sel de mer &quot;Sea&quot; Miraveda pour une p\u00e9dicure efficace. Exfolie en douceur, nourrit et revitalise la peau, laissant vos pieds doux et \u00e9clatants.\" \/>\n<meta name=\"robots\" content=\"index, follow, max-snippet:-1, max-image-preview:large, max-video-preview:-1\" \/>\n<link rel=\"canonical\" href=\"https:\/\/italwaxfrance.fr\/particulier\/product\/miraveda-sea-scrub-pedicure-gommage\/\" \/>\n<meta property=\"og:locale\" content=\"fr_FR\" \/>\n<meta property=\"og:type\" content=\"article\" \/>\n<meta property=\"og:title\" content=\"Gommage au Sel de Mer - Miraveda Sea Scrub\" \/>\n<meta property=\"og:description\" content=\"Gommage au sel de mer &quot;Sea&quot; Miraveda pour une p\u00e9dicure efficace. Exfolie en douceur, nourrit et revitalise la peau, laissant vos pieds doux et \u00e9clatants.\" \/>\n<meta property=\"og:url\" content=\"https:\/\/italwaxfrance.fr\/particulier\/product\/miraveda-sea-scrub-pedicure-gommage\/\" \/>\n<meta property=\"og:site_name\" content=\"Italwax France Particulier\" \/>\n<meta property=\"article:modified_time\" content=\"2026-01-28T13:25:00+00:00\" \/>\n<meta property=\"og:image\" content=\"http:\/\/italwaxfrance.fr\/particulier\/wp-content\/uploads\/sites\/12\/2022\/03\/italwax-shop-miraveda-scrub-sea.jpg\" \/>\n\t<meta property=\"og:image:width\" content=\"1000\" \/>\n\t<meta property=\"og:image:height\" content=\"1000\" \/>\n\t<meta property=\"og:image:type\" content=\"image\/jpeg\" \/>\n<meta name=\"twitter:card\" content=\"summary_large_image\" \/>\n<meta name=\"twitter:label1\" content=\"Dur\u00e9e de lecture estim\u00e9e\" \/>\n\t<meta name=\"twitter:data1\" content=\"2 minutes\" \/>\n<script type=\"application\/ld+json\" class=\"yoast-schema-graph\">{\"@context\":\"https:\\\/\\\/schema.org\",\"@graph\":[{\"@type\":\"WebPage\",\"@id\":\"https:\\\/\\\/italwaxfrance.fr\\\/particulier\\\/product\\\/miraveda-sea-scrub-pedicure-gommage\\\/\",\"url\":\"https:\\\/\\\/italwaxfrance.fr\\\/particulier\\\/product\\\/miraveda-sea-scrub-pedicure-gommage\\\/\",\"name\":\"Gommage au Sel de Mer - Miraveda Sea Scrub\",\"isPartOf\":{\"@id\":\"https:\\\/\\\/italwaxfrance.fr\\\/particulier\\\/#website\"},\"primaryImageOfPage\":{\"@id\":\"https:\\\/\\\/italwaxfrance.fr\\\/particulier\\\/product\\\/miraveda-sea-scrub-pedicure-gommage\\\/#primaryimage\"},\"image\":{\"@id\":\"https:\\\/\\\/italwaxfrance.fr\\\/particulier\\\/product\\\/miraveda-sea-scrub-pedicure-gommage\\\/#primaryimage\"},\"thumbnailUrl\":\"https:\\\/\\\/italwaxfrance.fr\\\/particulier\\\/wp-content\\\/uploads\\\/sites\\\/12\\\/2022\\\/03\\\/italwax-shop-miraveda-scrub-sea.jpg\",\"datePublished\":\"2022-03-29T14:21:06+00:00\",\"dateModified\":\"2026-01-28T13:25:00+00:00\",\"description\":\"Gommage au sel de mer \\\"Sea\\\" Miraveda pour une p\u00e9dicure efficace. Exfolie en douceur, nourrit et revitalise la peau, laissant vos pieds doux et \u00e9clatants.\",\"breadcrumb\":{\"@id\":\"https:\\\/\\\/italwaxfrance.fr\\\/particulier\\\/product\\\/miraveda-sea-scrub-pedicure-gommage\\\/#breadcrumb\"},\"inLanguage\":\"fr-FR\",\"potentialAction\":[{\"@type\":\"ReadAction\",\"target\":[\"https:\\\/\\\/italwaxfrance.fr\\\/particulier\\\/product\\\/miraveda-sea-scrub-pedicure-gommage\\\/\"]}]},{\"@type\":\"ImageObject\",\"inLanguage\":\"fr-FR\",\"@id\":\"https:\\\/\\\/italwaxfrance.fr\\\/particulier\\\/product\\\/miraveda-sea-scrub-pedicure-gommage\\\/#primaryimage\",\"url\":\"https:\\\/\\\/italwaxfrance.fr\\\/particulier\\\/wp-content\\\/uploads\\\/sites\\\/12\\\/2022\\\/03\\\/italwax-shop-miraveda-scrub-sea.jpg\",\"contentUrl\":\"https:\\\/\\\/italwaxfrance.fr\\\/particulier\\\/wp-content\\\/uploads\\\/sites\\\/12\\\/2022\\\/03\\\/italwax-shop-miraveda-scrub-sea.jpg\",\"width\":1000,\"height\":1000,\"caption\":\"scrub italwax gommage\"},{\"@type\":\"BreadcrumbList\",\"@id\":\"https:\\\/\\\/italwaxfrance.fr\\\/particulier\\\/product\\\/miraveda-sea-scrub-pedicure-gommage\\\/#breadcrumb\",\"itemListElement\":[{\"@type\":\"ListItem\",\"position\":1,\"name\":\"Accueil\",\"item\":\"https:\\\/\\\/italwaxfrance.fr\\\/particulier\\\/\"},{\"@type\":\"ListItem\",\"position\":2,\"name\":\"Score\",\"item\":\"https:\\\/\\\/italwaxfrance.fr\\\/particulier\\\/shop\\\/\"},{\"@type\":\"ListItem\",\"position\":3,\"name\":\"Gommage au Sel de Mer &#8211; Miraveda Sea Scrub\"}]},{\"@type\":\"WebSite\",\"@id\":\"https:\\\/\\\/italwaxfrance.fr\\\/particulier\\\/#website\",\"url\":\"https:\\\/\\\/italwaxfrance.fr\\\/particulier\\\/\",\"name\":\"Italwax France Particulier\",\"description\":\"Cosm\u00e9tiques professionnels\",\"publisher\":{\"@id\":\"https:\\\/\\\/italwaxfrance.fr\\\/particulier\\\/#organization\"},\"potentialAction\":[{\"@type\":\"SearchAction\",\"target\":{\"@type\":\"EntryPoint\",\"urlTemplate\":\"https:\\\/\\\/italwaxfrance.fr\\\/particulier\\\/?s={search_term_string}\"},\"query-input\":{\"@type\":\"PropertyValueSpecification\",\"valueRequired\":true,\"valueName\":\"search_term_string\"}}],\"inLanguage\":\"fr-FR\"},{\"@type\":\"Organization\",\"@id\":\"https:\\\/\\\/italwaxfrance.fr\\\/particulier\\\/#organization\",\"name\":\"Italwax France\",\"url\":\"https:\\\/\\\/italwaxfrance.fr\\\/particulier\\\/\",\"logo\":{\"@type\":\"ImageObject\",\"inLanguage\":\"fr-FR\",\"@id\":\"https:\\\/\\\/italwaxfrance.fr\\\/particulier\\\/#\\\/schema\\\/logo\\\/image\\\/\",\"url\":\"https:\\\/\\\/italwaxfrance.fr\\\/particulier\\\/wp-content\\\/uploads\\\/sites\\\/12\\\/2022\\\/04\\\/logo.png\",\"contentUrl\":\"https:\\\/\\\/italwaxfrance.fr\\\/particulier\\\/wp-content\\\/uploads\\\/sites\\\/12\\\/2022\\\/04\\\/logo.png\",\"width\":334,\"height\":158,\"caption\":\"Italwax France\"},\"image\":{\"@id\":\"https:\\\/\\\/italwaxfrance.fr\\\/particulier\\\/#\\\/schema\\\/logo\\\/image\\\/\"},\"sameAs\":[\"https:\\\/\\\/www.instagram.com\\\/italwaxfrance\\\/\",\"https:\\\/\\\/www.youtube.com\\\/@ItalwaxMedia\"]}]}<\/script>\n<!-- \/ Yoast SEO Premium plugin. -->","yoast_head_json":{"title":"Gommage au Sel de Mer - Miraveda Sea Scrub","description":"Gommage au sel de mer \"Sea\" Miraveda pour une p\u00e9dicure efficace. Exfolie en douceur, nourrit et revitalise la peau, laissant vos pieds doux et \u00e9clatants.","robots":{"index":"index","follow":"follow","max-snippet":"max-snippet:-1","max-image-preview":"max-image-preview:large","max-video-preview":"max-video-preview:-1"},"canonical":"https:\/\/italwaxfrance.fr\/particulier\/product\/miraveda-sea-scrub-pedicure-gommage\/","og_locale":"fr_FR","og_type":"article","og_title":"Gommage au Sel de Mer - Miraveda Sea Scrub","og_description":"Gommage au sel de mer \"Sea\" Miraveda pour une p\u00e9dicure efficace. Exfolie en douceur, nourrit et revitalise la peau, laissant vos pieds doux et \u00e9clatants.","og_url":"https:\/\/italwaxfrance.fr\/particulier\/product\/miraveda-sea-scrub-pedicure-gommage\/","og_site_name":"Italwax France Particulier","article_modified_time":"2026-01-28T13:25:00+00:00","og_image":[{"width":1000,"height":1000,"url":"http:\/\/italwaxfrance.fr\/particulier\/wp-content\/uploads\/sites\/12\/2022\/03\/italwax-shop-miraveda-scrub-sea.jpg","type":"image\/jpeg"}],"twitter_card":"summary_large_image","twitter_misc":{"Dur\u00e9e de lecture estim\u00e9e":"2 minutes"},"schema":{"@context":"https:\/\/schema.org","@graph":[{"@type":"WebPage","@id":"https:\/\/italwaxfrance.fr\/particulier\/product\/miraveda-sea-scrub-pedicure-gommage\/","url":"https:\/\/italwaxfrance.fr\/particulier\/product\/miraveda-sea-scrub-pedicure-gommage\/","name":"Gommage au Sel de Mer - Miraveda Sea Scrub","isPartOf":{"@id":"https:\/\/italwaxfrance.fr\/particulier\/#website"},"primaryImageOfPage":{"@id":"https:\/\/italwaxfrance.fr\/particulier\/product\/miraveda-sea-scrub-pedicure-gommage\/#primaryimage"},"image":{"@id":"https:\/\/italwaxfrance.fr\/particulier\/product\/miraveda-sea-scrub-pedicure-gommage\/#primaryimage"},"thumbnailUrl":"https:\/\/italwaxfrance.fr\/particulier\/wp-content\/uploads\/sites\/12\/2022\/03\/italwax-shop-miraveda-scrub-sea.jpg","datePublished":"2022-03-29T14:21:06+00:00","dateModified":"2026-01-28T13:25:00+00:00","description":"Gommage au sel de mer \"Sea\" Miraveda pour une p\u00e9dicure efficace. Exfolie en douceur, nourrit et revitalise la peau, laissant vos pieds doux et \u00e9clatants.","breadcrumb":{"@id":"https:\/\/italwaxfrance.fr\/particulier\/product\/miraveda-sea-scrub-pedicure-gommage\/#breadcrumb"},"inLanguage":"fr-FR","potentialAction":[{"@type":"ReadAction","target":["https:\/\/italwaxfrance.fr\/particulier\/product\/miraveda-sea-scrub-pedicure-gommage\/"]}]},{"@type":"ImageObject","inLanguage":"fr-FR","@id":"https:\/\/italwaxfrance.fr\/particulier\/product\/miraveda-sea-scrub-pedicure-gommage\/#primaryimage","url":"https:\/\/italwaxfrance.fr\/particulier\/wp-content\/uploads\/sites\/12\/2022\/03\/italwax-shop-miraveda-scrub-sea.jpg","contentUrl":"https:\/\/italwaxfrance.fr\/particulier\/wp-content\/uploads\/sites\/12\/2022\/03\/italwax-shop-miraveda-scrub-sea.jpg","width":1000,"height":1000,"caption":"scrub italwax gommage"},{"@type":"BreadcrumbList","@id":"https:\/\/italwaxfrance.fr\/particulier\/product\/miraveda-sea-scrub-pedicure-gommage\/#breadcrumb","itemListElement":[{"@type":"ListItem","position":1,"name":"Accueil","item":"https:\/\/italwaxfrance.fr\/particulier\/"},{"@type":"ListItem","position":2,"name":"Score","item":"https:\/\/italwaxfrance.fr\/particulier\/shop\/"},{"@type":"ListItem","position":3,"name":"Gommage au Sel de Mer &#8211; Miraveda Sea Scrub"}]},{"@type":"WebSite","@id":"https:\/\/italwaxfrance.fr\/particulier\/#website","url":"https:\/\/italwaxfrance.fr\/particulier\/","name":"Italwax France Particulier","description":"Cosm\u00e9tiques professionnels","publisher":{"@id":"https:\/\/italwaxfrance.fr\/particulier\/#organization"},"potentialAction":[{"@type":"SearchAction","target":{"@type":"EntryPoint","urlTemplate":"https:\/\/italwaxfrance.fr\/particulier\/?s={search_term_string}"},"query-input":{"@type":"PropertyValueSpecification","valueRequired":true,"valueName":"search_term_string"}}],"inLanguage":"fr-FR"},{"@type":"Organization","@id":"https:\/\/italwaxfrance.fr\/particulier\/#organization","name":"Italwax France","url":"https:\/\/italwaxfrance.fr\/particulier\/","logo":{"@type":"ImageObject","inLanguage":"fr-FR","@id":"https:\/\/italwaxfrance.fr\/particulier\/#\/schema\/logo\/image\/","url":"https:\/\/italwaxfrance.fr\/particulier\/wp-content\/uploads\/sites\/12\/2022\/04\/logo.png","contentUrl":"https:\/\/italwaxfrance.fr\/particulier\/wp-content\/uploads\/sites\/12\/2022\/04\/logo.png","width":334,"height":158,"caption":"Italwax France"},"image":{"@id":"https:\/\/italwaxfrance.fr\/particulier\/#\/schema\/logo\/image\/"},"sameAs":["https:\/\/www.instagram.com\/italwaxfrance\/","https:\/\/www.youtube.com\/@ItalwaxMedia"]}]}},"_links":{"self":[{"href":"https:\/\/italwaxfrance.fr\/particulier\/wp-json\/wp\/v2\/product\/44","targetHints":{"allow":["GET"]}}],"collection":[{"href":"https:\/\/italwaxfrance.fr\/particulier\/wp-json\/wp\/v2\/product"}],"about":[{"href":"https:\/\/italwaxfrance.fr\/particulier\/wp-json\/wp\/v2\/types\/product"}],"replies":[{"embeddable":true,"href":"https:\/\/italwaxfrance.fr\/particulier\/wp-json\/wp\/v2\/comments?post=44"}],"wp:featuredmedia":[{"embeddable":true,"href":"https:\/\/italwaxfrance.fr\/particulier\/wp-json\/wp\/v2\/media\/945"}],"wp:attachment":[{"href":"https:\/\/italwaxfrance.fr\/particulier\/wp-json\/wp\/v2\/media?parent=44"}],"wp:term":[{"taxonomy":"product_brand","embeddable":true,"href":"https:\/\/italwaxfrance.fr\/particulier\/wp-json\/wp\/v2\/product_brand?post=44"},{"taxonomy":"product_cat","embeddable":true,"href":"https:\/\/italwaxfrance.fr\/particulier\/wp-json\/wp\/v2\/product_cat?post=44"},{"taxonomy":"product_tag","embeddable":true,"href":"https:\/\/italwaxfrance.fr\/particulier\/wp-json\/wp\/v2\/product_tag?post=44"}],"curies":[{"name":"wp","href":"https:\/\/api.w.org\/{rel}","templated":true}]}}