{"id":40,"date":"2022-03-29T17:21:06","date_gmt":"2022-03-29T14:21:06","guid":{"rendered":"https:\/\/www.italwaxfrance.fr\/particulier\/?post_type=product&#038;p=40"},"modified":"2026-02-03T13:39:00","modified_gmt":"2026-02-03T10:39:00","slug":"miraveda-almond-lotion-hydratante-corps","status":"publish","type":"product","link":"https:\/\/italwaxfrance.fr\/particulier\/product\/miraveda-almond-lotion-hydratante-corps\/","title":{"rendered":"Miraveda Lotion Hydratante aux Amandes"},"content":{"rendered":"<div class=\"page\" title=\"Page 17\">\n<div class=\"section\">\n<div class=\"layoutArea\">\n<div class=\"column\">\n<div class=\"page\" title=\"Page 17\">\n<div class=\"section\">\n<div class=\"layoutArea\">\n<div class=\"column\">\n<h2><strong>Lotion Hydratante Aux Amandes Miraveda Italwax \u2013 Soin Nourrissant pour Mains et Corps<\/strong><\/h2>\n<p>La lotion hydratante Miraveda Italwax est un soin con\u00e7u \u00e0 partir d\u2019huile d\u2019amande naturelle de haute qualit\u00e9. Elle offre un traitement r\u00e9parateur et nourrissant pour les mains, les pieds et le corps. Sa formule l\u00e9g\u00e8re p\u00e9n\u00e8tre rapidement, sans laisser de film gras, et agit contre la s\u00e9cheresse et la peau qui tiraille.<\/p>\n<h3><strong>Un Soin Hydratant et Nourrissant<\/strong><\/h3>\n<p data-start=\"137\" data-end=\"549\">Gr\u00e2ce aux vertus antioxydantes et nourrissantes de l\u2019huile d\u2019amande douce, cette lotion hydratante agit en profondeur pour restaurer et renforcer la barri\u00e8re cutan\u00e9e. Sa formule onctueuse p\u00e9n\u00e8tre rapidement sans laisser de film gras, apportant un confort imm\u00e9diat aux mains s\u00e8ches, rugueuses ou ab\u00eem\u00e9es par les agressions ext\u00e9rieures du quotidien, comme le froid, le lavage fr\u00e9quent ou les produits d\u00e9tergents.<\/p>\n<p data-start=\"551\" data-end=\"822\">Utilis\u00e9e r\u00e9guli\u00e8rement, elle contribue \u00e0 am\u00e9liorer visiblement la texture de la peau : elle devient plus souple, plus douce au toucher, et son aspect est visiblement liss\u00e9 et unifi\u00e9. Un soin essentiel pour des mains durablement nourries, prot\u00e9g\u00e9es et \u00e9clatantes de sant\u00e9.<\/p>\n<h3><strong>R\u00e9sultats Visibles<\/strong><\/h3>\n<p>La lotion hydratante aux amandes r\u00e9duit la sensation de tiraillement et nourrit intens\u00e9ment la peau. Elle r\u00e9pare la peau de mani\u00e8re durable, apportant une sensation de confort imm\u00e9diat. C\u2019est le soin parfait pour lutter contre la s\u00e9cheresse cutan\u00e9e.<\/p>\n<h3><strong>Format Pratique de cette Lotion Hydratante aux amandes<\/strong><\/h3>\n<p>Disponible en format de 250 ml, cette lotion est facile \u00e0 utiliser au quotidien pour un soin rapide et efficace. Adoptez-la pour des mains et une peau \u00e9clatantes de sant\u00e9.<\/p>\n<\/div>\n<\/div>\n<\/div>\n<\/div>\n<\/div>\n<\/div>\n<\/div>\n<\/div>\n","protected":false},"excerpt":{"rendered":"<p>Lotion Hydratante Aux Amandes Miraveda Italwax \u2013 Soin Nourrissant pour Mains et Corps La lotion hydratante Miraveda Italwax est un soin con\u00e7u \u00e0 partir d\u2019huile d\u2019amande naturelle de haute qualit\u00e9. Elle offre un traitement r\u00e9parateur et nourrissant pour les mains, les pieds et le corps. Sa formule l\u00e9g\u00e8re p\u00e9n\u00e8tre rapidement, sans laisser de film gras,&#8230; <a href=\"https:\/\/italwaxfrance.fr\/particulier\/product\/miraveda-almond-lotion-hydratante-corps\/\">Read More<\/a><\/p>\n","protected":false},"featured_media":83,"comment_status":"closed","ping_status":"closed","template":"","meta":[],"product_brand":[],"product_cat":[22,40],"product_tag":[],"class_list":{"0":"post-40","1":"product","2":"type-product","3":"status-publish","4":"has-post-thumbnail","6":"product_cat-cosmetiques-naturels-soins-de-la-peau-miraveda-gommages-lotions","7":"product_cat-huilles-et-lotions","9":"first","10":"instock","11":"featured","12":"taxable","13":"shipping-taxable","14":"purchasable","15":"product-type-simple"},"yoast_head":"<!-- This site is optimized with the Yoast SEO Premium plugin v27.2 (Yoast SEO v27.5) - https:\/\/yoast.com\/product\/yoast-seo-premium-wordpress\/ -->\n<title>Miraveda Lotion Hydratante aux Amandes - Italwax France Particulier<\/title>\n<meta name=\"description\" content=\"La lotion hydratante aux amandes Miraveda Italwax, un soin nourrissant et r\u00e9parateur. Sa formule l\u00e9g\u00e8re hydrate en profondeur pour une peau revitalis\u00e9e.\" \/>\n<meta name=\"robots\" content=\"index, follow, max-snippet:-1, max-image-preview:large, max-video-preview:-1\" \/>\n<link rel=\"canonical\" href=\"https:\/\/italwaxfrance.fr\/particulier\/product\/miraveda-almond-lotion-hydratante-corps\/\" \/>\n<meta property=\"og:locale\" content=\"fr_FR\" \/>\n<meta property=\"og:type\" content=\"article\" \/>\n<meta property=\"og:title\" content=\"Miraveda Lotion Hydratante aux Amandes\" \/>\n<meta property=\"og:description\" content=\"La lotion hydratante aux amandes Miraveda Italwax, un soin nourrissant et r\u00e9parateur. Sa formule l\u00e9g\u00e8re hydrate en profondeur pour une peau revitalis\u00e9e.\" \/>\n<meta property=\"og:url\" content=\"https:\/\/italwaxfrance.fr\/particulier\/product\/miraveda-almond-lotion-hydratante-corps\/\" \/>\n<meta property=\"og:site_name\" content=\"Italwax France Particulier\" \/>\n<meta property=\"article:modified_time\" content=\"2026-02-03T10:39:00+00:00\" \/>\n<meta property=\"og:image\" content=\"http:\/\/italwaxfrance.fr\/particulier\/wp-content\/uploads\/sites\/12\/2022\/03\/miraveda_lotion_almond.jpg\" \/>\n\t<meta property=\"og:image:width\" content=\"1180\" \/>\n\t<meta property=\"og:image:height\" content=\"600\" \/>\n\t<meta property=\"og:image:type\" content=\"image\/jpeg\" \/>\n<meta name=\"twitter:card\" content=\"summary_large_image\" \/>\n<meta name=\"twitter:label1\" content=\"Dur\u00e9e de lecture estim\u00e9e\" \/>\n\t<meta name=\"twitter:data1\" content=\"2 minutes\" \/>\n<script type=\"application\/ld+json\" class=\"yoast-schema-graph\">{\"@context\":\"https:\\\/\\\/schema.org\",\"@graph\":[{\"@type\":\"WebPage\",\"@id\":\"https:\\\/\\\/italwaxfrance.fr\\\/particulier\\\/product\\\/miraveda-almond-lotion-hydratante-corps\\\/\",\"url\":\"https:\\\/\\\/italwaxfrance.fr\\\/particulier\\\/product\\\/miraveda-almond-lotion-hydratante-corps\\\/\",\"name\":\"Miraveda Lotion Hydratante aux Amandes - Italwax France Particulier\",\"isPartOf\":{\"@id\":\"https:\\\/\\\/italwaxfrance.fr\\\/particulier\\\/#website\"},\"primaryImageOfPage\":{\"@id\":\"https:\\\/\\\/italwaxfrance.fr\\\/particulier\\\/product\\\/miraveda-almond-lotion-hydratante-corps\\\/#primaryimage\"},\"image\":{\"@id\":\"https:\\\/\\\/italwaxfrance.fr\\\/particulier\\\/product\\\/miraveda-almond-lotion-hydratante-corps\\\/#primaryimage\"},\"thumbnailUrl\":\"https:\\\/\\\/italwaxfrance.fr\\\/particulier\\\/wp-content\\\/uploads\\\/sites\\\/12\\\/2022\\\/03\\\/miraveda_lotion_almond.jpg\",\"datePublished\":\"2022-03-29T14:21:06+00:00\",\"dateModified\":\"2026-02-03T10:39:00+00:00\",\"description\":\"La lotion hydratante aux amandes Miraveda Italwax, un soin nourrissant et r\u00e9parateur. Sa formule l\u00e9g\u00e8re hydrate en profondeur pour une peau revitalis\u00e9e.\",\"breadcrumb\":{\"@id\":\"https:\\\/\\\/italwaxfrance.fr\\\/particulier\\\/product\\\/miraveda-almond-lotion-hydratante-corps\\\/#breadcrumb\"},\"inLanguage\":\"fr-FR\",\"potentialAction\":[{\"@type\":\"ReadAction\",\"target\":[\"https:\\\/\\\/italwaxfrance.fr\\\/particulier\\\/product\\\/miraveda-almond-lotion-hydratante-corps\\\/\"]}]},{\"@type\":\"ImageObject\",\"inLanguage\":\"fr-FR\",\"@id\":\"https:\\\/\\\/italwaxfrance.fr\\\/particulier\\\/product\\\/miraveda-almond-lotion-hydratante-corps\\\/#primaryimage\",\"url\":\"https:\\\/\\\/italwaxfrance.fr\\\/particulier\\\/wp-content\\\/uploads\\\/sites\\\/12\\\/2022\\\/03\\\/miraveda_lotion_almond.jpg\",\"contentUrl\":\"https:\\\/\\\/italwaxfrance.fr\\\/particulier\\\/wp-content\\\/uploads\\\/sites\\\/12\\\/2022\\\/03\\\/miraveda_lotion_almond.jpg\",\"width\":1180,\"height\":600,\"caption\":\"La lotion hydratante aux amandes Miraveda Italwax pour mains et corps\"},{\"@type\":\"BreadcrumbList\",\"@id\":\"https:\\\/\\\/italwaxfrance.fr\\\/particulier\\\/product\\\/miraveda-almond-lotion-hydratante-corps\\\/#breadcrumb\",\"itemListElement\":[{\"@type\":\"ListItem\",\"position\":1,\"name\":\"Accueil\",\"item\":\"https:\\\/\\\/italwaxfrance.fr\\\/particulier\\\/\"},{\"@type\":\"ListItem\",\"position\":2,\"name\":\"Score\",\"item\":\"https:\\\/\\\/italwaxfrance.fr\\\/particulier\\\/shop\\\/\"},{\"@type\":\"ListItem\",\"position\":3,\"name\":\"Miraveda Lotion Hydratante aux Amandes\"}]},{\"@type\":\"WebSite\",\"@id\":\"https:\\\/\\\/italwaxfrance.fr\\\/particulier\\\/#website\",\"url\":\"https:\\\/\\\/italwaxfrance.fr\\\/particulier\\\/\",\"name\":\"Italwax France Particulier\",\"description\":\"Cosm\u00e9tiques professionnels\",\"publisher\":{\"@id\":\"https:\\\/\\\/italwaxfrance.fr\\\/particulier\\\/#organization\"},\"potentialAction\":[{\"@type\":\"SearchAction\",\"target\":{\"@type\":\"EntryPoint\",\"urlTemplate\":\"https:\\\/\\\/italwaxfrance.fr\\\/particulier\\\/?s={search_term_string}\"},\"query-input\":{\"@type\":\"PropertyValueSpecification\",\"valueRequired\":true,\"valueName\":\"search_term_string\"}}],\"inLanguage\":\"fr-FR\"},{\"@type\":\"Organization\",\"@id\":\"https:\\\/\\\/italwaxfrance.fr\\\/particulier\\\/#organization\",\"name\":\"Italwax France\",\"url\":\"https:\\\/\\\/italwaxfrance.fr\\\/particulier\\\/\",\"logo\":{\"@type\":\"ImageObject\",\"inLanguage\":\"fr-FR\",\"@id\":\"https:\\\/\\\/italwaxfrance.fr\\\/particulier\\\/#\\\/schema\\\/logo\\\/image\\\/\",\"url\":\"https:\\\/\\\/italwaxfrance.fr\\\/particulier\\\/wp-content\\\/uploads\\\/sites\\\/12\\\/2022\\\/04\\\/logo.png\",\"contentUrl\":\"https:\\\/\\\/italwaxfrance.fr\\\/particulier\\\/wp-content\\\/uploads\\\/sites\\\/12\\\/2022\\\/04\\\/logo.png\",\"width\":334,\"height\":158,\"caption\":\"Italwax France\"},\"image\":{\"@id\":\"https:\\\/\\\/italwaxfrance.fr\\\/particulier\\\/#\\\/schema\\\/logo\\\/image\\\/\"},\"sameAs\":[\"https:\\\/\\\/www.instagram.com\\\/italwaxfrance\\\/\",\"https:\\\/\\\/www.youtube.com\\\/@ItalwaxMedia\"]}]}<\/script>\n<!-- \/ Yoast SEO Premium plugin. -->","yoast_head_json":{"title":"Miraveda Lotion Hydratante aux Amandes - Italwax France Particulier","description":"La lotion hydratante aux amandes Miraveda Italwax, un soin nourrissant et r\u00e9parateur. Sa formule l\u00e9g\u00e8re hydrate en profondeur pour une peau revitalis\u00e9e.","robots":{"index":"index","follow":"follow","max-snippet":"max-snippet:-1","max-image-preview":"max-image-preview:large","max-video-preview":"max-video-preview:-1"},"canonical":"https:\/\/italwaxfrance.fr\/particulier\/product\/miraveda-almond-lotion-hydratante-corps\/","og_locale":"fr_FR","og_type":"article","og_title":"Miraveda Lotion Hydratante aux Amandes","og_description":"La lotion hydratante aux amandes Miraveda Italwax, un soin nourrissant et r\u00e9parateur. Sa formule l\u00e9g\u00e8re hydrate en profondeur pour une peau revitalis\u00e9e.","og_url":"https:\/\/italwaxfrance.fr\/particulier\/product\/miraveda-almond-lotion-hydratante-corps\/","og_site_name":"Italwax France Particulier","article_modified_time":"2026-02-03T10:39:00+00:00","og_image":[{"width":1180,"height":600,"url":"http:\/\/italwaxfrance.fr\/particulier\/wp-content\/uploads\/sites\/12\/2022\/03\/miraveda_lotion_almond.jpg","type":"image\/jpeg"}],"twitter_card":"summary_large_image","twitter_misc":{"Dur\u00e9e de lecture estim\u00e9e":"2 minutes"},"schema":{"@context":"https:\/\/schema.org","@graph":[{"@type":"WebPage","@id":"https:\/\/italwaxfrance.fr\/particulier\/product\/miraveda-almond-lotion-hydratante-corps\/","url":"https:\/\/italwaxfrance.fr\/particulier\/product\/miraveda-almond-lotion-hydratante-corps\/","name":"Miraveda Lotion Hydratante aux Amandes - Italwax France Particulier","isPartOf":{"@id":"https:\/\/italwaxfrance.fr\/particulier\/#website"},"primaryImageOfPage":{"@id":"https:\/\/italwaxfrance.fr\/particulier\/product\/miraveda-almond-lotion-hydratante-corps\/#primaryimage"},"image":{"@id":"https:\/\/italwaxfrance.fr\/particulier\/product\/miraveda-almond-lotion-hydratante-corps\/#primaryimage"},"thumbnailUrl":"https:\/\/italwaxfrance.fr\/particulier\/wp-content\/uploads\/sites\/12\/2022\/03\/miraveda_lotion_almond.jpg","datePublished":"2022-03-29T14:21:06+00:00","dateModified":"2026-02-03T10:39:00+00:00","description":"La lotion hydratante aux amandes Miraveda Italwax, un soin nourrissant et r\u00e9parateur. Sa formule l\u00e9g\u00e8re hydrate en profondeur pour une peau revitalis\u00e9e.","breadcrumb":{"@id":"https:\/\/italwaxfrance.fr\/particulier\/product\/miraveda-almond-lotion-hydratante-corps\/#breadcrumb"},"inLanguage":"fr-FR","potentialAction":[{"@type":"ReadAction","target":["https:\/\/italwaxfrance.fr\/particulier\/product\/miraveda-almond-lotion-hydratante-corps\/"]}]},{"@type":"ImageObject","inLanguage":"fr-FR","@id":"https:\/\/italwaxfrance.fr\/particulier\/product\/miraveda-almond-lotion-hydratante-corps\/#primaryimage","url":"https:\/\/italwaxfrance.fr\/particulier\/wp-content\/uploads\/sites\/12\/2022\/03\/miraveda_lotion_almond.jpg","contentUrl":"https:\/\/italwaxfrance.fr\/particulier\/wp-content\/uploads\/sites\/12\/2022\/03\/miraveda_lotion_almond.jpg","width":1180,"height":600,"caption":"La lotion hydratante aux amandes Miraveda Italwax pour mains et corps"},{"@type":"BreadcrumbList","@id":"https:\/\/italwaxfrance.fr\/particulier\/product\/miraveda-almond-lotion-hydratante-corps\/#breadcrumb","itemListElement":[{"@type":"ListItem","position":1,"name":"Accueil","item":"https:\/\/italwaxfrance.fr\/particulier\/"},{"@type":"ListItem","position":2,"name":"Score","item":"https:\/\/italwaxfrance.fr\/particulier\/shop\/"},{"@type":"ListItem","position":3,"name":"Miraveda Lotion Hydratante aux Amandes"}]},{"@type":"WebSite","@id":"https:\/\/italwaxfrance.fr\/particulier\/#website","url":"https:\/\/italwaxfrance.fr\/particulier\/","name":"Italwax France Particulier","description":"Cosm\u00e9tiques professionnels","publisher":{"@id":"https:\/\/italwaxfrance.fr\/particulier\/#organization"},"potentialAction":[{"@type":"SearchAction","target":{"@type":"EntryPoint","urlTemplate":"https:\/\/italwaxfrance.fr\/particulier\/?s={search_term_string}"},"query-input":{"@type":"PropertyValueSpecification","valueRequired":true,"valueName":"search_term_string"}}],"inLanguage":"fr-FR"},{"@type":"Organization","@id":"https:\/\/italwaxfrance.fr\/particulier\/#organization","name":"Italwax France","url":"https:\/\/italwaxfrance.fr\/particulier\/","logo":{"@type":"ImageObject","inLanguage":"fr-FR","@id":"https:\/\/italwaxfrance.fr\/particulier\/#\/schema\/logo\/image\/","url":"https:\/\/italwaxfrance.fr\/particulier\/wp-content\/uploads\/sites\/12\/2022\/04\/logo.png","contentUrl":"https:\/\/italwaxfrance.fr\/particulier\/wp-content\/uploads\/sites\/12\/2022\/04\/logo.png","width":334,"height":158,"caption":"Italwax France"},"image":{"@id":"https:\/\/italwaxfrance.fr\/particulier\/#\/schema\/logo\/image\/"},"sameAs":["https:\/\/www.instagram.com\/italwaxfrance\/","https:\/\/www.youtube.com\/@ItalwaxMedia"]}]}},"_links":{"self":[{"href":"https:\/\/italwaxfrance.fr\/particulier\/wp-json\/wp\/v2\/product\/40","targetHints":{"allow":["GET"]}}],"collection":[{"href":"https:\/\/italwaxfrance.fr\/particulier\/wp-json\/wp\/v2\/product"}],"about":[{"href":"https:\/\/italwaxfrance.fr\/particulier\/wp-json\/wp\/v2\/types\/product"}],"replies":[{"embeddable":true,"href":"https:\/\/italwaxfrance.fr\/particulier\/wp-json\/wp\/v2\/comments?post=40"}],"wp:featuredmedia":[{"embeddable":true,"href":"https:\/\/italwaxfrance.fr\/particulier\/wp-json\/wp\/v2\/media\/83"}],"wp:attachment":[{"href":"https:\/\/italwaxfrance.fr\/particulier\/wp-json\/wp\/v2\/media?parent=40"}],"wp:term":[{"taxonomy":"product_brand","embeddable":true,"href":"https:\/\/italwaxfrance.fr\/particulier\/wp-json\/wp\/v2\/product_brand?post=40"},{"taxonomy":"product_cat","embeddable":true,"href":"https:\/\/italwaxfrance.fr\/particulier\/wp-json\/wp\/v2\/product_cat?post=40"},{"taxonomy":"product_tag","embeddable":true,"href":"https:\/\/italwaxfrance.fr\/particulier\/wp-json\/wp\/v2\/product_tag?post=40"}],"curies":[{"name":"wp","href":"https:\/\/api.w.org\/{rel}","templated":true}]}}