{"id":274,"date":"2022-03-29T17:24:48","date_gmt":"2022-03-29T14:24:48","guid":{"rendered":"https:\/\/www.italwaxfrance.fr\/particulier\/?post_type=product&#038;p=274"},"modified":"2026-01-28T15:40:04","modified_gmt":"2026-01-28T12:40:04","slug":"cire-chaude-coral-hypoallergenique-coral-italwax","status":"publish","type":"product","link":"https:\/\/italwaxfrance.fr\/particulier\/product\/cire-chaude-coral-hypoallergenique-coral-italwax\/","title":{"rendered":"Italwax Top Line Coral &#8211; cire chaude hypoallerg\u00e9nique"},"content":{"rendered":"<p>La <strong>cire chaude Coral hypoallerg\u00e9nique<\/strong> Italwax Top Line est sp\u00e9cialement con\u00e7ue pour les peaux sensibles, offrant une \u00e9pilation efficace et confortable, sans risque d\u2019irritation ni de rougeurs. Sa formule \u00e0 base de polym\u00e8res synth\u00e9tiques de haute qualit\u00e9 (SP Wax) et l\u2019absence de r\u00e9sine naturelle de pin assurent une \u00e9pilation douce, id\u00e9ale pour les zones d\u00e9licates telles que le maillot, le visage et les aisselles.<\/p>\n<p>Cette cire cr\u00e9meuse et brillante est facile \u00e0 appliquer, \u00e0 une <em><strong><a href=\"https:\/\/italwaxfrance.fr\/particulier\/product\/chauffe-cire-liberty-pour-boites-800ml\/\">temp\u00e9rature id\u00e9ale de 40\u00b0C<\/a><\/strong><\/em>, sans br\u00fbler ni agresser la peau. Ultra souple, elle capte les poils les plus courts et les plus fins, tout en restant agr\u00e9able \u00e0 utiliser. Elle s\u2019applique avec une spatule et s\u2019enl\u00e8ve sans bande, garantissant une \u00e9pilation rapide et sans douleur.<\/p>\n<p>Son conditionnement pratique en sachet ziplock de 100g ou 750g prot\u00e8ge la cire de la poussi\u00e8re, assurant une longue conservation et une utilisation optimale.<\/p>\n<h3><strong>Caract\u00e9ristiques :<\/strong><\/h3>\n<ul>\n<li><strong>Hypoallerg\u00e9nique<\/strong> : Ne provoque pas d\u2019allergies, m\u00eame sur les peaux sensibles.<\/li>\n<li><strong>Facile \u00e0 appliquer<\/strong> : S\u2019applique et se retire sans bande.<\/li>\n<li><strong>Haute qualit\u00e9<\/strong> : Cire \u00e0 base de polym\u00e8res synth\u00e9tiques, sans r\u00e9sine de pin.<\/li>\n<li><strong>Temp\u00e9rature de fusion basse<\/strong> : \u00c9pilation \u00e0 40\u00b0C, parfaite pour les zones d\u00e9licates.<\/li>\n<\/ul>\n","protected":false},"excerpt":{"rendered":"<p>La cire chaude Coral hypoallerg\u00e9nique Italwax Top Line est sp\u00e9cialement con\u00e7ue pour les peaux sensibles, offrant une \u00e9pilation efficace et confortable, sans risque d\u2019irritation ni de rougeurs. Sa formule \u00e0 base de polym\u00e8res synth\u00e9tiques de haute qualit\u00e9 (SP Wax) et l\u2019absence de r\u00e9sine naturelle de pin assurent une \u00e9pilation douce, id\u00e9ale pour les zones d\u00e9licates&#8230; <a href=\"https:\/\/italwaxfrance.fr\/particulier\/product\/cire-chaude-coral-hypoallergenique-coral-italwax\/\">Read More<\/a><\/p>\n","protected":false},"featured_media":623,"comment_status":"closed","ping_status":"closed","template":"","meta":[],"product_brand":[],"product_cat":[16,20],"product_tag":[],"class_list":{"0":"post-274","1":"product","2":"type-product","3":"status-publish","4":"has-post-thumbnail","6":"product_cat-cire-film-cires-pelables","7":"product_cat-cires-hypoallergeniques-pelables-sans-colophane","9":"first","10":"instock","11":"taxable","12":"shipping-taxable","13":"purchasable","14":"product-type-variable"},"yoast_head":"<!-- This site is optimized with the Yoast SEO Premium plugin v27.2 (Yoast SEO v27.5) - https:\/\/yoast.com\/product\/yoast-seo-premium-wordpress\/ -->\n<title>Italwax Top Line Coral - cire chaude hypoallerg\u00e9nique<\/title>\n<meta name=\"description\" content=\"Cire chaude Coral hypoallerg\u00e9nique Italwax Top Line, id\u00e9ale pour les peaux sensibles. \u00c9pilation douce des zones d\u00e9licates, sans irritation ni rougeurs.\" \/>\n<meta name=\"robots\" content=\"index, follow, max-snippet:-1, max-image-preview:large, max-video-preview:-1\" \/>\n<link rel=\"canonical\" href=\"https:\/\/italwaxfrance.fr\/particulier\/product\/cire-chaude-coral-hypoallergenique-coral-italwax\/\" \/>\n<meta property=\"og:locale\" content=\"fr_FR\" \/>\n<meta property=\"og:type\" content=\"article\" \/>\n<meta property=\"og:title\" content=\"Italwax Top Line Coral - cire chaude hypoallerg\u00e9nique\" \/>\n<meta property=\"og:description\" content=\"Cire chaude Coral hypoallerg\u00e9nique Italwax Top Line, id\u00e9ale pour les peaux sensibles. \u00c9pilation douce des zones d\u00e9licates, sans irritation ni rougeurs.\" \/>\n<meta property=\"og:url\" content=\"https:\/\/italwaxfrance.fr\/particulier\/product\/cire-chaude-coral-hypoallergenique-coral-italwax\/\" \/>\n<meta property=\"og:site_name\" content=\"Italwax France Particulier\" \/>\n<meta property=\"article:modified_time\" content=\"2026-01-28T12:40:04+00:00\" \/>\n<meta property=\"og:image\" content=\"http:\/\/italwaxfrance.fr\/particulier\/wp-content\/uploads\/sites\/12\/2022\/03\/italwax-shop-filmwax-topline-coral.jpg\" \/>\n\t<meta property=\"og:image:width\" content=\"1000\" \/>\n\t<meta property=\"og:image:height\" content=\"1000\" \/>\n\t<meta property=\"og:image:type\" content=\"image\/jpeg\" \/>\n<meta name=\"twitter:card\" content=\"summary_large_image\" \/>\n<meta name=\"twitter:label1\" content=\"Dur\u00e9e de lecture estim\u00e9e\" \/>\n\t<meta name=\"twitter:data1\" content=\"2 minutes\" \/>\n<script type=\"application\/ld+json\" class=\"yoast-schema-graph\">{\"@context\":\"https:\\\/\\\/schema.org\",\"@graph\":[{\"@type\":\"WebPage\",\"@id\":\"https:\\\/\\\/italwaxfrance.fr\\\/particulier\\\/product\\\/cire-chaude-coral-hypoallergenique-coral-italwax\\\/\",\"url\":\"https:\\\/\\\/italwaxfrance.fr\\\/particulier\\\/product\\\/cire-chaude-coral-hypoallergenique-coral-italwax\\\/\",\"name\":\"Italwax Top Line Coral - cire chaude hypoallerg\u00e9nique\",\"isPartOf\":{\"@id\":\"https:\\\/\\\/italwaxfrance.fr\\\/particulier\\\/#website\"},\"primaryImageOfPage\":{\"@id\":\"https:\\\/\\\/italwaxfrance.fr\\\/particulier\\\/product\\\/cire-chaude-coral-hypoallergenique-coral-italwax\\\/#primaryimage\"},\"image\":{\"@id\":\"https:\\\/\\\/italwaxfrance.fr\\\/particulier\\\/product\\\/cire-chaude-coral-hypoallergenique-coral-italwax\\\/#primaryimage\"},\"thumbnailUrl\":\"https:\\\/\\\/italwaxfrance.fr\\\/particulier\\\/wp-content\\\/uploads\\\/sites\\\/12\\\/2022\\\/03\\\/italwax-shop-filmwax-topline-coral.jpg\",\"datePublished\":\"2022-03-29T14:24:48+00:00\",\"dateModified\":\"2026-01-28T12:40:04+00:00\",\"description\":\"Cire chaude Coral hypoallerg\u00e9nique Italwax Top Line, id\u00e9ale pour les peaux sensibles. \u00c9pilation douce des zones d\u00e9licates, sans irritation ni rougeurs.\",\"breadcrumb\":{\"@id\":\"https:\\\/\\\/italwaxfrance.fr\\\/particulier\\\/product\\\/cire-chaude-coral-hypoallergenique-coral-italwax\\\/#breadcrumb\"},\"inLanguage\":\"fr-FR\",\"potentialAction\":[{\"@type\":\"ReadAction\",\"target\":[\"https:\\\/\\\/italwaxfrance.fr\\\/particulier\\\/product\\\/cire-chaude-coral-hypoallergenique-coral-italwax\\\/\"]}]},{\"@type\":\"ImageObject\",\"inLanguage\":\"fr-FR\",\"@id\":\"https:\\\/\\\/italwaxfrance.fr\\\/particulier\\\/product\\\/cire-chaude-coral-hypoallergenique-coral-italwax\\\/#primaryimage\",\"url\":\"https:\\\/\\\/italwaxfrance.fr\\\/particulier\\\/wp-content\\\/uploads\\\/sites\\\/12\\\/2022\\\/03\\\/italwax-shop-filmwax-topline-coral.jpg\",\"contentUrl\":\"https:\\\/\\\/italwaxfrance.fr\\\/particulier\\\/wp-content\\\/uploads\\\/sites\\\/12\\\/2022\\\/03\\\/italwax-shop-filmwax-topline-coral.jpg\",\"width\":1000,\"height\":1000,\"caption\":\"cire chaude Coral hypoallerg\u00e9nique\"},{\"@type\":\"BreadcrumbList\",\"@id\":\"https:\\\/\\\/italwaxfrance.fr\\\/particulier\\\/product\\\/cire-chaude-coral-hypoallergenique-coral-italwax\\\/#breadcrumb\",\"itemListElement\":[{\"@type\":\"ListItem\",\"position\":1,\"name\":\"Accueil\",\"item\":\"https:\\\/\\\/italwaxfrance.fr\\\/particulier\\\/\"},{\"@type\":\"ListItem\",\"position\":2,\"name\":\"Score\",\"item\":\"https:\\\/\\\/italwaxfrance.fr\\\/particulier\\\/shop\\\/\"},{\"@type\":\"ListItem\",\"position\":3,\"name\":\"Italwax Top Line Coral &#8211; cire chaude hypoallerg\u00e9nique\"}]},{\"@type\":\"WebSite\",\"@id\":\"https:\\\/\\\/italwaxfrance.fr\\\/particulier\\\/#website\",\"url\":\"https:\\\/\\\/italwaxfrance.fr\\\/particulier\\\/\",\"name\":\"Italwax France Particulier\",\"description\":\"Cosm\u00e9tiques professionnels\",\"publisher\":{\"@id\":\"https:\\\/\\\/italwaxfrance.fr\\\/particulier\\\/#organization\"},\"potentialAction\":[{\"@type\":\"SearchAction\",\"target\":{\"@type\":\"EntryPoint\",\"urlTemplate\":\"https:\\\/\\\/italwaxfrance.fr\\\/particulier\\\/?s={search_term_string}\"},\"query-input\":{\"@type\":\"PropertyValueSpecification\",\"valueRequired\":true,\"valueName\":\"search_term_string\"}}],\"inLanguage\":\"fr-FR\"},{\"@type\":\"Organization\",\"@id\":\"https:\\\/\\\/italwaxfrance.fr\\\/particulier\\\/#organization\",\"name\":\"Italwax France\",\"url\":\"https:\\\/\\\/italwaxfrance.fr\\\/particulier\\\/\",\"logo\":{\"@type\":\"ImageObject\",\"inLanguage\":\"fr-FR\",\"@id\":\"https:\\\/\\\/italwaxfrance.fr\\\/particulier\\\/#\\\/schema\\\/logo\\\/image\\\/\",\"url\":\"https:\\\/\\\/italwaxfrance.fr\\\/particulier\\\/wp-content\\\/uploads\\\/sites\\\/12\\\/2022\\\/04\\\/logo.png\",\"contentUrl\":\"https:\\\/\\\/italwaxfrance.fr\\\/particulier\\\/wp-content\\\/uploads\\\/sites\\\/12\\\/2022\\\/04\\\/logo.png\",\"width\":334,\"height\":158,\"caption\":\"Italwax France\"},\"image\":{\"@id\":\"https:\\\/\\\/italwaxfrance.fr\\\/particulier\\\/#\\\/schema\\\/logo\\\/image\\\/\"},\"sameAs\":[\"https:\\\/\\\/www.instagram.com\\\/italwaxfrance\\\/\",\"https:\\\/\\\/www.youtube.com\\\/@ItalwaxMedia\"]}]}<\/script>\n<!-- \/ Yoast SEO Premium plugin. -->","yoast_head_json":{"title":"Italwax Top Line Coral - cire chaude hypoallerg\u00e9nique","description":"Cire chaude Coral hypoallerg\u00e9nique Italwax Top Line, id\u00e9ale pour les peaux sensibles. \u00c9pilation douce des zones d\u00e9licates, sans irritation ni rougeurs.","robots":{"index":"index","follow":"follow","max-snippet":"max-snippet:-1","max-image-preview":"max-image-preview:large","max-video-preview":"max-video-preview:-1"},"canonical":"https:\/\/italwaxfrance.fr\/particulier\/product\/cire-chaude-coral-hypoallergenique-coral-italwax\/","og_locale":"fr_FR","og_type":"article","og_title":"Italwax Top Line Coral - cire chaude hypoallerg\u00e9nique","og_description":"Cire chaude Coral hypoallerg\u00e9nique Italwax Top Line, id\u00e9ale pour les peaux sensibles. \u00c9pilation douce des zones d\u00e9licates, sans irritation ni rougeurs.","og_url":"https:\/\/italwaxfrance.fr\/particulier\/product\/cire-chaude-coral-hypoallergenique-coral-italwax\/","og_site_name":"Italwax France Particulier","article_modified_time":"2026-01-28T12:40:04+00:00","og_image":[{"width":1000,"height":1000,"url":"http:\/\/italwaxfrance.fr\/particulier\/wp-content\/uploads\/sites\/12\/2022\/03\/italwax-shop-filmwax-topline-coral.jpg","type":"image\/jpeg"}],"twitter_card":"summary_large_image","twitter_misc":{"Dur\u00e9e de lecture estim\u00e9e":"2 minutes"},"schema":{"@context":"https:\/\/schema.org","@graph":[{"@type":"WebPage","@id":"https:\/\/italwaxfrance.fr\/particulier\/product\/cire-chaude-coral-hypoallergenique-coral-italwax\/","url":"https:\/\/italwaxfrance.fr\/particulier\/product\/cire-chaude-coral-hypoallergenique-coral-italwax\/","name":"Italwax Top Line Coral - cire chaude hypoallerg\u00e9nique","isPartOf":{"@id":"https:\/\/italwaxfrance.fr\/particulier\/#website"},"primaryImageOfPage":{"@id":"https:\/\/italwaxfrance.fr\/particulier\/product\/cire-chaude-coral-hypoallergenique-coral-italwax\/#primaryimage"},"image":{"@id":"https:\/\/italwaxfrance.fr\/particulier\/product\/cire-chaude-coral-hypoallergenique-coral-italwax\/#primaryimage"},"thumbnailUrl":"https:\/\/italwaxfrance.fr\/particulier\/wp-content\/uploads\/sites\/12\/2022\/03\/italwax-shop-filmwax-topline-coral.jpg","datePublished":"2022-03-29T14:24:48+00:00","dateModified":"2026-01-28T12:40:04+00:00","description":"Cire chaude Coral hypoallerg\u00e9nique Italwax Top Line, id\u00e9ale pour les peaux sensibles. \u00c9pilation douce des zones d\u00e9licates, sans irritation ni rougeurs.","breadcrumb":{"@id":"https:\/\/italwaxfrance.fr\/particulier\/product\/cire-chaude-coral-hypoallergenique-coral-italwax\/#breadcrumb"},"inLanguage":"fr-FR","potentialAction":[{"@type":"ReadAction","target":["https:\/\/italwaxfrance.fr\/particulier\/product\/cire-chaude-coral-hypoallergenique-coral-italwax\/"]}]},{"@type":"ImageObject","inLanguage":"fr-FR","@id":"https:\/\/italwaxfrance.fr\/particulier\/product\/cire-chaude-coral-hypoallergenique-coral-italwax\/#primaryimage","url":"https:\/\/italwaxfrance.fr\/particulier\/wp-content\/uploads\/sites\/12\/2022\/03\/italwax-shop-filmwax-topline-coral.jpg","contentUrl":"https:\/\/italwaxfrance.fr\/particulier\/wp-content\/uploads\/sites\/12\/2022\/03\/italwax-shop-filmwax-topline-coral.jpg","width":1000,"height":1000,"caption":"cire chaude Coral hypoallerg\u00e9nique"},{"@type":"BreadcrumbList","@id":"https:\/\/italwaxfrance.fr\/particulier\/product\/cire-chaude-coral-hypoallergenique-coral-italwax\/#breadcrumb","itemListElement":[{"@type":"ListItem","position":1,"name":"Accueil","item":"https:\/\/italwaxfrance.fr\/particulier\/"},{"@type":"ListItem","position":2,"name":"Score","item":"https:\/\/italwaxfrance.fr\/particulier\/shop\/"},{"@type":"ListItem","position":3,"name":"Italwax Top Line Coral &#8211; cire chaude hypoallerg\u00e9nique"}]},{"@type":"WebSite","@id":"https:\/\/italwaxfrance.fr\/particulier\/#website","url":"https:\/\/italwaxfrance.fr\/particulier\/","name":"Italwax France Particulier","description":"Cosm\u00e9tiques professionnels","publisher":{"@id":"https:\/\/italwaxfrance.fr\/particulier\/#organization"},"potentialAction":[{"@type":"SearchAction","target":{"@type":"EntryPoint","urlTemplate":"https:\/\/italwaxfrance.fr\/particulier\/?s={search_term_string}"},"query-input":{"@type":"PropertyValueSpecification","valueRequired":true,"valueName":"search_term_string"}}],"inLanguage":"fr-FR"},{"@type":"Organization","@id":"https:\/\/italwaxfrance.fr\/particulier\/#organization","name":"Italwax France","url":"https:\/\/italwaxfrance.fr\/particulier\/","logo":{"@type":"ImageObject","inLanguage":"fr-FR","@id":"https:\/\/italwaxfrance.fr\/particulier\/#\/schema\/logo\/image\/","url":"https:\/\/italwaxfrance.fr\/particulier\/wp-content\/uploads\/sites\/12\/2022\/04\/logo.png","contentUrl":"https:\/\/italwaxfrance.fr\/particulier\/wp-content\/uploads\/sites\/12\/2022\/04\/logo.png","width":334,"height":158,"caption":"Italwax France"},"image":{"@id":"https:\/\/italwaxfrance.fr\/particulier\/#\/schema\/logo\/image\/"},"sameAs":["https:\/\/www.instagram.com\/italwaxfrance\/","https:\/\/www.youtube.com\/@ItalwaxMedia"]}]}},"_links":{"self":[{"href":"https:\/\/italwaxfrance.fr\/particulier\/wp-json\/wp\/v2\/product\/274","targetHints":{"allow":["GET"]}}],"collection":[{"href":"https:\/\/italwaxfrance.fr\/particulier\/wp-json\/wp\/v2\/product"}],"about":[{"href":"https:\/\/italwaxfrance.fr\/particulier\/wp-json\/wp\/v2\/types\/product"}],"replies":[{"embeddable":true,"href":"https:\/\/italwaxfrance.fr\/particulier\/wp-json\/wp\/v2\/comments?post=274"}],"wp:featuredmedia":[{"embeddable":true,"href":"https:\/\/italwaxfrance.fr\/particulier\/wp-json\/wp\/v2\/media\/623"}],"wp:attachment":[{"href":"https:\/\/italwaxfrance.fr\/particulier\/wp-json\/wp\/v2\/media?parent=274"}],"wp:term":[{"taxonomy":"product_brand","embeddable":true,"href":"https:\/\/italwaxfrance.fr\/particulier\/wp-json\/wp\/v2\/product_brand?post=274"},{"taxonomy":"product_cat","embeddable":true,"href":"https:\/\/italwaxfrance.fr\/particulier\/wp-json\/wp\/v2\/product_cat?post=274"},{"taxonomy":"product_tag","embeddable":true,"href":"https:\/\/italwaxfrance.fr\/particulier\/wp-json\/wp\/v2\/product_tag?post=274"}],"curies":[{"name":"wp","href":"https:\/\/api.w.org\/{rel}","templated":true}]}}