{"id":269,"date":"2022-03-29T17:24:48","date_gmt":"2022-03-29T14:24:48","guid":{"rendered":"https:\/\/www.italwaxfrance.fr\/particulier\/?post_type=product&#038;p=269"},"modified":"2025-08-26T14:14:12","modified_gmt":"2025-08-26T11:14:12","slug":"lotion-post-epilation-argan","status":"publish","type":"product","link":"https:\/\/italwaxfrance.fr\/particulier\/product\/lotion-post-epilation-argan\/","title":{"rendered":"Lotion apr\u00e8s \u00e9pilation \u00e0 l&rsquo;huile d&rsquo;Argan"},"content":{"rendered":"<p>Cette lotion d\u00e9licate et l\u00e9g\u00e8re \u00e9limine rapidement les r\u00e9sidus de cire apr\u00e8s l\u2019\u00e9pilation, s\u00e8che en peu de temps, sans laisser de sensation grasse sur la peau.<\/p>\n<p>Gr\u00e2ce \u00e0 sa teneur en huile essentielle d\u2019argan, elle nourrit activement et hydrate la peau. La lotion apr\u00e8s \u00e9pilation \u00e0 l\u2019argan aide les cellules de la peau \u00e0 se r\u00e9g\u00e9n\u00e9rer, en lui rendant toute son \u00e9lasticit\u00e9. Elle laisse un ar\u00f4me agr\u00e9able et une sensation de douceur.<\/p>\n<p>L\u2019utilisation de la lotion apr\u00e8s \u00e9pilation est recommand\u00e9e apr\u00e8s les m\u00e9thodes d\u2019\u00e9pilation, mais aussi pour les soins quotidiens.<\/p>\n<p><strong>Composants actifs :<\/strong>\u00a0L\u2019huile d\u2019argan a un effet apaisant et r\u00e9g\u00e9n\u00e9rant, gr\u00e2ce \u00e0 sa teneur en polyph\u00e9nols, flavono\u00efdes, st\u00e9rols et tocoph\u00e9rol.<\/p>\n<p>Elle a \u00e9galement des propri\u00e9t\u00e9s antioxydantes, pour une meilleur stabilit\u00e9 anti-\u00e2ge, elle favorise l\u2019oxyg\u00e9nation cellulaire et r\u00e9duit les radicaux libres.<\/p>\n<p>Elle est recommand\u00e9e apr\u00e8s l\u2019\u00e9pilation, mais \u00e9galement en soin quotidien.<\/p>\n<p>Format du produit : 250ml<\/p>\n","protected":false},"excerpt":{"rendered":"<p>La lotion apr\u00e8s-\u00e9pilation \u00e0 l\u2019huile d\u2019argan hydrate intens\u00e9ment et apaise la peau apr\u00e8s l\u2019\u00e9pilation. Elle restaure son \u00e9lasticit\u00e9 et laisse une douceur durable sans effet gras.<\/p>\n","protected":false},"featured_media":305,"comment_status":"closed","ping_status":"closed","template":"","meta":[],"product_brand":[],"product_cat":[40,17],"product_tag":[],"class_list":{"0":"post-269","1":"product","2":"type-product","3":"status-publish","4":"has-post-thumbnail","6":"product_cat-huilles-et-lotions","7":"product_cat-produits-post-epilation","9":"first","10":"instock","11":"taxable","12":"shipping-taxable","13":"purchasable","14":"product-type-simple"},"yoast_head":"<!-- This site is optimized with the Yoast SEO Premium plugin v27.2 (Yoast SEO v27.5) - https:\/\/yoast.com\/product\/yoast-seo-premium-wordpress\/ -->\n<title>Lotion apr\u00e8s \u00e9pilation \u00e0 l&#039;huile d&#039;Argan - Italwax France Particulier<\/title>\n<meta name=\"description\" content=\"Lotion apr\u00e8s-\u00e9pilation \u00e0 l\u2019argan : hydrate intens\u00e9ment, apaise la peau et restaure son \u00e9lasticit\u00e9 tout en laissant une douceur durable.\" \/>\n<meta name=\"robots\" content=\"index, follow, max-snippet:-1, max-image-preview:large, max-video-preview:-1\" \/>\n<link rel=\"canonical\" href=\"https:\/\/italwaxfrance.fr\/particulier\/product\/lotion-post-epilation-argan\/\" \/>\n<meta property=\"og:locale\" content=\"fr_FR\" \/>\n<meta property=\"og:type\" content=\"article\" \/>\n<meta property=\"og:title\" content=\"Lotion apr\u00e8s \u00e9pilation \u00e0 l&#039;huile d&#039;Argan\" \/>\n<meta property=\"og:description\" content=\"Lotion apr\u00e8s-\u00e9pilation \u00e0 l\u2019argan : hydrate intens\u00e9ment, apaise la peau et restaure son \u00e9lasticit\u00e9 tout en laissant une douceur durable.\" \/>\n<meta property=\"og:url\" content=\"https:\/\/italwaxfrance.fr\/particulier\/product\/lotion-post-epilation-argan\/\" \/>\n<meta property=\"og:site_name\" content=\"Italwax France Particulier\" \/>\n<meta property=\"article:modified_time\" content=\"2025-08-26T11:14:12+00:00\" \/>\n<meta property=\"og:image\" content=\"http:\/\/italwaxfrance.fr\/particulier\/wp-content\/uploads\/sites\/12\/2022\/03\/Top-Line_afterwax_oil_Argan-copia.jpg\" \/>\n\t<meta property=\"og:image:width\" content=\"1180\" \/>\n\t<meta property=\"og:image:height\" content=\"600\" \/>\n\t<meta property=\"og:image:type\" content=\"image\/jpeg\" \/>\n<meta name=\"twitter:card\" content=\"summary_large_image\" \/>\n<meta name=\"twitter:label1\" content=\"Dur\u00e9e de lecture estim\u00e9e\" \/>\n\t<meta name=\"twitter:data1\" content=\"1 minute\" \/>\n<script type=\"application\/ld+json\" class=\"yoast-schema-graph\">{\"@context\":\"https:\\\/\\\/schema.org\",\"@graph\":[{\"@type\":\"WebPage\",\"@id\":\"https:\\\/\\\/italwaxfrance.fr\\\/particulier\\\/product\\\/lotion-post-epilation-argan\\\/\",\"url\":\"https:\\\/\\\/italwaxfrance.fr\\\/particulier\\\/product\\\/lotion-post-epilation-argan\\\/\",\"name\":\"Lotion apr\u00e8s \u00e9pilation \u00e0 l'huile d'Argan - Italwax France Particulier\",\"isPartOf\":{\"@id\":\"https:\\\/\\\/italwaxfrance.fr\\\/particulier\\\/#website\"},\"primaryImageOfPage\":{\"@id\":\"https:\\\/\\\/italwaxfrance.fr\\\/particulier\\\/product\\\/lotion-post-epilation-argan\\\/#primaryimage\"},\"image\":{\"@id\":\"https:\\\/\\\/italwaxfrance.fr\\\/particulier\\\/product\\\/lotion-post-epilation-argan\\\/#primaryimage\"},\"thumbnailUrl\":\"https:\\\/\\\/italwaxfrance.fr\\\/particulier\\\/wp-content\\\/uploads\\\/sites\\\/12\\\/2022\\\/03\\\/Top-Line_afterwax_oil_Argan-copia.jpg\",\"datePublished\":\"2022-03-29T14:24:48+00:00\",\"dateModified\":\"2025-08-26T11:14:12+00:00\",\"description\":\"Lotion apr\u00e8s-\u00e9pilation \u00e0 l\u2019argan : hydrate intens\u00e9ment, apaise la peau et restaure son \u00e9lasticit\u00e9 tout en laissant une douceur durable.\",\"breadcrumb\":{\"@id\":\"https:\\\/\\\/italwaxfrance.fr\\\/particulier\\\/product\\\/lotion-post-epilation-argan\\\/#breadcrumb\"},\"inLanguage\":\"fr-FR\",\"potentialAction\":[{\"@type\":\"ReadAction\",\"target\":[\"https:\\\/\\\/italwaxfrance.fr\\\/particulier\\\/product\\\/lotion-post-epilation-argan\\\/\"]}]},{\"@type\":\"ImageObject\",\"inLanguage\":\"fr-FR\",\"@id\":\"https:\\\/\\\/italwaxfrance.fr\\\/particulier\\\/product\\\/lotion-post-epilation-argan\\\/#primaryimage\",\"url\":\"https:\\\/\\\/italwaxfrance.fr\\\/particulier\\\/wp-content\\\/uploads\\\/sites\\\/12\\\/2022\\\/03\\\/Top-Line_afterwax_oil_Argan-copia.jpg\",\"contentUrl\":\"https:\\\/\\\/italwaxfrance.fr\\\/particulier\\\/wp-content\\\/uploads\\\/sites\\\/12\\\/2022\\\/03\\\/Top-Line_afterwax_oil_Argan-copia.jpg\",\"width\":1180,\"height\":600,\"caption\":\"Lotion apr\u00e8s \u00e9pilation \u00e0 l'huile d'Argan\"},{\"@type\":\"BreadcrumbList\",\"@id\":\"https:\\\/\\\/italwaxfrance.fr\\\/particulier\\\/product\\\/lotion-post-epilation-argan\\\/#breadcrumb\",\"itemListElement\":[{\"@type\":\"ListItem\",\"position\":1,\"name\":\"Accueil\",\"item\":\"https:\\\/\\\/italwaxfrance.fr\\\/particulier\\\/\"},{\"@type\":\"ListItem\",\"position\":2,\"name\":\"Score\",\"item\":\"https:\\\/\\\/italwaxfrance.fr\\\/particulier\\\/shop\\\/\"},{\"@type\":\"ListItem\",\"position\":3,\"name\":\"Lotion apr\u00e8s \u00e9pilation \u00e0 l&rsquo;huile d&rsquo;Argan\"}]},{\"@type\":\"WebSite\",\"@id\":\"https:\\\/\\\/italwaxfrance.fr\\\/particulier\\\/#website\",\"url\":\"https:\\\/\\\/italwaxfrance.fr\\\/particulier\\\/\",\"name\":\"Italwax France Particulier\",\"description\":\"Cosm\u00e9tiques professionnels\",\"publisher\":{\"@id\":\"https:\\\/\\\/italwaxfrance.fr\\\/particulier\\\/#organization\"},\"potentialAction\":[{\"@type\":\"SearchAction\",\"target\":{\"@type\":\"EntryPoint\",\"urlTemplate\":\"https:\\\/\\\/italwaxfrance.fr\\\/particulier\\\/?s={search_term_string}\"},\"query-input\":{\"@type\":\"PropertyValueSpecification\",\"valueRequired\":true,\"valueName\":\"search_term_string\"}}],\"inLanguage\":\"fr-FR\"},{\"@type\":\"Organization\",\"@id\":\"https:\\\/\\\/italwaxfrance.fr\\\/particulier\\\/#organization\",\"name\":\"Italwax France\",\"url\":\"https:\\\/\\\/italwaxfrance.fr\\\/particulier\\\/\",\"logo\":{\"@type\":\"ImageObject\",\"inLanguage\":\"fr-FR\",\"@id\":\"https:\\\/\\\/italwaxfrance.fr\\\/particulier\\\/#\\\/schema\\\/logo\\\/image\\\/\",\"url\":\"https:\\\/\\\/italwaxfrance.fr\\\/particulier\\\/wp-content\\\/uploads\\\/sites\\\/12\\\/2022\\\/04\\\/logo.png\",\"contentUrl\":\"https:\\\/\\\/italwaxfrance.fr\\\/particulier\\\/wp-content\\\/uploads\\\/sites\\\/12\\\/2022\\\/04\\\/logo.png\",\"width\":334,\"height\":158,\"caption\":\"Italwax France\"},\"image\":{\"@id\":\"https:\\\/\\\/italwaxfrance.fr\\\/particulier\\\/#\\\/schema\\\/logo\\\/image\\\/\"},\"sameAs\":[\"https:\\\/\\\/www.instagram.com\\\/italwaxfrance\\\/\",\"https:\\\/\\\/www.youtube.com\\\/@ItalwaxMedia\"]}]}<\/script>\n<!-- \/ Yoast SEO Premium plugin. -->","yoast_head_json":{"title":"Lotion apr\u00e8s \u00e9pilation \u00e0 l'huile d'Argan - Italwax France Particulier","description":"Lotion apr\u00e8s-\u00e9pilation \u00e0 l\u2019argan : hydrate intens\u00e9ment, apaise la peau et restaure son \u00e9lasticit\u00e9 tout en laissant une douceur durable.","robots":{"index":"index","follow":"follow","max-snippet":"max-snippet:-1","max-image-preview":"max-image-preview:large","max-video-preview":"max-video-preview:-1"},"canonical":"https:\/\/italwaxfrance.fr\/particulier\/product\/lotion-post-epilation-argan\/","og_locale":"fr_FR","og_type":"article","og_title":"Lotion apr\u00e8s \u00e9pilation \u00e0 l'huile d'Argan","og_description":"Lotion apr\u00e8s-\u00e9pilation \u00e0 l\u2019argan : hydrate intens\u00e9ment, apaise la peau et restaure son \u00e9lasticit\u00e9 tout en laissant une douceur durable.","og_url":"https:\/\/italwaxfrance.fr\/particulier\/product\/lotion-post-epilation-argan\/","og_site_name":"Italwax France Particulier","article_modified_time":"2025-08-26T11:14:12+00:00","og_image":[{"width":1180,"height":600,"url":"http:\/\/italwaxfrance.fr\/particulier\/wp-content\/uploads\/sites\/12\/2022\/03\/Top-Line_afterwax_oil_Argan-copia.jpg","type":"image\/jpeg"}],"twitter_card":"summary_large_image","twitter_misc":{"Dur\u00e9e de lecture estim\u00e9e":"1 minute"},"schema":{"@context":"https:\/\/schema.org","@graph":[{"@type":"WebPage","@id":"https:\/\/italwaxfrance.fr\/particulier\/product\/lotion-post-epilation-argan\/","url":"https:\/\/italwaxfrance.fr\/particulier\/product\/lotion-post-epilation-argan\/","name":"Lotion apr\u00e8s \u00e9pilation \u00e0 l'huile d'Argan - Italwax France Particulier","isPartOf":{"@id":"https:\/\/italwaxfrance.fr\/particulier\/#website"},"primaryImageOfPage":{"@id":"https:\/\/italwaxfrance.fr\/particulier\/product\/lotion-post-epilation-argan\/#primaryimage"},"image":{"@id":"https:\/\/italwaxfrance.fr\/particulier\/product\/lotion-post-epilation-argan\/#primaryimage"},"thumbnailUrl":"https:\/\/italwaxfrance.fr\/particulier\/wp-content\/uploads\/sites\/12\/2022\/03\/Top-Line_afterwax_oil_Argan-copia.jpg","datePublished":"2022-03-29T14:24:48+00:00","dateModified":"2025-08-26T11:14:12+00:00","description":"Lotion apr\u00e8s-\u00e9pilation \u00e0 l\u2019argan : hydrate intens\u00e9ment, apaise la peau et restaure son \u00e9lasticit\u00e9 tout en laissant une douceur durable.","breadcrumb":{"@id":"https:\/\/italwaxfrance.fr\/particulier\/product\/lotion-post-epilation-argan\/#breadcrumb"},"inLanguage":"fr-FR","potentialAction":[{"@type":"ReadAction","target":["https:\/\/italwaxfrance.fr\/particulier\/product\/lotion-post-epilation-argan\/"]}]},{"@type":"ImageObject","inLanguage":"fr-FR","@id":"https:\/\/italwaxfrance.fr\/particulier\/product\/lotion-post-epilation-argan\/#primaryimage","url":"https:\/\/italwaxfrance.fr\/particulier\/wp-content\/uploads\/sites\/12\/2022\/03\/Top-Line_afterwax_oil_Argan-copia.jpg","contentUrl":"https:\/\/italwaxfrance.fr\/particulier\/wp-content\/uploads\/sites\/12\/2022\/03\/Top-Line_afterwax_oil_Argan-copia.jpg","width":1180,"height":600,"caption":"Lotion apr\u00e8s \u00e9pilation \u00e0 l'huile d'Argan"},{"@type":"BreadcrumbList","@id":"https:\/\/italwaxfrance.fr\/particulier\/product\/lotion-post-epilation-argan\/#breadcrumb","itemListElement":[{"@type":"ListItem","position":1,"name":"Accueil","item":"https:\/\/italwaxfrance.fr\/particulier\/"},{"@type":"ListItem","position":2,"name":"Score","item":"https:\/\/italwaxfrance.fr\/particulier\/shop\/"},{"@type":"ListItem","position":3,"name":"Lotion apr\u00e8s \u00e9pilation \u00e0 l&rsquo;huile d&rsquo;Argan"}]},{"@type":"WebSite","@id":"https:\/\/italwaxfrance.fr\/particulier\/#website","url":"https:\/\/italwaxfrance.fr\/particulier\/","name":"Italwax France Particulier","description":"Cosm\u00e9tiques professionnels","publisher":{"@id":"https:\/\/italwaxfrance.fr\/particulier\/#organization"},"potentialAction":[{"@type":"SearchAction","target":{"@type":"EntryPoint","urlTemplate":"https:\/\/italwaxfrance.fr\/particulier\/?s={search_term_string}"},"query-input":{"@type":"PropertyValueSpecification","valueRequired":true,"valueName":"search_term_string"}}],"inLanguage":"fr-FR"},{"@type":"Organization","@id":"https:\/\/italwaxfrance.fr\/particulier\/#organization","name":"Italwax France","url":"https:\/\/italwaxfrance.fr\/particulier\/","logo":{"@type":"ImageObject","inLanguage":"fr-FR","@id":"https:\/\/italwaxfrance.fr\/particulier\/#\/schema\/logo\/image\/","url":"https:\/\/italwaxfrance.fr\/particulier\/wp-content\/uploads\/sites\/12\/2022\/04\/logo.png","contentUrl":"https:\/\/italwaxfrance.fr\/particulier\/wp-content\/uploads\/sites\/12\/2022\/04\/logo.png","width":334,"height":158,"caption":"Italwax France"},"image":{"@id":"https:\/\/italwaxfrance.fr\/particulier\/#\/schema\/logo\/image\/"},"sameAs":["https:\/\/www.instagram.com\/italwaxfrance\/","https:\/\/www.youtube.com\/@ItalwaxMedia"]}]}},"_links":{"self":[{"href":"https:\/\/italwaxfrance.fr\/particulier\/wp-json\/wp\/v2\/product\/269","targetHints":{"allow":["GET"]}}],"collection":[{"href":"https:\/\/italwaxfrance.fr\/particulier\/wp-json\/wp\/v2\/product"}],"about":[{"href":"https:\/\/italwaxfrance.fr\/particulier\/wp-json\/wp\/v2\/types\/product"}],"replies":[{"embeddable":true,"href":"https:\/\/italwaxfrance.fr\/particulier\/wp-json\/wp\/v2\/comments?post=269"}],"wp:featuredmedia":[{"embeddable":true,"href":"https:\/\/italwaxfrance.fr\/particulier\/wp-json\/wp\/v2\/media\/305"}],"wp:attachment":[{"href":"https:\/\/italwaxfrance.fr\/particulier\/wp-json\/wp\/v2\/media?parent=269"}],"wp:term":[{"taxonomy":"product_brand","embeddable":true,"href":"https:\/\/italwaxfrance.fr\/particulier\/wp-json\/wp\/v2\/product_brand?post=269"},{"taxonomy":"product_cat","embeddable":true,"href":"https:\/\/italwaxfrance.fr\/particulier\/wp-json\/wp\/v2\/product_cat?post=269"},{"taxonomy":"product_tag","embeddable":true,"href":"https:\/\/italwaxfrance.fr\/particulier\/wp-json\/wp\/v2\/product_tag?post=269"}],"curies":[{"name":"wp","href":"https:\/\/api.w.org\/{rel}","templated":true}]}}