{"id":250,"date":"2022-03-29T17:24:28","date_gmt":"2022-03-29T14:24:28","guid":{"rendered":"https:\/\/www.italwaxfrance.fr\/particulier\/?post_type=product&#038;p=250"},"modified":"2026-01-28T15:32:06","modified_gmt":"2026-01-28T12:32:06","slug":"cire-pelable-chocolat-blanc","status":"publish","type":"product","link":"https:\/\/italwaxfrance.fr\/particulier\/product\/cire-pelable-chocolat-blanc\/","title":{"rendered":"Italwax cire pelable Chocolat Blanc &#8211; sans bandes"},"content":{"rendered":"<p>D\u00e9couvrez la <strong>cire pelable chocolat blanc<\/strong> Italwax, une <strong>cire sans bandes<\/strong>\u00a0de <strong>moyenne densit\u00e9<\/strong> enrichie en dioxyde de titane, sp\u00e9cialement con\u00e7ue pour une \u00e9pilation de qualit\u00e9 sup\u00e9rieure. Cette cire offre une haute plasticit\u00e9 qui permet une application facile et homog\u00e8ne, sans cr\u00e9er de fils \u00e9lastiques. Elle est particuli\u00e8rement efficace pour \u00e9liminer les poils les plus courts et les plus difficiles, offrant ainsi une peau lisse et nette d\u00e8s la premi\u00e8re application.<\/p>\n<p>Formul\u00e9e avec des <strong>r\u00e9sines naturelles<\/strong>, cette cire garantit une <strong>adh\u00e9rence optimale<\/strong> tout en minimisant les risques d&rsquo;irritation et de rougeurs. Elle est id\u00e9ale pour une \u00e9pilation rapide et douce sur toutes les zones du corps, y compris les zones sensibles comme le maillot, les aisselles ou le visage.<\/p>\n<p>Adapt\u00e9e aux professionnels et \u00e0 un usage domestique, la <strong>cire pelable chocolat blanc<\/strong> Italwax est parfaite pour une \u00e9pilation <strong>sans bandes<\/strong>. Appliquez la cire, laissez-la durcir l\u00e9g\u00e8rement, puis retirez-la d&rsquo;un simple geste pour un r\u00e9sultat net et pr\u00e9cis.<\/p>\n<p>Disponible en formats pratiques de <strong>100g, 500g, et 1kg<\/strong>, cette cire est id\u00e9ale pour tous vos besoins d\u2019\u00e9pilation, en institut ou \u00e0 domicile.<\/p>\n<p>Optez pour une <strong>\u00e9pilation de qualit\u00e9<\/strong> avec la <strong>cire chocolat blanc Italwax<\/strong> !<\/p>\n","protected":false},"excerpt":{"rendered":"<p>D\u00e9couvrez la cire pelable chocolat blanc Italwax, une cire sans bandes\u00a0de moyenne densit\u00e9 enrichie en dioxyde de titane, sp\u00e9cialement con\u00e7ue pour une \u00e9pilation de qualit\u00e9 sup\u00e9rieure. Cette cire offre une haute plasticit\u00e9 qui permet une application facile et homog\u00e8ne, sans cr\u00e9er de fils \u00e9lastiques. Elle est particuli\u00e8rement efficace pour \u00e9liminer les poils les plus courts&#8230; <a href=\"https:\/\/italwaxfrance.fr\/particulier\/product\/cire-pelable-chocolat-blanc\/\">Read More<\/a><\/p>\n","protected":false},"featured_media":727,"comment_status":"closed","ping_status":"closed","template":"","meta":[],"product_brand":[],"product_cat":[16],"product_tag":[],"class_list":{"0":"post-250","1":"product","2":"type-product","3":"status-publish","4":"has-post-thumbnail","6":"product_cat-cire-film-cires-pelables","8":"first","9":"instock","10":"taxable","11":"shipping-taxable","12":"purchasable","13":"product-type-variable"},"yoast_head":"<!-- This site is optimized with the Yoast SEO Premium plugin v27.2 (Yoast SEO v27.5) - https:\/\/yoast.com\/product\/yoast-seo-premium-wordpress\/ -->\n<title>Italwax cire pelable Chocolat Blanc - sans bandes<\/title>\n<meta name=\"description\" content=\"Cire pelable chocolat blanc, \u00e9pilation sans bandes, efficace contre les poils courts et difficiles. Sans irritation. Disponible en 100g, 500g, 1kg.\" \/>\n<meta name=\"robots\" content=\"index, follow, max-snippet:-1, max-image-preview:large, max-video-preview:-1\" \/>\n<link rel=\"canonical\" href=\"https:\/\/italwaxfrance.fr\/particulier\/product\/cire-pelable-chocolat-blanc\/\" \/>\n<meta property=\"og:locale\" content=\"fr_FR\" \/>\n<meta property=\"og:type\" content=\"article\" \/>\n<meta property=\"og:title\" content=\"Italwax cire pelable Chocolat Blanc - sans bandes\" \/>\n<meta property=\"og:description\" content=\"Cire pelable chocolat blanc, \u00e9pilation sans bandes, efficace contre les poils courts et difficiles. Sans irritation. Disponible en 100g, 500g, 1kg.\" \/>\n<meta property=\"og:url\" content=\"https:\/\/italwaxfrance.fr\/particulier\/product\/cire-pelable-chocolat-blanc\/\" \/>\n<meta property=\"og:site_name\" content=\"Italwax France Particulier\" \/>\n<meta property=\"article:modified_time\" content=\"2026-01-28T12:32:06+00:00\" \/>\n<meta property=\"og:image\" content=\"http:\/\/italwaxfrance.fr\/particulier\/wp-content\/uploads\/sites\/12\/2022\/03\/italwax-shop-filmwax-whitechoco2.jpg\" \/>\n\t<meta property=\"og:image:width\" content=\"1000\" \/>\n\t<meta property=\"og:image:height\" content=\"1000\" \/>\n\t<meta property=\"og:image:type\" content=\"image\/jpeg\" \/>\n<meta name=\"twitter:card\" content=\"summary_large_image\" \/>\n<meta name=\"twitter:label1\" content=\"Dur\u00e9e de lecture estim\u00e9e\" \/>\n\t<meta name=\"twitter:data1\" content=\"2 minutes\" \/>\n<script type=\"application\/ld+json\" class=\"yoast-schema-graph\">{\"@context\":\"https:\\\/\\\/schema.org\",\"@graph\":[{\"@type\":\"WebPage\",\"@id\":\"https:\\\/\\\/italwaxfrance.fr\\\/particulier\\\/product\\\/cire-pelable-chocolat-blanc\\\/\",\"url\":\"https:\\\/\\\/italwaxfrance.fr\\\/particulier\\\/product\\\/cire-pelable-chocolat-blanc\\\/\",\"name\":\"Italwax cire pelable Chocolat Blanc - sans bandes\",\"isPartOf\":{\"@id\":\"https:\\\/\\\/italwaxfrance.fr\\\/particulier\\\/#website\"},\"primaryImageOfPage\":{\"@id\":\"https:\\\/\\\/italwaxfrance.fr\\\/particulier\\\/product\\\/cire-pelable-chocolat-blanc\\\/#primaryimage\"},\"image\":{\"@id\":\"https:\\\/\\\/italwaxfrance.fr\\\/particulier\\\/product\\\/cire-pelable-chocolat-blanc\\\/#primaryimage\"},\"thumbnailUrl\":\"https:\\\/\\\/italwaxfrance.fr\\\/particulier\\\/wp-content\\\/uploads\\\/sites\\\/12\\\/2022\\\/03\\\/italwax-shop-filmwax-whitechoco2.jpg\",\"datePublished\":\"2022-03-29T14:24:28+00:00\",\"dateModified\":\"2026-01-28T12:32:06+00:00\",\"description\":\"Cire pelable chocolat blanc, \u00e9pilation sans bandes, efficace contre les poils courts et difficiles. Sans irritation. Disponible en 100g, 500g, 1kg.\",\"breadcrumb\":{\"@id\":\"https:\\\/\\\/italwaxfrance.fr\\\/particulier\\\/product\\\/cire-pelable-chocolat-blanc\\\/#breadcrumb\"},\"inLanguage\":\"fr-FR\",\"potentialAction\":[{\"@type\":\"ReadAction\",\"target\":[\"https:\\\/\\\/italwaxfrance.fr\\\/particulier\\\/product\\\/cire-pelable-chocolat-blanc\\\/\"]}]},{\"@type\":\"ImageObject\",\"inLanguage\":\"fr-FR\",\"@id\":\"https:\\\/\\\/italwaxfrance.fr\\\/particulier\\\/product\\\/cire-pelable-chocolat-blanc\\\/#primaryimage\",\"url\":\"https:\\\/\\\/italwaxfrance.fr\\\/particulier\\\/wp-content\\\/uploads\\\/sites\\\/12\\\/2022\\\/03\\\/italwax-shop-filmwax-whitechoco2.jpg\",\"contentUrl\":\"https:\\\/\\\/italwaxfrance.fr\\\/particulier\\\/wp-content\\\/uploads\\\/sites\\\/12\\\/2022\\\/03\\\/italwax-shop-filmwax-whitechoco2.jpg\",\"width\":1000,\"height\":1000,\"caption\":\"cire pelable Chocolat Blanc\"},{\"@type\":\"BreadcrumbList\",\"@id\":\"https:\\\/\\\/italwaxfrance.fr\\\/particulier\\\/product\\\/cire-pelable-chocolat-blanc\\\/#breadcrumb\",\"itemListElement\":[{\"@type\":\"ListItem\",\"position\":1,\"name\":\"Accueil\",\"item\":\"https:\\\/\\\/italwaxfrance.fr\\\/particulier\\\/\"},{\"@type\":\"ListItem\",\"position\":2,\"name\":\"Score\",\"item\":\"https:\\\/\\\/italwaxfrance.fr\\\/particulier\\\/shop\\\/\"},{\"@type\":\"ListItem\",\"position\":3,\"name\":\"Italwax cire pelable Chocolat Blanc &#8211; sans bandes\"}]},{\"@type\":\"WebSite\",\"@id\":\"https:\\\/\\\/italwaxfrance.fr\\\/particulier\\\/#website\",\"url\":\"https:\\\/\\\/italwaxfrance.fr\\\/particulier\\\/\",\"name\":\"Italwax France Particulier\",\"description\":\"Cosm\u00e9tiques professionnels\",\"publisher\":{\"@id\":\"https:\\\/\\\/italwaxfrance.fr\\\/particulier\\\/#organization\"},\"potentialAction\":[{\"@type\":\"SearchAction\",\"target\":{\"@type\":\"EntryPoint\",\"urlTemplate\":\"https:\\\/\\\/italwaxfrance.fr\\\/particulier\\\/?s={search_term_string}\"},\"query-input\":{\"@type\":\"PropertyValueSpecification\",\"valueRequired\":true,\"valueName\":\"search_term_string\"}}],\"inLanguage\":\"fr-FR\"},{\"@type\":\"Organization\",\"@id\":\"https:\\\/\\\/italwaxfrance.fr\\\/particulier\\\/#organization\",\"name\":\"Italwax France\",\"url\":\"https:\\\/\\\/italwaxfrance.fr\\\/particulier\\\/\",\"logo\":{\"@type\":\"ImageObject\",\"inLanguage\":\"fr-FR\",\"@id\":\"https:\\\/\\\/italwaxfrance.fr\\\/particulier\\\/#\\\/schema\\\/logo\\\/image\\\/\",\"url\":\"https:\\\/\\\/italwaxfrance.fr\\\/particulier\\\/wp-content\\\/uploads\\\/sites\\\/12\\\/2022\\\/04\\\/logo.png\",\"contentUrl\":\"https:\\\/\\\/italwaxfrance.fr\\\/particulier\\\/wp-content\\\/uploads\\\/sites\\\/12\\\/2022\\\/04\\\/logo.png\",\"width\":334,\"height\":158,\"caption\":\"Italwax France\"},\"image\":{\"@id\":\"https:\\\/\\\/italwaxfrance.fr\\\/particulier\\\/#\\\/schema\\\/logo\\\/image\\\/\"},\"sameAs\":[\"https:\\\/\\\/www.instagram.com\\\/italwaxfrance\\\/\",\"https:\\\/\\\/www.youtube.com\\\/@ItalwaxMedia\"]}]}<\/script>\n<!-- \/ Yoast SEO Premium plugin. -->","yoast_head_json":{"title":"Italwax cire pelable Chocolat Blanc - sans bandes","description":"Cire pelable chocolat blanc, \u00e9pilation sans bandes, efficace contre les poils courts et difficiles. Sans irritation. Disponible en 100g, 500g, 1kg.","robots":{"index":"index","follow":"follow","max-snippet":"max-snippet:-1","max-image-preview":"max-image-preview:large","max-video-preview":"max-video-preview:-1"},"canonical":"https:\/\/italwaxfrance.fr\/particulier\/product\/cire-pelable-chocolat-blanc\/","og_locale":"fr_FR","og_type":"article","og_title":"Italwax cire pelable Chocolat Blanc - sans bandes","og_description":"Cire pelable chocolat blanc, \u00e9pilation sans bandes, efficace contre les poils courts et difficiles. Sans irritation. Disponible en 100g, 500g, 1kg.","og_url":"https:\/\/italwaxfrance.fr\/particulier\/product\/cire-pelable-chocolat-blanc\/","og_site_name":"Italwax France Particulier","article_modified_time":"2026-01-28T12:32:06+00:00","og_image":[{"width":1000,"height":1000,"url":"http:\/\/italwaxfrance.fr\/particulier\/wp-content\/uploads\/sites\/12\/2022\/03\/italwax-shop-filmwax-whitechoco2.jpg","type":"image\/jpeg"}],"twitter_card":"summary_large_image","twitter_misc":{"Dur\u00e9e de lecture estim\u00e9e":"2 minutes"},"schema":{"@context":"https:\/\/schema.org","@graph":[{"@type":"WebPage","@id":"https:\/\/italwaxfrance.fr\/particulier\/product\/cire-pelable-chocolat-blanc\/","url":"https:\/\/italwaxfrance.fr\/particulier\/product\/cire-pelable-chocolat-blanc\/","name":"Italwax cire pelable Chocolat Blanc - sans bandes","isPartOf":{"@id":"https:\/\/italwaxfrance.fr\/particulier\/#website"},"primaryImageOfPage":{"@id":"https:\/\/italwaxfrance.fr\/particulier\/product\/cire-pelable-chocolat-blanc\/#primaryimage"},"image":{"@id":"https:\/\/italwaxfrance.fr\/particulier\/product\/cire-pelable-chocolat-blanc\/#primaryimage"},"thumbnailUrl":"https:\/\/italwaxfrance.fr\/particulier\/wp-content\/uploads\/sites\/12\/2022\/03\/italwax-shop-filmwax-whitechoco2.jpg","datePublished":"2022-03-29T14:24:28+00:00","dateModified":"2026-01-28T12:32:06+00:00","description":"Cire pelable chocolat blanc, \u00e9pilation sans bandes, efficace contre les poils courts et difficiles. Sans irritation. Disponible en 100g, 500g, 1kg.","breadcrumb":{"@id":"https:\/\/italwaxfrance.fr\/particulier\/product\/cire-pelable-chocolat-blanc\/#breadcrumb"},"inLanguage":"fr-FR","potentialAction":[{"@type":"ReadAction","target":["https:\/\/italwaxfrance.fr\/particulier\/product\/cire-pelable-chocolat-blanc\/"]}]},{"@type":"ImageObject","inLanguage":"fr-FR","@id":"https:\/\/italwaxfrance.fr\/particulier\/product\/cire-pelable-chocolat-blanc\/#primaryimage","url":"https:\/\/italwaxfrance.fr\/particulier\/wp-content\/uploads\/sites\/12\/2022\/03\/italwax-shop-filmwax-whitechoco2.jpg","contentUrl":"https:\/\/italwaxfrance.fr\/particulier\/wp-content\/uploads\/sites\/12\/2022\/03\/italwax-shop-filmwax-whitechoco2.jpg","width":1000,"height":1000,"caption":"cire pelable Chocolat Blanc"},{"@type":"BreadcrumbList","@id":"https:\/\/italwaxfrance.fr\/particulier\/product\/cire-pelable-chocolat-blanc\/#breadcrumb","itemListElement":[{"@type":"ListItem","position":1,"name":"Accueil","item":"https:\/\/italwaxfrance.fr\/particulier\/"},{"@type":"ListItem","position":2,"name":"Score","item":"https:\/\/italwaxfrance.fr\/particulier\/shop\/"},{"@type":"ListItem","position":3,"name":"Italwax cire pelable Chocolat Blanc &#8211; sans bandes"}]},{"@type":"WebSite","@id":"https:\/\/italwaxfrance.fr\/particulier\/#website","url":"https:\/\/italwaxfrance.fr\/particulier\/","name":"Italwax France Particulier","description":"Cosm\u00e9tiques professionnels","publisher":{"@id":"https:\/\/italwaxfrance.fr\/particulier\/#organization"},"potentialAction":[{"@type":"SearchAction","target":{"@type":"EntryPoint","urlTemplate":"https:\/\/italwaxfrance.fr\/particulier\/?s={search_term_string}"},"query-input":{"@type":"PropertyValueSpecification","valueRequired":true,"valueName":"search_term_string"}}],"inLanguage":"fr-FR"},{"@type":"Organization","@id":"https:\/\/italwaxfrance.fr\/particulier\/#organization","name":"Italwax France","url":"https:\/\/italwaxfrance.fr\/particulier\/","logo":{"@type":"ImageObject","inLanguage":"fr-FR","@id":"https:\/\/italwaxfrance.fr\/particulier\/#\/schema\/logo\/image\/","url":"https:\/\/italwaxfrance.fr\/particulier\/wp-content\/uploads\/sites\/12\/2022\/04\/logo.png","contentUrl":"https:\/\/italwaxfrance.fr\/particulier\/wp-content\/uploads\/sites\/12\/2022\/04\/logo.png","width":334,"height":158,"caption":"Italwax France"},"image":{"@id":"https:\/\/italwaxfrance.fr\/particulier\/#\/schema\/logo\/image\/"},"sameAs":["https:\/\/www.instagram.com\/italwaxfrance\/","https:\/\/www.youtube.com\/@ItalwaxMedia"]}]}},"_links":{"self":[{"href":"https:\/\/italwaxfrance.fr\/particulier\/wp-json\/wp\/v2\/product\/250","targetHints":{"allow":["GET"]}}],"collection":[{"href":"https:\/\/italwaxfrance.fr\/particulier\/wp-json\/wp\/v2\/product"}],"about":[{"href":"https:\/\/italwaxfrance.fr\/particulier\/wp-json\/wp\/v2\/types\/product"}],"replies":[{"embeddable":true,"href":"https:\/\/italwaxfrance.fr\/particulier\/wp-json\/wp\/v2\/comments?post=250"}],"wp:featuredmedia":[{"embeddable":true,"href":"https:\/\/italwaxfrance.fr\/particulier\/wp-json\/wp\/v2\/media\/727"}],"wp:attachment":[{"href":"https:\/\/italwaxfrance.fr\/particulier\/wp-json\/wp\/v2\/media?parent=250"}],"wp:term":[{"taxonomy":"product_brand","embeddable":true,"href":"https:\/\/italwaxfrance.fr\/particulier\/wp-json\/wp\/v2\/product_brand?post=250"},{"taxonomy":"product_cat","embeddable":true,"href":"https:\/\/italwaxfrance.fr\/particulier\/wp-json\/wp\/v2\/product_cat?post=250"},{"taxonomy":"product_tag","embeddable":true,"href":"https:\/\/italwaxfrance.fr\/particulier\/wp-json\/wp\/v2\/product_tag?post=250"}],"curies":[{"name":"wp","href":"https:\/\/api.w.org\/{rel}","templated":true}]}}