{"id":2278,"date":"2026-01-13T19:57:24","date_gmt":"2026-01-13T16:57:24","guid":{"rendered":"https:\/\/italwaxfrance.fr\/particulier\/?post_type=product&#038;p=2278"},"modified":"2026-01-13T20:08:12","modified_gmt":"2026-01-13T17:08:12","slug":"kit-epilation-pour-homme-a-la-maison","status":"publish","type":"product","link":"https:\/\/italwaxfrance.fr\/particulier\/product\/kit-epilation-pour-homme-a-la-maison\/","title":{"rendered":"Kit \u00e9pilation Pour Homme"},"content":{"rendered":"<h2 data-start=\"210\" data-end=\"305\"><strong data-start=\"213\" data-end=\"305\">Kit \u00c9pilation Pour Homme \u2013 Id\u00e9al pour \u00e9liminer les poils \u00e9pais et r\u00e9sistants \u00e0 la maison<\/strong><\/h2>\n<p data-start=\"307\" data-end=\"603\">Le <strong data-start=\"310\" data-end=\"338\">Kit \u00c9pilation Pour Homme<\/strong> est con\u00e7u pour vous permettre de r\u00e9aliser une <strong data-start=\"385\" data-end=\"451\">\u00e9pilation masculine efficace, pr\u00e9cise et confortable chez vous<\/strong>. Complet et facile \u00e0 utiliser, il contient tout le n\u00e9cessaire pour prendre soin de votre peau avant, pendant et apr\u00e8s l\u2019\u00e9pilation, en toute simplicit\u00e9.<\/p>\n<h3 data-start=\"610\" data-end=\"658\"><strong data-start=\"614\" data-end=\"658\">Une cire pens\u00e9e pour les poils masculins<\/strong><\/h3>\n<p data-start=\"659\" data-end=\"935\">La <strong data-start=\"662\" data-end=\"681\">cire Pour Homme<\/strong> a \u00e9t\u00e9 sp\u00e9cialement d\u00e9velopp\u00e9e pour r\u00e9pondre aux besoins des poils masculins, souvent plus <strong data-start=\"772\" data-end=\"803\">\u00e9pais, denses et r\u00e9sistants<\/strong>. Gr\u00e2ce \u00e0 sa forte adh\u00e9rence, elle permet d\u2019\u00e9liminer efficacement les poils d\u00e8s la premi\u00e8re application, tout en respectant la peau.<\/p>\n<p data-start=\"937\" data-end=\"1216\">Sa <strong data-start=\"940\" data-end=\"972\">texture cr\u00e9meuse et flexible<\/strong> facilite l\u2019application et assure une excellente accroche, m\u00eame sur les zones sensibles. Utilisable \u00e0 <strong data-start=\"1074\" data-end=\"1102\">basse temp\u00e9rature (40\u00b0C)<\/strong>, elle aide \u00e0 limiter les sensations d\u2019inconfort et les irritations, pour une \u00e9pilation plus agr\u00e9able \u00e0 la maison.<\/p>\n<h3 data-start=\"1223\" data-end=\"1274\"><strong data-start=\"1227\" data-end=\"1274\">Pr\u00e9parer la peau pour une \u00e9pilation r\u00e9ussie<\/strong><\/h3>\n<p data-start=\"1275\" data-end=\"1532\">Avant l\u2019\u00e9pilation, la <strong data-start=\"1297\" data-end=\"1332\">lotion pr\u00e9-\u00e9pilation Pour Homme<\/strong> pr\u00e9pare la peau en douceur. Elle nettoie, purifie et \u00e9limine l\u2019exc\u00e8s de s\u00e9bum, tout en am\u00e9liorant l\u2019adh\u00e9rence de la cire. Cette \u00e9tape simple permet d\u2019obtenir un r\u00e9sultat plus net et plus confortable.<\/p>\n<h3 data-start=\"1539\" data-end=\"1585\"><strong data-start=\"1543\" data-end=\"1585\">Une \u00e9pilation pr\u00e9cise, visage et corps<\/strong><\/h3>\n<p data-start=\"1586\" data-end=\"1665\">La cire Pour Homme est parfaitement adapt\u00e9e pour une \u00e9pilation \u00e0 domicile sur :<\/p>\n<ul data-start=\"1666\" data-end=\"1718\">\n<li data-start=\"1666\" data-end=\"1680\">\n<p data-start=\"1668\" data-end=\"1680\">la <strong data-start=\"1671\" data-end=\"1680\">barbe<\/strong><\/p>\n<\/li>\n<li data-start=\"1681\" data-end=\"1699\">\n<p data-start=\"1683\" data-end=\"1699\">la <strong data-start=\"1686\" data-end=\"1699\">moustache<\/strong><\/p>\n<\/li>\n<li data-start=\"1700\" data-end=\"1718\">\n<p data-start=\"1702\" data-end=\"1718\">les <strong data-start=\"1706\" data-end=\"1718\">sourcils<\/strong><\/p>\n<\/li>\n<\/ul>\n<p data-start=\"1720\" data-end=\"1918\">Elle convient \u00e9galement aux zones du corps telles que le <strong data-start=\"1777\" data-end=\"1786\">torse<\/strong>, le <strong data-start=\"1791\" data-end=\"1798\">dos<\/strong> ou les <strong data-start=\"1806\" data-end=\"1819\">aisselles<\/strong>. Sa formule douce aide \u00e0 respecter la peau tout en offrant des <strong data-start=\"1883\" data-end=\"1917\">r\u00e9sultats durables et visibles<\/strong>.<\/p>\n<h3 data-start=\"1925\" data-end=\"1966\"><strong data-start=\"1929\" data-end=\"1966\">Apaiser la peau apr\u00e8s l\u2019\u00e9pilation<\/strong><\/h3>\n<p data-start=\"1967\" data-end=\"2082\">Apr\u00e8s l\u2019\u00e9pilation, appliquez le <strong data-start=\"1999\" data-end=\"2034\">baume post-\u00e9pilation Pour Homme<\/strong> pour retrouver un confort imm\u00e9diat. Il aide \u00e0 :<\/p>\n<ul data-start=\"2083\" data-end=\"2172\">\n<li data-start=\"2083\" data-end=\"2102\">\n<p data-start=\"2085\" data-end=\"2102\">apaiser la peau<\/p>\n<\/li>\n<li data-start=\"2103\" data-end=\"2127\">\n<p data-start=\"2105\" data-end=\"2127\">r\u00e9duire les rougeurs<\/p>\n<\/li>\n<li data-start=\"2128\" data-end=\"2172\">\n<p data-start=\"2130\" data-end=\"2172\">pr\u00e9venir l\u2019apparition des poils incarn\u00e9s<\/p>\n<\/li>\n<\/ul>\n<p data-start=\"2174\" data-end=\"2312\">Sa texture l\u00e9g\u00e8re hydrate la peau sans effet gras et laisse un <strong data-start=\"2237\" data-end=\"2263\">parfum masculin subtil<\/strong>, pour une sensation de fra\u00eecheur et de propret\u00e9.<\/p>\n<h3 data-start=\"2319\" data-end=\"2369\"><strong data-start=\"2323\" data-end=\"2369\">Une routine simple pour des r\u00e9sultats nets<\/strong><\/h3>\n<p data-start=\"2370\" data-end=\"2621\">Avec le <strong data-start=\"2378\" data-end=\"2406\">Kit \u00c9pilation Pour Homme<\/strong>, l\u2019\u00e9pilation devient un v\u00e9ritable <strong data-start=\"2441\" data-end=\"2469\">soin complet \u00e0 la maison<\/strong>. Facile \u00e0 utiliser et pens\u00e9 pour le confort, il vous permet d\u2019obtenir une peau lisse, soign\u00e9e et durablement nette, sans avoir besoin de vous d\u00e9placer.<\/p>\n","protected":false},"excerpt":{"rendered":"<p><strong data-start=\"2246\" data-end=\"2279\">Kit d\u2019\u00c9pilation pour Homme Italwax <\/strong>\u00a0\u2013\u00a0 cire basse temp\u00e9rature et soins complets pour les hommes pour une \u00e9pilation douce, efficace sans bande, m\u00eame sur peaux sensibles.<\/p>\n","protected":false},"featured_media":2281,"comment_status":"open","ping_status":"closed","template":"","meta":[],"product_brand":[],"product_cat":[46],"product_tag":[],"class_list":{"0":"post-2278","1":"product","2":"type-product","3":"status-publish","4":"has-post-thumbnail","6":"product_cat-starter-kits-depilation","8":"first","9":"instock","10":"sale","11":"taxable","12":"shipping-taxable","13":"purchasable","14":"product-type-variable"},"yoast_head":"<!-- This site is optimized with the Yoast SEO Premium plugin v27.2 (Yoast SEO v27.5) - https:\/\/yoast.com\/product\/yoast-seo-premium-wordpress\/ -->\n<title>Kit \u00e9pilation Pour Homme - Italwax France Particulier<\/title>\n<meta name=\"description\" content=\"Kit d\u2019\u00e9pilation Pour Homme Italwax : cire basse temp\u00e9rature et soins complets sp\u00e9ciales pour hommes.\" \/>\n<meta name=\"robots\" content=\"index, follow, max-snippet:-1, max-image-preview:large, max-video-preview:-1\" \/>\n<link rel=\"canonical\" href=\"https:\/\/italwaxfrance.fr\/particulier\/product\/kit-epilation-pour-homme-a-la-maison\/\" \/>\n<meta property=\"og:locale\" content=\"fr_FR\" \/>\n<meta property=\"og:type\" content=\"article\" \/>\n<meta property=\"og:title\" content=\"Kit \u00e9pilation Pour Homme\" \/>\n<meta property=\"og:description\" content=\"Kit d\u2019\u00e9pilation Pour Homme Italwax : cire basse temp\u00e9rature et soins complets sp\u00e9ciales pour hommes.\" \/>\n<meta property=\"og:url\" content=\"https:\/\/italwaxfrance.fr\/particulier\/product\/kit-epilation-pour-homme-a-la-maison\/\" \/>\n<meta property=\"og:site_name\" content=\"Italwax France Particulier\" \/>\n<meta property=\"article:modified_time\" content=\"2026-01-13T17:08:12+00:00\" \/>\n<meta property=\"og:image\" content=\"http:\/\/italwaxfrance.fr\/particulier\/wp-content\/uploads\/sites\/12\/2026\/01\/Pour-1.jpg\" \/>\n\t<meta property=\"og:image:width\" content=\"800\" \/>\n\t<meta property=\"og:image:height\" content=\"800\" \/>\n\t<meta property=\"og:image:type\" content=\"image\/jpeg\" \/>\n<meta name=\"twitter:card\" content=\"summary_large_image\" \/>\n<meta name=\"twitter:label1\" content=\"Dur\u00e9e de lecture estim\u00e9e\" \/>\n\t<meta name=\"twitter:data1\" content=\"2 minutes\" \/>\n<script type=\"application\/ld+json\" class=\"yoast-schema-graph\">{\"@context\":\"https:\\\/\\\/schema.org\",\"@graph\":[{\"@type\":\"WebPage\",\"@id\":\"https:\\\/\\\/italwaxfrance.fr\\\/particulier\\\/product\\\/kit-epilation-pour-homme-a-la-maison\\\/\",\"url\":\"https:\\\/\\\/italwaxfrance.fr\\\/particulier\\\/product\\\/kit-epilation-pour-homme-a-la-maison\\\/\",\"name\":\"Kit \u00e9pilation Pour Homme - Italwax France Particulier\",\"isPartOf\":{\"@id\":\"https:\\\/\\\/italwaxfrance.fr\\\/particulier\\\/#website\"},\"primaryImageOfPage\":{\"@id\":\"https:\\\/\\\/italwaxfrance.fr\\\/particulier\\\/product\\\/kit-epilation-pour-homme-a-la-maison\\\/#primaryimage\"},\"image\":{\"@id\":\"https:\\\/\\\/italwaxfrance.fr\\\/particulier\\\/product\\\/kit-epilation-pour-homme-a-la-maison\\\/#primaryimage\"},\"thumbnailUrl\":\"https:\\\/\\\/italwaxfrance.fr\\\/particulier\\\/wp-content\\\/uploads\\\/sites\\\/12\\\/2026\\\/01\\\/Pour-1.jpg\",\"datePublished\":\"2026-01-13T16:57:24+00:00\",\"dateModified\":\"2026-01-13T17:08:12+00:00\",\"description\":\"Kit d\u2019\u00e9pilation Pour Homme Italwax : cire basse temp\u00e9rature et soins complets sp\u00e9ciales pour hommes.\",\"breadcrumb\":{\"@id\":\"https:\\\/\\\/italwaxfrance.fr\\\/particulier\\\/product\\\/kit-epilation-pour-homme-a-la-maison\\\/#breadcrumb\"},\"inLanguage\":\"fr-FR\",\"potentialAction\":[{\"@type\":\"ReadAction\",\"target\":[\"https:\\\/\\\/italwaxfrance.fr\\\/particulier\\\/product\\\/kit-epilation-pour-homme-a-la-maison\\\/\"]}]},{\"@type\":\"ImageObject\",\"inLanguage\":\"fr-FR\",\"@id\":\"https:\\\/\\\/italwaxfrance.fr\\\/particulier\\\/product\\\/kit-epilation-pour-homme-a-la-maison\\\/#primaryimage\",\"url\":\"https:\\\/\\\/italwaxfrance.fr\\\/particulier\\\/wp-content\\\/uploads\\\/sites\\\/12\\\/2026\\\/01\\\/Pour-1.jpg\",\"contentUrl\":\"https:\\\/\\\/italwaxfrance.fr\\\/particulier\\\/wp-content\\\/uploads\\\/sites\\\/12\\\/2026\\\/01\\\/Pour-1.jpg\",\"width\":800,\"height\":800,\"caption\":\"Kit Pour Homme maison\"},{\"@type\":\"BreadcrumbList\",\"@id\":\"https:\\\/\\\/italwaxfrance.fr\\\/particulier\\\/product\\\/kit-epilation-pour-homme-a-la-maison\\\/#breadcrumb\",\"itemListElement\":[{\"@type\":\"ListItem\",\"position\":1,\"name\":\"Accueil\",\"item\":\"https:\\\/\\\/italwaxfrance.fr\\\/particulier\\\/\"},{\"@type\":\"ListItem\",\"position\":2,\"name\":\"Score\",\"item\":\"https:\\\/\\\/italwaxfrance.fr\\\/particulier\\\/shop\\\/\"},{\"@type\":\"ListItem\",\"position\":3,\"name\":\"Kit \u00e9pilation Pour Homme\"}]},{\"@type\":\"WebSite\",\"@id\":\"https:\\\/\\\/italwaxfrance.fr\\\/particulier\\\/#website\",\"url\":\"https:\\\/\\\/italwaxfrance.fr\\\/particulier\\\/\",\"name\":\"Italwax France Particulier\",\"description\":\"Cosm\u00e9tiques professionnels\",\"publisher\":{\"@id\":\"https:\\\/\\\/italwaxfrance.fr\\\/particulier\\\/#organization\"},\"potentialAction\":[{\"@type\":\"SearchAction\",\"target\":{\"@type\":\"EntryPoint\",\"urlTemplate\":\"https:\\\/\\\/italwaxfrance.fr\\\/particulier\\\/?s={search_term_string}\"},\"query-input\":{\"@type\":\"PropertyValueSpecification\",\"valueRequired\":true,\"valueName\":\"search_term_string\"}}],\"inLanguage\":\"fr-FR\"},{\"@type\":\"Organization\",\"@id\":\"https:\\\/\\\/italwaxfrance.fr\\\/particulier\\\/#organization\",\"name\":\"Italwax France\",\"url\":\"https:\\\/\\\/italwaxfrance.fr\\\/particulier\\\/\",\"logo\":{\"@type\":\"ImageObject\",\"inLanguage\":\"fr-FR\",\"@id\":\"https:\\\/\\\/italwaxfrance.fr\\\/particulier\\\/#\\\/schema\\\/logo\\\/image\\\/\",\"url\":\"https:\\\/\\\/italwaxfrance.fr\\\/particulier\\\/wp-content\\\/uploads\\\/sites\\\/12\\\/2022\\\/04\\\/logo.png\",\"contentUrl\":\"https:\\\/\\\/italwaxfrance.fr\\\/particulier\\\/wp-content\\\/uploads\\\/sites\\\/12\\\/2022\\\/04\\\/logo.png\",\"width\":334,\"height\":158,\"caption\":\"Italwax France\"},\"image\":{\"@id\":\"https:\\\/\\\/italwaxfrance.fr\\\/particulier\\\/#\\\/schema\\\/logo\\\/image\\\/\"},\"sameAs\":[\"https:\\\/\\\/www.instagram.com\\\/italwaxfrance\\\/\",\"https:\\\/\\\/www.youtube.com\\\/@ItalwaxMedia\"]}]}<\/script>\n<!-- \/ Yoast SEO Premium plugin. -->","yoast_head_json":{"title":"Kit \u00e9pilation Pour Homme - Italwax France Particulier","description":"Kit d\u2019\u00e9pilation Pour Homme Italwax : cire basse temp\u00e9rature et soins complets sp\u00e9ciales pour hommes.","robots":{"index":"index","follow":"follow","max-snippet":"max-snippet:-1","max-image-preview":"max-image-preview:large","max-video-preview":"max-video-preview:-1"},"canonical":"https:\/\/italwaxfrance.fr\/particulier\/product\/kit-epilation-pour-homme-a-la-maison\/","og_locale":"fr_FR","og_type":"article","og_title":"Kit \u00e9pilation Pour Homme","og_description":"Kit d\u2019\u00e9pilation Pour Homme Italwax : cire basse temp\u00e9rature et soins complets sp\u00e9ciales pour hommes.","og_url":"https:\/\/italwaxfrance.fr\/particulier\/product\/kit-epilation-pour-homme-a-la-maison\/","og_site_name":"Italwax France Particulier","article_modified_time":"2026-01-13T17:08:12+00:00","og_image":[{"width":800,"height":800,"url":"http:\/\/italwaxfrance.fr\/particulier\/wp-content\/uploads\/sites\/12\/2026\/01\/Pour-1.jpg","type":"image\/jpeg"}],"twitter_card":"summary_large_image","twitter_misc":{"Dur\u00e9e de lecture estim\u00e9e":"2 minutes"},"schema":{"@context":"https:\/\/schema.org","@graph":[{"@type":"WebPage","@id":"https:\/\/italwaxfrance.fr\/particulier\/product\/kit-epilation-pour-homme-a-la-maison\/","url":"https:\/\/italwaxfrance.fr\/particulier\/product\/kit-epilation-pour-homme-a-la-maison\/","name":"Kit \u00e9pilation Pour Homme - Italwax France Particulier","isPartOf":{"@id":"https:\/\/italwaxfrance.fr\/particulier\/#website"},"primaryImageOfPage":{"@id":"https:\/\/italwaxfrance.fr\/particulier\/product\/kit-epilation-pour-homme-a-la-maison\/#primaryimage"},"image":{"@id":"https:\/\/italwaxfrance.fr\/particulier\/product\/kit-epilation-pour-homme-a-la-maison\/#primaryimage"},"thumbnailUrl":"https:\/\/italwaxfrance.fr\/particulier\/wp-content\/uploads\/sites\/12\/2026\/01\/Pour-1.jpg","datePublished":"2026-01-13T16:57:24+00:00","dateModified":"2026-01-13T17:08:12+00:00","description":"Kit d\u2019\u00e9pilation Pour Homme Italwax : cire basse temp\u00e9rature et soins complets sp\u00e9ciales pour hommes.","breadcrumb":{"@id":"https:\/\/italwaxfrance.fr\/particulier\/product\/kit-epilation-pour-homme-a-la-maison\/#breadcrumb"},"inLanguage":"fr-FR","potentialAction":[{"@type":"ReadAction","target":["https:\/\/italwaxfrance.fr\/particulier\/product\/kit-epilation-pour-homme-a-la-maison\/"]}]},{"@type":"ImageObject","inLanguage":"fr-FR","@id":"https:\/\/italwaxfrance.fr\/particulier\/product\/kit-epilation-pour-homme-a-la-maison\/#primaryimage","url":"https:\/\/italwaxfrance.fr\/particulier\/wp-content\/uploads\/sites\/12\/2026\/01\/Pour-1.jpg","contentUrl":"https:\/\/italwaxfrance.fr\/particulier\/wp-content\/uploads\/sites\/12\/2026\/01\/Pour-1.jpg","width":800,"height":800,"caption":"Kit Pour Homme maison"},{"@type":"BreadcrumbList","@id":"https:\/\/italwaxfrance.fr\/particulier\/product\/kit-epilation-pour-homme-a-la-maison\/#breadcrumb","itemListElement":[{"@type":"ListItem","position":1,"name":"Accueil","item":"https:\/\/italwaxfrance.fr\/particulier\/"},{"@type":"ListItem","position":2,"name":"Score","item":"https:\/\/italwaxfrance.fr\/particulier\/shop\/"},{"@type":"ListItem","position":3,"name":"Kit \u00e9pilation Pour Homme"}]},{"@type":"WebSite","@id":"https:\/\/italwaxfrance.fr\/particulier\/#website","url":"https:\/\/italwaxfrance.fr\/particulier\/","name":"Italwax France Particulier","description":"Cosm\u00e9tiques professionnels","publisher":{"@id":"https:\/\/italwaxfrance.fr\/particulier\/#organization"},"potentialAction":[{"@type":"SearchAction","target":{"@type":"EntryPoint","urlTemplate":"https:\/\/italwaxfrance.fr\/particulier\/?s={search_term_string}"},"query-input":{"@type":"PropertyValueSpecification","valueRequired":true,"valueName":"search_term_string"}}],"inLanguage":"fr-FR"},{"@type":"Organization","@id":"https:\/\/italwaxfrance.fr\/particulier\/#organization","name":"Italwax France","url":"https:\/\/italwaxfrance.fr\/particulier\/","logo":{"@type":"ImageObject","inLanguage":"fr-FR","@id":"https:\/\/italwaxfrance.fr\/particulier\/#\/schema\/logo\/image\/","url":"https:\/\/italwaxfrance.fr\/particulier\/wp-content\/uploads\/sites\/12\/2022\/04\/logo.png","contentUrl":"https:\/\/italwaxfrance.fr\/particulier\/wp-content\/uploads\/sites\/12\/2022\/04\/logo.png","width":334,"height":158,"caption":"Italwax France"},"image":{"@id":"https:\/\/italwaxfrance.fr\/particulier\/#\/schema\/logo\/image\/"},"sameAs":["https:\/\/www.instagram.com\/italwaxfrance\/","https:\/\/www.youtube.com\/@ItalwaxMedia"]}]}},"_links":{"self":[{"href":"https:\/\/italwaxfrance.fr\/particulier\/wp-json\/wp\/v2\/product\/2278","targetHints":{"allow":["GET"]}}],"collection":[{"href":"https:\/\/italwaxfrance.fr\/particulier\/wp-json\/wp\/v2\/product"}],"about":[{"href":"https:\/\/italwaxfrance.fr\/particulier\/wp-json\/wp\/v2\/types\/product"}],"replies":[{"embeddable":true,"href":"https:\/\/italwaxfrance.fr\/particulier\/wp-json\/wp\/v2\/comments?post=2278"}],"wp:featuredmedia":[{"embeddable":true,"href":"https:\/\/italwaxfrance.fr\/particulier\/wp-json\/wp\/v2\/media\/2281"}],"wp:attachment":[{"href":"https:\/\/italwaxfrance.fr\/particulier\/wp-json\/wp\/v2\/media?parent=2278"}],"wp:term":[{"taxonomy":"product_brand","embeddable":true,"href":"https:\/\/italwaxfrance.fr\/particulier\/wp-json\/wp\/v2\/product_brand?post=2278"},{"taxonomy":"product_cat","embeddable":true,"href":"https:\/\/italwaxfrance.fr\/particulier\/wp-json\/wp\/v2\/product_cat?post=2278"},{"taxonomy":"product_tag","embeddable":true,"href":"https:\/\/italwaxfrance.fr\/particulier\/wp-json\/wp\/v2\/product_tag?post=2278"}],"curies":[{"name":"wp","href":"https:\/\/api.w.org\/{rel}","templated":true}]}}