{"id":2273,"date":"2026-01-13T16:41:58","date_gmt":"2026-01-13T13:41:58","guid":{"rendered":"https:\/\/italwaxfrance.fr\/particulier\/?post_type=product&#038;p=2273"},"modified":"2026-04-24T12:12:34","modified_gmt":"2026-04-24T09:12:34","slug":"kit-selfie-epilation-visage","status":"publish","type":"product","link":"https:\/\/italwaxfrance.fr\/particulier\/product\/kit-selfie-epilation-visage\/","title":{"rendered":"Kit Selfie \u00e9pilation visage \u00e0 la maison"},"content":{"rendered":"<h2 data-start=\"252\" data-end=\"300\"><strong data-start=\"255\" data-end=\"300\">Kit Selfie \u2013 \u00c9pilation visage \u00e0 la maison<\/strong><\/h2>\n<p data-start=\"302\" data-end=\"612\">Le <strong data-start=\"305\" data-end=\"319\">Kit Selfie<\/strong> est la solution id\u00e9ale pour r\u00e9aliser une <strong data-start=\"361\" data-end=\"437\">\u00e9pilation du visage efficace et tout en douceur, directement \u00e0 la maison<\/strong>. Con\u00e7u pour les zones d\u00e9licates comme les sourcils et le visage, ce kit r\u00e9unit tout le n\u00e9cessaire pour une \u00e9pilation pr\u00e9cise, confortable et respectueuse des peaux sensibles.<\/p>\n<p data-start=\"614\" data-end=\"756\">Gr\u00e2ce \u00e0 des produits parfaitement adapt\u00e9s \u00e0 un usage \u00e0 domicile, vous profitez d\u2019un <strong data-start=\"698\" data-end=\"724\">r\u00e9sultat net et soign\u00e9<\/strong>, sans compromis sur le confort.<\/p>\n<h3 data-start=\"763\" data-end=\"792\"><strong data-start=\"767\" data-end=\"792\">Que contient le kit ?<\/strong><\/h3>\n<ul data-start=\"794\" data-end=\"1606\">\n<li data-start=\"794\" data-end=\"1070\">\n<p data-start=\"796\" data-end=\"1070\"><strong data-start=\"796\" data-end=\"834\">Cire sans colophane Selfie\u00a0 \u2013 500 g ou Cherry Pink 400g<\/strong><br data-start=\"834\" data-end=\"837\" \/>Une cire visage ultra douce, enrichie en huiles naturelles, sp\u00e9cialement formul\u00e9e pour les zones sensibles : sourcils, l\u00e8vre sup\u00e9rieure, tempes et menton. Elle adh\u00e8re parfaitement aux poils, m\u00eame courts, tout en respectant la peau.<\/p>\n<\/li>\n<li data-start=\"1072\" data-end=\"1278\">\n<p data-start=\"1074\" data-end=\"1278\"><strong data-start=\"1074\" data-end=\"1102\">Gel Pr\u00e9-\u00c9pilation Selfie<\/strong><br data-start=\"1102\" data-end=\"1105\" \/>Il pr\u00e9pare la peau avant l\u2019\u00e9pilation en la nettoyant et en am\u00e9liorant l\u2019adh\u00e9rence de la cire. Cette \u00e9tape aide \u00e0 limiter les rougeurs et rend l\u2019\u00e9pilation plus confortable.<\/p>\n<\/li>\n<li data-start=\"1280\" data-end=\"1434\">\n<p data-start=\"1282\" data-end=\"1434\"><strong data-start=\"1282\" data-end=\"1314\">Masque Post-\u00c9pilation Selfie<\/strong><br data-start=\"1314\" data-end=\"1317\" \/>\u00c0 appliquer apr\u00e8s l\u2019\u00e9pilation, il apaise la peau, r\u00e9duit les rougeurs et laisse une sensation de douceur imm\u00e9diate.<\/p>\n<\/li>\n<li data-start=\"1436\" data-end=\"1606\">\n<p data-start=\"1438\" data-end=\"1606\"><strong data-start=\"1438\" data-end=\"1491\">Spatules jetables visage \u2013 taille medium (1 pack)<\/strong><br data-start=\"1491\" data-end=\"1494\" \/>Pratiques et hygi\u00e9niques, elles permettent une application pr\u00e9cise de la cire sur les petites zones du visage.<\/p>\n<\/li>\n<\/ul>\n<h3 data-start=\"1613\" data-end=\"1665\"><strong data-start=\"1617\" data-end=\"1665\">Pourquoi choisir le Kit Selfie \u00e0 la maison ?<\/strong><\/h3>\n<ul data-start=\"1667\" data-end=\"1943\">\n<li data-start=\"1667\" data-end=\"1725\">\n<p data-start=\"1669\" data-end=\"1725\">R\u00e9sultats propres et pr\u00e9cis, m\u00eame sur les poils courts<\/p>\n<\/li>\n<li data-start=\"1726\" data-end=\"1786\">\n<p data-start=\"1728\" data-end=\"1786\">Cire utilisable \u00e0 basse temp\u00e9rature pour plus de confort<\/p>\n<\/li>\n<li data-start=\"1787\" data-end=\"1832\">\n<p data-start=\"1789\" data-end=\"1832\">Temps de s\u00e9chage rapide (6 \u00e0 10 secondes)<\/p>\n<\/li>\n<li data-start=\"1833\" data-end=\"1897\">\n<p data-start=\"1835\" data-end=\"1897\">Id\u00e9al pour l\u2019entretien des sourcils et l\u2019\u00e9pilation du visage<\/p>\n<\/li>\n<li data-start=\"1898\" data-end=\"1943\">\n<p data-start=\"1900\" data-end=\"1943\">Convient aux peaux sensibles et r\u00e9actives<\/p>\n<\/li>\n<\/ul>\n<h3 data-start=\"1950\" data-end=\"2007\"><strong data-start=\"1954\" data-end=\"2007\">Une routine simple pour un r\u00e9sultat professionnel<\/strong><\/h3>\n<p data-start=\"2008\" data-end=\"2233\">Avec le <strong data-start=\"2016\" data-end=\"2030\">Kit Selfie<\/strong>, l\u2019\u00e9pilation du visage devient un v\u00e9ritable <strong data-start=\"2075\" data-end=\"2104\">moment de soin \u00e0 domicile<\/strong>. Facile \u00e0 utiliser et complet, il permet d\u2019obtenir une peau lisse, nette et apais\u00e9e, sans avoir besoin de se rendre en institut.<\/p>\n<p data-start=\"2235\" data-end=\"2330\">Offrez-vous une \u00e9pilation visage ma\u00eetris\u00e9e, douce et efficace, dans le confort de votre maison.<\/p>\n<p data-start=\"2235\" data-end=\"2330\">Le kit avec la cire Glowax Cherry Pink est recommand\u00e9 comme recharge pour votre kit ou chauffe-cire GLOWAX.<\/p>\n","protected":false},"excerpt":{"rendered":"<p><strong data-start=\"2246\" data-end=\"2279\">Kit d\u2019\u00c9pilation visage Italwax <\/strong>\u00a0\u2013\u00a0 cire hypoallerg\u00e9nique basse temp\u00e9rature et soins complets pour une \u00e9pilation douce, efficace et sans bande, m\u00eame sur peaux sensibles.<\/p>\n<p>Le kit avec la cire Glowax Cherry Pink est recommand\u00e9 comme recharge pour votre kit ou <a href=\"https:\/\/italwaxfrance.fr\/particulier\/product\/epilation-a-domicile-glowax-chauffe-cire-maison\/\">chauffe-cire GLOWAX.<\/a><\/p>\n","protected":false},"featured_media":2276,"comment_status":"open","ping_status":"closed","template":"","meta":[],"product_brand":[],"product_cat":[46],"product_tag":[],"class_list":{"0":"post-2273","1":"product","2":"type-product","3":"status-publish","4":"has-post-thumbnail","6":"product_cat-starter-kits-depilation","8":"first","9":"instock","10":"sale","11":"taxable","12":"shipping-taxable","13":"purchasable","14":"product-type-variable"},"yoast_head":"<!-- This site is optimized with the Yoast SEO Premium plugin v27.2 (Yoast SEO v27.5) - https:\/\/yoast.com\/product\/yoast-seo-premium-wordpress\/ -->\n<title>Kit Selfie \u00e9pilation visage \u00e0 la maison - Italwax France Particulier<\/title>\n<meta name=\"description\" content=\"Kit d\u2019\u00e9pilation visage Selfie Italwax : cire hypoallerg\u00e9nique basse temp\u00e9rature et soins complets. Douceur et efficacit\u00e9 pour la peau du visage.\" \/>\n<meta name=\"robots\" content=\"index, follow, max-snippet:-1, max-image-preview:large, max-video-preview:-1\" \/>\n<link rel=\"canonical\" href=\"https:\/\/italwaxfrance.fr\/particulier\/product\/kit-selfie-epilation-visage\/\" \/>\n<meta property=\"og:locale\" content=\"fr_FR\" \/>\n<meta property=\"og:type\" content=\"article\" \/>\n<meta property=\"og:title\" content=\"Kit Selfie \u00e9pilation visage \u00e0 la maison\" \/>\n<meta property=\"og:description\" content=\"Kit d\u2019\u00e9pilation visage Selfie Italwax : cire hypoallerg\u00e9nique basse temp\u00e9rature et soins complets. Douceur et efficacit\u00e9 pour la peau du visage.\" \/>\n<meta property=\"og:url\" content=\"https:\/\/italwaxfrance.fr\/particulier\/product\/kit-selfie-epilation-visage\/\" \/>\n<meta property=\"og:site_name\" content=\"Italwax France Particulier\" \/>\n<meta property=\"article:modified_time\" content=\"2026-04-24T09:12:34+00:00\" \/>\n<meta property=\"og:image\" content=\"http:\/\/italwaxfrance.fr\/particulier\/wp-content\/uploads\/sites\/12\/2026\/01\/Selfie-1.jpg\" \/>\n\t<meta property=\"og:image:width\" content=\"800\" \/>\n\t<meta property=\"og:image:height\" content=\"800\" \/>\n\t<meta property=\"og:image:type\" content=\"image\/jpeg\" \/>\n<meta name=\"twitter:card\" content=\"summary_large_image\" \/>\n<meta name=\"twitter:label1\" content=\"Dur\u00e9e de lecture estim\u00e9e\" \/>\n\t<meta name=\"twitter:data1\" content=\"2 minutes\" \/>\n<script type=\"application\/ld+json\" class=\"yoast-schema-graph\">{\"@context\":\"https:\\\/\\\/schema.org\",\"@graph\":[{\"@type\":\"WebPage\",\"@id\":\"https:\\\/\\\/italwaxfrance.fr\\\/particulier\\\/product\\\/kit-selfie-epilation-visage\\\/\",\"url\":\"https:\\\/\\\/italwaxfrance.fr\\\/particulier\\\/product\\\/kit-selfie-epilation-visage\\\/\",\"name\":\"Kit Selfie \u00e9pilation visage \u00e0 la maison - Italwax France Particulier\",\"isPartOf\":{\"@id\":\"https:\\\/\\\/italwaxfrance.fr\\\/particulier\\\/#website\"},\"primaryImageOfPage\":{\"@id\":\"https:\\\/\\\/italwaxfrance.fr\\\/particulier\\\/product\\\/kit-selfie-epilation-visage\\\/#primaryimage\"},\"image\":{\"@id\":\"https:\\\/\\\/italwaxfrance.fr\\\/particulier\\\/product\\\/kit-selfie-epilation-visage\\\/#primaryimage\"},\"thumbnailUrl\":\"https:\\\/\\\/italwaxfrance.fr\\\/particulier\\\/wp-content\\\/uploads\\\/sites\\\/12\\\/2026\\\/01\\\/Selfie-1.jpg\",\"datePublished\":\"2026-01-13T13:41:58+00:00\",\"dateModified\":\"2026-04-24T09:12:34+00:00\",\"description\":\"Kit d\u2019\u00e9pilation visage Selfie Italwax : cire hypoallerg\u00e9nique basse temp\u00e9rature et soins complets. Douceur et efficacit\u00e9 pour la peau du visage.\",\"breadcrumb\":{\"@id\":\"https:\\\/\\\/italwaxfrance.fr\\\/particulier\\\/product\\\/kit-selfie-epilation-visage\\\/#breadcrumb\"},\"inLanguage\":\"fr-FR\",\"potentialAction\":[{\"@type\":\"ReadAction\",\"target\":[\"https:\\\/\\\/italwaxfrance.fr\\\/particulier\\\/product\\\/kit-selfie-epilation-visage\\\/\"]}]},{\"@type\":\"ImageObject\",\"inLanguage\":\"fr-FR\",\"@id\":\"https:\\\/\\\/italwaxfrance.fr\\\/particulier\\\/product\\\/kit-selfie-epilation-visage\\\/#primaryimage\",\"url\":\"https:\\\/\\\/italwaxfrance.fr\\\/particulier\\\/wp-content\\\/uploads\\\/sites\\\/12\\\/2026\\\/01\\\/Selfie-1.jpg\",\"contentUrl\":\"https:\\\/\\\/italwaxfrance.fr\\\/particulier\\\/wp-content\\\/uploads\\\/sites\\\/12\\\/2026\\\/01\\\/Selfie-1.jpg\",\"width\":800,\"height\":800,\"caption\":\"kit selfie visage\"},{\"@type\":\"BreadcrumbList\",\"@id\":\"https:\\\/\\\/italwaxfrance.fr\\\/particulier\\\/product\\\/kit-selfie-epilation-visage\\\/#breadcrumb\",\"itemListElement\":[{\"@type\":\"ListItem\",\"position\":1,\"name\":\"Accueil\",\"item\":\"https:\\\/\\\/italwaxfrance.fr\\\/particulier\\\/\"},{\"@type\":\"ListItem\",\"position\":2,\"name\":\"Score\",\"item\":\"https:\\\/\\\/italwaxfrance.fr\\\/particulier\\\/shop\\\/\"},{\"@type\":\"ListItem\",\"position\":3,\"name\":\"Kit Selfie \u00e9pilation visage \u00e0 la maison\"}]},{\"@type\":\"WebSite\",\"@id\":\"https:\\\/\\\/italwaxfrance.fr\\\/particulier\\\/#website\",\"url\":\"https:\\\/\\\/italwaxfrance.fr\\\/particulier\\\/\",\"name\":\"Italwax France Particulier\",\"description\":\"Cosm\u00e9tiques professionnels\",\"publisher\":{\"@id\":\"https:\\\/\\\/italwaxfrance.fr\\\/particulier\\\/#organization\"},\"potentialAction\":[{\"@type\":\"SearchAction\",\"target\":{\"@type\":\"EntryPoint\",\"urlTemplate\":\"https:\\\/\\\/italwaxfrance.fr\\\/particulier\\\/?s={search_term_string}\"},\"query-input\":{\"@type\":\"PropertyValueSpecification\",\"valueRequired\":true,\"valueName\":\"search_term_string\"}}],\"inLanguage\":\"fr-FR\"},{\"@type\":\"Organization\",\"@id\":\"https:\\\/\\\/italwaxfrance.fr\\\/particulier\\\/#organization\",\"name\":\"Italwax France\",\"url\":\"https:\\\/\\\/italwaxfrance.fr\\\/particulier\\\/\",\"logo\":{\"@type\":\"ImageObject\",\"inLanguage\":\"fr-FR\",\"@id\":\"https:\\\/\\\/italwaxfrance.fr\\\/particulier\\\/#\\\/schema\\\/logo\\\/image\\\/\",\"url\":\"https:\\\/\\\/italwaxfrance.fr\\\/particulier\\\/wp-content\\\/uploads\\\/sites\\\/12\\\/2022\\\/04\\\/logo.png\",\"contentUrl\":\"https:\\\/\\\/italwaxfrance.fr\\\/particulier\\\/wp-content\\\/uploads\\\/sites\\\/12\\\/2022\\\/04\\\/logo.png\",\"width\":334,\"height\":158,\"caption\":\"Italwax France\"},\"image\":{\"@id\":\"https:\\\/\\\/italwaxfrance.fr\\\/particulier\\\/#\\\/schema\\\/logo\\\/image\\\/\"},\"sameAs\":[\"https:\\\/\\\/www.instagram.com\\\/italwaxfrance\\\/\",\"https:\\\/\\\/www.youtube.com\\\/@ItalwaxMedia\"]}]}<\/script>\n<!-- \/ Yoast SEO Premium plugin. -->","yoast_head_json":{"title":"Kit Selfie \u00e9pilation visage \u00e0 la maison - Italwax France Particulier","description":"Kit d\u2019\u00e9pilation visage Selfie Italwax : cire hypoallerg\u00e9nique basse temp\u00e9rature et soins complets. Douceur et efficacit\u00e9 pour la peau du visage.","robots":{"index":"index","follow":"follow","max-snippet":"max-snippet:-1","max-image-preview":"max-image-preview:large","max-video-preview":"max-video-preview:-1"},"canonical":"https:\/\/italwaxfrance.fr\/particulier\/product\/kit-selfie-epilation-visage\/","og_locale":"fr_FR","og_type":"article","og_title":"Kit Selfie \u00e9pilation visage \u00e0 la maison","og_description":"Kit d\u2019\u00e9pilation visage Selfie Italwax : cire hypoallerg\u00e9nique basse temp\u00e9rature et soins complets. Douceur et efficacit\u00e9 pour la peau du visage.","og_url":"https:\/\/italwaxfrance.fr\/particulier\/product\/kit-selfie-epilation-visage\/","og_site_name":"Italwax France Particulier","article_modified_time":"2026-04-24T09:12:34+00:00","og_image":[{"width":800,"height":800,"url":"http:\/\/italwaxfrance.fr\/particulier\/wp-content\/uploads\/sites\/12\/2026\/01\/Selfie-1.jpg","type":"image\/jpeg"}],"twitter_card":"summary_large_image","twitter_misc":{"Dur\u00e9e de lecture estim\u00e9e":"2 minutes"},"schema":{"@context":"https:\/\/schema.org","@graph":[{"@type":"WebPage","@id":"https:\/\/italwaxfrance.fr\/particulier\/product\/kit-selfie-epilation-visage\/","url":"https:\/\/italwaxfrance.fr\/particulier\/product\/kit-selfie-epilation-visage\/","name":"Kit Selfie \u00e9pilation visage \u00e0 la maison - Italwax France Particulier","isPartOf":{"@id":"https:\/\/italwaxfrance.fr\/particulier\/#website"},"primaryImageOfPage":{"@id":"https:\/\/italwaxfrance.fr\/particulier\/product\/kit-selfie-epilation-visage\/#primaryimage"},"image":{"@id":"https:\/\/italwaxfrance.fr\/particulier\/product\/kit-selfie-epilation-visage\/#primaryimage"},"thumbnailUrl":"https:\/\/italwaxfrance.fr\/particulier\/wp-content\/uploads\/sites\/12\/2026\/01\/Selfie-1.jpg","datePublished":"2026-01-13T13:41:58+00:00","dateModified":"2026-04-24T09:12:34+00:00","description":"Kit d\u2019\u00e9pilation visage Selfie Italwax : cire hypoallerg\u00e9nique basse temp\u00e9rature et soins complets. Douceur et efficacit\u00e9 pour la peau du visage.","breadcrumb":{"@id":"https:\/\/italwaxfrance.fr\/particulier\/product\/kit-selfie-epilation-visage\/#breadcrumb"},"inLanguage":"fr-FR","potentialAction":[{"@type":"ReadAction","target":["https:\/\/italwaxfrance.fr\/particulier\/product\/kit-selfie-epilation-visage\/"]}]},{"@type":"ImageObject","inLanguage":"fr-FR","@id":"https:\/\/italwaxfrance.fr\/particulier\/product\/kit-selfie-epilation-visage\/#primaryimage","url":"https:\/\/italwaxfrance.fr\/particulier\/wp-content\/uploads\/sites\/12\/2026\/01\/Selfie-1.jpg","contentUrl":"https:\/\/italwaxfrance.fr\/particulier\/wp-content\/uploads\/sites\/12\/2026\/01\/Selfie-1.jpg","width":800,"height":800,"caption":"kit selfie visage"},{"@type":"BreadcrumbList","@id":"https:\/\/italwaxfrance.fr\/particulier\/product\/kit-selfie-epilation-visage\/#breadcrumb","itemListElement":[{"@type":"ListItem","position":1,"name":"Accueil","item":"https:\/\/italwaxfrance.fr\/particulier\/"},{"@type":"ListItem","position":2,"name":"Score","item":"https:\/\/italwaxfrance.fr\/particulier\/shop\/"},{"@type":"ListItem","position":3,"name":"Kit Selfie \u00e9pilation visage \u00e0 la maison"}]},{"@type":"WebSite","@id":"https:\/\/italwaxfrance.fr\/particulier\/#website","url":"https:\/\/italwaxfrance.fr\/particulier\/","name":"Italwax France Particulier","description":"Cosm\u00e9tiques professionnels","publisher":{"@id":"https:\/\/italwaxfrance.fr\/particulier\/#organization"},"potentialAction":[{"@type":"SearchAction","target":{"@type":"EntryPoint","urlTemplate":"https:\/\/italwaxfrance.fr\/particulier\/?s={search_term_string}"},"query-input":{"@type":"PropertyValueSpecification","valueRequired":true,"valueName":"search_term_string"}}],"inLanguage":"fr-FR"},{"@type":"Organization","@id":"https:\/\/italwaxfrance.fr\/particulier\/#organization","name":"Italwax France","url":"https:\/\/italwaxfrance.fr\/particulier\/","logo":{"@type":"ImageObject","inLanguage":"fr-FR","@id":"https:\/\/italwaxfrance.fr\/particulier\/#\/schema\/logo\/image\/","url":"https:\/\/italwaxfrance.fr\/particulier\/wp-content\/uploads\/sites\/12\/2022\/04\/logo.png","contentUrl":"https:\/\/italwaxfrance.fr\/particulier\/wp-content\/uploads\/sites\/12\/2022\/04\/logo.png","width":334,"height":158,"caption":"Italwax France"},"image":{"@id":"https:\/\/italwaxfrance.fr\/particulier\/#\/schema\/logo\/image\/"},"sameAs":["https:\/\/www.instagram.com\/italwaxfrance\/","https:\/\/www.youtube.com\/@ItalwaxMedia"]}]}},"_links":{"self":[{"href":"https:\/\/italwaxfrance.fr\/particulier\/wp-json\/wp\/v2\/product\/2273","targetHints":{"allow":["GET"]}}],"collection":[{"href":"https:\/\/italwaxfrance.fr\/particulier\/wp-json\/wp\/v2\/product"}],"about":[{"href":"https:\/\/italwaxfrance.fr\/particulier\/wp-json\/wp\/v2\/types\/product"}],"replies":[{"embeddable":true,"href":"https:\/\/italwaxfrance.fr\/particulier\/wp-json\/wp\/v2\/comments?post=2273"}],"wp:featuredmedia":[{"embeddable":true,"href":"https:\/\/italwaxfrance.fr\/particulier\/wp-json\/wp\/v2\/media\/2276"}],"wp:attachment":[{"href":"https:\/\/italwaxfrance.fr\/particulier\/wp-json\/wp\/v2\/media?parent=2273"}],"wp:term":[{"taxonomy":"product_brand","embeddable":true,"href":"https:\/\/italwaxfrance.fr\/particulier\/wp-json\/wp\/v2\/product_brand?post=2273"},{"taxonomy":"product_cat","embeddable":true,"href":"https:\/\/italwaxfrance.fr\/particulier\/wp-json\/wp\/v2\/product_cat?post=2273"},{"taxonomy":"product_tag","embeddable":true,"href":"https:\/\/italwaxfrance.fr\/particulier\/wp-json\/wp\/v2\/product_tag?post=2273"}],"curies":[{"name":"wp","href":"https:\/\/api.w.org\/{rel}","templated":true}]}}