{"id":2206,"date":"2025-12-10T12:55:50","date_gmt":"2025-12-10T09:55:50","guid":{"rendered":"https:\/\/italwaxfrance.fr\/particulier\/?post_type=product&#038;p=2206"},"modified":"2026-01-15T13:58:56","modified_gmt":"2026-01-15T10:58:56","slug":"soin-peau-kit-gommage","status":"publish","type":"product","link":"https:\/\/italwaxfrance.fr\/particulier\/product\/soin-peau-kit-gommage\/","title":{"rendered":"Kit soin de la peau Gommage+Lotion"},"content":{"rendered":"<h2 data-start=\"247\" data-end=\"298\"><strong data-start=\"250\" data-end=\"298\">Kit soin de la peau Gommage + Lotion Hydratante \u2013 Miraveda<\/strong><\/h2>\n<p data-start=\"299\" data-end=\"585\">Offrez \u00e0 votre peau un rituel complet de douceur avec le kit Miraveda : un gommage exfoliant d\u00e9licat suivi d\u2019une lotion hydratante soyeuse. Ensemble, ils lissent, nourrissent et subliment la peau pour un toucher velout\u00e9 et un parfum irr\u00e9sistible.<br data-start=\"545\" data-end=\"548\" \/>Disponible en 3 senteurs naturelles :<\/p>\n<h3 data-start=\"587\" data-end=\"635\"><strong data-start=\"591\" data-end=\"633\">Citron Verte \u2013 Fra\u00eecheur Vivifiante<\/strong><\/h3>\n<p data-start=\"636\" data-end=\"794\">Un parfum p\u00e9tillant et \u00e9nergisant. Le gommage \u00e9limine en douceur les impuret\u00e9s tandis que la lotion laisse la peau fra\u00eeche, tonifi\u00e9e et d\u00e9licatement parfum\u00e9e.<\/p>\n<h3 data-start=\"796\" data-end=\"844\"><strong data-start=\"800\" data-end=\"842\">Coco Tropic \u2013 \u00c9vasion ensoleill\u00e9e<\/strong><\/h3>\n<p data-start=\"845\" data-end=\"980\">Une fragrance exotique qui transporte instantan\u00e9ment sous les tropiques. Peau lisse, souple et nourrie avec un voile tropical gourmand.<\/p>\n<h3 data-start=\"982\" data-end=\"1021\"><strong data-start=\"986\" data-end=\"1019\">Amande \u2013 Douceur Gourmande<\/strong><\/h3>\n<p data-start=\"1022\" data-end=\"1155\">Une senteur enveloppante d\u2019amande douce. Le duo exfoliant + hydratant apaise, nourrit et laisse un fini velout\u00e9 au parfum chaleureux.<\/p>\n<p data-start=\"1022\" data-end=\"1155\">Kit soin de la peau Miraveda, parfait pour vous ou pour offrir un cadeau a vos proches.<\/p>\n","protected":false},"excerpt":{"rendered":"<p>Kit soin de la peau Gommage + Lotion Hydratante \u2013 Miraveda Offrez \u00e0 votre peau un rituel complet de douceur avec le kit Miraveda : un gommage exfoliant d\u00e9licat suivi d\u2019une lotion hydratante soyeuse. Ensemble, ils lissent, nourrissent et subliment la peau pour un toucher velout\u00e9 et un parfum irr\u00e9sistible.Disponible en 3 senteurs naturelles :&#8230; <a href=\"https:\/\/italwaxfrance.fr\/particulier\/product\/soin-peau-kit-gommage\/\">Read More<\/a><\/p>\n","protected":false},"featured_media":2213,"comment_status":"open","ping_status":"closed","template":"","meta":[],"product_brand":[],"product_cat":[47,22],"product_tag":[],"class_list":{"0":"post-2206","1":"product","2":"type-product","3":"status-publish","4":"has-post-thumbnail","6":"product_cat-coffrets-beaute","7":"product_cat-cosmetiques-naturels-soins-de-la-peau-miraveda-gommages-lotions","9":"first","10":"instock","11":"sale","12":"taxable","13":"shipping-taxable","14":"purchasable","15":"product-type-variable"},"yoast_head":"<!-- This site is optimized with the Yoast SEO Premium plugin v27.2 (Yoast SEO v27.5) - https:\/\/yoast.com\/product\/yoast-seo-premium-wordpress\/ -->\n<title>Kit soin de la peau Gommage+Lotion - Italwax France Particulier<\/title>\n<meta name=\"description\" content=\"Kit gommage+lotion hydratante Miraveda: un soin de la peau complet pour exfolier, nourrir et parfumer en douceur. Dispo en Citron Verte, Coco ou Amande.\" \/>\n<meta name=\"robots\" content=\"index, follow, max-snippet:-1, max-image-preview:large, max-video-preview:-1\" \/>\n<link rel=\"canonical\" href=\"https:\/\/italwaxfrance.fr\/particulier\/product\/soin-peau-kit-gommage\/\" \/>\n<meta property=\"og:locale\" content=\"fr_FR\" \/>\n<meta property=\"og:type\" content=\"article\" \/>\n<meta property=\"og:title\" content=\"Kit soin de la peau Gommage+Lotion\" \/>\n<meta property=\"og:description\" content=\"Kit gommage+lotion hydratante Miraveda: un soin de la peau complet pour exfolier, nourrir et parfumer en douceur. Dispo en Citron Verte, Coco ou Amande.\" \/>\n<meta property=\"og:url\" content=\"https:\/\/italwaxfrance.fr\/particulier\/product\/soin-peau-kit-gommage\/\" \/>\n<meta property=\"og:site_name\" content=\"Italwax France Particulier\" \/>\n<meta property=\"article:modified_time\" content=\"2026-01-15T10:58:56+00:00\" \/>\n<meta property=\"og:image\" content=\"http:\/\/italwaxfrance.fr\/particulier\/wp-content\/uploads\/sites\/12\/2025\/12\/Almond-1.jpg\" \/>\n\t<meta property=\"og:image:width\" content=\"800\" \/>\n\t<meta property=\"og:image:height\" content=\"800\" \/>\n\t<meta property=\"og:image:type\" content=\"image\/jpeg\" \/>\n<meta name=\"twitter:card\" content=\"summary_large_image\" \/>\n<meta name=\"twitter:label1\" content=\"Dur\u00e9e de lecture estim\u00e9e\" \/>\n\t<meta name=\"twitter:data1\" content=\"1 minute\" \/>\n<script type=\"application\/ld+json\" class=\"yoast-schema-graph\">{\"@context\":\"https:\\\/\\\/schema.org\",\"@graph\":[{\"@type\":\"WebPage\",\"@id\":\"https:\\\/\\\/italwaxfrance.fr\\\/particulier\\\/product\\\/soin-peau-kit-gommage\\\/\",\"url\":\"https:\\\/\\\/italwaxfrance.fr\\\/particulier\\\/product\\\/soin-peau-kit-gommage\\\/\",\"name\":\"Kit soin de la peau Gommage+Lotion - Italwax France Particulier\",\"isPartOf\":{\"@id\":\"https:\\\/\\\/italwaxfrance.fr\\\/particulier\\\/#website\"},\"primaryImageOfPage\":{\"@id\":\"https:\\\/\\\/italwaxfrance.fr\\\/particulier\\\/product\\\/soin-peau-kit-gommage\\\/#primaryimage\"},\"image\":{\"@id\":\"https:\\\/\\\/italwaxfrance.fr\\\/particulier\\\/product\\\/soin-peau-kit-gommage\\\/#primaryimage\"},\"thumbnailUrl\":\"https:\\\/\\\/italwaxfrance.fr\\\/particulier\\\/wp-content\\\/uploads\\\/sites\\\/12\\\/2025\\\/12\\\/Almond-1.jpg\",\"datePublished\":\"2025-12-10T09:55:50+00:00\",\"dateModified\":\"2026-01-15T10:58:56+00:00\",\"description\":\"Kit gommage+lotion hydratante Miraveda: un soin de la peau complet pour exfolier, nourrir et parfumer en douceur. Dispo en Citron Verte, Coco ou Amande.\",\"breadcrumb\":{\"@id\":\"https:\\\/\\\/italwaxfrance.fr\\\/particulier\\\/product\\\/soin-peau-kit-gommage\\\/#breadcrumb\"},\"inLanguage\":\"fr-FR\",\"potentialAction\":[{\"@type\":\"ReadAction\",\"target\":[\"https:\\\/\\\/italwaxfrance.fr\\\/particulier\\\/product\\\/soin-peau-kit-gommage\\\/\"]}]},{\"@type\":\"ImageObject\",\"inLanguage\":\"fr-FR\",\"@id\":\"https:\\\/\\\/italwaxfrance.fr\\\/particulier\\\/product\\\/soin-peau-kit-gommage\\\/#primaryimage\",\"url\":\"https:\\\/\\\/italwaxfrance.fr\\\/particulier\\\/wp-content\\\/uploads\\\/sites\\\/12\\\/2025\\\/12\\\/Almond-1.jpg\",\"contentUrl\":\"https:\\\/\\\/italwaxfrance.fr\\\/particulier\\\/wp-content\\\/uploads\\\/sites\\\/12\\\/2025\\\/12\\\/Almond-1.jpg\",\"width\":800,\"height\":800},{\"@type\":\"BreadcrumbList\",\"@id\":\"https:\\\/\\\/italwaxfrance.fr\\\/particulier\\\/product\\\/soin-peau-kit-gommage\\\/#breadcrumb\",\"itemListElement\":[{\"@type\":\"ListItem\",\"position\":1,\"name\":\"Accueil\",\"item\":\"https:\\\/\\\/italwaxfrance.fr\\\/particulier\\\/\"},{\"@type\":\"ListItem\",\"position\":2,\"name\":\"Score\",\"item\":\"https:\\\/\\\/italwaxfrance.fr\\\/particulier\\\/shop\\\/\"},{\"@type\":\"ListItem\",\"position\":3,\"name\":\"Kit soin de la peau Gommage+Lotion\"}]},{\"@type\":\"WebSite\",\"@id\":\"https:\\\/\\\/italwaxfrance.fr\\\/particulier\\\/#website\",\"url\":\"https:\\\/\\\/italwaxfrance.fr\\\/particulier\\\/\",\"name\":\"Italwax France Particulier\",\"description\":\"Cosm\u00e9tiques professionnels\",\"publisher\":{\"@id\":\"https:\\\/\\\/italwaxfrance.fr\\\/particulier\\\/#organization\"},\"potentialAction\":[{\"@type\":\"SearchAction\",\"target\":{\"@type\":\"EntryPoint\",\"urlTemplate\":\"https:\\\/\\\/italwaxfrance.fr\\\/particulier\\\/?s={search_term_string}\"},\"query-input\":{\"@type\":\"PropertyValueSpecification\",\"valueRequired\":true,\"valueName\":\"search_term_string\"}}],\"inLanguage\":\"fr-FR\"},{\"@type\":\"Organization\",\"@id\":\"https:\\\/\\\/italwaxfrance.fr\\\/particulier\\\/#organization\",\"name\":\"Italwax France\",\"url\":\"https:\\\/\\\/italwaxfrance.fr\\\/particulier\\\/\",\"logo\":{\"@type\":\"ImageObject\",\"inLanguage\":\"fr-FR\",\"@id\":\"https:\\\/\\\/italwaxfrance.fr\\\/particulier\\\/#\\\/schema\\\/logo\\\/image\\\/\",\"url\":\"https:\\\/\\\/italwaxfrance.fr\\\/particulier\\\/wp-content\\\/uploads\\\/sites\\\/12\\\/2022\\\/04\\\/logo.png\",\"contentUrl\":\"https:\\\/\\\/italwaxfrance.fr\\\/particulier\\\/wp-content\\\/uploads\\\/sites\\\/12\\\/2022\\\/04\\\/logo.png\",\"width\":334,\"height\":158,\"caption\":\"Italwax France\"},\"image\":{\"@id\":\"https:\\\/\\\/italwaxfrance.fr\\\/particulier\\\/#\\\/schema\\\/logo\\\/image\\\/\"},\"sameAs\":[\"https:\\\/\\\/www.instagram.com\\\/italwaxfrance\\\/\",\"https:\\\/\\\/www.youtube.com\\\/@ItalwaxMedia\"]}]}<\/script>\n<!-- \/ Yoast SEO Premium plugin. -->","yoast_head_json":{"title":"Kit soin de la peau Gommage+Lotion - Italwax France Particulier","description":"Kit gommage+lotion hydratante Miraveda: un soin de la peau complet pour exfolier, nourrir et parfumer en douceur. Dispo en Citron Verte, Coco ou Amande.","robots":{"index":"index","follow":"follow","max-snippet":"max-snippet:-1","max-image-preview":"max-image-preview:large","max-video-preview":"max-video-preview:-1"},"canonical":"https:\/\/italwaxfrance.fr\/particulier\/product\/soin-peau-kit-gommage\/","og_locale":"fr_FR","og_type":"article","og_title":"Kit soin de la peau Gommage+Lotion","og_description":"Kit gommage+lotion hydratante Miraveda: un soin de la peau complet pour exfolier, nourrir et parfumer en douceur. Dispo en Citron Verte, Coco ou Amande.","og_url":"https:\/\/italwaxfrance.fr\/particulier\/product\/soin-peau-kit-gommage\/","og_site_name":"Italwax France Particulier","article_modified_time":"2026-01-15T10:58:56+00:00","og_image":[{"width":800,"height":800,"url":"http:\/\/italwaxfrance.fr\/particulier\/wp-content\/uploads\/sites\/12\/2025\/12\/Almond-1.jpg","type":"image\/jpeg"}],"twitter_card":"summary_large_image","twitter_misc":{"Dur\u00e9e de lecture estim\u00e9e":"1 minute"},"schema":{"@context":"https:\/\/schema.org","@graph":[{"@type":"WebPage","@id":"https:\/\/italwaxfrance.fr\/particulier\/product\/soin-peau-kit-gommage\/","url":"https:\/\/italwaxfrance.fr\/particulier\/product\/soin-peau-kit-gommage\/","name":"Kit soin de la peau Gommage+Lotion - Italwax France Particulier","isPartOf":{"@id":"https:\/\/italwaxfrance.fr\/particulier\/#website"},"primaryImageOfPage":{"@id":"https:\/\/italwaxfrance.fr\/particulier\/product\/soin-peau-kit-gommage\/#primaryimage"},"image":{"@id":"https:\/\/italwaxfrance.fr\/particulier\/product\/soin-peau-kit-gommage\/#primaryimage"},"thumbnailUrl":"https:\/\/italwaxfrance.fr\/particulier\/wp-content\/uploads\/sites\/12\/2025\/12\/Almond-1.jpg","datePublished":"2025-12-10T09:55:50+00:00","dateModified":"2026-01-15T10:58:56+00:00","description":"Kit gommage+lotion hydratante Miraveda: un soin de la peau complet pour exfolier, nourrir et parfumer en douceur. Dispo en Citron Verte, Coco ou Amande.","breadcrumb":{"@id":"https:\/\/italwaxfrance.fr\/particulier\/product\/soin-peau-kit-gommage\/#breadcrumb"},"inLanguage":"fr-FR","potentialAction":[{"@type":"ReadAction","target":["https:\/\/italwaxfrance.fr\/particulier\/product\/soin-peau-kit-gommage\/"]}]},{"@type":"ImageObject","inLanguage":"fr-FR","@id":"https:\/\/italwaxfrance.fr\/particulier\/product\/soin-peau-kit-gommage\/#primaryimage","url":"https:\/\/italwaxfrance.fr\/particulier\/wp-content\/uploads\/sites\/12\/2025\/12\/Almond-1.jpg","contentUrl":"https:\/\/italwaxfrance.fr\/particulier\/wp-content\/uploads\/sites\/12\/2025\/12\/Almond-1.jpg","width":800,"height":800},{"@type":"BreadcrumbList","@id":"https:\/\/italwaxfrance.fr\/particulier\/product\/soin-peau-kit-gommage\/#breadcrumb","itemListElement":[{"@type":"ListItem","position":1,"name":"Accueil","item":"https:\/\/italwaxfrance.fr\/particulier\/"},{"@type":"ListItem","position":2,"name":"Score","item":"https:\/\/italwaxfrance.fr\/particulier\/shop\/"},{"@type":"ListItem","position":3,"name":"Kit soin de la peau Gommage+Lotion"}]},{"@type":"WebSite","@id":"https:\/\/italwaxfrance.fr\/particulier\/#website","url":"https:\/\/italwaxfrance.fr\/particulier\/","name":"Italwax France Particulier","description":"Cosm\u00e9tiques professionnels","publisher":{"@id":"https:\/\/italwaxfrance.fr\/particulier\/#organization"},"potentialAction":[{"@type":"SearchAction","target":{"@type":"EntryPoint","urlTemplate":"https:\/\/italwaxfrance.fr\/particulier\/?s={search_term_string}"},"query-input":{"@type":"PropertyValueSpecification","valueRequired":true,"valueName":"search_term_string"}}],"inLanguage":"fr-FR"},{"@type":"Organization","@id":"https:\/\/italwaxfrance.fr\/particulier\/#organization","name":"Italwax France","url":"https:\/\/italwaxfrance.fr\/particulier\/","logo":{"@type":"ImageObject","inLanguage":"fr-FR","@id":"https:\/\/italwaxfrance.fr\/particulier\/#\/schema\/logo\/image\/","url":"https:\/\/italwaxfrance.fr\/particulier\/wp-content\/uploads\/sites\/12\/2022\/04\/logo.png","contentUrl":"https:\/\/italwaxfrance.fr\/particulier\/wp-content\/uploads\/sites\/12\/2022\/04\/logo.png","width":334,"height":158,"caption":"Italwax France"},"image":{"@id":"https:\/\/italwaxfrance.fr\/particulier\/#\/schema\/logo\/image\/"},"sameAs":["https:\/\/www.instagram.com\/italwaxfrance\/","https:\/\/www.youtube.com\/@ItalwaxMedia"]}]}},"_links":{"self":[{"href":"https:\/\/italwaxfrance.fr\/particulier\/wp-json\/wp\/v2\/product\/2206","targetHints":{"allow":["GET"]}}],"collection":[{"href":"https:\/\/italwaxfrance.fr\/particulier\/wp-json\/wp\/v2\/product"}],"about":[{"href":"https:\/\/italwaxfrance.fr\/particulier\/wp-json\/wp\/v2\/types\/product"}],"replies":[{"embeddable":true,"href":"https:\/\/italwaxfrance.fr\/particulier\/wp-json\/wp\/v2\/comments?post=2206"}],"wp:featuredmedia":[{"embeddable":true,"href":"https:\/\/italwaxfrance.fr\/particulier\/wp-json\/wp\/v2\/media\/2213"}],"wp:attachment":[{"href":"https:\/\/italwaxfrance.fr\/particulier\/wp-json\/wp\/v2\/media?parent=2206"}],"wp:term":[{"taxonomy":"product_brand","embeddable":true,"href":"https:\/\/italwaxfrance.fr\/particulier\/wp-json\/wp\/v2\/product_brand?post=2206"},{"taxonomy":"product_cat","embeddable":true,"href":"https:\/\/italwaxfrance.fr\/particulier\/wp-json\/wp\/v2\/product_cat?post=2206"},{"taxonomy":"product_tag","embeddable":true,"href":"https:\/\/italwaxfrance.fr\/particulier\/wp-json\/wp\/v2\/product_tag?post=2206"}],"curies":[{"name":"wp","href":"https:\/\/api.w.org\/{rel}","templated":true}]}}