{"id":207,"date":"2022-03-29T17:23:43","date_gmt":"2022-03-29T14:23:43","guid":{"rendered":"https:\/\/www.italwaxfrance.fr\/particulier\/?post_type=product&#038;p=207"},"modified":"2026-04-24T11:35:11","modified_gmt":"2026-04-24T08:35:11","slug":"huile-full-body-pre-cire","status":"publish","type":"product","link":"https:\/\/italwaxfrance.fr\/particulier\/product\/huile-full-body-pre-cire\/","title":{"rendered":"L&rsquo;Huile hydratante naturelle pr\u00e9\/post \u00e9pilation  &#8211; Full Body Oil"},"content":{"rendered":"<h2 data-start=\"0\" data-end=\"71\">Huile pr\u00e9 et post-\u00e9pilation Full Body Oil \u2013 Soin naturel et hydratant<\/h2>\n<p data-start=\"73\" data-end=\"406\">D\u00e9couvrez l\u2019Huile pr\u00e9 et post-\u00e9pilation Full Body Oil. Une huile naturelle l\u00e9g\u00e8re, sp\u00e9cialement con\u00e7ue pour sublimer votre rituel d\u2019\u00e9pilation \u00e0 la maison. Formul\u00e9e \u00e0 base d\u2019extraits de plantes soigneusement s\u00e9lectionn\u00e9es, cette huile pr\u00e9pare la peau en douceur avant l\u2019\u00e9pilation. Et aussi accompagne sa r\u00e9g\u00e9n\u00e9ration apr\u00e8s chaque s\u00e9ance.<\/p>\n<p data-start=\"408\" data-end=\"769\">Gr\u00e2ce \u00e0 sa texture d\u00e9licate et non grasse, elle facilite l\u2019application de <em><strong><a href=\"https:\/\/italwaxfrance.fr\/particulier\/product\/epilation-bresilienne-italwax-full-body-wax-sans-bandes\/\">la cire Full Body Wax<\/a><\/strong><\/em> en assurant une adh\u00e9rence optimale, tout en prot\u00e9geant la peau. Sa richesse en ingr\u00e9dients naturels conf\u00e8re \u00e0 cette huile des propri\u00e9t\u00e9s antiseptiques, cicatrisantes et apaisantes. Elle r\u00e9duise rougeurs et irritations, pour une peau douce et visiblement plus saine.<\/p>\n<p data-start=\"771\" data-end=\"1123\">L\u2019huile Full Body Oil ne se limite pas \u00e0 un simple soin d\u2019\u00e9pilation : elle peut aussi s\u2019utiliser au quotidien comme une huile hydratante naturelle l\u00e9g\u00e8re. Id\u00e9ale pour nourrir et revitaliser la peau en douceur. Son parfum subtil et relaxant transforme chaque application en un v\u00e9ritable moment de bien-\u00eatre. Apportant une sensation spa \u00e0 votre routine beaut\u00e9.<\/p>\n<p data-start=\"1125\" data-end=\"1456\">Con\u00e7ue pour \u00eatre utilis\u00e9e avant et apr\u00e8s l\u2019\u00e9pilation avec la cire pelable Full Body Wax. Cette huile compl\u00e8te parfaitement le protocole d\u2019\u00e9pilation, garantissant confort, efficacit\u00e9 et soin. Elle convient aussi parfaitement aux peaux sensibles et aux grandes zones du corps, comme les jambes, les bras, les aisselles ou le maillot.<\/p>\n<p data-start=\"1458\" data-end=\"1697\">Offrez-vous un soin professionnel \u00e0 domicile avec cette huile hydratante naturelle, qui transforme chaque \u00e9pilation en un v\u00e9ritable rituel de douceur et de soin. Sublimez votre peau, apaisez-la et prolongez la sensation de bien-\u00eatre, jour apr\u00e8s jour.<\/p>\n<p>Format du produit : 250ml<\/p>\n","protected":false},"excerpt":{"rendered":"<p>Huile pr\u00e9 et post-\u00e9pilation Full Body Oil \u2013 Soin naturel et hydratant D\u00e9couvrez l\u2019Huile pr\u00e9 et post-\u00e9pilation Full Body Oil. Une huile naturelle l\u00e9g\u00e8re, sp\u00e9cialement con\u00e7ue pour sublimer votre rituel d\u2019\u00e9pilation \u00e0 la maison. Formul\u00e9e \u00e0 base d\u2019extraits de plantes soigneusement s\u00e9lectionn\u00e9es, cette huile pr\u00e9pare la peau en douceur avant l\u2019\u00e9pilation. Et aussi accompagne sa&#8230; <a href=\"https:\/\/italwaxfrance.fr\/particulier\/product\/huile-full-body-pre-cire\/\">Read More<\/a><\/p>\n","protected":false},"featured_media":258,"comment_status":"closed","ping_status":"closed","template":"","meta":[],"product_brand":[],"product_cat":[37,40,17,26],"product_tag":[],"class_list":{"0":"post-207","1":"product","2":"type-product","3":"status-publish","4":"has-post-thumbnail","6":"product_cat-italwax-full-body-wax-procedure-luxueuse","7":"product_cat-huilles-et-lotions","8":"product_cat-produits-post-epilation","9":"product_cat-produits-pre-epilation","11":"first","12":"instock","13":"featured","14":"taxable","15":"shipping-taxable","16":"purchasable","17":"product-type-simple"},"yoast_head":"<!-- This site is optimized with the Yoast SEO Premium plugin v27.2 (Yoast SEO v27.5) - https:\/\/yoast.com\/product\/yoast-seo-premium-wordpress\/ -->\n<title>L&#039;Huile hydratante naturelle pr\u00e9\/post \u00e9pilation - Full Body Oil<\/title>\n<meta name=\"description\" content=\"Huile pr\u00e9\/post-\u00e9pilation Full Body Oil \u2013 une huile naturelle hydratante naturelle l\u00e9g\u00e8re qui pr\u00e9pare, prot\u00e8ge et hydrate la peau avant et apr\u00e8s l\u2019\u00e9pilation.\" \/>\n<meta name=\"robots\" content=\"index, follow, max-snippet:-1, max-image-preview:large, max-video-preview:-1\" \/>\n<link rel=\"canonical\" href=\"https:\/\/italwaxfrance.fr\/particulier\/product\/huile-full-body-pre-cire\/\" \/>\n<meta property=\"og:locale\" content=\"fr_FR\" \/>\n<meta property=\"og:type\" content=\"article\" \/>\n<meta property=\"og:title\" content=\"L&#039;Huile hydratante naturelle pr\u00e9\/post \u00e9pilation - Full Body Oil\" \/>\n<meta property=\"og:description\" content=\"Huile pr\u00e9\/post-\u00e9pilation Full Body Oil \u2013 une huile naturelle hydratante naturelle l\u00e9g\u00e8re qui pr\u00e9pare, prot\u00e8ge et hydrate la peau avant et apr\u00e8s l\u2019\u00e9pilation.\" \/>\n<meta property=\"og:url\" content=\"https:\/\/italwaxfrance.fr\/particulier\/product\/huile-full-body-pre-cire\/\" \/>\n<meta property=\"og:site_name\" content=\"Italwax France Particulier\" \/>\n<meta property=\"article:modified_time\" content=\"2026-04-24T08:35:11+00:00\" \/>\n<meta property=\"og:image\" content=\"http:\/\/italwaxfrance.fr\/particulier\/wp-content\/uploads\/sites\/12\/2022\/03\/PRE-WAX-OIL-Full-Body-8.45-us-fl.-oz.jpg\" \/>\n\t<meta property=\"og:image:width\" content=\"1179\" \/>\n\t<meta property=\"og:image:height\" content=\"600\" \/>\n\t<meta property=\"og:image:type\" content=\"image\/jpeg\" \/>\n<meta name=\"twitter:card\" content=\"summary_large_image\" \/>\n<meta name=\"twitter:label1\" content=\"Dur\u00e9e de lecture estim\u00e9e\" \/>\n\t<meta name=\"twitter:data1\" content=\"2 minutes\" \/>\n<script type=\"application\/ld+json\" class=\"yoast-schema-graph\">{\"@context\":\"https:\\\/\\\/schema.org\",\"@graph\":[{\"@type\":\"WebPage\",\"@id\":\"https:\\\/\\\/italwaxfrance.fr\\\/particulier\\\/product\\\/huile-full-body-pre-cire\\\/\",\"url\":\"https:\\\/\\\/italwaxfrance.fr\\\/particulier\\\/product\\\/huile-full-body-pre-cire\\\/\",\"name\":\"L'Huile hydratante naturelle pr\u00e9\\\/post \u00e9pilation - Full Body Oil\",\"isPartOf\":{\"@id\":\"https:\\\/\\\/italwaxfrance.fr\\\/particulier\\\/#website\"},\"primaryImageOfPage\":{\"@id\":\"https:\\\/\\\/italwaxfrance.fr\\\/particulier\\\/product\\\/huile-full-body-pre-cire\\\/#primaryimage\"},\"image\":{\"@id\":\"https:\\\/\\\/italwaxfrance.fr\\\/particulier\\\/product\\\/huile-full-body-pre-cire\\\/#primaryimage\"},\"thumbnailUrl\":\"https:\\\/\\\/italwaxfrance.fr\\\/particulier\\\/wp-content\\\/uploads\\\/sites\\\/12\\\/2022\\\/03\\\/PRE-WAX-OIL-Full-Body-8.45-us-fl.-oz.jpg\",\"datePublished\":\"2022-03-29T14:23:43+00:00\",\"dateModified\":\"2026-04-24T08:35:11+00:00\",\"description\":\"Huile pr\u00e9\\\/post-\u00e9pilation Full Body Oil \u2013 une huile naturelle hydratante naturelle l\u00e9g\u00e8re qui pr\u00e9pare, prot\u00e8ge et hydrate la peau avant et apr\u00e8s l\u2019\u00e9pilation.\",\"breadcrumb\":{\"@id\":\"https:\\\/\\\/italwaxfrance.fr\\\/particulier\\\/product\\\/huile-full-body-pre-cire\\\/#breadcrumb\"},\"inLanguage\":\"fr-FR\",\"potentialAction\":[{\"@type\":\"ReadAction\",\"target\":[\"https:\\\/\\\/italwaxfrance.fr\\\/particulier\\\/product\\\/huile-full-body-pre-cire\\\/\"]}]},{\"@type\":\"ImageObject\",\"inLanguage\":\"fr-FR\",\"@id\":\"https:\\\/\\\/italwaxfrance.fr\\\/particulier\\\/product\\\/huile-full-body-pre-cire\\\/#primaryimage\",\"url\":\"https:\\\/\\\/italwaxfrance.fr\\\/particulier\\\/wp-content\\\/uploads\\\/sites\\\/12\\\/2022\\\/03\\\/PRE-WAX-OIL-Full-Body-8.45-us-fl.-oz.jpg\",\"contentUrl\":\"https:\\\/\\\/italwaxfrance.fr\\\/particulier\\\/wp-content\\\/uploads\\\/sites\\\/12\\\/2022\\\/03\\\/PRE-WAX-OIL-Full-Body-8.45-us-fl.-oz.jpg\",\"width\":1179,\"height\":600,\"caption\":\"huile hydratante naturelle Full Body\"},{\"@type\":\"BreadcrumbList\",\"@id\":\"https:\\\/\\\/italwaxfrance.fr\\\/particulier\\\/product\\\/huile-full-body-pre-cire\\\/#breadcrumb\",\"itemListElement\":[{\"@type\":\"ListItem\",\"position\":1,\"name\":\"Accueil\",\"item\":\"https:\\\/\\\/italwaxfrance.fr\\\/particulier\\\/\"},{\"@type\":\"ListItem\",\"position\":2,\"name\":\"Score\",\"item\":\"https:\\\/\\\/italwaxfrance.fr\\\/particulier\\\/shop\\\/\"},{\"@type\":\"ListItem\",\"position\":3,\"name\":\"L&rsquo;Huile hydratante naturelle pr\u00e9\\\/post \u00e9pilation &#8211; Full Body Oil\"}]},{\"@type\":\"WebSite\",\"@id\":\"https:\\\/\\\/italwaxfrance.fr\\\/particulier\\\/#website\",\"url\":\"https:\\\/\\\/italwaxfrance.fr\\\/particulier\\\/\",\"name\":\"Italwax France Particulier\",\"description\":\"Cosm\u00e9tiques professionnels\",\"publisher\":{\"@id\":\"https:\\\/\\\/italwaxfrance.fr\\\/particulier\\\/#organization\"},\"potentialAction\":[{\"@type\":\"SearchAction\",\"target\":{\"@type\":\"EntryPoint\",\"urlTemplate\":\"https:\\\/\\\/italwaxfrance.fr\\\/particulier\\\/?s={search_term_string}\"},\"query-input\":{\"@type\":\"PropertyValueSpecification\",\"valueRequired\":true,\"valueName\":\"search_term_string\"}}],\"inLanguage\":\"fr-FR\"},{\"@type\":\"Organization\",\"@id\":\"https:\\\/\\\/italwaxfrance.fr\\\/particulier\\\/#organization\",\"name\":\"Italwax France\",\"url\":\"https:\\\/\\\/italwaxfrance.fr\\\/particulier\\\/\",\"logo\":{\"@type\":\"ImageObject\",\"inLanguage\":\"fr-FR\",\"@id\":\"https:\\\/\\\/italwaxfrance.fr\\\/particulier\\\/#\\\/schema\\\/logo\\\/image\\\/\",\"url\":\"https:\\\/\\\/italwaxfrance.fr\\\/particulier\\\/wp-content\\\/uploads\\\/sites\\\/12\\\/2022\\\/04\\\/logo.png\",\"contentUrl\":\"https:\\\/\\\/italwaxfrance.fr\\\/particulier\\\/wp-content\\\/uploads\\\/sites\\\/12\\\/2022\\\/04\\\/logo.png\",\"width\":334,\"height\":158,\"caption\":\"Italwax France\"},\"image\":{\"@id\":\"https:\\\/\\\/italwaxfrance.fr\\\/particulier\\\/#\\\/schema\\\/logo\\\/image\\\/\"},\"sameAs\":[\"https:\\\/\\\/www.instagram.com\\\/italwaxfrance\\\/\",\"https:\\\/\\\/www.youtube.com\\\/@ItalwaxMedia\"]}]}<\/script>\n<!-- \/ Yoast SEO Premium plugin. -->","yoast_head_json":{"title":"L'Huile hydratante naturelle pr\u00e9\/post \u00e9pilation - Full Body Oil","description":"Huile pr\u00e9\/post-\u00e9pilation Full Body Oil \u2013 une huile naturelle hydratante naturelle l\u00e9g\u00e8re qui pr\u00e9pare, prot\u00e8ge et hydrate la peau avant et apr\u00e8s l\u2019\u00e9pilation.","robots":{"index":"index","follow":"follow","max-snippet":"max-snippet:-1","max-image-preview":"max-image-preview:large","max-video-preview":"max-video-preview:-1"},"canonical":"https:\/\/italwaxfrance.fr\/particulier\/product\/huile-full-body-pre-cire\/","og_locale":"fr_FR","og_type":"article","og_title":"L'Huile hydratante naturelle pr\u00e9\/post \u00e9pilation - Full Body Oil","og_description":"Huile pr\u00e9\/post-\u00e9pilation Full Body Oil \u2013 une huile naturelle hydratante naturelle l\u00e9g\u00e8re qui pr\u00e9pare, prot\u00e8ge et hydrate la peau avant et apr\u00e8s l\u2019\u00e9pilation.","og_url":"https:\/\/italwaxfrance.fr\/particulier\/product\/huile-full-body-pre-cire\/","og_site_name":"Italwax France Particulier","article_modified_time":"2026-04-24T08:35:11+00:00","og_image":[{"width":1179,"height":600,"url":"http:\/\/italwaxfrance.fr\/particulier\/wp-content\/uploads\/sites\/12\/2022\/03\/PRE-WAX-OIL-Full-Body-8.45-us-fl.-oz.jpg","type":"image\/jpeg"}],"twitter_card":"summary_large_image","twitter_misc":{"Dur\u00e9e de lecture estim\u00e9e":"2 minutes"},"schema":{"@context":"https:\/\/schema.org","@graph":[{"@type":"WebPage","@id":"https:\/\/italwaxfrance.fr\/particulier\/product\/huile-full-body-pre-cire\/","url":"https:\/\/italwaxfrance.fr\/particulier\/product\/huile-full-body-pre-cire\/","name":"L'Huile hydratante naturelle pr\u00e9\/post \u00e9pilation - Full Body Oil","isPartOf":{"@id":"https:\/\/italwaxfrance.fr\/particulier\/#website"},"primaryImageOfPage":{"@id":"https:\/\/italwaxfrance.fr\/particulier\/product\/huile-full-body-pre-cire\/#primaryimage"},"image":{"@id":"https:\/\/italwaxfrance.fr\/particulier\/product\/huile-full-body-pre-cire\/#primaryimage"},"thumbnailUrl":"https:\/\/italwaxfrance.fr\/particulier\/wp-content\/uploads\/sites\/12\/2022\/03\/PRE-WAX-OIL-Full-Body-8.45-us-fl.-oz.jpg","datePublished":"2022-03-29T14:23:43+00:00","dateModified":"2026-04-24T08:35:11+00:00","description":"Huile pr\u00e9\/post-\u00e9pilation Full Body Oil \u2013 une huile naturelle hydratante naturelle l\u00e9g\u00e8re qui pr\u00e9pare, prot\u00e8ge et hydrate la peau avant et apr\u00e8s l\u2019\u00e9pilation.","breadcrumb":{"@id":"https:\/\/italwaxfrance.fr\/particulier\/product\/huile-full-body-pre-cire\/#breadcrumb"},"inLanguage":"fr-FR","potentialAction":[{"@type":"ReadAction","target":["https:\/\/italwaxfrance.fr\/particulier\/product\/huile-full-body-pre-cire\/"]}]},{"@type":"ImageObject","inLanguage":"fr-FR","@id":"https:\/\/italwaxfrance.fr\/particulier\/product\/huile-full-body-pre-cire\/#primaryimage","url":"https:\/\/italwaxfrance.fr\/particulier\/wp-content\/uploads\/sites\/12\/2022\/03\/PRE-WAX-OIL-Full-Body-8.45-us-fl.-oz.jpg","contentUrl":"https:\/\/italwaxfrance.fr\/particulier\/wp-content\/uploads\/sites\/12\/2022\/03\/PRE-WAX-OIL-Full-Body-8.45-us-fl.-oz.jpg","width":1179,"height":600,"caption":"huile hydratante naturelle Full Body"},{"@type":"BreadcrumbList","@id":"https:\/\/italwaxfrance.fr\/particulier\/product\/huile-full-body-pre-cire\/#breadcrumb","itemListElement":[{"@type":"ListItem","position":1,"name":"Accueil","item":"https:\/\/italwaxfrance.fr\/particulier\/"},{"@type":"ListItem","position":2,"name":"Score","item":"https:\/\/italwaxfrance.fr\/particulier\/shop\/"},{"@type":"ListItem","position":3,"name":"L&rsquo;Huile hydratante naturelle pr\u00e9\/post \u00e9pilation &#8211; Full Body Oil"}]},{"@type":"WebSite","@id":"https:\/\/italwaxfrance.fr\/particulier\/#website","url":"https:\/\/italwaxfrance.fr\/particulier\/","name":"Italwax France Particulier","description":"Cosm\u00e9tiques professionnels","publisher":{"@id":"https:\/\/italwaxfrance.fr\/particulier\/#organization"},"potentialAction":[{"@type":"SearchAction","target":{"@type":"EntryPoint","urlTemplate":"https:\/\/italwaxfrance.fr\/particulier\/?s={search_term_string}"},"query-input":{"@type":"PropertyValueSpecification","valueRequired":true,"valueName":"search_term_string"}}],"inLanguage":"fr-FR"},{"@type":"Organization","@id":"https:\/\/italwaxfrance.fr\/particulier\/#organization","name":"Italwax France","url":"https:\/\/italwaxfrance.fr\/particulier\/","logo":{"@type":"ImageObject","inLanguage":"fr-FR","@id":"https:\/\/italwaxfrance.fr\/particulier\/#\/schema\/logo\/image\/","url":"https:\/\/italwaxfrance.fr\/particulier\/wp-content\/uploads\/sites\/12\/2022\/04\/logo.png","contentUrl":"https:\/\/italwaxfrance.fr\/particulier\/wp-content\/uploads\/sites\/12\/2022\/04\/logo.png","width":334,"height":158,"caption":"Italwax France"},"image":{"@id":"https:\/\/italwaxfrance.fr\/particulier\/#\/schema\/logo\/image\/"},"sameAs":["https:\/\/www.instagram.com\/italwaxfrance\/","https:\/\/www.youtube.com\/@ItalwaxMedia"]}]}},"_links":{"self":[{"href":"https:\/\/italwaxfrance.fr\/particulier\/wp-json\/wp\/v2\/product\/207","targetHints":{"allow":["GET"]}}],"collection":[{"href":"https:\/\/italwaxfrance.fr\/particulier\/wp-json\/wp\/v2\/product"}],"about":[{"href":"https:\/\/italwaxfrance.fr\/particulier\/wp-json\/wp\/v2\/types\/product"}],"replies":[{"embeddable":true,"href":"https:\/\/italwaxfrance.fr\/particulier\/wp-json\/wp\/v2\/comments?post=207"}],"wp:featuredmedia":[{"embeddable":true,"href":"https:\/\/italwaxfrance.fr\/particulier\/wp-json\/wp\/v2\/media\/258"}],"wp:attachment":[{"href":"https:\/\/italwaxfrance.fr\/particulier\/wp-json\/wp\/v2\/media?parent=207"}],"wp:term":[{"taxonomy":"product_brand","embeddable":true,"href":"https:\/\/italwaxfrance.fr\/particulier\/wp-json\/wp\/v2\/product_brand?post=207"},{"taxonomy":"product_cat","embeddable":true,"href":"https:\/\/italwaxfrance.fr\/particulier\/wp-json\/wp\/v2\/product_cat?post=207"},{"taxonomy":"product_tag","embeddable":true,"href":"https:\/\/italwaxfrance.fr\/particulier\/wp-json\/wp\/v2\/product_tag?post=207"}],"curies":[{"name":"wp","href":"https:\/\/api.w.org\/{rel}","templated":true}]}}