{"id":2012,"date":"2025-08-05T15:39:43","date_gmt":"2025-08-05T12:39:43","guid":{"rendered":"https:\/\/italwaxfrance.fr\/particulier\/?post_type=product&#038;p=2012"},"modified":"2026-01-28T16:20:47","modified_gmt":"2026-01-28T13:20:47","slug":"kit-depilation-maison-4-cartouches","status":"publish","type":"product","link":"https:\/\/italwaxfrance.fr\/particulier\/product\/kit-depilation-maison-4-cartouches\/","title":{"rendered":"Kit d&rsquo;\u00e9pilation maison &#8211; 4 x Roll-On (cartouches de cire)"},"content":{"rendered":"<h2 data-start=\"278\" data-end=\"344\">Kit d&rsquo;\u00c9pilation Tout-en-Un \u2013 Peau Lisse, Nette et Sans Effort<\/h2>\n<p data-start=\"346\" data-end=\"679\">Dites adieu au rasoir et aux RDV en institut ! Avec notre Kit d\u2019\u00e9pilation maison &#8211; 4 x Roll-On. Profitez d\u2019un r\u00e9sultat professionnel \u00e0 la maison, facilement et \u00e0 moindre co\u00fbt. Que vous soyez d\u00e9butant(e) ou habitu\u00e9(e), ce coffret vous offre tout ce dont vous avez besoin pour une peau douce et nette pendant plusieurs semaines.<\/p>\n<h3 data-start=\"686\" data-end=\"717\">\ud83e\uddf4 Ce que contient le kit :<\/h3>\n<ul data-start=\"719\" data-end=\"1362\">\n<li data-start=\"719\" data-end=\"828\">\n<p data-start=\"721\" data-end=\"828\"><strong data-start=\"721\" data-end=\"760\">1 \u00d7 <a href=\"https:\/\/italwaxfrance.fr\/particulier\/product\/chauffe-cire-pas-cher-pour-cartocuhes-free\/\"><em>Chauffe-cartouche professionnel<\/em><\/a><\/strong><br data-start=\"760\" data-end=\"763\" \/>Adapt\u00e9 aux cires roll-on pour une application simple et rapide.<\/p>\n<\/li>\n<li data-start=\"830\" data-end=\"1048\">\n<p data-start=\"832\" data-end=\"894\"><strong data-start=\"832\" data-end=\"892\">4 \u00d7 Cartouches de cire <\/strong>: <a href=\"https:\/\/italwaxfrance.fr\/particulier\/product\/cire-transparente-miel\/\"><em><strong>Miel<\/strong> <\/em><\/a>\u00a0(classique et efficace), <a href=\"https:\/\/italwaxfrance.fr\/particulier\/product\/cire-transparente-aloe-vera\/\"><em><strong>Alo\u00e9<\/strong><\/em><\/a> (apaisant et hydratant), <a href=\"https:\/\/italwaxfrance.fr\/particulier\/product\/cire-a-moyenne-densite-chocolat-blanc\/\"><em><strong>Chocolat blanc<\/strong><\/em><\/a> (doux et r\u00e9confortant), <a href=\"https:\/\/italwaxfrance.fr\/particulier\/product\/cire-haute-densite-rose\/\"><em><strong>Rose<\/strong> <\/em><\/a>(d\u00e9licat pour peaux sensibles)<\/p>\n<\/li>\n<li data-start=\"1050\" data-end=\"1148\">\n<p data-start=\"1052\" data-end=\"1148\"><strong data-start=\"1052\" data-end=\"1101\">1 \u00d7 <\/strong>Lot de <a href=\"https:\/\/italwaxfrance.fr\/particulier\/product\/bandes-depilation-non-tissees\/\"><em><strong>bandes d\u2019\u00e9pilation<\/strong><\/em><\/a> haute adh\u00e9rence<br data-start=\"1101\" data-end=\"1104\" \/>Pour une \u00e9pilation nette en un seul geste.<\/p>\n<\/li>\n<li data-start=\"1150\" data-end=\"1244\">\n<p data-start=\"1152\" data-end=\"1244\"><strong data-start=\"1152\" data-end=\"1194\">1 \u00d7 <a href=\"https:\/\/italwaxfrance.fr\/particulier\/product\/lotion-pre-cire-a-laloe\/\"><em>Lotion pr\u00e9-\u00e9pilation \u00e0 l\u2019alo\u00e9 vera<\/em><\/a><\/strong><br data-start=\"1194\" data-end=\"1197\" \/>Pr\u00e9pare et prot\u00e8ge la peau avant l\u2019\u00e9pilation.<\/p>\n<\/li>\n<li data-start=\"1246\" data-end=\"1362\">\n<p data-start=\"1248\" data-end=\"1362\"><strong data-start=\"1248\" data-end=\"1289\">1 \u00d7 <a href=\"https:\/\/italwaxfrance.fr\/particulier\/product\/lotion-post-epilation-a-lazulene\/\"><em>Lotion post-\u00e9pilation \u00e0 l\u2019azul\u00e8ne<\/em><\/a><\/strong><br data-start=\"1289\" data-end=\"1292\" \/>Apaise instantan\u00e9ment, r\u00e9duit les rougeurs et hydrate en profondeur.<\/p>\n<\/li>\n<\/ul>\n<h3 data-start=\"1369\" data-end=\"1390\">\u2705 Les avantages :<\/h3>\n<ul data-start=\"1392\" data-end=\"1736\">\n<li data-start=\"1392\" data-end=\"1449\">\n<p data-start=\"1394\" data-end=\"1449\">R\u00e9sultat net et durable<\/p>\n<\/li>\n<li data-start=\"1450\" data-end=\"1494\">\n<p data-start=\"1452\" data-end=\"1494\">Simple \u00e0 utiliser, m\u00eame pour les d\u00e9butants<\/p>\n<\/li>\n<li data-start=\"1495\" data-end=\"1525\">\n<p data-start=\"1497\" data-end=\"1525\">Hygi\u00e9nique, propre et rapide<\/p>\n<\/li>\n<li data-start=\"1526\" data-end=\"1608\">\n<p data-start=\"1528\" data-end=\"1608\">Id\u00e9al pour toutes les zones du corps : jambes, bras, aisselles, torse, dos, etc.<\/p>\n<\/li>\n<li data-start=\"1609\" data-end=\"1648\">\n<p data-start=\"1611\" data-end=\"1648\">Convient aux femmes et aux hommes<\/p>\n<\/li>\n<li data-start=\"1649\" data-end=\"1736\">\n<p data-start=\"1651\" data-end=\"1736\">Un excellent choix pour les routines beaut\u00e9 \u00e0 la maison ou entre deux RDV en institut<\/p>\n<\/li>\n<\/ul>\n<h3 data-start=\"1743\" data-end=\"1780\">\ud83d\udc4c Pourquoi vous allez l\u2019adorer :<\/h3>\n<p data-start=\"1782\" data-end=\"1949\">\u27a1\ufe0f Plus besoin de vous raser tous les jours<br data-start=\"1825\" data-end=\"1828\" \/>\u27a1\ufe0f Moins de poils incarn\u00e9s qu\u2019avec un rasoir<br data-start=\"1872\" data-end=\"1875\" \/>\u27a1\ufe0f Une sensation de douceur incomparable<br data-start=\"1915\" data-end=\"1918\" \/>\u27a1\ufe0f \u00c9conomique sur le long terme<\/p>\n<p data-start=\"1956\" data-end=\"2092\">Offrez \u00e0 votre peau la douceur qu\u2019elle m\u00e9rite, depuis le confort de votre salle de bain.<\/p>\n","protected":false},"excerpt":{"rendered":"<p>Kit d&rsquo;\u00c9pilation Tout-en-Un \u2013 Peau Lisse, Nette et Sans Effort Dites adieu au rasoir et aux RDV en institut ! Avec notre Kit d\u2019\u00e9pilation maison &#8211; 4 x Roll-On. Profitez d\u2019un r\u00e9sultat professionnel \u00e0 la maison, facilement et \u00e0 moindre co\u00fbt. Que vous soyez d\u00e9butant(e) ou habitu\u00e9(e), ce coffret vous offre tout ce dont vous&#8230; <a href=\"https:\/\/italwaxfrance.fr\/particulier\/product\/kit-depilation-maison-4-cartouches\/\">Read More<\/a><\/p>\n","protected":false},"featured_media":2006,"comment_status":"open","ping_status":"closed","template":"","meta":[],"product_brand":[],"product_cat":[46],"product_tag":[],"class_list":{"0":"post-2012","1":"product","2":"type-product","3":"status-publish","4":"has-post-thumbnail","6":"product_cat-starter-kits-depilation","8":"first","9":"instock","10":"sale","11":"taxable","12":"shipping-taxable","13":"purchasable","14":"product-type-simple"},"yoast_head":"<!-- This site is optimized with the Yoast SEO Premium plugin v27.2 (Yoast SEO v27.5) - https:\/\/yoast.com\/product\/yoast-seo-premium-wordpress\/ -->\n<title>Kit d&#039;\u00e9pilation maison - 4 x Roll-On (cartouches de cire)<\/title>\n<meta name=\"description\" content=\"Kit d\u2019\u00e9pilation maison pour femme et homme \u2013 chauffe-cartouche, 4 cires roll-on, lotions et bandes. R\u00e9sultat professionnel \u00e0 la maison, facile \u00e0 utiliser.\" \/>\n<meta name=\"robots\" content=\"index, follow, max-snippet:-1, max-image-preview:large, max-video-preview:-1\" \/>\n<link rel=\"canonical\" href=\"https:\/\/italwaxfrance.fr\/particulier\/product\/kit-depilation-maison-4-cartouches\/\" \/>\n<meta property=\"og:locale\" content=\"fr_FR\" \/>\n<meta property=\"og:type\" content=\"article\" \/>\n<meta property=\"og:title\" content=\"Kit d&#039;\u00e9pilation maison - 4 x Roll-On (cartouches de cire)\" \/>\n<meta property=\"og:description\" content=\"Kit d\u2019\u00e9pilation maison pour femme et homme \u2013 chauffe-cartouche, 4 cires roll-on, lotions et bandes. R\u00e9sultat professionnel \u00e0 la maison, facile \u00e0 utiliser.\" \/>\n<meta property=\"og:url\" content=\"https:\/\/italwaxfrance.fr\/particulier\/product\/kit-depilation-maison-4-cartouches\/\" \/>\n<meta property=\"og:site_name\" content=\"Italwax France Particulier\" \/>\n<meta property=\"article:modified_time\" content=\"2026-01-28T13:20:47+00:00\" \/>\n<meta property=\"og:image\" content=\"http:\/\/italwaxfrance.fr\/particulier\/wp-content\/uploads\/sites\/12\/2025\/08\/photo_2025-08-04_11-35-55.webp\" \/>\n\t<meta property=\"og:image:width\" content=\"800\" \/>\n\t<meta property=\"og:image:height\" content=\"800\" \/>\n\t<meta property=\"og:image:type\" content=\"image\/webp\" \/>\n<meta name=\"twitter:card\" content=\"summary_large_image\" \/>\n<meta name=\"twitter:label1\" content=\"Dur\u00e9e de lecture estim\u00e9e\" \/>\n\t<meta name=\"twitter:data1\" content=\"2 minutes\" \/>\n<script type=\"application\/ld+json\" class=\"yoast-schema-graph\">{\"@context\":\"https:\\\/\\\/schema.org\",\"@graph\":[{\"@type\":\"WebPage\",\"@id\":\"https:\\\/\\\/italwaxfrance.fr\\\/particulier\\\/product\\\/kit-depilation-maison-4-cartouches\\\/\",\"url\":\"https:\\\/\\\/italwaxfrance.fr\\\/particulier\\\/product\\\/kit-depilation-maison-4-cartouches\\\/\",\"name\":\"Kit d'\u00e9pilation maison - 4 x Roll-On (cartouches de cire)\",\"isPartOf\":{\"@id\":\"https:\\\/\\\/italwaxfrance.fr\\\/particulier\\\/#website\"},\"primaryImageOfPage\":{\"@id\":\"https:\\\/\\\/italwaxfrance.fr\\\/particulier\\\/product\\\/kit-depilation-maison-4-cartouches\\\/#primaryimage\"},\"image\":{\"@id\":\"https:\\\/\\\/italwaxfrance.fr\\\/particulier\\\/product\\\/kit-depilation-maison-4-cartouches\\\/#primaryimage\"},\"thumbnailUrl\":\"https:\\\/\\\/italwaxfrance.fr\\\/particulier\\\/wp-content\\\/uploads\\\/sites\\\/12\\\/2025\\\/08\\\/photo_2025-08-04_11-35-55.webp\",\"datePublished\":\"2025-08-05T12:39:43+00:00\",\"dateModified\":\"2026-01-28T13:20:47+00:00\",\"description\":\"Kit d\u2019\u00e9pilation maison pour femme et homme \u2013 chauffe-cartouche, 4 cires roll-on, lotions et bandes. R\u00e9sultat professionnel \u00e0 la maison, facile \u00e0 utiliser.\",\"breadcrumb\":{\"@id\":\"https:\\\/\\\/italwaxfrance.fr\\\/particulier\\\/product\\\/kit-depilation-maison-4-cartouches\\\/#breadcrumb\"},\"inLanguage\":\"fr-FR\",\"potentialAction\":[{\"@type\":\"ReadAction\",\"target\":[\"https:\\\/\\\/italwaxfrance.fr\\\/particulier\\\/product\\\/kit-depilation-maison-4-cartouches\\\/\"]}]},{\"@type\":\"ImageObject\",\"inLanguage\":\"fr-FR\",\"@id\":\"https:\\\/\\\/italwaxfrance.fr\\\/particulier\\\/product\\\/kit-depilation-maison-4-cartouches\\\/#primaryimage\",\"url\":\"https:\\\/\\\/italwaxfrance.fr\\\/particulier\\\/wp-content\\\/uploads\\\/sites\\\/12\\\/2025\\\/08\\\/photo_2025-08-04_11-35-55.webp\",\"contentUrl\":\"https:\\\/\\\/italwaxfrance.fr\\\/particulier\\\/wp-content\\\/uploads\\\/sites\\\/12\\\/2025\\\/08\\\/photo_2025-08-04_11-35-55.webp\",\"width\":800,\"height\":800,\"caption\":\"Kit d'\u00e9pilation maison - 4 x Roll-On (cartouches de cire)\"},{\"@type\":\"BreadcrumbList\",\"@id\":\"https:\\\/\\\/italwaxfrance.fr\\\/particulier\\\/product\\\/kit-depilation-maison-4-cartouches\\\/#breadcrumb\",\"itemListElement\":[{\"@type\":\"ListItem\",\"position\":1,\"name\":\"Accueil\",\"item\":\"https:\\\/\\\/italwaxfrance.fr\\\/particulier\\\/\"},{\"@type\":\"ListItem\",\"position\":2,\"name\":\"Score\",\"item\":\"https:\\\/\\\/italwaxfrance.fr\\\/particulier\\\/shop\\\/\"},{\"@type\":\"ListItem\",\"position\":3,\"name\":\"Kit d&rsquo;\u00e9pilation maison &#8211; 4 x Roll-On (cartouches de cire)\"}]},{\"@type\":\"WebSite\",\"@id\":\"https:\\\/\\\/italwaxfrance.fr\\\/particulier\\\/#website\",\"url\":\"https:\\\/\\\/italwaxfrance.fr\\\/particulier\\\/\",\"name\":\"Italwax France Particulier\",\"description\":\"Cosm\u00e9tiques professionnels\",\"publisher\":{\"@id\":\"https:\\\/\\\/italwaxfrance.fr\\\/particulier\\\/#organization\"},\"potentialAction\":[{\"@type\":\"SearchAction\",\"target\":{\"@type\":\"EntryPoint\",\"urlTemplate\":\"https:\\\/\\\/italwaxfrance.fr\\\/particulier\\\/?s={search_term_string}\"},\"query-input\":{\"@type\":\"PropertyValueSpecification\",\"valueRequired\":true,\"valueName\":\"search_term_string\"}}],\"inLanguage\":\"fr-FR\"},{\"@type\":\"Organization\",\"@id\":\"https:\\\/\\\/italwaxfrance.fr\\\/particulier\\\/#organization\",\"name\":\"Italwax France\",\"url\":\"https:\\\/\\\/italwaxfrance.fr\\\/particulier\\\/\",\"logo\":{\"@type\":\"ImageObject\",\"inLanguage\":\"fr-FR\",\"@id\":\"https:\\\/\\\/italwaxfrance.fr\\\/particulier\\\/#\\\/schema\\\/logo\\\/image\\\/\",\"url\":\"https:\\\/\\\/italwaxfrance.fr\\\/particulier\\\/wp-content\\\/uploads\\\/sites\\\/12\\\/2022\\\/04\\\/logo.png\",\"contentUrl\":\"https:\\\/\\\/italwaxfrance.fr\\\/particulier\\\/wp-content\\\/uploads\\\/sites\\\/12\\\/2022\\\/04\\\/logo.png\",\"width\":334,\"height\":158,\"caption\":\"Italwax France\"},\"image\":{\"@id\":\"https:\\\/\\\/italwaxfrance.fr\\\/particulier\\\/#\\\/schema\\\/logo\\\/image\\\/\"},\"sameAs\":[\"https:\\\/\\\/www.instagram.com\\\/italwaxfrance\\\/\",\"https:\\\/\\\/www.youtube.com\\\/@ItalwaxMedia\"]}]}<\/script>\n<!-- \/ Yoast SEO Premium plugin. -->","yoast_head_json":{"title":"Kit d'\u00e9pilation maison - 4 x Roll-On (cartouches de cire)","description":"Kit d\u2019\u00e9pilation maison pour femme et homme \u2013 chauffe-cartouche, 4 cires roll-on, lotions et bandes. R\u00e9sultat professionnel \u00e0 la maison, facile \u00e0 utiliser.","robots":{"index":"index","follow":"follow","max-snippet":"max-snippet:-1","max-image-preview":"max-image-preview:large","max-video-preview":"max-video-preview:-1"},"canonical":"https:\/\/italwaxfrance.fr\/particulier\/product\/kit-depilation-maison-4-cartouches\/","og_locale":"fr_FR","og_type":"article","og_title":"Kit d'\u00e9pilation maison - 4 x Roll-On (cartouches de cire)","og_description":"Kit d\u2019\u00e9pilation maison pour femme et homme \u2013 chauffe-cartouche, 4 cires roll-on, lotions et bandes. R\u00e9sultat professionnel \u00e0 la maison, facile \u00e0 utiliser.","og_url":"https:\/\/italwaxfrance.fr\/particulier\/product\/kit-depilation-maison-4-cartouches\/","og_site_name":"Italwax France Particulier","article_modified_time":"2026-01-28T13:20:47+00:00","og_image":[{"width":800,"height":800,"url":"http:\/\/italwaxfrance.fr\/particulier\/wp-content\/uploads\/sites\/12\/2025\/08\/photo_2025-08-04_11-35-55.webp","type":"image\/webp"}],"twitter_card":"summary_large_image","twitter_misc":{"Dur\u00e9e de lecture estim\u00e9e":"2 minutes"},"schema":{"@context":"https:\/\/schema.org","@graph":[{"@type":"WebPage","@id":"https:\/\/italwaxfrance.fr\/particulier\/product\/kit-depilation-maison-4-cartouches\/","url":"https:\/\/italwaxfrance.fr\/particulier\/product\/kit-depilation-maison-4-cartouches\/","name":"Kit d'\u00e9pilation maison - 4 x Roll-On (cartouches de cire)","isPartOf":{"@id":"https:\/\/italwaxfrance.fr\/particulier\/#website"},"primaryImageOfPage":{"@id":"https:\/\/italwaxfrance.fr\/particulier\/product\/kit-depilation-maison-4-cartouches\/#primaryimage"},"image":{"@id":"https:\/\/italwaxfrance.fr\/particulier\/product\/kit-depilation-maison-4-cartouches\/#primaryimage"},"thumbnailUrl":"https:\/\/italwaxfrance.fr\/particulier\/wp-content\/uploads\/sites\/12\/2025\/08\/photo_2025-08-04_11-35-55.webp","datePublished":"2025-08-05T12:39:43+00:00","dateModified":"2026-01-28T13:20:47+00:00","description":"Kit d\u2019\u00e9pilation maison pour femme et homme \u2013 chauffe-cartouche, 4 cires roll-on, lotions et bandes. R\u00e9sultat professionnel \u00e0 la maison, facile \u00e0 utiliser.","breadcrumb":{"@id":"https:\/\/italwaxfrance.fr\/particulier\/product\/kit-depilation-maison-4-cartouches\/#breadcrumb"},"inLanguage":"fr-FR","potentialAction":[{"@type":"ReadAction","target":["https:\/\/italwaxfrance.fr\/particulier\/product\/kit-depilation-maison-4-cartouches\/"]}]},{"@type":"ImageObject","inLanguage":"fr-FR","@id":"https:\/\/italwaxfrance.fr\/particulier\/product\/kit-depilation-maison-4-cartouches\/#primaryimage","url":"https:\/\/italwaxfrance.fr\/particulier\/wp-content\/uploads\/sites\/12\/2025\/08\/photo_2025-08-04_11-35-55.webp","contentUrl":"https:\/\/italwaxfrance.fr\/particulier\/wp-content\/uploads\/sites\/12\/2025\/08\/photo_2025-08-04_11-35-55.webp","width":800,"height":800,"caption":"Kit d'\u00e9pilation maison - 4 x Roll-On (cartouches de cire)"},{"@type":"BreadcrumbList","@id":"https:\/\/italwaxfrance.fr\/particulier\/product\/kit-depilation-maison-4-cartouches\/#breadcrumb","itemListElement":[{"@type":"ListItem","position":1,"name":"Accueil","item":"https:\/\/italwaxfrance.fr\/particulier\/"},{"@type":"ListItem","position":2,"name":"Score","item":"https:\/\/italwaxfrance.fr\/particulier\/shop\/"},{"@type":"ListItem","position":3,"name":"Kit d&rsquo;\u00e9pilation maison &#8211; 4 x Roll-On (cartouches de cire)"}]},{"@type":"WebSite","@id":"https:\/\/italwaxfrance.fr\/particulier\/#website","url":"https:\/\/italwaxfrance.fr\/particulier\/","name":"Italwax France Particulier","description":"Cosm\u00e9tiques professionnels","publisher":{"@id":"https:\/\/italwaxfrance.fr\/particulier\/#organization"},"potentialAction":[{"@type":"SearchAction","target":{"@type":"EntryPoint","urlTemplate":"https:\/\/italwaxfrance.fr\/particulier\/?s={search_term_string}"},"query-input":{"@type":"PropertyValueSpecification","valueRequired":true,"valueName":"search_term_string"}}],"inLanguage":"fr-FR"},{"@type":"Organization","@id":"https:\/\/italwaxfrance.fr\/particulier\/#organization","name":"Italwax France","url":"https:\/\/italwaxfrance.fr\/particulier\/","logo":{"@type":"ImageObject","inLanguage":"fr-FR","@id":"https:\/\/italwaxfrance.fr\/particulier\/#\/schema\/logo\/image\/","url":"https:\/\/italwaxfrance.fr\/particulier\/wp-content\/uploads\/sites\/12\/2022\/04\/logo.png","contentUrl":"https:\/\/italwaxfrance.fr\/particulier\/wp-content\/uploads\/sites\/12\/2022\/04\/logo.png","width":334,"height":158,"caption":"Italwax France"},"image":{"@id":"https:\/\/italwaxfrance.fr\/particulier\/#\/schema\/logo\/image\/"},"sameAs":["https:\/\/www.instagram.com\/italwaxfrance\/","https:\/\/www.youtube.com\/@ItalwaxMedia"]}]}},"_links":{"self":[{"href":"https:\/\/italwaxfrance.fr\/particulier\/wp-json\/wp\/v2\/product\/2012","targetHints":{"allow":["GET"]}}],"collection":[{"href":"https:\/\/italwaxfrance.fr\/particulier\/wp-json\/wp\/v2\/product"}],"about":[{"href":"https:\/\/italwaxfrance.fr\/particulier\/wp-json\/wp\/v2\/types\/product"}],"replies":[{"embeddable":true,"href":"https:\/\/italwaxfrance.fr\/particulier\/wp-json\/wp\/v2\/comments?post=2012"}],"wp:featuredmedia":[{"embeddable":true,"href":"https:\/\/italwaxfrance.fr\/particulier\/wp-json\/wp\/v2\/media\/2006"}],"wp:attachment":[{"href":"https:\/\/italwaxfrance.fr\/particulier\/wp-json\/wp\/v2\/media?parent=2012"}],"wp:term":[{"taxonomy":"product_brand","embeddable":true,"href":"https:\/\/italwaxfrance.fr\/particulier\/wp-json\/wp\/v2\/product_brand?post=2012"},{"taxonomy":"product_cat","embeddable":true,"href":"https:\/\/italwaxfrance.fr\/particulier\/wp-json\/wp\/v2\/product_cat?post=2012"},{"taxonomy":"product_tag","embeddable":true,"href":"https:\/\/italwaxfrance.fr\/particulier\/wp-json\/wp\/v2\/product_tag?post=2012"}],"curies":[{"name":"wp","href":"https:\/\/api.w.org\/{rel}","templated":true}]}}