{"id":2011,"date":"2025-08-05T15:39:11","date_gmt":"2025-08-05T12:39:11","guid":{"rendered":"https:\/\/italwaxfrance.fr\/particulier\/?post_type=product&#038;p=2011"},"modified":"2026-03-08T12:38:03","modified_gmt":"2026-03-08T09:38:03","slug":"kit-depilation-maison-chocolat-blanc","status":"publish","type":"product","link":"https:\/\/italwaxfrance.fr\/particulier\/product\/kit-depilation-maison-chocolat-blanc\/","title":{"rendered":"Kit d\u2019\u00e9pilation maison \u2013 Chocolat Blanc"},"content":{"rendered":"<h2 data-start=\"185\" data-end=\"287\">\ud83d\udd25 <strong data-start=\"188\" data-end=\"285\">Kit d\u2019\u00c9pilation \u00e0 domicile \u00e0 la Cire Chocolat Blanc Italwax \u2013 R\u00e9sultat Parfait \u00e0 la Maison<\/strong><\/h2>\n<p data-start=\"289\" data-end=\"554\">Offrez-vous une peau parfaitement lisse et douce gr\u00e2ce \u00e0 ce kit complet associant chauffe-cire professionnel, cire pelable Chocolat Blanc enrichie en dioxyde de titane et tous les soins indispensables pour une \u00e9pilation digne d\u2019un institut, directement chez vous.<\/p>\n<p data-start=\"556\" data-end=\"1022\">La <strong data-start=\"559\" data-end=\"598\">cire pelable Chocolat Blanc Italwax<\/strong> est formul\u00e9e avec des r\u00e9sines naturelles et du dioxyde de titane, offrant une haute plasticit\u00e9 pour une application homog\u00e8ne, sans fils \u00e9lastiques. Elle adh\u00e8re parfaitement aux poils, m\u00eame les plus courts et r\u00e9sistants, tout en minimisant les irritations. Sa texture cr\u00e9meuse permet une \u00e9pilation rapide, douce et sans bande, adapt\u00e9e \u00e0 toutes les zones du corps, y compris les plus sensibles (maillot, aisselles, visage).<\/p>\n<h4 data-start=\"1024\" data-end=\"1077\"><strong>\u2728 Contenu du kit :<\/strong><\/h4>\n<h4 data-start=\"1024\" data-end=\"1077\">\ud83e\uddf4 <strong data-start=\"1052\" data-end=\"1075\">Avant l\u2019\u00e9pilation :<\/strong><\/h4>\n<ul data-start=\"1078\" data-end=\"1284\">\n<li data-start=\"1078\" data-end=\"1161\">\n<p data-start=\"1080\" data-end=\"1161\"><em data-start=\"1080\" data-end=\"1120\"><a href=\"https:\/\/italwaxfrance.fr\/particulier\/product\/lotion-pre-cire-a-laloe\/\"><strong>Lotion pr\u00e9-cire \u00e0 l\u2019Aloe Vera<\/strong><\/a> (100 ml)<\/em> : nettoie, hydrate et pr\u00e9pare la peau.<\/p>\n<\/li>\n<li data-start=\"1162\" data-end=\"1284\">\n<p data-start=\"1164\" data-end=\"1284\"><em data-start=\"1164\" data-end=\"1207\"><a href=\"https:\/\/italwaxfrance.fr\/particulier\/product\/talc-cosmetique-et-talc-cosmetique-au-menthol\/\"><strong>Talc cosm\u00e9tique sans oxyde de zinc<\/strong><\/a> (50 g)<\/em> : absorbe l\u2019humidit\u00e9, prot\u00e8ge la peau et optimise l\u2019efficacit\u00e9 de la cire.<\/p>\n<\/li>\n<\/ul>\n<h4 data-start=\"1286\" data-end=\"1316\">\ud83d\udd25 <strong data-start=\"1289\" data-end=\"1314\">Pendant l\u2019\u00e9pilation :<\/strong><\/h4>\n<ul data-start=\"1317\" data-end=\"1750\">\n<li data-start=\"1317\" data-end=\"1406\">\n<p data-start=\"1319\" data-end=\"1406\"><a href=\"https:\/\/italwaxfrance.fr\/particulier\/product\/chauffe-cire-liberty-pour-boites-400ml\/\"><strong><em data-start=\"1319\" data-end=\"1340\">Chauffe-cire 400 ml<\/em> <\/strong><\/a>: chauffe rapide et uniforme, parfait pour tous types de cires.<\/p>\n<\/li>\n<li data-start=\"1407\" data-end=\"1508\">\n<p data-start=\"1409\" data-end=\"1508\"><a href=\"https:\/\/italwaxfrance.fr\/particulier\/product\/boite-pour-chauffe-cire\/\"><strong><em data-start=\"1409\" data-end=\"1447\">Contenant vide r\u00e9utilisable (400 ml)<\/em> <\/strong><\/a>: pour alterner facilement entre diff\u00e9rents types de cire.<\/p>\n<\/li>\n<li data-start=\"1509\" data-end=\"1649\">\n<p data-start=\"1511\" data-end=\"1649\"><a href=\"https:\/\/italwaxfrance.fr\/particulier\/product\/cire-pelable-chocolat-blanc\/\"><strong><em data-start=\"1511\" data-end=\"1556\">Cire pelable Chocolat Blanc Italwax (1 kg)<\/em> <\/strong><\/a>: haute plasticit\u00e9, enrichie en dioxyde de titane, efficace sur poils courts, sans bandes.<\/p>\n<\/li>\n<li data-start=\"1650\" data-end=\"1750\">\n<p data-start=\"1652\" data-end=\"1750\"><a href=\"https:\/\/italwaxfrance.fr\/particulier\/product\/spatules-en-bois-a-cire\/\"><strong><em data-start=\"1652\" data-end=\"1694\">Spatules en bois jetables Italwax (x100)<\/em> <\/strong><\/a>: hygi\u00e9niques, pr\u00e9cises, adapt\u00e9es \u00e0 toutes les zones.<\/p>\n<\/li>\n<\/ul>\n<h4 data-start=\"1752\" data-end=\"1780\">\ud83d\udca7 <strong data-start=\"1755\" data-end=\"1778\">Apr\u00e8s l\u2019\u00e9pilation :<\/strong><\/h4>\n<ul data-start=\"1781\" data-end=\"1883\">\n<li data-start=\"1781\" data-end=\"1883\">\n<p data-start=\"1783\" data-end=\"1883\"><a href=\"https:\/\/italwaxfrance.fr\/particulier\/product\/lotion-post-epilation-a-lazulene\/\"><strong><em data-start=\"1783\" data-end=\"1831\">Lotion huileuse post-cire \u00e0 l\u2019Azul\u00e8ne (100 ml)<\/em> <\/strong><\/a>: \u00e9limine les r\u00e9sidus, apaise et hydrate la peau.<\/p>\n<\/li>\n<\/ul>\n<h3 data-start=\"1885\" data-end=\"1923\">\u2705 <strong data-start=\"1887\" data-end=\"1921\">Atouts du kit Chocolat Blanc :<\/strong><\/h3>\n<ul data-start=\"1924\" data-end=\"2133\">\n<li data-start=\"1924\" data-end=\"1963\">\n<p data-start=\"1926\" data-end=\"1963\">\u00c9pilation rapide, douce et efficace<\/p>\n<\/li>\n<li data-start=\"1964\" data-end=\"2011\">\n<p data-start=\"1966\" data-end=\"2011\">Id\u00e9al pour toutes les zones, m\u00eame sensibles<\/p>\n<\/li>\n<li data-start=\"2012\" data-end=\"2062\">\n<p data-start=\"2014\" data-end=\"2062\">Haute adh\u00e9rence sur poils courts et r\u00e9sistants<\/p>\n<\/li>\n<li data-start=\"2063\" data-end=\"2097\">\n<p data-start=\"2065\" data-end=\"2097\">Plus \u00e9conomique qu\u2019en institut<\/p>\n<\/li>\n<li data-start=\"2098\" data-end=\"2133\">\n<p data-start=\"2100\" data-end=\"2133\">Qualit\u00e9 professionnelle Italwax<\/p>\n<\/li>\n<\/ul>\n<h3 data-start=\"2135\" data-end=\"2158\">\ud83c\udfaf <strong data-start=\"2138\" data-end=\"2156\">Parfait pour :<\/strong><\/h3>\n<ul data-start=\"2159\" data-end=\"2310\">\n<li data-start=\"2159\" data-end=\"2197\">\n<p data-start=\"2161\" data-end=\"2197\">Les soins maison avec r\u00e9sultat pro<\/p>\n<\/li>\n<li data-start=\"2198\" data-end=\"2251\">\n<p data-start=\"2200\" data-end=\"2251\">Les d\u00e9butants comme les esth\u00e9ticiennes confirm\u00e9es<\/p>\n<\/li>\n<li data-start=\"2252\" data-end=\"2310\">\n<p data-start=\"2254\" data-end=\"2310\">Ceux qui veulent une \u00e9pilation efficace et confortable<\/p>\n<\/li>\n<\/ul>\n<p data-start=\"2312\" data-end=\"2394\">Transformez l\u2019\u00e9pilation en un moment de soin gr\u00e2ce \u00e0 ce kit complet et gourmand.<\/p>\n","protected":false},"excerpt":{"rendered":"<p><strong data-start=\"2429\" data-end=\"2471\">Kit d\u2019\u00c9pilation Maison Italwax Chocolat Blanc<\/strong> \u2013 Chauffe-cire, cire Chocolat Blanc basse temp\u00e9rature et soins complets pour une \u00e9pilation douce et efficace, m\u00eame sur peaux sensibles.<br data-start=\"365\" data-end=\"368\" \/><em data-start=\"368\" data-end=\"387\">Avant l\u2019\u00e9pilation<\/em> : lotion pr\u00e9-cire \u00e0 l\u2019Aloe Vera et talc cosm\u00e9tique pour pr\u00e9parer et prot\u00e9ger la peau.<br data-start=\"473\" data-end=\"476\" \/><em data-start=\"476\" data-end=\"495\">Apr\u00e8s l\u2019\u00e9pilation<\/em> : lotion huileuse \u00e0 l\u2019Azul\u00e8ne pour \u00e9liminer les r\u00e9sidus, apaiser et hydrater.<\/p>\n","protected":false},"featured_media":2007,"comment_status":"open","ping_status":"closed","template":"","meta":[],"product_brand":[],"product_cat":[46],"product_tag":[],"class_list":{"0":"post-2011","1":"product","2":"type-product","3":"status-publish","4":"has-post-thumbnail","6":"product_cat-starter-kits-depilation","8":"first","9":"instock","10":"sale","11":"taxable","12":"shipping-taxable","13":"purchasable","14":"product-type-simple"},"yoast_head":"<!-- This site is optimized with the Yoast SEO Premium plugin v27.2 (Yoast SEO v27.5) - https:\/\/yoast.com\/product\/yoast-seo-premium-wordpress\/ -->\n<title>Kit d\u2019\u00e9pilation maison \u2013 Chocolat Blanc - Italwax France Particulier<\/title>\n<meta name=\"description\" content=\"Kit d\u2019\u00e9pilation maison Chocolat Blanc Italwax : cire pelable enrichie en dioxyde de titane, chauffe-cire et soins complets. \u00c9pilation douce \u00e0 domicile.\" \/>\n<meta name=\"robots\" content=\"index, follow, max-snippet:-1, max-image-preview:large, max-video-preview:-1\" \/>\n<link rel=\"canonical\" href=\"https:\/\/italwaxfrance.fr\/particulier\/product\/kit-depilation-maison-chocolat-blanc\/\" \/>\n<meta property=\"og:locale\" content=\"fr_FR\" \/>\n<meta property=\"og:type\" content=\"article\" \/>\n<meta property=\"og:title\" content=\"Kit d\u2019\u00e9pilation maison \u2013 Chocolat Blanc\" \/>\n<meta property=\"og:description\" content=\"Kit d\u2019\u00e9pilation maison Chocolat Blanc Italwax : cire pelable enrichie en dioxyde de titane, chauffe-cire et soins complets. \u00c9pilation douce \u00e0 domicile.\" \/>\n<meta property=\"og:url\" content=\"https:\/\/italwaxfrance.fr\/particulier\/product\/kit-depilation-maison-chocolat-blanc\/\" \/>\n<meta property=\"og:site_name\" content=\"Italwax France Particulier\" \/>\n<meta property=\"article:modified_time\" content=\"2026-03-08T09:38:03+00:00\" \/>\n<meta property=\"og:image\" content=\"http:\/\/italwaxfrance.fr\/particulier\/wp-content\/uploads\/sites\/12\/2025\/08\/photo_2025-08-04_14-34-42-1.webp\" \/>\n\t<meta property=\"og:image:width\" content=\"800\" \/>\n\t<meta property=\"og:image:height\" content=\"800\" \/>\n\t<meta property=\"og:image:type\" content=\"image\/webp\" \/>\n<meta name=\"twitter:card\" content=\"summary_large_image\" \/>\n<meta name=\"twitter:label1\" content=\"Dur\u00e9e de lecture estim\u00e9e\" \/>\n\t<meta name=\"twitter:data1\" content=\"2 minutes\" \/>\n<script type=\"application\/ld+json\" class=\"yoast-schema-graph\">{\"@context\":\"https:\\\/\\\/schema.org\",\"@graph\":[{\"@type\":\"WebPage\",\"@id\":\"https:\\\/\\\/italwaxfrance.fr\\\/particulier\\\/product\\\/kit-depilation-maison-chocolat-blanc\\\/\",\"url\":\"https:\\\/\\\/italwaxfrance.fr\\\/particulier\\\/product\\\/kit-depilation-maison-chocolat-blanc\\\/\",\"name\":\"Kit d\u2019\u00e9pilation maison \u2013 Chocolat Blanc - Italwax France Particulier\",\"isPartOf\":{\"@id\":\"https:\\\/\\\/italwaxfrance.fr\\\/particulier\\\/#website\"},\"primaryImageOfPage\":{\"@id\":\"https:\\\/\\\/italwaxfrance.fr\\\/particulier\\\/product\\\/kit-depilation-maison-chocolat-blanc\\\/#primaryimage\"},\"image\":{\"@id\":\"https:\\\/\\\/italwaxfrance.fr\\\/particulier\\\/product\\\/kit-depilation-maison-chocolat-blanc\\\/#primaryimage\"},\"thumbnailUrl\":\"https:\\\/\\\/italwaxfrance.fr\\\/particulier\\\/wp-content\\\/uploads\\\/sites\\\/12\\\/2025\\\/08\\\/photo_2025-08-04_14-34-42-1.webp\",\"datePublished\":\"2025-08-05T12:39:11+00:00\",\"dateModified\":\"2026-03-08T09:38:03+00:00\",\"description\":\"Kit d\u2019\u00e9pilation maison Chocolat Blanc Italwax : cire pelable enrichie en dioxyde de titane, chauffe-cire et soins complets. \u00c9pilation douce \u00e0 domicile.\",\"breadcrumb\":{\"@id\":\"https:\\\/\\\/italwaxfrance.fr\\\/particulier\\\/product\\\/kit-depilation-maison-chocolat-blanc\\\/#breadcrumb\"},\"inLanguage\":\"fr-FR\",\"potentialAction\":[{\"@type\":\"ReadAction\",\"target\":[\"https:\\\/\\\/italwaxfrance.fr\\\/particulier\\\/product\\\/kit-depilation-maison-chocolat-blanc\\\/\"]}]},{\"@type\":\"ImageObject\",\"inLanguage\":\"fr-FR\",\"@id\":\"https:\\\/\\\/italwaxfrance.fr\\\/particulier\\\/product\\\/kit-depilation-maison-chocolat-blanc\\\/#primaryimage\",\"url\":\"https:\\\/\\\/italwaxfrance.fr\\\/particulier\\\/wp-content\\\/uploads\\\/sites\\\/12\\\/2025\\\/08\\\/photo_2025-08-04_14-34-42-1.webp\",\"contentUrl\":\"https:\\\/\\\/italwaxfrance.fr\\\/particulier\\\/wp-content\\\/uploads\\\/sites\\\/12\\\/2025\\\/08\\\/photo_2025-08-04_14-34-42-1.webp\",\"width\":800,\"height\":800,\"caption\":\"Kit d\u2019\u00e9pilation maison \u2013 Chocolat Blanc\"},{\"@type\":\"BreadcrumbList\",\"@id\":\"https:\\\/\\\/italwaxfrance.fr\\\/particulier\\\/product\\\/kit-depilation-maison-chocolat-blanc\\\/#breadcrumb\",\"itemListElement\":[{\"@type\":\"ListItem\",\"position\":1,\"name\":\"Accueil\",\"item\":\"https:\\\/\\\/italwaxfrance.fr\\\/particulier\\\/\"},{\"@type\":\"ListItem\",\"position\":2,\"name\":\"Score\",\"item\":\"https:\\\/\\\/italwaxfrance.fr\\\/particulier\\\/shop\\\/\"},{\"@type\":\"ListItem\",\"position\":3,\"name\":\"Kit d\u2019\u00e9pilation maison \u2013 Chocolat Blanc\"}]},{\"@type\":\"WebSite\",\"@id\":\"https:\\\/\\\/italwaxfrance.fr\\\/particulier\\\/#website\",\"url\":\"https:\\\/\\\/italwaxfrance.fr\\\/particulier\\\/\",\"name\":\"Italwax France Particulier\",\"description\":\"Cosm\u00e9tiques professionnels\",\"publisher\":{\"@id\":\"https:\\\/\\\/italwaxfrance.fr\\\/particulier\\\/#organization\"},\"potentialAction\":[{\"@type\":\"SearchAction\",\"target\":{\"@type\":\"EntryPoint\",\"urlTemplate\":\"https:\\\/\\\/italwaxfrance.fr\\\/particulier\\\/?s={search_term_string}\"},\"query-input\":{\"@type\":\"PropertyValueSpecification\",\"valueRequired\":true,\"valueName\":\"search_term_string\"}}],\"inLanguage\":\"fr-FR\"},{\"@type\":\"Organization\",\"@id\":\"https:\\\/\\\/italwaxfrance.fr\\\/particulier\\\/#organization\",\"name\":\"Italwax France\",\"url\":\"https:\\\/\\\/italwaxfrance.fr\\\/particulier\\\/\",\"logo\":{\"@type\":\"ImageObject\",\"inLanguage\":\"fr-FR\",\"@id\":\"https:\\\/\\\/italwaxfrance.fr\\\/particulier\\\/#\\\/schema\\\/logo\\\/image\\\/\",\"url\":\"https:\\\/\\\/italwaxfrance.fr\\\/particulier\\\/wp-content\\\/uploads\\\/sites\\\/12\\\/2022\\\/04\\\/logo.png\",\"contentUrl\":\"https:\\\/\\\/italwaxfrance.fr\\\/particulier\\\/wp-content\\\/uploads\\\/sites\\\/12\\\/2022\\\/04\\\/logo.png\",\"width\":334,\"height\":158,\"caption\":\"Italwax France\"},\"image\":{\"@id\":\"https:\\\/\\\/italwaxfrance.fr\\\/particulier\\\/#\\\/schema\\\/logo\\\/image\\\/\"},\"sameAs\":[\"https:\\\/\\\/www.instagram.com\\\/italwaxfrance\\\/\",\"https:\\\/\\\/www.youtube.com\\\/@ItalwaxMedia\"]}]}<\/script>\n<!-- \/ Yoast SEO Premium plugin. -->","yoast_head_json":{"title":"Kit d\u2019\u00e9pilation maison \u2013 Chocolat Blanc - Italwax France Particulier","description":"Kit d\u2019\u00e9pilation maison Chocolat Blanc Italwax : cire pelable enrichie en dioxyde de titane, chauffe-cire et soins complets. \u00c9pilation douce \u00e0 domicile.","robots":{"index":"index","follow":"follow","max-snippet":"max-snippet:-1","max-image-preview":"max-image-preview:large","max-video-preview":"max-video-preview:-1"},"canonical":"https:\/\/italwaxfrance.fr\/particulier\/product\/kit-depilation-maison-chocolat-blanc\/","og_locale":"fr_FR","og_type":"article","og_title":"Kit d\u2019\u00e9pilation maison \u2013 Chocolat Blanc","og_description":"Kit d\u2019\u00e9pilation maison Chocolat Blanc Italwax : cire pelable enrichie en dioxyde de titane, chauffe-cire et soins complets. \u00c9pilation douce \u00e0 domicile.","og_url":"https:\/\/italwaxfrance.fr\/particulier\/product\/kit-depilation-maison-chocolat-blanc\/","og_site_name":"Italwax France Particulier","article_modified_time":"2026-03-08T09:38:03+00:00","og_image":[{"width":800,"height":800,"url":"http:\/\/italwaxfrance.fr\/particulier\/wp-content\/uploads\/sites\/12\/2025\/08\/photo_2025-08-04_14-34-42-1.webp","type":"image\/webp"}],"twitter_card":"summary_large_image","twitter_misc":{"Dur\u00e9e de lecture estim\u00e9e":"2 minutes"},"schema":{"@context":"https:\/\/schema.org","@graph":[{"@type":"WebPage","@id":"https:\/\/italwaxfrance.fr\/particulier\/product\/kit-depilation-maison-chocolat-blanc\/","url":"https:\/\/italwaxfrance.fr\/particulier\/product\/kit-depilation-maison-chocolat-blanc\/","name":"Kit d\u2019\u00e9pilation maison \u2013 Chocolat Blanc - Italwax France Particulier","isPartOf":{"@id":"https:\/\/italwaxfrance.fr\/particulier\/#website"},"primaryImageOfPage":{"@id":"https:\/\/italwaxfrance.fr\/particulier\/product\/kit-depilation-maison-chocolat-blanc\/#primaryimage"},"image":{"@id":"https:\/\/italwaxfrance.fr\/particulier\/product\/kit-depilation-maison-chocolat-blanc\/#primaryimage"},"thumbnailUrl":"https:\/\/italwaxfrance.fr\/particulier\/wp-content\/uploads\/sites\/12\/2025\/08\/photo_2025-08-04_14-34-42-1.webp","datePublished":"2025-08-05T12:39:11+00:00","dateModified":"2026-03-08T09:38:03+00:00","description":"Kit d\u2019\u00e9pilation maison Chocolat Blanc Italwax : cire pelable enrichie en dioxyde de titane, chauffe-cire et soins complets. \u00c9pilation douce \u00e0 domicile.","breadcrumb":{"@id":"https:\/\/italwaxfrance.fr\/particulier\/product\/kit-depilation-maison-chocolat-blanc\/#breadcrumb"},"inLanguage":"fr-FR","potentialAction":[{"@type":"ReadAction","target":["https:\/\/italwaxfrance.fr\/particulier\/product\/kit-depilation-maison-chocolat-blanc\/"]}]},{"@type":"ImageObject","inLanguage":"fr-FR","@id":"https:\/\/italwaxfrance.fr\/particulier\/product\/kit-depilation-maison-chocolat-blanc\/#primaryimage","url":"https:\/\/italwaxfrance.fr\/particulier\/wp-content\/uploads\/sites\/12\/2025\/08\/photo_2025-08-04_14-34-42-1.webp","contentUrl":"https:\/\/italwaxfrance.fr\/particulier\/wp-content\/uploads\/sites\/12\/2025\/08\/photo_2025-08-04_14-34-42-1.webp","width":800,"height":800,"caption":"Kit d\u2019\u00e9pilation maison \u2013 Chocolat Blanc"},{"@type":"BreadcrumbList","@id":"https:\/\/italwaxfrance.fr\/particulier\/product\/kit-depilation-maison-chocolat-blanc\/#breadcrumb","itemListElement":[{"@type":"ListItem","position":1,"name":"Accueil","item":"https:\/\/italwaxfrance.fr\/particulier\/"},{"@type":"ListItem","position":2,"name":"Score","item":"https:\/\/italwaxfrance.fr\/particulier\/shop\/"},{"@type":"ListItem","position":3,"name":"Kit d\u2019\u00e9pilation maison \u2013 Chocolat Blanc"}]},{"@type":"WebSite","@id":"https:\/\/italwaxfrance.fr\/particulier\/#website","url":"https:\/\/italwaxfrance.fr\/particulier\/","name":"Italwax France Particulier","description":"Cosm\u00e9tiques professionnels","publisher":{"@id":"https:\/\/italwaxfrance.fr\/particulier\/#organization"},"potentialAction":[{"@type":"SearchAction","target":{"@type":"EntryPoint","urlTemplate":"https:\/\/italwaxfrance.fr\/particulier\/?s={search_term_string}"},"query-input":{"@type":"PropertyValueSpecification","valueRequired":true,"valueName":"search_term_string"}}],"inLanguage":"fr-FR"},{"@type":"Organization","@id":"https:\/\/italwaxfrance.fr\/particulier\/#organization","name":"Italwax France","url":"https:\/\/italwaxfrance.fr\/particulier\/","logo":{"@type":"ImageObject","inLanguage":"fr-FR","@id":"https:\/\/italwaxfrance.fr\/particulier\/#\/schema\/logo\/image\/","url":"https:\/\/italwaxfrance.fr\/particulier\/wp-content\/uploads\/sites\/12\/2022\/04\/logo.png","contentUrl":"https:\/\/italwaxfrance.fr\/particulier\/wp-content\/uploads\/sites\/12\/2022\/04\/logo.png","width":334,"height":158,"caption":"Italwax France"},"image":{"@id":"https:\/\/italwaxfrance.fr\/particulier\/#\/schema\/logo\/image\/"},"sameAs":["https:\/\/www.instagram.com\/italwaxfrance\/","https:\/\/www.youtube.com\/@ItalwaxMedia"]}]}},"_links":{"self":[{"href":"https:\/\/italwaxfrance.fr\/particulier\/wp-json\/wp\/v2\/product\/2011","targetHints":{"allow":["GET"]}}],"collection":[{"href":"https:\/\/italwaxfrance.fr\/particulier\/wp-json\/wp\/v2\/product"}],"about":[{"href":"https:\/\/italwaxfrance.fr\/particulier\/wp-json\/wp\/v2\/types\/product"}],"replies":[{"embeddable":true,"href":"https:\/\/italwaxfrance.fr\/particulier\/wp-json\/wp\/v2\/comments?post=2011"}],"wp:featuredmedia":[{"embeddable":true,"href":"https:\/\/italwaxfrance.fr\/particulier\/wp-json\/wp\/v2\/media\/2007"}],"wp:attachment":[{"href":"https:\/\/italwaxfrance.fr\/particulier\/wp-json\/wp\/v2\/media?parent=2011"}],"wp:term":[{"taxonomy":"product_brand","embeddable":true,"href":"https:\/\/italwaxfrance.fr\/particulier\/wp-json\/wp\/v2\/product_brand?post=2011"},{"taxonomy":"product_cat","embeddable":true,"href":"https:\/\/italwaxfrance.fr\/particulier\/wp-json\/wp\/v2\/product_cat?post=2011"},{"taxonomy":"product_tag","embeddable":true,"href":"https:\/\/italwaxfrance.fr\/particulier\/wp-json\/wp\/v2\/product_tag?post=2011"}],"curies":[{"name":"wp","href":"https:\/\/api.w.org\/{rel}","templated":true}]}}