{"id":2004,"date":"2025-08-14T14:01:14","date_gmt":"2025-08-14T11:01:14","guid":{"rendered":"https:\/\/italwaxfrance.fr\/particulier\/?post_type=product&#038;p=2004"},"modified":"2026-03-08T12:36:50","modified_gmt":"2026-03-08T09:36:50","slug":"kit-depilation-maison-orchidee","status":"publish","type":"product","link":"https:\/\/italwaxfrance.fr\/particulier\/product\/kit-depilation-maison-orchidee\/","title":{"rendered":"Kit d&rsquo;\u00e9pilation maison"},"content":{"rendered":"<h2 data-start=\"242\" data-end=\"333\">\ud83d\udd25 Kit d&rsquo;\u00c9pilation Complet \u00e0 la Cire TOP LINE Orchid\u00e9e Italwax \u2013 R\u00e9sultat Professionnel \u00e0 la Maison<\/h2>\n<p data-start=\"335\" data-end=\"654\">Offrez-vous une peau douce, lisse et nette, sans sortir de chez vous. Le <strong data-start=\"408\" data-end=\"443\">Kit d\u2019\u00c9pilation Complet Italwax<\/strong> vous permet de retrouver la qualit\u00e9 d\u2019une \u00e9pilation en institut, avec tout le confort de votre salle de bain. Con\u00e7u pour une utilisation simple et efficace, il convient aussi bien aux d\u00e9butants qu\u2019aux habitu\u00e9s.<\/p>\n<p data-start=\"656\" data-end=\"781\">Ce kit contient tout le n\u00e9cessaire pour une exp\u00e9rience d\u2019\u00e9pilation optimale, de la pr\u00e9paration de la peau \u00e0 l\u2019apr\u00e8s-soin.<\/p>\n<h3 data-start=\"788\" data-end=\"818\">\u2728 <strong>Ce que contient le kit :<\/strong><\/h3>\n<h4 data-start=\"820\" data-end=\"847\">\ud83e\uddf4 Avant l\u2019\u00e9pilation :<\/h4>\n<ul data-start=\"848\" data-end=\"1135\">\n<li data-start=\"848\" data-end=\"1009\">\n<p data-start=\"850\" data-end=\"1009\"><strong data-start=\"850\" data-end=\"892\"><a href=\"https:\/\/italwaxfrance.fr\/particulier\/product\/lotion-pre-cire-a-laloe\/\"><em>Lotion pr\u00e9-cire \u00e0 l\u2019Aloe Vera<\/em><\/a> (100 ml)<\/strong><br data-start=\"892\" data-end=\"895\" \/>Hydrate, nettoie et pr\u00e9pare la peau en douceur pour am\u00e9liorer l\u2019adh\u00e9rence de la cire et r\u00e9duire les irritations.<\/p>\n<\/li>\n<li data-start=\"1011\" data-end=\"1135\">\n<p data-start=\"1013\" data-end=\"1135\"><strong data-start=\"1013\" data-end=\"1058\"><a href=\"https:\/\/italwaxfrance.fr\/particulier\/product\/talc-cosmetique-et-talc-cosmetique-au-menthol\/\"><em>Talc cosm\u00e9tique sans oxyde de zinc<\/em><\/a> (50 g)<\/strong><br data-start=\"1058\" data-end=\"1061\" \/>Absorbe l\u2019humidit\u00e9, prot\u00e8ge la peau et optimise l\u2019efficacit\u00e9 de la cire.<\/p>\n<\/li>\n<\/ul>\n<h4 data-start=\"1142\" data-end=\"1171\">\ud83d\udd25 Pendant l\u2019\u00e9pilation :<\/h4>\n<ul data-start=\"1172\" data-end=\"1881\">\n<li data-start=\"1172\" data-end=\"1338\">\n<p data-start=\"1174\" data-end=\"1338\"><strong data-start=\"1174\" data-end=\"1197\"><a href=\"https:\/\/italwaxfrance.fr\/particulier\/product\/chauffe-cire-liberty-pour-boites-400ml\/\"><em>Chauffe-cire<\/em><\/a> 400 ml<\/strong><br data-start=\"1197\" data-end=\"1200\" \/>Compact, rapide et fiable. Il chauffe la cire uniform\u00e9ment et maintient une temp\u00e9rature constante, id\u00e9ale m\u00eame pour les peaux sensibles.<\/p>\n<\/li>\n<li data-start=\"1340\" data-end=\"1477\">\n<p data-start=\"1342\" data-end=\"1477\"><strong data-start=\"1342\" data-end=\"1382\"><a href=\"https:\/\/italwaxfrance.fr\/particulier\/product\/boite-pour-chauffe-cire\/\"><em>Contenant vide r\u00e9utilisable<\/em><\/a> (400 ml)<\/strong><br data-start=\"1382\" data-end=\"1385\" \/>Pratique pour alterner facilement entre diff\u00e9rents types de cire sans nettoyage compliqu\u00e9.<\/p>\n<\/li>\n<li data-start=\"1479\" data-end=\"1716\">\n<p data-start=\"1481\" data-end=\"1716\"><strong data-start=\"1481\" data-end=\"1520\"><a href=\"https:\/\/italwaxfrance.fr\/particulier\/product\/cire-synthetique-orchidee\/\"><em>Cire film Top Line Orchid\u00e9e<\/em><\/a> (750 g)<\/strong><br data-start=\"1520\" data-end=\"1523\" \/>Cire pelable hypoallerg\u00e9nique, sans colophane ni r\u00e9sine de pin. Texture gel ultra-souple, efficace sur tous types de poils, m\u00eame les plus courts. Application sans bande, retrait sans r\u00e9sidus.<\/p>\n<\/li>\n<li data-start=\"1718\" data-end=\"1881\">\n<p data-start=\"1720\" data-end=\"1881\"><strong data-start=\"1720\" data-end=\"1763\"><a href=\"https:\/\/italwaxfrance.fr\/particulier\/product\/spatules-en-bois-a-cire\/\"><em>Spatules en bois jetables<\/em><\/a> Italwax (x100)<\/strong><br data-start=\"1763\" data-end=\"1766\" \/>Hygi\u00e9niques et pratiques, elles permettent une application pr\u00e9cise et s\u00fbre, adapt\u00e9es \u00e0 toutes les zones du corps.<\/p>\n<\/li>\n<\/ul>\n<h4 data-start=\"1888\" data-end=\"1915\">\ud83d\udca7 Apr\u00e8s l\u2019\u00e9pilation :<\/h4>\n<ul data-start=\"1916\" data-end=\"2117\">\n<li data-start=\"1916\" data-end=\"2117\">\n<p data-start=\"1918\" data-end=\"2117\"><strong data-start=\"1918\" data-end=\"1968\"><a href=\"https:\/\/italwaxfrance.fr\/particulier\/product\/lotion-post-epilation-a-lazulene\/\"><em>Lotion huileuse post-cire \u00e0 l\u2019Azul\u00e8ne<\/em><\/a> (100 ml)<\/strong><br data-start=\"1968\" data-end=\"1971\" \/>\u00c9limine les r\u00e9sidus de cire, apaise, hydrate et adoucit la peau gr\u00e2ce \u00e0 l\u2019azul\u00e8ne naturel extrait de la camomille. Texture l\u00e9g\u00e8re et non grasse.<\/p>\n<\/li>\n<\/ul>\n<h3 data-start=\"2124\" data-end=\"2160\">\u2705 Pourquoi vous allez l\u2019adorer :<\/h3>\n<ul data-start=\"2161\" data-end=\"2456\">\n<li data-start=\"2210\" data-end=\"2287\">\n<p data-start=\"2212\" data-end=\"2287\">Convient \u00e0 toutes les zones : jambes, bras, aisselles, maillot, visage\u2026<\/p>\n<\/li>\n<li data-start=\"2288\" data-end=\"2324\">\n<p data-start=\"2290\" data-end=\"2324\">Id\u00e9al pour les peaux sensibles<\/p>\n<\/li>\n<li data-start=\"2325\" data-end=\"2369\">\n<p data-start=\"2327\" data-end=\"2369\">Simple \u00e0 utiliser, m\u00eame pour les d\u00e9butants<\/p>\n<\/li>\n<li data-start=\"2370\" data-end=\"2406\">\n<p data-start=\"2372\" data-end=\"2406\">Plus \u00e9conomique qu\u2019en institut<\/p>\n<\/li>\n<li data-start=\"2407\" data-end=\"2456\">\n<p data-start=\"2409\" data-end=\"2456\">Fabriqu\u00e9 en Italie, qualit\u00e9 professionnelle<\/p>\n<\/li>\n<\/ul>\n<h3 data-start=\"2463\" data-end=\"2494\">\ud83c\udfaf \u00c0 qui s\u2019adresse ce kit ?<\/h3>\n<ul data-start=\"2495\" data-end=\"2724\">\n<li data-start=\"2495\" data-end=\"2569\">\n<p data-start=\"2497\" data-end=\"2569\">Celles et ceux qui souhaitent espacer les rasages et les RDV en institut<\/p>\n<\/li>\n<li data-start=\"2570\" data-end=\"2600\">\n<p data-start=\"2572\" data-end=\"2600\">Les adeptes des soins maison<\/p>\n<\/li>\n<li data-start=\"2601\" data-end=\"2659\">\n<p data-start=\"2603\" data-end=\"2659\">Les d\u00e9butants qui veulent une routine compl\u00e8te et facile<\/p>\n<\/li>\n<li data-start=\"2660\" data-end=\"2724\">\n<p data-start=\"2662\" data-end=\"2724\">Les professionnels \u00e0 la recherche d\u2019un kit compact et efficace<\/p>\n<\/li>\n<\/ul>\n<p data-start=\"2731\" data-end=\"2848\">Faites de votre \u00e9pilation un v\u00e9ritable moment de soin avec ce kit tout-en-un, complet, efficace et doux pour la peau.<\/p>\n","protected":false},"excerpt":{"rendered":"<p>Obtenez une peau douce et lisse sans sortir de chez vous gr\u00e2ce \u00e0 ce kit tout-en-un. Id\u00e9al pour d\u00e9butants et experts, il comprend chauffe-cire, cire hypoallerg\u00e9nique, soins pr\u00e9- et post-\u00e9pilation, et accessoires pour une application pr\u00e9cise. Convient \u00e0 toutes les zones, m\u00eame sensibles.<\/p>\n","protected":false},"featured_media":2009,"comment_status":"open","ping_status":"closed","template":"","meta":[],"product_brand":[],"product_cat":[46],"product_tag":[],"class_list":{"0":"post-2004","1":"product","2":"type-product","3":"status-publish","4":"has-post-thumbnail","6":"product_cat-starter-kits-depilation","8":"first","9":"instock","10":"sale","11":"taxable","12":"shipping-taxable","13":"purchasable","14":"product-type-variable"},"yoast_head":"<!-- This site is optimized with the Yoast SEO Premium plugin v27.2 (Yoast SEO v27.5) - https:\/\/yoast.com\/product\/yoast-seo-premium-wordpress\/ -->\n<title>Kit d&#039;\u00e9pilation maison - Italwax France Particulier<\/title>\n<meta name=\"description\" content=\"Kit d\u2019\u00e9pilation complet Italwax : cire chaude pelable, chauffe-cire, lotions, spatules et accessoires. R\u00e9sultat professionnel \u00e0 la maison.\" \/>\n<meta name=\"robots\" content=\"index, follow, max-snippet:-1, max-image-preview:large, max-video-preview:-1\" \/>\n<link rel=\"canonical\" href=\"https:\/\/italwaxfrance.fr\/particulier\/product\/kit-depilation-maison-orchidee\/\" \/>\n<meta property=\"og:locale\" content=\"fr_FR\" \/>\n<meta property=\"og:type\" content=\"article\" \/>\n<meta property=\"og:title\" content=\"Kit d&#039;\u00e9pilation maison\" \/>\n<meta property=\"og:description\" content=\"Kit d\u2019\u00e9pilation complet Italwax : cire chaude pelable, chauffe-cire, lotions, spatules et accessoires. R\u00e9sultat professionnel \u00e0 la maison.\" \/>\n<meta property=\"og:url\" content=\"https:\/\/italwaxfrance.fr\/particulier\/product\/kit-depilation-maison-orchidee\/\" \/>\n<meta property=\"og:site_name\" content=\"Italwax France Particulier\" \/>\n<meta property=\"article:modified_time\" content=\"2026-03-08T09:36:50+00:00\" \/>\n<meta property=\"og:image\" content=\"http:\/\/italwaxfrance.fr\/particulier\/wp-content\/uploads\/sites\/12\/2025\/08\/photo_2025-08-04_14-34-42.webp\" \/>\n\t<meta property=\"og:image:width\" content=\"800\" \/>\n\t<meta property=\"og:image:height\" content=\"800\" \/>\n\t<meta property=\"og:image:type\" content=\"image\/webp\" \/>\n<meta name=\"twitter:card\" content=\"summary_large_image\" \/>\n<meta name=\"twitter:label1\" content=\"Dur\u00e9e de lecture estim\u00e9e\" \/>\n\t<meta name=\"twitter:data1\" content=\"2 minutes\" \/>\n<script type=\"application\/ld+json\" class=\"yoast-schema-graph\">{\"@context\":\"https:\\\/\\\/schema.org\",\"@graph\":[{\"@type\":\"WebPage\",\"@id\":\"https:\\\/\\\/italwaxfrance.fr\\\/particulier\\\/product\\\/kit-depilation-maison-orchidee\\\/\",\"url\":\"https:\\\/\\\/italwaxfrance.fr\\\/particulier\\\/product\\\/kit-depilation-maison-orchidee\\\/\",\"name\":\"Kit d'\u00e9pilation maison - Italwax France Particulier\",\"isPartOf\":{\"@id\":\"https:\\\/\\\/italwaxfrance.fr\\\/particulier\\\/#website\"},\"primaryImageOfPage\":{\"@id\":\"https:\\\/\\\/italwaxfrance.fr\\\/particulier\\\/product\\\/kit-depilation-maison-orchidee\\\/#primaryimage\"},\"image\":{\"@id\":\"https:\\\/\\\/italwaxfrance.fr\\\/particulier\\\/product\\\/kit-depilation-maison-orchidee\\\/#primaryimage\"},\"thumbnailUrl\":\"https:\\\/\\\/italwaxfrance.fr\\\/particulier\\\/wp-content\\\/uploads\\\/sites\\\/12\\\/2025\\\/08\\\/photo_2025-08-04_14-34-42.webp\",\"datePublished\":\"2025-08-14T11:01:14+00:00\",\"dateModified\":\"2026-03-08T09:36:50+00:00\",\"description\":\"Kit d\u2019\u00e9pilation complet Italwax : cire chaude pelable, chauffe-cire, lotions, spatules et accessoires. R\u00e9sultat professionnel \u00e0 la maison.\",\"breadcrumb\":{\"@id\":\"https:\\\/\\\/italwaxfrance.fr\\\/particulier\\\/product\\\/kit-depilation-maison-orchidee\\\/#breadcrumb\"},\"inLanguage\":\"fr-FR\",\"potentialAction\":[{\"@type\":\"ReadAction\",\"target\":[\"https:\\\/\\\/italwaxfrance.fr\\\/particulier\\\/product\\\/kit-depilation-maison-orchidee\\\/\"]}]},{\"@type\":\"ImageObject\",\"inLanguage\":\"fr-FR\",\"@id\":\"https:\\\/\\\/italwaxfrance.fr\\\/particulier\\\/product\\\/kit-depilation-maison-orchidee\\\/#primaryimage\",\"url\":\"https:\\\/\\\/italwaxfrance.fr\\\/particulier\\\/wp-content\\\/uploads\\\/sites\\\/12\\\/2025\\\/08\\\/photo_2025-08-04_14-34-42.webp\",\"contentUrl\":\"https:\\\/\\\/italwaxfrance.fr\\\/particulier\\\/wp-content\\\/uploads\\\/sites\\\/12\\\/2025\\\/08\\\/photo_2025-08-04_14-34-42.webp\",\"width\":800,\"height\":800,\"caption\":\"Kit d'\u00e9pilation maison - Orchid\u00e9e\"},{\"@type\":\"BreadcrumbList\",\"@id\":\"https:\\\/\\\/italwaxfrance.fr\\\/particulier\\\/product\\\/kit-depilation-maison-orchidee\\\/#breadcrumb\",\"itemListElement\":[{\"@type\":\"ListItem\",\"position\":1,\"name\":\"Accueil\",\"item\":\"https:\\\/\\\/italwaxfrance.fr\\\/particulier\\\/\"},{\"@type\":\"ListItem\",\"position\":2,\"name\":\"Score\",\"item\":\"https:\\\/\\\/italwaxfrance.fr\\\/particulier\\\/shop\\\/\"},{\"@type\":\"ListItem\",\"position\":3,\"name\":\"Kit d&rsquo;\u00e9pilation maison\"}]},{\"@type\":\"WebSite\",\"@id\":\"https:\\\/\\\/italwaxfrance.fr\\\/particulier\\\/#website\",\"url\":\"https:\\\/\\\/italwaxfrance.fr\\\/particulier\\\/\",\"name\":\"Italwax France Particulier\",\"description\":\"Cosm\u00e9tiques professionnels\",\"publisher\":{\"@id\":\"https:\\\/\\\/italwaxfrance.fr\\\/particulier\\\/#organization\"},\"potentialAction\":[{\"@type\":\"SearchAction\",\"target\":{\"@type\":\"EntryPoint\",\"urlTemplate\":\"https:\\\/\\\/italwaxfrance.fr\\\/particulier\\\/?s={search_term_string}\"},\"query-input\":{\"@type\":\"PropertyValueSpecification\",\"valueRequired\":true,\"valueName\":\"search_term_string\"}}],\"inLanguage\":\"fr-FR\"},{\"@type\":\"Organization\",\"@id\":\"https:\\\/\\\/italwaxfrance.fr\\\/particulier\\\/#organization\",\"name\":\"Italwax France\",\"url\":\"https:\\\/\\\/italwaxfrance.fr\\\/particulier\\\/\",\"logo\":{\"@type\":\"ImageObject\",\"inLanguage\":\"fr-FR\",\"@id\":\"https:\\\/\\\/italwaxfrance.fr\\\/particulier\\\/#\\\/schema\\\/logo\\\/image\\\/\",\"url\":\"https:\\\/\\\/italwaxfrance.fr\\\/particulier\\\/wp-content\\\/uploads\\\/sites\\\/12\\\/2022\\\/04\\\/logo.png\",\"contentUrl\":\"https:\\\/\\\/italwaxfrance.fr\\\/particulier\\\/wp-content\\\/uploads\\\/sites\\\/12\\\/2022\\\/04\\\/logo.png\",\"width\":334,\"height\":158,\"caption\":\"Italwax France\"},\"image\":{\"@id\":\"https:\\\/\\\/italwaxfrance.fr\\\/particulier\\\/#\\\/schema\\\/logo\\\/image\\\/\"},\"sameAs\":[\"https:\\\/\\\/www.instagram.com\\\/italwaxfrance\\\/\",\"https:\\\/\\\/www.youtube.com\\\/@ItalwaxMedia\"]}]}<\/script>\n<!-- \/ Yoast SEO Premium plugin. -->","yoast_head_json":{"title":"Kit d'\u00e9pilation maison - Italwax France Particulier","description":"Kit d\u2019\u00e9pilation complet Italwax : cire chaude pelable, chauffe-cire, lotions, spatules et accessoires. R\u00e9sultat professionnel \u00e0 la maison.","robots":{"index":"index","follow":"follow","max-snippet":"max-snippet:-1","max-image-preview":"max-image-preview:large","max-video-preview":"max-video-preview:-1"},"canonical":"https:\/\/italwaxfrance.fr\/particulier\/product\/kit-depilation-maison-orchidee\/","og_locale":"fr_FR","og_type":"article","og_title":"Kit d'\u00e9pilation maison","og_description":"Kit d\u2019\u00e9pilation complet Italwax : cire chaude pelable, chauffe-cire, lotions, spatules et accessoires. R\u00e9sultat professionnel \u00e0 la maison.","og_url":"https:\/\/italwaxfrance.fr\/particulier\/product\/kit-depilation-maison-orchidee\/","og_site_name":"Italwax France Particulier","article_modified_time":"2026-03-08T09:36:50+00:00","og_image":[{"width":800,"height":800,"url":"http:\/\/italwaxfrance.fr\/particulier\/wp-content\/uploads\/sites\/12\/2025\/08\/photo_2025-08-04_14-34-42.webp","type":"image\/webp"}],"twitter_card":"summary_large_image","twitter_misc":{"Dur\u00e9e de lecture estim\u00e9e":"2 minutes"},"schema":{"@context":"https:\/\/schema.org","@graph":[{"@type":"WebPage","@id":"https:\/\/italwaxfrance.fr\/particulier\/product\/kit-depilation-maison-orchidee\/","url":"https:\/\/italwaxfrance.fr\/particulier\/product\/kit-depilation-maison-orchidee\/","name":"Kit d'\u00e9pilation maison - Italwax France Particulier","isPartOf":{"@id":"https:\/\/italwaxfrance.fr\/particulier\/#website"},"primaryImageOfPage":{"@id":"https:\/\/italwaxfrance.fr\/particulier\/product\/kit-depilation-maison-orchidee\/#primaryimage"},"image":{"@id":"https:\/\/italwaxfrance.fr\/particulier\/product\/kit-depilation-maison-orchidee\/#primaryimage"},"thumbnailUrl":"https:\/\/italwaxfrance.fr\/particulier\/wp-content\/uploads\/sites\/12\/2025\/08\/photo_2025-08-04_14-34-42.webp","datePublished":"2025-08-14T11:01:14+00:00","dateModified":"2026-03-08T09:36:50+00:00","description":"Kit d\u2019\u00e9pilation complet Italwax : cire chaude pelable, chauffe-cire, lotions, spatules et accessoires. R\u00e9sultat professionnel \u00e0 la maison.","breadcrumb":{"@id":"https:\/\/italwaxfrance.fr\/particulier\/product\/kit-depilation-maison-orchidee\/#breadcrumb"},"inLanguage":"fr-FR","potentialAction":[{"@type":"ReadAction","target":["https:\/\/italwaxfrance.fr\/particulier\/product\/kit-depilation-maison-orchidee\/"]}]},{"@type":"ImageObject","inLanguage":"fr-FR","@id":"https:\/\/italwaxfrance.fr\/particulier\/product\/kit-depilation-maison-orchidee\/#primaryimage","url":"https:\/\/italwaxfrance.fr\/particulier\/wp-content\/uploads\/sites\/12\/2025\/08\/photo_2025-08-04_14-34-42.webp","contentUrl":"https:\/\/italwaxfrance.fr\/particulier\/wp-content\/uploads\/sites\/12\/2025\/08\/photo_2025-08-04_14-34-42.webp","width":800,"height":800,"caption":"Kit d'\u00e9pilation maison - Orchid\u00e9e"},{"@type":"BreadcrumbList","@id":"https:\/\/italwaxfrance.fr\/particulier\/product\/kit-depilation-maison-orchidee\/#breadcrumb","itemListElement":[{"@type":"ListItem","position":1,"name":"Accueil","item":"https:\/\/italwaxfrance.fr\/particulier\/"},{"@type":"ListItem","position":2,"name":"Score","item":"https:\/\/italwaxfrance.fr\/particulier\/shop\/"},{"@type":"ListItem","position":3,"name":"Kit d&rsquo;\u00e9pilation maison"}]},{"@type":"WebSite","@id":"https:\/\/italwaxfrance.fr\/particulier\/#website","url":"https:\/\/italwaxfrance.fr\/particulier\/","name":"Italwax France Particulier","description":"Cosm\u00e9tiques professionnels","publisher":{"@id":"https:\/\/italwaxfrance.fr\/particulier\/#organization"},"potentialAction":[{"@type":"SearchAction","target":{"@type":"EntryPoint","urlTemplate":"https:\/\/italwaxfrance.fr\/particulier\/?s={search_term_string}"},"query-input":{"@type":"PropertyValueSpecification","valueRequired":true,"valueName":"search_term_string"}}],"inLanguage":"fr-FR"},{"@type":"Organization","@id":"https:\/\/italwaxfrance.fr\/particulier\/#organization","name":"Italwax France","url":"https:\/\/italwaxfrance.fr\/particulier\/","logo":{"@type":"ImageObject","inLanguage":"fr-FR","@id":"https:\/\/italwaxfrance.fr\/particulier\/#\/schema\/logo\/image\/","url":"https:\/\/italwaxfrance.fr\/particulier\/wp-content\/uploads\/sites\/12\/2022\/04\/logo.png","contentUrl":"https:\/\/italwaxfrance.fr\/particulier\/wp-content\/uploads\/sites\/12\/2022\/04\/logo.png","width":334,"height":158,"caption":"Italwax France"},"image":{"@id":"https:\/\/italwaxfrance.fr\/particulier\/#\/schema\/logo\/image\/"},"sameAs":["https:\/\/www.instagram.com\/italwaxfrance\/","https:\/\/www.youtube.com\/@ItalwaxMedia"]}]}},"_links":{"self":[{"href":"https:\/\/italwaxfrance.fr\/particulier\/wp-json\/wp\/v2\/product\/2004","targetHints":{"allow":["GET"]}}],"collection":[{"href":"https:\/\/italwaxfrance.fr\/particulier\/wp-json\/wp\/v2\/product"}],"about":[{"href":"https:\/\/italwaxfrance.fr\/particulier\/wp-json\/wp\/v2\/types\/product"}],"replies":[{"embeddable":true,"href":"https:\/\/italwaxfrance.fr\/particulier\/wp-json\/wp\/v2\/comments?post=2004"}],"wp:featuredmedia":[{"embeddable":true,"href":"https:\/\/italwaxfrance.fr\/particulier\/wp-json\/wp\/v2\/media\/2009"}],"wp:attachment":[{"href":"https:\/\/italwaxfrance.fr\/particulier\/wp-json\/wp\/v2\/media?parent=2004"}],"wp:term":[{"taxonomy":"product_brand","embeddable":true,"href":"https:\/\/italwaxfrance.fr\/particulier\/wp-json\/wp\/v2\/product_brand?post=2004"},{"taxonomy":"product_cat","embeddable":true,"href":"https:\/\/italwaxfrance.fr\/particulier\/wp-json\/wp\/v2\/product_cat?post=2004"},{"taxonomy":"product_tag","embeddable":true,"href":"https:\/\/italwaxfrance.fr\/particulier\/wp-json\/wp\/v2\/product_tag?post=2004"}],"curies":[{"name":"wp","href":"https:\/\/api.w.org\/{rel}","templated":true}]}}