{"id":1962,"date":"2025-07-08T17:05:05","date_gmt":"2025-07-08T14:05:05","guid":{"rendered":"https:\/\/italwaxfrance.fr\/particulier\/?post_type=product&#038;p=1962"},"modified":"2026-01-14T13:20:05","modified_gmt":"2026-01-14T10:20:05","slug":"italwax-solo-kit-depilation-avec-cartouche","status":"publish","type":"product","link":"https:\/\/italwaxfrance.fr\/particulier\/product\/italwax-solo-kit-depilation-avec-cartouche\/","title":{"rendered":"Italwax Solo \u2013 Kit Roll-On avec Cartouche"},"content":{"rendered":"<h2 data-start=\"0\" data-end=\"95\"><strong data-start=\"9\" data-end=\"95\">Kit d&rsquo;\u00e9pilation \u00e9lectrique Roll-On \u00e0 domicile<\/strong><\/h2>\n<p data-start=\"97\" data-end=\"372\">Le kit d&rsquo;\u00e9pilation <strong data-start=\"104\" data-end=\"120\">Italwax Solo<\/strong> avec cartouche est la solution id\u00e9ale pour une \u00e9pilation simple, rapide et efficace \u00e0 la maison, sp\u00e9cialement con\u00e7ue pour les bras et les jambes. Gr\u00e2ce \u00e0 son format roll-on pratique, il garantit une application propre et homog\u00e8ne de la cire, m\u00eame pour les d\u00e9butants.<\/p>\n<h3 data-start=\"374\" data-end=\"397\"><strong data-start=\"374\" data-end=\"395\">Le kit Italwax Solo contient :<\/strong><\/h3>\n<ul data-start=\"398\" data-end=\"557\">\n<li data-start=\"398\" data-end=\"429\">\n<p data-start=\"400\" data-end=\"429\">1 <a href=\"https:\/\/italwaxfrance.fr\/particulier\/product\/chauffe-cire-pas-cher-pour-cartocuhes-free\/\"><em><strong>chauffe-cartouche roll-on<\/strong><\/em><\/a><\/p>\n<\/li>\n<li data-start=\"430\" data-end=\"456\">\n<p data-start=\"432\" data-end=\"456\">1 c\u00e2ble d&rsquo;alimentation<\/p>\n<\/li>\n<li data-start=\"457\" data-end=\"487\">\n<p data-start=\"459\" data-end=\"487\">1 cartouche de cire 100 ml<\/p>\n<\/li>\n<li data-start=\"488\" data-end=\"514\">\n<p data-start=\"490\" data-end=\"514\">20 <a href=\"https:\/\/italwaxfrance.fr\/particulier\/product\/bandes-depilation-non-tissees\/\"><em><strong>bandes d\u00e9pilatoires<\/strong><\/em><\/a><\/p>\n<\/li>\n<li data-start=\"515\" data-end=\"557\">\n<p data-start=\"517\" data-end=\"557\">4 lingettes nettoyantes post-\u00e9pilation<\/p>\n<\/li>\n<\/ul>\n<p data-start=\"559\" data-end=\"682\">Une fois la cartouche termin\u00e9e, elle peut \u00eatre facilement remplac\u00e9e par n\u2019importe quelle <a href=\"https:\/\/italwaxfrance.fr\/particulier\/product-category\/italwax-cire-liposoluble-cartouches-et-pots-roll-on\/\"><em><strong>cartouche de la gamme Italwax<\/strong><\/em><\/a>.<\/p>\n<h3 data-start=\"684\" data-end=\"863\"><strong data-start=\"684\" data-end=\"706\">Les + du kit d&rsquo;\u00e9pilation avec cartouche:<\/strong><\/h3>\n<p data-start=\"684\" data-end=\"863\">\u2714 Id\u00e9al pour une utilisation \u00e0 domicile<br data-start=\"748\" data-end=\"751\" \/>\u2714 Application facile et propre<br data-start=\"781\" data-end=\"784\" \/>\u2714 R\u00e9sultat lisse et durable<br data-start=\"811\" data-end=\"814\" \/>\u2714 Compatible avec toutes les cartouches Italwax<\/p>\n","protected":false},"excerpt":{"rendered":"<p>Kit d&rsquo;\u00e9pilation \u00e9lectrique Roll-On \u00e0 domicile Le kit d&rsquo;\u00e9pilation Italwax Solo avec cartouche est la solution id\u00e9ale pour une \u00e9pilation simple, rapide et efficace \u00e0 la maison, sp\u00e9cialement con\u00e7ue pour les bras et les jambes. Gr\u00e2ce \u00e0 son format roll-on pratique, il garantit une application propre et homog\u00e8ne de la cire, m\u00eame pour les d\u00e9butants&#8230;. <a href=\"https:\/\/italwaxfrance.fr\/particulier\/product\/italwax-solo-kit-depilation-avec-cartouche\/\">Read More<\/a><\/p>\n","protected":false},"featured_media":1963,"comment_status":"open","ping_status":"closed","template":"","meta":[],"product_brand":[],"product_cat":[28,46],"product_tag":[],"class_list":{"0":"post-1962","1":"product","2":"type-product","3":"status-publish","4":"has-post-thumbnail","6":"product_cat-chauffes-cire","7":"product_cat-starter-kits-depilation","9":"first","10":"instock","11":"taxable","12":"shipping-taxable","13":"purchasable","14":"product-type-simple"},"yoast_head":"<!-- This site is optimized with the Yoast SEO Premium plugin v27.2 (Yoast SEO v27.3) - https:\/\/yoast.com\/product\/yoast-seo-premium-wordpress\/ -->\n<title>Italwax Solo \u2013 Kit Roll-On avec Cartouche - Italwax France Particulier<\/title>\n<meta name=\"description\" content=\"Italwax Solo, Kit d&#039;\u00e9pilation avec chauffe-cartouche, cire, bandes et lingettes. Parfait pour une \u00e9pilation efficace \u00e0 domicile.\" \/>\n<meta name=\"robots\" content=\"index, follow, max-snippet:-1, max-image-preview:large, max-video-preview:-1\" \/>\n<link rel=\"canonical\" href=\"https:\/\/italwaxfrance.fr\/particulier\/product\/italwax-solo-kit-depilation-avec-cartouche\/\" \/>\n<meta property=\"og:locale\" content=\"fr_FR\" \/>\n<meta property=\"og:type\" content=\"article\" \/>\n<meta property=\"og:title\" content=\"Italwax Solo \u2013 Kit Roll-On avec Cartouche\" \/>\n<meta property=\"og:description\" content=\"Italwax Solo, Kit d&#039;\u00e9pilation avec chauffe-cartouche, cire, bandes et lingettes. Parfait pour une \u00e9pilation efficace \u00e0 domicile.\" \/>\n<meta property=\"og:url\" content=\"https:\/\/italwaxfrance.fr\/particulier\/product\/italwax-solo-kit-depilation-avec-cartouche\/\" \/>\n<meta property=\"og:site_name\" content=\"Italwax France Particulier\" \/>\n<meta property=\"article:modified_time\" content=\"2026-01-14T10:20:05+00:00\" \/>\n<meta property=\"og:image\" content=\"http:\/\/italwaxfrance.fr\/particulier\/wp-content\/uploads\/sites\/12\/2025\/07\/solo_kit_cart.webp\" \/>\n\t<meta property=\"og:image:width\" content=\"1180\" \/>\n\t<meta property=\"og:image:height\" content=\"600\" \/>\n\t<meta property=\"og:image:type\" content=\"image\/webp\" \/>\n<meta name=\"twitter:card\" content=\"summary_large_image\" \/>\n<meta name=\"twitter:label1\" content=\"Dur\u00e9e de lecture estim\u00e9e\" \/>\n\t<meta name=\"twitter:data1\" content=\"1 minute\" \/>\n<script type=\"application\/ld+json\" class=\"yoast-schema-graph\">{\"@context\":\"https:\\\/\\\/schema.org\",\"@graph\":[{\"@type\":\"WebPage\",\"@id\":\"https:\\\/\\\/italwaxfrance.fr\\\/particulier\\\/product\\\/italwax-solo-kit-depilation-avec-cartouche\\\/\",\"url\":\"https:\\\/\\\/italwaxfrance.fr\\\/particulier\\\/product\\\/italwax-solo-kit-depilation-avec-cartouche\\\/\",\"name\":\"Italwax Solo \u2013 Kit Roll-On avec Cartouche - Italwax France Particulier\",\"isPartOf\":{\"@id\":\"https:\\\/\\\/italwaxfrance.fr\\\/particulier\\\/#website\"},\"primaryImageOfPage\":{\"@id\":\"https:\\\/\\\/italwaxfrance.fr\\\/particulier\\\/product\\\/italwax-solo-kit-depilation-avec-cartouche\\\/#primaryimage\"},\"image\":{\"@id\":\"https:\\\/\\\/italwaxfrance.fr\\\/particulier\\\/product\\\/italwax-solo-kit-depilation-avec-cartouche\\\/#primaryimage\"},\"thumbnailUrl\":\"https:\\\/\\\/italwaxfrance.fr\\\/particulier\\\/wp-content\\\/uploads\\\/sites\\\/12\\\/2025\\\/07\\\/solo_kit_cart.webp\",\"datePublished\":\"2025-07-08T14:05:05+00:00\",\"dateModified\":\"2026-01-14T10:20:05+00:00\",\"description\":\"Italwax Solo, Kit d'\u00e9pilation avec chauffe-cartouche, cire, bandes et lingettes. Parfait pour une \u00e9pilation efficace \u00e0 domicile.\",\"breadcrumb\":{\"@id\":\"https:\\\/\\\/italwaxfrance.fr\\\/particulier\\\/product\\\/italwax-solo-kit-depilation-avec-cartouche\\\/#breadcrumb\"},\"inLanguage\":\"fr-FR\",\"potentialAction\":[{\"@type\":\"ReadAction\",\"target\":[\"https:\\\/\\\/italwaxfrance.fr\\\/particulier\\\/product\\\/italwax-solo-kit-depilation-avec-cartouche\\\/\"]}]},{\"@type\":\"ImageObject\",\"inLanguage\":\"fr-FR\",\"@id\":\"https:\\\/\\\/italwaxfrance.fr\\\/particulier\\\/product\\\/italwax-solo-kit-depilation-avec-cartouche\\\/#primaryimage\",\"url\":\"https:\\\/\\\/italwaxfrance.fr\\\/particulier\\\/wp-content\\\/uploads\\\/sites\\\/12\\\/2025\\\/07\\\/solo_kit_cart.webp\",\"contentUrl\":\"https:\\\/\\\/italwaxfrance.fr\\\/particulier\\\/wp-content\\\/uploads\\\/sites\\\/12\\\/2025\\\/07\\\/solo_kit_cart.webp\",\"width\":1180,\"height\":600,\"caption\":\"Kit d'\u00e9pilation avec cartouche\"},{\"@type\":\"BreadcrumbList\",\"@id\":\"https:\\\/\\\/italwaxfrance.fr\\\/particulier\\\/product\\\/italwax-solo-kit-depilation-avec-cartouche\\\/#breadcrumb\",\"itemListElement\":[{\"@type\":\"ListItem\",\"position\":1,\"name\":\"Accueil\",\"item\":\"https:\\\/\\\/italwaxfrance.fr\\\/particulier\\\/\"},{\"@type\":\"ListItem\",\"position\":2,\"name\":\"Score\",\"item\":\"https:\\\/\\\/italwaxfrance.fr\\\/particulier\\\/shop\\\/\"},{\"@type\":\"ListItem\",\"position\":3,\"name\":\"Italwax Solo \u2013 Kit Roll-On avec Cartouche\"}]},{\"@type\":\"WebSite\",\"@id\":\"https:\\\/\\\/italwaxfrance.fr\\\/particulier\\\/#website\",\"url\":\"https:\\\/\\\/italwaxfrance.fr\\\/particulier\\\/\",\"name\":\"Italwax France Particulier\",\"description\":\"Cosm\u00e9tiques professionnels\",\"publisher\":{\"@id\":\"https:\\\/\\\/italwaxfrance.fr\\\/particulier\\\/#organization\"},\"potentialAction\":[{\"@type\":\"SearchAction\",\"target\":{\"@type\":\"EntryPoint\",\"urlTemplate\":\"https:\\\/\\\/italwaxfrance.fr\\\/particulier\\\/?s={search_term_string}\"},\"query-input\":{\"@type\":\"PropertyValueSpecification\",\"valueRequired\":true,\"valueName\":\"search_term_string\"}}],\"inLanguage\":\"fr-FR\"},{\"@type\":\"Organization\",\"@id\":\"https:\\\/\\\/italwaxfrance.fr\\\/particulier\\\/#organization\",\"name\":\"Italwax France\",\"url\":\"https:\\\/\\\/italwaxfrance.fr\\\/particulier\\\/\",\"logo\":{\"@type\":\"ImageObject\",\"inLanguage\":\"fr-FR\",\"@id\":\"https:\\\/\\\/italwaxfrance.fr\\\/particulier\\\/#\\\/schema\\\/logo\\\/image\\\/\",\"url\":\"https:\\\/\\\/italwaxfrance.fr\\\/particulier\\\/wp-content\\\/uploads\\\/sites\\\/12\\\/2022\\\/04\\\/logo.png\",\"contentUrl\":\"https:\\\/\\\/italwaxfrance.fr\\\/particulier\\\/wp-content\\\/uploads\\\/sites\\\/12\\\/2022\\\/04\\\/logo.png\",\"width\":334,\"height\":158,\"caption\":\"Italwax France\"},\"image\":{\"@id\":\"https:\\\/\\\/italwaxfrance.fr\\\/particulier\\\/#\\\/schema\\\/logo\\\/image\\\/\"},\"sameAs\":[\"https:\\\/\\\/www.instagram.com\\\/italwaxfrance\\\/\",\"https:\\\/\\\/www.youtube.com\\\/@ItalwaxMedia\"]}]}<\/script>\n<!-- \/ Yoast SEO Premium plugin. -->","yoast_head_json":{"title":"Italwax Solo \u2013 Kit Roll-On avec Cartouche - Italwax France Particulier","description":"Italwax Solo, Kit d'\u00e9pilation avec chauffe-cartouche, cire, bandes et lingettes. Parfait pour une \u00e9pilation efficace \u00e0 domicile.","robots":{"index":"index","follow":"follow","max-snippet":"max-snippet:-1","max-image-preview":"max-image-preview:large","max-video-preview":"max-video-preview:-1"},"canonical":"https:\/\/italwaxfrance.fr\/particulier\/product\/italwax-solo-kit-depilation-avec-cartouche\/","og_locale":"fr_FR","og_type":"article","og_title":"Italwax Solo \u2013 Kit Roll-On avec Cartouche","og_description":"Italwax Solo, Kit d'\u00e9pilation avec chauffe-cartouche, cire, bandes et lingettes. Parfait pour une \u00e9pilation efficace \u00e0 domicile.","og_url":"https:\/\/italwaxfrance.fr\/particulier\/product\/italwax-solo-kit-depilation-avec-cartouche\/","og_site_name":"Italwax France Particulier","article_modified_time":"2026-01-14T10:20:05+00:00","og_image":[{"width":1180,"height":600,"url":"http:\/\/italwaxfrance.fr\/particulier\/wp-content\/uploads\/sites\/12\/2025\/07\/solo_kit_cart.webp","type":"image\/webp"}],"twitter_card":"summary_large_image","twitter_misc":{"Dur\u00e9e de lecture estim\u00e9e":"1 minute"},"schema":{"@context":"https:\/\/schema.org","@graph":[{"@type":"WebPage","@id":"https:\/\/italwaxfrance.fr\/particulier\/product\/italwax-solo-kit-depilation-avec-cartouche\/","url":"https:\/\/italwaxfrance.fr\/particulier\/product\/italwax-solo-kit-depilation-avec-cartouche\/","name":"Italwax Solo \u2013 Kit Roll-On avec Cartouche - Italwax France Particulier","isPartOf":{"@id":"https:\/\/italwaxfrance.fr\/particulier\/#website"},"primaryImageOfPage":{"@id":"https:\/\/italwaxfrance.fr\/particulier\/product\/italwax-solo-kit-depilation-avec-cartouche\/#primaryimage"},"image":{"@id":"https:\/\/italwaxfrance.fr\/particulier\/product\/italwax-solo-kit-depilation-avec-cartouche\/#primaryimage"},"thumbnailUrl":"https:\/\/italwaxfrance.fr\/particulier\/wp-content\/uploads\/sites\/12\/2025\/07\/solo_kit_cart.webp","datePublished":"2025-07-08T14:05:05+00:00","dateModified":"2026-01-14T10:20:05+00:00","description":"Italwax Solo, Kit d'\u00e9pilation avec chauffe-cartouche, cire, bandes et lingettes. Parfait pour une \u00e9pilation efficace \u00e0 domicile.","breadcrumb":{"@id":"https:\/\/italwaxfrance.fr\/particulier\/product\/italwax-solo-kit-depilation-avec-cartouche\/#breadcrumb"},"inLanguage":"fr-FR","potentialAction":[{"@type":"ReadAction","target":["https:\/\/italwaxfrance.fr\/particulier\/product\/italwax-solo-kit-depilation-avec-cartouche\/"]}]},{"@type":"ImageObject","inLanguage":"fr-FR","@id":"https:\/\/italwaxfrance.fr\/particulier\/product\/italwax-solo-kit-depilation-avec-cartouche\/#primaryimage","url":"https:\/\/italwaxfrance.fr\/particulier\/wp-content\/uploads\/sites\/12\/2025\/07\/solo_kit_cart.webp","contentUrl":"https:\/\/italwaxfrance.fr\/particulier\/wp-content\/uploads\/sites\/12\/2025\/07\/solo_kit_cart.webp","width":1180,"height":600,"caption":"Kit d'\u00e9pilation avec cartouche"},{"@type":"BreadcrumbList","@id":"https:\/\/italwaxfrance.fr\/particulier\/product\/italwax-solo-kit-depilation-avec-cartouche\/#breadcrumb","itemListElement":[{"@type":"ListItem","position":1,"name":"Accueil","item":"https:\/\/italwaxfrance.fr\/particulier\/"},{"@type":"ListItem","position":2,"name":"Score","item":"https:\/\/italwaxfrance.fr\/particulier\/shop\/"},{"@type":"ListItem","position":3,"name":"Italwax Solo \u2013 Kit Roll-On avec Cartouche"}]},{"@type":"WebSite","@id":"https:\/\/italwaxfrance.fr\/particulier\/#website","url":"https:\/\/italwaxfrance.fr\/particulier\/","name":"Italwax France Particulier","description":"Cosm\u00e9tiques professionnels","publisher":{"@id":"https:\/\/italwaxfrance.fr\/particulier\/#organization"},"potentialAction":[{"@type":"SearchAction","target":{"@type":"EntryPoint","urlTemplate":"https:\/\/italwaxfrance.fr\/particulier\/?s={search_term_string}"},"query-input":{"@type":"PropertyValueSpecification","valueRequired":true,"valueName":"search_term_string"}}],"inLanguage":"fr-FR"},{"@type":"Organization","@id":"https:\/\/italwaxfrance.fr\/particulier\/#organization","name":"Italwax France","url":"https:\/\/italwaxfrance.fr\/particulier\/","logo":{"@type":"ImageObject","inLanguage":"fr-FR","@id":"https:\/\/italwaxfrance.fr\/particulier\/#\/schema\/logo\/image\/","url":"https:\/\/italwaxfrance.fr\/particulier\/wp-content\/uploads\/sites\/12\/2022\/04\/logo.png","contentUrl":"https:\/\/italwaxfrance.fr\/particulier\/wp-content\/uploads\/sites\/12\/2022\/04\/logo.png","width":334,"height":158,"caption":"Italwax France"},"image":{"@id":"https:\/\/italwaxfrance.fr\/particulier\/#\/schema\/logo\/image\/"},"sameAs":["https:\/\/www.instagram.com\/italwaxfrance\/","https:\/\/www.youtube.com\/@ItalwaxMedia"]}]}},"_links":{"self":[{"href":"https:\/\/italwaxfrance.fr\/particulier\/wp-json\/wp\/v2\/product\/1962","targetHints":{"allow":["GET"]}}],"collection":[{"href":"https:\/\/italwaxfrance.fr\/particulier\/wp-json\/wp\/v2\/product"}],"about":[{"href":"https:\/\/italwaxfrance.fr\/particulier\/wp-json\/wp\/v2\/types\/product"}],"replies":[{"embeddable":true,"href":"https:\/\/italwaxfrance.fr\/particulier\/wp-json\/wp\/v2\/comments?post=1962"}],"wp:featuredmedia":[{"embeddable":true,"href":"https:\/\/italwaxfrance.fr\/particulier\/wp-json\/wp\/v2\/media\/1963"}],"wp:attachment":[{"href":"https:\/\/italwaxfrance.fr\/particulier\/wp-json\/wp\/v2\/media?parent=1962"}],"wp:term":[{"taxonomy":"product_brand","embeddable":true,"href":"https:\/\/italwaxfrance.fr\/particulier\/wp-json\/wp\/v2\/product_brand?post=1962"},{"taxonomy":"product_cat","embeddable":true,"href":"https:\/\/italwaxfrance.fr\/particulier\/wp-json\/wp\/v2\/product_cat?post=1962"},{"taxonomy":"product_tag","embeddable":true,"href":"https:\/\/italwaxfrance.fr\/particulier\/wp-json\/wp\/v2\/product_tag?post=1962"}],"curies":[{"name":"wp","href":"https:\/\/api.w.org\/{rel}","templated":true}]}}