{"id":1862,"date":"2025-06-11T14:31:19","date_gmt":"2025-06-11T11:31:19","guid":{"rendered":"https:\/\/italwaxfrance.fr\/particulier\/?post_type=product&#038;p=1862"},"modified":"2025-10-17T10:56:09","modified_gmt":"2025-10-17T07:56:09","slug":"masque-post-epilation-selfie","status":"publish","type":"product","link":"https:\/\/italwaxfrance.fr\/particulier\/product\/masque-post-epilation-selfie\/","title":{"rendered":"Selfie Masque Post Epilation Visage"},"content":{"rendered":"<div class=\"woocommerce-product-details__short-description\">\n<div class=\"woocommerce-product-details__short-description\">\n<div class=\"woocommerce-product-details__short-description\">\n<div class=\"woocommerce-product-details__short-description\">\n<div class=\"woocommerce-product-details__short-description\">\n<h2 data-start=\"214\" data-end=\"300\"><strong data-start=\"218\" data-end=\"300\">Masque Post-\u00c9pilation Selfie \u2014 Votre geste douceur apr\u00e8s l\u2019\u00e9pilation du visage<\/strong><\/h2>\n<p data-start=\"302\" data-end=\"568\">Rougeurs, picotements, tiraillements\u2026 Apr\u00e8s l\u2019\u00e9pilation du visage, votre peau m\u00e9rite une attention toute particuli\u00e8re. Le masque post \u00e9pilation Selfie a \u00e9t\u00e9 con\u00e7u pour apaiser instantan\u00e9ment les zones sensibles comme les sourcils, la l\u00e8vre sup\u00e9rieure, les joues ou le menton.<\/p>\n<p data-start=\"302\" data-end=\"568\">Il est id\u00e9al \u00e0 utiliser apr\u00e8s l\u2019\u00e9pilation avec la <em><strong><a href=\"https:\/\/italwaxfrance.fr\/particulier\/product\/selfie-cire-epilation-visage\/\">cire Selfie<\/a><\/strong><\/em>, pour compl\u00e9ter votre routine beaut\u00e9 avec un duo parfaitement pens\u00e9 pour les peaux d\u00e9licates.<\/p>\n<p data-start=\"570\" data-end=\"862\">Sa texture cr\u00e8me l\u00e9g\u00e8re fond sur la peau, sans fini gras, pour un effet calmant imm\u00e9diat. Enrichi en actifs apaisants, hydratants et anti-inflammatoires, ce soin cocooning r\u00e9duit visiblement les rougeurs, limite les petites irritations et aide la peau \u00e0 retrouver confort, souplesse et \u00e9clat.<\/p>\n<p data-start=\"864\" data-end=\"1119\">Il est facile \u00e0 utiliser. Il s\u2019applique en fine couche comme une cr\u00e8me apaisante ou en masque express plus g\u00e9n\u00e9reux, selon vos besoins. Pas besoin de rincer! La peau absorbe ce qu\u2019elle aime, et vous \u00eates pr\u00eate \u00e0 reprendre votre journ\u00e9e\u2026 ou \u00e0 prendre un selfie !<\/p>\n<p data-start=\"1121\" data-end=\"1348\">Id\u00e9al apr\u00e8s une s\u00e9ance d\u2019\u00e9pilation \u00e0 la cire ou au fil, le Masque Selfie devient rapidement un indispensable de votre routine beaut\u00e9. Il agit comme un v\u00e9ritable \u00ab\u00a0pansement de douceur\u00a0\u00bb, tout en laissant un fini net et lumineux.<\/p>\n<p data-start=\"1350\" data-end=\"1576\">Adoptez-le pour prolonger l\u2019effet \u00ab soin en institut \u00bb \u00e0 la maison. Il convient \u00e0 tous les types de peau, m\u00eame les plus d\u00e9licates. R\u00e9sultat : une peau calm\u00e9e, hydrat\u00e9e, visiblement plus belle \u2014 et pr\u00eate \u00e0 briller, sans filtre.<\/p>\n<\/div>\n<form class=\"cart\" action=\"https:\/\/italwaxfrance.fr\/produits-post-epilation\/italwax-selfie-masque-apres-epilation-brows-visage\/\" enctype=\"multipart\/form-data\" method=\"post\">\n<div class=\"qib-container\"><\/div>\n<\/form>\n<\/div>\n<\/div>\n<\/div>\n<\/div>\n","protected":false},"excerpt":{"rendered":"<p>Masque Post-\u00c9pilation Selfie \u2014 Votre geste douceur apr\u00e8s l\u2019\u00e9pilation du visage Rougeurs, picotements, tiraillements\u2026 Apr\u00e8s l\u2019\u00e9pilation du visage, votre peau m\u00e9rite une attention toute particuli\u00e8re. Le masque post \u00e9pilation Selfie a \u00e9t\u00e9 con\u00e7u pour apaiser instantan\u00e9ment les zones sensibles comme les sourcils, la l\u00e8vre sup\u00e9rieure, les joues ou le menton. Il est id\u00e9al \u00e0 utiliser&#8230; <a href=\"https:\/\/italwaxfrance.fr\/particulier\/product\/masque-post-epilation-selfie\/\">Read More<\/a><\/p>\n","protected":false},"featured_media":1863,"comment_status":"open","ping_status":"closed","template":"","meta":[],"product_brand":[],"product_cat":[17],"product_tag":[],"class_list":{"0":"post-1862","1":"product","2":"type-product","3":"status-publish","4":"has-post-thumbnail","6":"product_cat-produits-post-epilation","8":"first","9":"instock","10":"taxable","11":"shipping-taxable","12":"purchasable","13":"product-type-simple"},"yoast_head":"<!-- This site is optimized with the Yoast SEO Premium plugin v27.2 (Yoast SEO v27.5) - https:\/\/yoast.com\/product\/yoast-seo-premium-wordpress\/ -->\n<title>Selfie Masque Post Epilation Visage - Italwax France Particulier<\/title>\n<meta name=\"description\" content=\"Masque post-\u00e9pilation Selfie visage apaisant et hydratant. Calme rougeurs et irritations, sans rin\u00e7age. Pour une peau douce, lumineuse et pr\u00eate \u00e0 briller !\" \/>\n<meta name=\"robots\" content=\"index, follow, max-snippet:-1, max-image-preview:large, max-video-preview:-1\" \/>\n<link rel=\"canonical\" href=\"https:\/\/italwaxfrance.fr\/particulier\/product\/masque-post-epilation-selfie\/\" \/>\n<meta property=\"og:locale\" content=\"fr_FR\" \/>\n<meta property=\"og:type\" content=\"article\" \/>\n<meta property=\"og:title\" content=\"Selfie Masque Post Epilation Visage\" \/>\n<meta property=\"og:description\" content=\"Masque post-\u00e9pilation Selfie visage apaisant et hydratant. Calme rougeurs et irritations, sans rin\u00e7age. Pour une peau douce, lumineuse et pr\u00eate \u00e0 briller !\" \/>\n<meta property=\"og:url\" content=\"https:\/\/italwaxfrance.fr\/particulier\/product\/masque-post-epilation-selfie\/\" \/>\n<meta property=\"og:site_name\" content=\"Italwax France Particulier\" \/>\n<meta property=\"article:modified_time\" content=\"2025-10-17T07:56:09+00:00\" \/>\n<meta property=\"og:image\" content=\"http:\/\/italwaxfrance.fr\/particulier\/wp-content\/uploads\/sites\/12\/2025\/06\/italwax-selfie-after-wax-mask-800x800-1.webp\" \/>\n\t<meta property=\"og:image:width\" content=\"800\" \/>\n\t<meta property=\"og:image:height\" content=\"800\" \/>\n\t<meta property=\"og:image:type\" content=\"image\/webp\" \/>\n<meta name=\"twitter:card\" content=\"summary_large_image\" \/>\n<meta name=\"twitter:label1\" content=\"Dur\u00e9e de lecture estim\u00e9e\" \/>\n\t<meta name=\"twitter:data1\" content=\"2 minutes\" \/>\n<script type=\"application\/ld+json\" class=\"yoast-schema-graph\">{\"@context\":\"https:\\\/\\\/schema.org\",\"@graph\":[{\"@type\":\"WebPage\",\"@id\":\"https:\\\/\\\/italwaxfrance.fr\\\/particulier\\\/product\\\/masque-post-epilation-selfie\\\/\",\"url\":\"https:\\\/\\\/italwaxfrance.fr\\\/particulier\\\/product\\\/masque-post-epilation-selfie\\\/\",\"name\":\"Selfie Masque Post Epilation Visage - Italwax France Particulier\",\"isPartOf\":{\"@id\":\"https:\\\/\\\/italwaxfrance.fr\\\/particulier\\\/#website\"},\"primaryImageOfPage\":{\"@id\":\"https:\\\/\\\/italwaxfrance.fr\\\/particulier\\\/product\\\/masque-post-epilation-selfie\\\/#primaryimage\"},\"image\":{\"@id\":\"https:\\\/\\\/italwaxfrance.fr\\\/particulier\\\/product\\\/masque-post-epilation-selfie\\\/#primaryimage\"},\"thumbnailUrl\":\"https:\\\/\\\/italwaxfrance.fr\\\/particulier\\\/wp-content\\\/uploads\\\/sites\\\/12\\\/2025\\\/06\\\/italwax-selfie-after-wax-mask-800x800-1.webp\",\"datePublished\":\"2025-06-11T11:31:19+00:00\",\"dateModified\":\"2025-10-17T07:56:09+00:00\",\"description\":\"Masque post-\u00e9pilation Selfie visage apaisant et hydratant. Calme rougeurs et irritations, sans rin\u00e7age. Pour une peau douce, lumineuse et pr\u00eate \u00e0 briller !\",\"breadcrumb\":{\"@id\":\"https:\\\/\\\/italwaxfrance.fr\\\/particulier\\\/product\\\/masque-post-epilation-selfie\\\/#breadcrumb\"},\"inLanguage\":\"fr-FR\",\"potentialAction\":[{\"@type\":\"ReadAction\",\"target\":[\"https:\\\/\\\/italwaxfrance.fr\\\/particulier\\\/product\\\/masque-post-epilation-selfie\\\/\"]}]},{\"@type\":\"ImageObject\",\"inLanguage\":\"fr-FR\",\"@id\":\"https:\\\/\\\/italwaxfrance.fr\\\/particulier\\\/product\\\/masque-post-epilation-selfie\\\/#primaryimage\",\"url\":\"https:\\\/\\\/italwaxfrance.fr\\\/particulier\\\/wp-content\\\/uploads\\\/sites\\\/12\\\/2025\\\/06\\\/italwax-selfie-after-wax-mask-800x800-1.webp\",\"contentUrl\":\"https:\\\/\\\/italwaxfrance.fr\\\/particulier\\\/wp-content\\\/uploads\\\/sites\\\/12\\\/2025\\\/06\\\/italwax-selfie-after-wax-mask-800x800-1.webp\",\"width\":800,\"height\":800,\"caption\":\"Masque Post-\u00c9pilation Selfie\"},{\"@type\":\"BreadcrumbList\",\"@id\":\"https:\\\/\\\/italwaxfrance.fr\\\/particulier\\\/product\\\/masque-post-epilation-selfie\\\/#breadcrumb\",\"itemListElement\":[{\"@type\":\"ListItem\",\"position\":1,\"name\":\"Accueil\",\"item\":\"https:\\\/\\\/italwaxfrance.fr\\\/particulier\\\/\"},{\"@type\":\"ListItem\",\"position\":2,\"name\":\"Score\",\"item\":\"https:\\\/\\\/italwaxfrance.fr\\\/particulier\\\/shop\\\/\"},{\"@type\":\"ListItem\",\"position\":3,\"name\":\"Selfie Masque Post Epilation Visage\"}]},{\"@type\":\"WebSite\",\"@id\":\"https:\\\/\\\/italwaxfrance.fr\\\/particulier\\\/#website\",\"url\":\"https:\\\/\\\/italwaxfrance.fr\\\/particulier\\\/\",\"name\":\"Italwax France Particulier\",\"description\":\"Cosm\u00e9tiques professionnels\",\"publisher\":{\"@id\":\"https:\\\/\\\/italwaxfrance.fr\\\/particulier\\\/#organization\"},\"potentialAction\":[{\"@type\":\"SearchAction\",\"target\":{\"@type\":\"EntryPoint\",\"urlTemplate\":\"https:\\\/\\\/italwaxfrance.fr\\\/particulier\\\/?s={search_term_string}\"},\"query-input\":{\"@type\":\"PropertyValueSpecification\",\"valueRequired\":true,\"valueName\":\"search_term_string\"}}],\"inLanguage\":\"fr-FR\"},{\"@type\":\"Organization\",\"@id\":\"https:\\\/\\\/italwaxfrance.fr\\\/particulier\\\/#organization\",\"name\":\"Italwax France\",\"url\":\"https:\\\/\\\/italwaxfrance.fr\\\/particulier\\\/\",\"logo\":{\"@type\":\"ImageObject\",\"inLanguage\":\"fr-FR\",\"@id\":\"https:\\\/\\\/italwaxfrance.fr\\\/particulier\\\/#\\\/schema\\\/logo\\\/image\\\/\",\"url\":\"https:\\\/\\\/italwaxfrance.fr\\\/particulier\\\/wp-content\\\/uploads\\\/sites\\\/12\\\/2022\\\/04\\\/logo.png\",\"contentUrl\":\"https:\\\/\\\/italwaxfrance.fr\\\/particulier\\\/wp-content\\\/uploads\\\/sites\\\/12\\\/2022\\\/04\\\/logo.png\",\"width\":334,\"height\":158,\"caption\":\"Italwax France\"},\"image\":{\"@id\":\"https:\\\/\\\/italwaxfrance.fr\\\/particulier\\\/#\\\/schema\\\/logo\\\/image\\\/\"},\"sameAs\":[\"https:\\\/\\\/www.instagram.com\\\/italwaxfrance\\\/\",\"https:\\\/\\\/www.youtube.com\\\/@ItalwaxMedia\"]}]}<\/script>\n<!-- \/ Yoast SEO Premium plugin. -->","yoast_head_json":{"title":"Selfie Masque Post Epilation Visage - Italwax France Particulier","description":"Masque post-\u00e9pilation Selfie visage apaisant et hydratant. Calme rougeurs et irritations, sans rin\u00e7age. Pour une peau douce, lumineuse et pr\u00eate \u00e0 briller !","robots":{"index":"index","follow":"follow","max-snippet":"max-snippet:-1","max-image-preview":"max-image-preview:large","max-video-preview":"max-video-preview:-1"},"canonical":"https:\/\/italwaxfrance.fr\/particulier\/product\/masque-post-epilation-selfie\/","og_locale":"fr_FR","og_type":"article","og_title":"Selfie Masque Post Epilation Visage","og_description":"Masque post-\u00e9pilation Selfie visage apaisant et hydratant. Calme rougeurs et irritations, sans rin\u00e7age. Pour une peau douce, lumineuse et pr\u00eate \u00e0 briller !","og_url":"https:\/\/italwaxfrance.fr\/particulier\/product\/masque-post-epilation-selfie\/","og_site_name":"Italwax France Particulier","article_modified_time":"2025-10-17T07:56:09+00:00","og_image":[{"width":800,"height":800,"url":"http:\/\/italwaxfrance.fr\/particulier\/wp-content\/uploads\/sites\/12\/2025\/06\/italwax-selfie-after-wax-mask-800x800-1.webp","type":"image\/webp"}],"twitter_card":"summary_large_image","twitter_misc":{"Dur\u00e9e de lecture estim\u00e9e":"2 minutes"},"schema":{"@context":"https:\/\/schema.org","@graph":[{"@type":"WebPage","@id":"https:\/\/italwaxfrance.fr\/particulier\/product\/masque-post-epilation-selfie\/","url":"https:\/\/italwaxfrance.fr\/particulier\/product\/masque-post-epilation-selfie\/","name":"Selfie Masque Post Epilation Visage - Italwax France Particulier","isPartOf":{"@id":"https:\/\/italwaxfrance.fr\/particulier\/#website"},"primaryImageOfPage":{"@id":"https:\/\/italwaxfrance.fr\/particulier\/product\/masque-post-epilation-selfie\/#primaryimage"},"image":{"@id":"https:\/\/italwaxfrance.fr\/particulier\/product\/masque-post-epilation-selfie\/#primaryimage"},"thumbnailUrl":"https:\/\/italwaxfrance.fr\/particulier\/wp-content\/uploads\/sites\/12\/2025\/06\/italwax-selfie-after-wax-mask-800x800-1.webp","datePublished":"2025-06-11T11:31:19+00:00","dateModified":"2025-10-17T07:56:09+00:00","description":"Masque post-\u00e9pilation Selfie visage apaisant et hydratant. Calme rougeurs et irritations, sans rin\u00e7age. Pour une peau douce, lumineuse et pr\u00eate \u00e0 briller !","breadcrumb":{"@id":"https:\/\/italwaxfrance.fr\/particulier\/product\/masque-post-epilation-selfie\/#breadcrumb"},"inLanguage":"fr-FR","potentialAction":[{"@type":"ReadAction","target":["https:\/\/italwaxfrance.fr\/particulier\/product\/masque-post-epilation-selfie\/"]}]},{"@type":"ImageObject","inLanguage":"fr-FR","@id":"https:\/\/italwaxfrance.fr\/particulier\/product\/masque-post-epilation-selfie\/#primaryimage","url":"https:\/\/italwaxfrance.fr\/particulier\/wp-content\/uploads\/sites\/12\/2025\/06\/italwax-selfie-after-wax-mask-800x800-1.webp","contentUrl":"https:\/\/italwaxfrance.fr\/particulier\/wp-content\/uploads\/sites\/12\/2025\/06\/italwax-selfie-after-wax-mask-800x800-1.webp","width":800,"height":800,"caption":"Masque Post-\u00c9pilation Selfie"},{"@type":"BreadcrumbList","@id":"https:\/\/italwaxfrance.fr\/particulier\/product\/masque-post-epilation-selfie\/#breadcrumb","itemListElement":[{"@type":"ListItem","position":1,"name":"Accueil","item":"https:\/\/italwaxfrance.fr\/particulier\/"},{"@type":"ListItem","position":2,"name":"Score","item":"https:\/\/italwaxfrance.fr\/particulier\/shop\/"},{"@type":"ListItem","position":3,"name":"Selfie Masque Post Epilation Visage"}]},{"@type":"WebSite","@id":"https:\/\/italwaxfrance.fr\/particulier\/#website","url":"https:\/\/italwaxfrance.fr\/particulier\/","name":"Italwax France Particulier","description":"Cosm\u00e9tiques professionnels","publisher":{"@id":"https:\/\/italwaxfrance.fr\/particulier\/#organization"},"potentialAction":[{"@type":"SearchAction","target":{"@type":"EntryPoint","urlTemplate":"https:\/\/italwaxfrance.fr\/particulier\/?s={search_term_string}"},"query-input":{"@type":"PropertyValueSpecification","valueRequired":true,"valueName":"search_term_string"}}],"inLanguage":"fr-FR"},{"@type":"Organization","@id":"https:\/\/italwaxfrance.fr\/particulier\/#organization","name":"Italwax France","url":"https:\/\/italwaxfrance.fr\/particulier\/","logo":{"@type":"ImageObject","inLanguage":"fr-FR","@id":"https:\/\/italwaxfrance.fr\/particulier\/#\/schema\/logo\/image\/","url":"https:\/\/italwaxfrance.fr\/particulier\/wp-content\/uploads\/sites\/12\/2022\/04\/logo.png","contentUrl":"https:\/\/italwaxfrance.fr\/particulier\/wp-content\/uploads\/sites\/12\/2022\/04\/logo.png","width":334,"height":158,"caption":"Italwax France"},"image":{"@id":"https:\/\/italwaxfrance.fr\/particulier\/#\/schema\/logo\/image\/"},"sameAs":["https:\/\/www.instagram.com\/italwaxfrance\/","https:\/\/www.youtube.com\/@ItalwaxMedia"]}]}},"_links":{"self":[{"href":"https:\/\/italwaxfrance.fr\/particulier\/wp-json\/wp\/v2\/product\/1862","targetHints":{"allow":["GET"]}}],"collection":[{"href":"https:\/\/italwaxfrance.fr\/particulier\/wp-json\/wp\/v2\/product"}],"about":[{"href":"https:\/\/italwaxfrance.fr\/particulier\/wp-json\/wp\/v2\/types\/product"}],"replies":[{"embeddable":true,"href":"https:\/\/italwaxfrance.fr\/particulier\/wp-json\/wp\/v2\/comments?post=1862"}],"wp:featuredmedia":[{"embeddable":true,"href":"https:\/\/italwaxfrance.fr\/particulier\/wp-json\/wp\/v2\/media\/1863"}],"wp:attachment":[{"href":"https:\/\/italwaxfrance.fr\/particulier\/wp-json\/wp\/v2\/media?parent=1862"}],"wp:term":[{"taxonomy":"product_brand","embeddable":true,"href":"https:\/\/italwaxfrance.fr\/particulier\/wp-json\/wp\/v2\/product_brand?post=1862"},{"taxonomy":"product_cat","embeddable":true,"href":"https:\/\/italwaxfrance.fr\/particulier\/wp-json\/wp\/v2\/product_cat?post=1862"},{"taxonomy":"product_tag","embeddable":true,"href":"https:\/\/italwaxfrance.fr\/particulier\/wp-json\/wp\/v2\/product_tag?post=1862"}],"curies":[{"name":"wp","href":"https:\/\/api.w.org\/{rel}","templated":true}]}}