{"id":172,"date":"2022-03-29T17:23:00","date_gmt":"2022-03-29T14:23:00","guid":{"rendered":"https:\/\/www.italwaxfrance.fr\/particulier\/?post_type=product&#038;p=172"},"modified":"2026-01-28T12:34:12","modified_gmt":"2026-01-28T09:34:12","slug":"epilation-bresilienne-italwax-full-body-wax-sans-bandes","status":"publish","type":"product","link":"https:\/\/italwaxfrance.fr\/particulier\/product\/epilation-bresilienne-italwax-full-body-wax-sans-bandes\/","title":{"rendered":"\u00c9pilation br\u00e9silienne avec la cire Full Body Wax"},"content":{"rendered":"<h2 data-start=\"298\" data-end=\"380\">Italwax Full Body Wax \u2013 L\u2019\u00e9pilation maison facile, m\u00eame pour les zones sensibles<\/h2>\n<p data-start=\"382\" data-end=\"680\">Offrez-vous une <strong data-start=\"398\" data-end=\"439\">\u00e9pilation professionnelle \u00e0 la maison<\/strong> avec la cire pelable Italwax Full Body Wax. Con\u00e7ue pour une utilisation simple et efficace, cette cire de qualit\u00e9 institut est id\u00e9ale pour celles et ceux qui souhaitent prendre soin de leur peau \u00e0 domicile, sans compromis sur les r\u00e9sultats.<\/p>\n<h2 data-start=\"682\" data-end=\"722\">Une cire pelable douce et performante<\/h2>\n<p data-start=\"724\" data-end=\"1056\">La formule exclusive d\u2019Italwax Full Body Wax garantit une \u00e9pilation maison facile, m\u00eame pour les d\u00e9butants. Gr\u00e2ce \u00e0 sa texture cr\u00e9meuse, elle s\u2019applique en couche fine, adh\u00e8re parfaitement au poil, et se retire sans bande.<br data-start=\"954\" data-end=\"957\" \/>Son \u00e9lasticit\u00e9 exceptionnelle permet de retirer les poils d\u00e8s 1\u202fmm, sans casser ni irriter la peau.<\/p>\n<h2 data-start=\"1058\" data-end=\"1096\">Adapt\u00e9e \u00e0 toutes les zones du corps<\/h2>\n<p data-start=\"1098\" data-end=\"1450\">Cette cire \u00e9pilation br\u00e9silienne est parfaite pour les zones sensibles comme les aisselles, le maillot ou le visage, o\u00f9 elle offre une alternative douce et efficace \u00e0 l\u2019\u00e9pilation classique. Elle est \u00e9galement tr\u00e8s pratique pour les grandes zones telles que les jambes ou les bras gr\u00e2ce \u00e0 sa facilit\u00e9 d\u2019application et son efficacit\u00e9 sur poils courts et \u00e9pais.<\/p>\n<h2 data-start=\"1452\" data-end=\"1490\">Inspir\u00e9e de l\u2019\u00e9pilation br\u00e9silienne<\/h2>\n<p data-start=\"1492\" data-end=\"1712\">La cire pelable Full Body Wax est id\u00e9ale pour une \u00e9pilation br\u00e9silienne \u00e0 domicile. Utilis\u00e9e avec une <em><strong><a href=\"https:\/\/italwaxfrance.fr\/particulier\/product\/huile-full-body-pre-cire\/\">huile pr\u00e9-\u00e9pilation<\/a><\/strong><\/em>, elle prot\u00e8ge la peau, limite la douleur et procure une sensation de confort incomparable.<\/p>\n<h2 data-start=\"1714\" data-end=\"1753\">Utilisation simple avec chauffe-cire<\/h2>\n<p data-start=\"1755\" data-end=\"1976\">Chauffez la cire \u00e0 basse temp\u00e9rature (environ 45\u202f\u00b0C) \u00e0 l\u2019aide d\u2019un<em><strong> <a href=\"https:\/\/italwaxfrance.fr\/particulier\/product\/chauffe-cire-liberty-pour-boites-400ml\/\">chauffe-cire adapt\u00e9<\/a><\/strong><\/em>. Appliquez, laissez durcir quelques secondes, puis retirez d\u2019un seul geste. R\u00e9sultat : une peau douce et nette jusqu\u2019\u00e0 4 semaines.<\/p>\n","protected":false},"excerpt":{"rendered":"<p>Italwax Full Body Wax \u2013 L\u2019\u00e9pilation maison facile, m\u00eame pour les zones sensibles Offrez-vous une \u00e9pilation professionnelle \u00e0 la maison avec la cire pelable Italwax Full Body Wax. Con\u00e7ue pour une utilisation simple et efficace, cette cire de qualit\u00e9 institut est id\u00e9ale pour celles et ceux qui souhaitent prendre soin de leur peau \u00e0 domicile,&#8230; <a href=\"https:\/\/italwaxfrance.fr\/particulier\/product\/epilation-bresilienne-italwax-full-body-wax-sans-bandes\/\">Read More<\/a><\/p>\n","protected":false},"featured_media":740,"comment_status":"closed","ping_status":"closed","template":"","meta":[],"product_brand":[],"product_cat":[16,20,37],"product_tag":[],"class_list":{"0":"post-172","1":"product","2":"type-product","3":"status-publish","4":"has-post-thumbnail","6":"product_cat-cire-film-cires-pelables","7":"product_cat-cires-hypoallergeniques-pelables-sans-colophane","8":"product_cat-italwax-full-body-wax-procedure-luxueuse","10":"first","11":"instock","12":"featured","13":"taxable","14":"shipping-taxable","15":"purchasable","16":"product-type-simple"},"yoast_head":"<!-- This site is optimized with the Yoast SEO Premium plugin v27.2 (Yoast SEO v27.5) - https:\/\/yoast.com\/product\/yoast-seo-premium-wordpress\/ -->\n<title>\u00c9pilation br\u00e9silienne avec la cire Full Body Wax<\/title>\n<meta name=\"description\" content=\"D\u00e9couvrez la Full Body Wax Italwax, id\u00e9ale pour l&#039;\u00e9pilation br\u00e9silienne. Cire pelable, efficace sur tout le corps, s&#039;enl\u00e8ve sans bande.\" \/>\n<meta name=\"robots\" content=\"index, follow, max-snippet:-1, max-image-preview:large, max-video-preview:-1\" \/>\n<link rel=\"canonical\" href=\"https:\/\/italwaxfrance.fr\/particulier\/product\/epilation-bresilienne-italwax-full-body-wax-sans-bandes\/\" \/>\n<meta property=\"og:locale\" content=\"fr_FR\" \/>\n<meta property=\"og:type\" content=\"article\" \/>\n<meta property=\"og:title\" content=\"\u00c9pilation br\u00e9silienne avec la cire Full Body Wax\" \/>\n<meta property=\"og:description\" content=\"D\u00e9couvrez la Full Body Wax Italwax, id\u00e9ale pour l&#039;\u00e9pilation br\u00e9silienne. Cire pelable, efficace sur tout le corps, s&#039;enl\u00e8ve sans bande.\" \/>\n<meta property=\"og:url\" content=\"https:\/\/italwaxfrance.fr\/particulier\/product\/epilation-bresilienne-italwax-full-body-wax-sans-bandes\/\" \/>\n<meta property=\"og:site_name\" content=\"Italwax France Particulier\" \/>\n<meta property=\"article:modified_time\" content=\"2026-01-28T09:34:12+00:00\" \/>\n<meta property=\"og:image\" content=\"http:\/\/italwaxfrance.fr\/particulier\/wp-content\/uploads\/sites\/12\/2022\/05\/italwax-shop-filmwax-fullbodywax-1kg-1-768x768-1.jpg\" \/>\n\t<meta property=\"og:image:width\" content=\"768\" \/>\n\t<meta property=\"og:image:height\" content=\"768\" \/>\n\t<meta property=\"og:image:type\" content=\"image\/jpeg\" \/>\n<meta name=\"twitter:card\" content=\"summary_large_image\" \/>\n<meta name=\"twitter:label1\" content=\"Dur\u00e9e de lecture estim\u00e9e\" \/>\n\t<meta name=\"twitter:data1\" content=\"2 minutes\" \/>\n<script type=\"application\/ld+json\" class=\"yoast-schema-graph\">{\"@context\":\"https:\\\/\\\/schema.org\",\"@graph\":[{\"@type\":\"WebPage\",\"@id\":\"https:\\\/\\\/italwaxfrance.fr\\\/particulier\\\/product\\\/epilation-bresilienne-italwax-full-body-wax-sans-bandes\\\/\",\"url\":\"https:\\\/\\\/italwaxfrance.fr\\\/particulier\\\/product\\\/epilation-bresilienne-italwax-full-body-wax-sans-bandes\\\/\",\"name\":\"\u00c9pilation br\u00e9silienne avec la cire Full Body Wax\",\"isPartOf\":{\"@id\":\"https:\\\/\\\/italwaxfrance.fr\\\/particulier\\\/#website\"},\"primaryImageOfPage\":{\"@id\":\"https:\\\/\\\/italwaxfrance.fr\\\/particulier\\\/product\\\/epilation-bresilienne-italwax-full-body-wax-sans-bandes\\\/#primaryimage\"},\"image\":{\"@id\":\"https:\\\/\\\/italwaxfrance.fr\\\/particulier\\\/product\\\/epilation-bresilienne-italwax-full-body-wax-sans-bandes\\\/#primaryimage\"},\"thumbnailUrl\":\"https:\\\/\\\/italwaxfrance.fr\\\/particulier\\\/wp-content\\\/uploads\\\/sites\\\/12\\\/2022\\\/05\\\/italwax-shop-filmwax-fullbodywax-1kg-1-768x768-1.jpg\",\"datePublished\":\"2022-03-29T14:23:00+00:00\",\"dateModified\":\"2026-01-28T09:34:12+00:00\",\"description\":\"D\u00e9couvrez la Full Body Wax Italwax, id\u00e9ale pour l'\u00e9pilation br\u00e9silienne. Cire pelable, efficace sur tout le corps, s'enl\u00e8ve sans bande.\",\"breadcrumb\":{\"@id\":\"https:\\\/\\\/italwaxfrance.fr\\\/particulier\\\/product\\\/epilation-bresilienne-italwax-full-body-wax-sans-bandes\\\/#breadcrumb\"},\"inLanguage\":\"fr-FR\",\"potentialAction\":[{\"@type\":\"ReadAction\",\"target\":[\"https:\\\/\\\/italwaxfrance.fr\\\/particulier\\\/product\\\/epilation-bresilienne-italwax-full-body-wax-sans-bandes\\\/\"]}]},{\"@type\":\"ImageObject\",\"inLanguage\":\"fr-FR\",\"@id\":\"https:\\\/\\\/italwaxfrance.fr\\\/particulier\\\/product\\\/epilation-bresilienne-italwax-full-body-wax-sans-bandes\\\/#primaryimage\",\"url\":\"https:\\\/\\\/italwaxfrance.fr\\\/particulier\\\/wp-content\\\/uploads\\\/sites\\\/12\\\/2022\\\/05\\\/italwax-shop-filmwax-fullbodywax-1kg-1-768x768-1.jpg\",\"contentUrl\":\"https:\\\/\\\/italwaxfrance.fr\\\/particulier\\\/wp-content\\\/uploads\\\/sites\\\/12\\\/2022\\\/05\\\/italwax-shop-filmwax-fullbodywax-1kg-1-768x768-1.jpg\",\"width\":768,\"height\":768,\"caption\":\"cire \u00e9pilation full body wax\"},{\"@type\":\"BreadcrumbList\",\"@id\":\"https:\\\/\\\/italwaxfrance.fr\\\/particulier\\\/product\\\/epilation-bresilienne-italwax-full-body-wax-sans-bandes\\\/#breadcrumb\",\"itemListElement\":[{\"@type\":\"ListItem\",\"position\":1,\"name\":\"Accueil\",\"item\":\"https:\\\/\\\/italwaxfrance.fr\\\/particulier\\\/\"},{\"@type\":\"ListItem\",\"position\":2,\"name\":\"Score\",\"item\":\"https:\\\/\\\/italwaxfrance.fr\\\/particulier\\\/shop\\\/\"},{\"@type\":\"ListItem\",\"position\":3,\"name\":\"\u00c9pilation br\u00e9silienne avec la cire Full Body Wax\"}]},{\"@type\":\"WebSite\",\"@id\":\"https:\\\/\\\/italwaxfrance.fr\\\/particulier\\\/#website\",\"url\":\"https:\\\/\\\/italwaxfrance.fr\\\/particulier\\\/\",\"name\":\"Italwax France Particulier\",\"description\":\"Cosm\u00e9tiques professionnels\",\"publisher\":{\"@id\":\"https:\\\/\\\/italwaxfrance.fr\\\/particulier\\\/#organization\"},\"potentialAction\":[{\"@type\":\"SearchAction\",\"target\":{\"@type\":\"EntryPoint\",\"urlTemplate\":\"https:\\\/\\\/italwaxfrance.fr\\\/particulier\\\/?s={search_term_string}\"},\"query-input\":{\"@type\":\"PropertyValueSpecification\",\"valueRequired\":true,\"valueName\":\"search_term_string\"}}],\"inLanguage\":\"fr-FR\"},{\"@type\":\"Organization\",\"@id\":\"https:\\\/\\\/italwaxfrance.fr\\\/particulier\\\/#organization\",\"name\":\"Italwax France\",\"url\":\"https:\\\/\\\/italwaxfrance.fr\\\/particulier\\\/\",\"logo\":{\"@type\":\"ImageObject\",\"inLanguage\":\"fr-FR\",\"@id\":\"https:\\\/\\\/italwaxfrance.fr\\\/particulier\\\/#\\\/schema\\\/logo\\\/image\\\/\",\"url\":\"https:\\\/\\\/italwaxfrance.fr\\\/particulier\\\/wp-content\\\/uploads\\\/sites\\\/12\\\/2022\\\/04\\\/logo.png\",\"contentUrl\":\"https:\\\/\\\/italwaxfrance.fr\\\/particulier\\\/wp-content\\\/uploads\\\/sites\\\/12\\\/2022\\\/04\\\/logo.png\",\"width\":334,\"height\":158,\"caption\":\"Italwax France\"},\"image\":{\"@id\":\"https:\\\/\\\/italwaxfrance.fr\\\/particulier\\\/#\\\/schema\\\/logo\\\/image\\\/\"},\"sameAs\":[\"https:\\\/\\\/www.instagram.com\\\/italwaxfrance\\\/\",\"https:\\\/\\\/www.youtube.com\\\/@ItalwaxMedia\"]}]}<\/script>\n<!-- \/ Yoast SEO Premium plugin. -->","yoast_head_json":{"title":"\u00c9pilation br\u00e9silienne avec la cire Full Body Wax","description":"D\u00e9couvrez la Full Body Wax Italwax, id\u00e9ale pour l'\u00e9pilation br\u00e9silienne. Cire pelable, efficace sur tout le corps, s'enl\u00e8ve sans bande.","robots":{"index":"index","follow":"follow","max-snippet":"max-snippet:-1","max-image-preview":"max-image-preview:large","max-video-preview":"max-video-preview:-1"},"canonical":"https:\/\/italwaxfrance.fr\/particulier\/product\/epilation-bresilienne-italwax-full-body-wax-sans-bandes\/","og_locale":"fr_FR","og_type":"article","og_title":"\u00c9pilation br\u00e9silienne avec la cire Full Body Wax","og_description":"D\u00e9couvrez la Full Body Wax Italwax, id\u00e9ale pour l'\u00e9pilation br\u00e9silienne. Cire pelable, efficace sur tout le corps, s'enl\u00e8ve sans bande.","og_url":"https:\/\/italwaxfrance.fr\/particulier\/product\/epilation-bresilienne-italwax-full-body-wax-sans-bandes\/","og_site_name":"Italwax France Particulier","article_modified_time":"2026-01-28T09:34:12+00:00","og_image":[{"width":768,"height":768,"url":"http:\/\/italwaxfrance.fr\/particulier\/wp-content\/uploads\/sites\/12\/2022\/05\/italwax-shop-filmwax-fullbodywax-1kg-1-768x768-1.jpg","type":"image\/jpeg"}],"twitter_card":"summary_large_image","twitter_misc":{"Dur\u00e9e de lecture estim\u00e9e":"2 minutes"},"schema":{"@context":"https:\/\/schema.org","@graph":[{"@type":"WebPage","@id":"https:\/\/italwaxfrance.fr\/particulier\/product\/epilation-bresilienne-italwax-full-body-wax-sans-bandes\/","url":"https:\/\/italwaxfrance.fr\/particulier\/product\/epilation-bresilienne-italwax-full-body-wax-sans-bandes\/","name":"\u00c9pilation br\u00e9silienne avec la cire Full Body Wax","isPartOf":{"@id":"https:\/\/italwaxfrance.fr\/particulier\/#website"},"primaryImageOfPage":{"@id":"https:\/\/italwaxfrance.fr\/particulier\/product\/epilation-bresilienne-italwax-full-body-wax-sans-bandes\/#primaryimage"},"image":{"@id":"https:\/\/italwaxfrance.fr\/particulier\/product\/epilation-bresilienne-italwax-full-body-wax-sans-bandes\/#primaryimage"},"thumbnailUrl":"https:\/\/italwaxfrance.fr\/particulier\/wp-content\/uploads\/sites\/12\/2022\/05\/italwax-shop-filmwax-fullbodywax-1kg-1-768x768-1.jpg","datePublished":"2022-03-29T14:23:00+00:00","dateModified":"2026-01-28T09:34:12+00:00","description":"D\u00e9couvrez la Full Body Wax Italwax, id\u00e9ale pour l'\u00e9pilation br\u00e9silienne. Cire pelable, efficace sur tout le corps, s'enl\u00e8ve sans bande.","breadcrumb":{"@id":"https:\/\/italwaxfrance.fr\/particulier\/product\/epilation-bresilienne-italwax-full-body-wax-sans-bandes\/#breadcrumb"},"inLanguage":"fr-FR","potentialAction":[{"@type":"ReadAction","target":["https:\/\/italwaxfrance.fr\/particulier\/product\/epilation-bresilienne-italwax-full-body-wax-sans-bandes\/"]}]},{"@type":"ImageObject","inLanguage":"fr-FR","@id":"https:\/\/italwaxfrance.fr\/particulier\/product\/epilation-bresilienne-italwax-full-body-wax-sans-bandes\/#primaryimage","url":"https:\/\/italwaxfrance.fr\/particulier\/wp-content\/uploads\/sites\/12\/2022\/05\/italwax-shop-filmwax-fullbodywax-1kg-1-768x768-1.jpg","contentUrl":"https:\/\/italwaxfrance.fr\/particulier\/wp-content\/uploads\/sites\/12\/2022\/05\/italwax-shop-filmwax-fullbodywax-1kg-1-768x768-1.jpg","width":768,"height":768,"caption":"cire \u00e9pilation full body wax"},{"@type":"BreadcrumbList","@id":"https:\/\/italwaxfrance.fr\/particulier\/product\/epilation-bresilienne-italwax-full-body-wax-sans-bandes\/#breadcrumb","itemListElement":[{"@type":"ListItem","position":1,"name":"Accueil","item":"https:\/\/italwaxfrance.fr\/particulier\/"},{"@type":"ListItem","position":2,"name":"Score","item":"https:\/\/italwaxfrance.fr\/particulier\/shop\/"},{"@type":"ListItem","position":3,"name":"\u00c9pilation br\u00e9silienne avec la cire Full Body Wax"}]},{"@type":"WebSite","@id":"https:\/\/italwaxfrance.fr\/particulier\/#website","url":"https:\/\/italwaxfrance.fr\/particulier\/","name":"Italwax France Particulier","description":"Cosm\u00e9tiques professionnels","publisher":{"@id":"https:\/\/italwaxfrance.fr\/particulier\/#organization"},"potentialAction":[{"@type":"SearchAction","target":{"@type":"EntryPoint","urlTemplate":"https:\/\/italwaxfrance.fr\/particulier\/?s={search_term_string}"},"query-input":{"@type":"PropertyValueSpecification","valueRequired":true,"valueName":"search_term_string"}}],"inLanguage":"fr-FR"},{"@type":"Organization","@id":"https:\/\/italwaxfrance.fr\/particulier\/#organization","name":"Italwax France","url":"https:\/\/italwaxfrance.fr\/particulier\/","logo":{"@type":"ImageObject","inLanguage":"fr-FR","@id":"https:\/\/italwaxfrance.fr\/particulier\/#\/schema\/logo\/image\/","url":"https:\/\/italwaxfrance.fr\/particulier\/wp-content\/uploads\/sites\/12\/2022\/04\/logo.png","contentUrl":"https:\/\/italwaxfrance.fr\/particulier\/wp-content\/uploads\/sites\/12\/2022\/04\/logo.png","width":334,"height":158,"caption":"Italwax France"},"image":{"@id":"https:\/\/italwaxfrance.fr\/particulier\/#\/schema\/logo\/image\/"},"sameAs":["https:\/\/www.instagram.com\/italwaxfrance\/","https:\/\/www.youtube.com\/@ItalwaxMedia"]}]}},"_links":{"self":[{"href":"https:\/\/italwaxfrance.fr\/particulier\/wp-json\/wp\/v2\/product\/172","targetHints":{"allow":["GET"]}}],"collection":[{"href":"https:\/\/italwaxfrance.fr\/particulier\/wp-json\/wp\/v2\/product"}],"about":[{"href":"https:\/\/italwaxfrance.fr\/particulier\/wp-json\/wp\/v2\/types\/product"}],"replies":[{"embeddable":true,"href":"https:\/\/italwaxfrance.fr\/particulier\/wp-json\/wp\/v2\/comments?post=172"}],"wp:featuredmedia":[{"embeddable":true,"href":"https:\/\/italwaxfrance.fr\/particulier\/wp-json\/wp\/v2\/media\/740"}],"wp:attachment":[{"href":"https:\/\/italwaxfrance.fr\/particulier\/wp-json\/wp\/v2\/media?parent=172"}],"wp:term":[{"taxonomy":"product_brand","embeddable":true,"href":"https:\/\/italwaxfrance.fr\/particulier\/wp-json\/wp\/v2\/product_brand?post=172"},{"taxonomy":"product_cat","embeddable":true,"href":"https:\/\/italwaxfrance.fr\/particulier\/wp-json\/wp\/v2\/product_cat?post=172"},{"taxonomy":"product_tag","embeddable":true,"href":"https:\/\/italwaxfrance.fr\/particulier\/wp-json\/wp\/v2\/product_tag?post=172"}],"curies":[{"name":"wp","href":"https:\/\/api.w.org\/{rel}","templated":true}]}}