{"id":1111,"date":"2022-06-14T09:18:15","date_gmt":"2022-06-14T06:18:15","guid":{"rendered":"http:\/\/www.italwaxfrance.fr\/particulier\/?post_type=product&#038;p=1111"},"modified":"2026-02-03T13:56:01","modified_gmt":"2026-02-03T10:56:01","slug":"chauffe-cartouches-avec-thermostat","status":"publish","type":"product","link":"https:\/\/italwaxfrance.fr\/particulier\/product\/chauffe-cartouches-avec-thermostat\/","title":{"rendered":"Chauffe-Cartouche avec Thermostat"},"content":{"rendered":"<h2 data-start=\"160\" data-end=\"236\">Chauffe-Cartouche Digital \u2013 L\u2019\u00c9pilation \u00e0 la Maison comme en Institut<\/h2>\n<p data-start=\"238\" data-end=\"409\">Envie d\u2019une \u00e9pilation nette, rapide et sans effort ? D\u00e9couvrez le <strong data-start=\"304\" data-end=\"333\">chauffe-cartouche digital avec thermostat<\/strong>, con\u00e7u pour s\u2019adapter \u00e0 toutes les cartouches de cire roll-on universelles.<\/p>\n<p data-start=\"411\" data-end=\"645\">Gr\u00e2ce \u00e0 son <strong data-start=\"423\" data-end=\"460\">thermostat num\u00e9rique ultra pr\u00e9cis<\/strong>, il maintient la cire \u00e0 temp\u00e9rature id\u00e9ale pendant toute la s\u00e9ance. Fini les cires trop chaudes ou d\u00e9j\u00e0 fig\u00e9es : la temp\u00e9rature reste constante pour une application fluide et agr\u00e9able.<\/p>\n<h3 data-start=\"652\" data-end=\"683\">\u2705 Les avantages pour vous :<\/h3>\n<ul data-start=\"685\" data-end=\"1282\">\n<li data-start=\"685\" data-end=\"798\">\n<p data-start=\"687\" data-end=\"798\"><strong data-start=\"687\" data-end=\"720\">Temp\u00e9rature toujours parfaite<\/strong> : le r\u00e9glage digital vous garantit une cire ni trop chaude, ni trop froide.<\/p>\n<\/li>\n<li data-start=\"799\" data-end=\"915\">\n<p data-start=\"801\" data-end=\"915\"><strong data-start=\"801\" data-end=\"830\">Compatibilit\u00e9 universelle<\/strong> : ce chauffe-cartouche fonctionne avec <em><a href=\"https:\/\/italwaxfrance.fr\/particulier\/product-category\/italwax-cire-liposoluble-cartouches-et-pots-roll-on\/\"><strong data-start=\"870\" data-end=\"912\">toutes les cartouches roll-on standard<\/strong>.<\/a><\/em><\/p>\n<\/li>\n<li data-start=\"916\" data-end=\"1019\">\n<p data-start=\"918\" data-end=\"1019\"><strong data-start=\"918\" data-end=\"942\">Simple d\u2019utilisation<\/strong> : son design moderne et compact s\u2019adapte facilement \u00e0 votre salle de bain.<\/p>\n<\/li>\n<li data-start=\"1020\" data-end=\"1141\">\n<p data-start=\"1022\" data-end=\"1141\"><strong data-start=\"1022\" data-end=\"1060\">R\u00e9sultat professionnel \u00e0 la maison<\/strong> : une cire toujours pr\u00eate \u00e0 l\u2019emploi pour une <strong data-start=\"1107\" data-end=\"1138\">\u00e9pilation douce et efficace<\/strong>.<\/p>\n<\/li>\n<li data-start=\"1142\" data-end=\"1282\">\n<p data-start=\"1144\" data-end=\"1282\"><strong data-start=\"1144\" data-end=\"1156\">\u00c9volutif<\/strong> : vous pouvez connecter <strong data-start=\"1181\" data-end=\"1213\">plusieurs chauffe-cartouches<\/strong> ensemble, id\u00e9al si vous partagez l&rsquo;appareil ou pour gagner du temps.<\/p>\n<\/li>\n<\/ul>\n<p data-start=\"1289\" data-end=\"1478\">Que vous soyez d\u00e9butante ou habitu\u00e9e \u00e0 l\u2019\u00e9pilation \u00e0 la cire, cet appareil vous offre un <strong data-start=\"1378\" data-end=\"1411\">confort d\u2019utilisation optimal<\/strong>, avec un <strong data-start=\"1421\" data-end=\"1456\">r\u00e9sultat net, propre et durable<\/strong> d\u00e8s la premi\u00e8re fois.<\/p>\n<p data-start=\"1480\" data-end=\"1582\">Transformez vos s\u00e9ances d\u2019\u00e9pilation en un moment simple, rapide et efficace \u2014 sans quitter la maison !<\/p>\n<p data-start=\"1480\" data-end=\"1582\">\ud83d\udc49 <strong data-start=\"1401\" data-end=\"1448\">D\u00e9couvrez aussi notre g<a href=\"https:\/\/italwaxfrance.fr\/particulier\/product-category\/chauffes-cire\/\"><em>amme de chauffe-cire<\/em><\/a><\/strong>, id\u00e9ale pour les pots de cire traditionnels et les utilisations professionnelles ou personnelles.<\/p>\n","protected":false},"excerpt":{"rendered":"<p>Chauffe-Cartouche Digital \u2013 L\u2019\u00c9pilation \u00e0 la Maison comme en Institut Envie d\u2019une \u00e9pilation nette, rapide et sans effort ? D\u00e9couvrez le chauffe-cartouche digital avec thermostat, con\u00e7u pour s\u2019adapter \u00e0 toutes les cartouches de cire roll-on universelles. Gr\u00e2ce \u00e0 son thermostat num\u00e9rique ultra pr\u00e9cis, il maintient la cire \u00e0 temp\u00e9rature id\u00e9ale pendant toute la s\u00e9ance. Fini&#8230; <a href=\"https:\/\/italwaxfrance.fr\/particulier\/product\/chauffe-cartouches-avec-thermostat\/\">Read More<\/a><\/p>\n","protected":false},"featured_media":1112,"comment_status":"open","ping_status":"closed","template":"","meta":[],"product_brand":[],"product_cat":[28],"product_tag":[],"class_list":{"0":"post-1111","1":"product","2":"type-product","3":"status-publish","4":"has-post-thumbnail","6":"product_cat-chauffes-cire","8":"first","9":"instock","10":"taxable","11":"shipping-taxable","12":"purchasable","13":"product-type-simple"},"yoast_head":"<!-- This site is optimized with the Yoast SEO Premium plugin v27.2 (Yoast SEO v27.3) - https:\/\/yoast.com\/product\/yoast-seo-premium-wordpress\/ -->\n<title>Chauffe-Cartouche avec Thermostat - Italwax France Particulier<\/title>\n<meta name=\"description\" content=\"Chauffe-cartouche digital avec thermostat pour tous les cires roll-on. Temp\u00e9rature r\u00e9glable, design compact, r\u00e9sultats professionnels \u00e0 domicile. *\" \/>\n<meta name=\"robots\" content=\"index, follow, max-snippet:-1, max-image-preview:large, max-video-preview:-1\" \/>\n<link rel=\"canonical\" href=\"https:\/\/italwaxfrance.fr\/particulier\/product\/chauffe-cartouches-avec-thermostat\/\" \/>\n<meta property=\"og:locale\" content=\"fr_FR\" \/>\n<meta property=\"og:type\" content=\"article\" \/>\n<meta property=\"og:title\" content=\"Chauffe-Cartouche avec Thermostat\" \/>\n<meta property=\"og:description\" content=\"Chauffe-cartouche digital avec thermostat pour tous les cires roll-on. Temp\u00e9rature r\u00e9glable, design compact, r\u00e9sultats professionnels \u00e0 domicile. *\" \/>\n<meta property=\"og:url\" content=\"https:\/\/italwaxfrance.fr\/particulier\/product\/chauffe-cartouches-avec-thermostat\/\" \/>\n<meta property=\"og:site_name\" content=\"Italwax France Particulier\" \/>\n<meta property=\"article:modified_time\" content=\"2026-02-03T10:56:01+00:00\" \/>\n<meta property=\"og:image\" content=\"http:\/\/italwaxfrance.fr\/particulier\/wp-content\/uploads\/sites\/12\/2022\/06\/italwax-shop-heater-thermostat.jpg\" \/>\n\t<meta property=\"og:image:width\" content=\"1000\" \/>\n\t<meta property=\"og:image:height\" content=\"1000\" \/>\n\t<meta property=\"og:image:type\" content=\"image\/jpeg\" \/>\n<meta name=\"twitter:card\" content=\"summary_large_image\" \/>\n<meta name=\"twitter:label1\" content=\"Dur\u00e9e de lecture estim\u00e9e\" \/>\n\t<meta name=\"twitter:data1\" content=\"2 minutes\" \/>\n<script type=\"application\/ld+json\" class=\"yoast-schema-graph\">{\"@context\":\"https:\\\/\\\/schema.org\",\"@graph\":[{\"@type\":\"WebPage\",\"@id\":\"https:\\\/\\\/italwaxfrance.fr\\\/particulier\\\/product\\\/chauffe-cartouches-avec-thermostat\\\/\",\"url\":\"https:\\\/\\\/italwaxfrance.fr\\\/particulier\\\/product\\\/chauffe-cartouches-avec-thermostat\\\/\",\"name\":\"Chauffe-Cartouche avec Thermostat - Italwax France Particulier\",\"isPartOf\":{\"@id\":\"https:\\\/\\\/italwaxfrance.fr\\\/particulier\\\/#website\"},\"primaryImageOfPage\":{\"@id\":\"https:\\\/\\\/italwaxfrance.fr\\\/particulier\\\/product\\\/chauffe-cartouches-avec-thermostat\\\/#primaryimage\"},\"image\":{\"@id\":\"https:\\\/\\\/italwaxfrance.fr\\\/particulier\\\/product\\\/chauffe-cartouches-avec-thermostat\\\/#primaryimage\"},\"thumbnailUrl\":\"https:\\\/\\\/italwaxfrance.fr\\\/particulier\\\/wp-content\\\/uploads\\\/sites\\\/12\\\/2022\\\/06\\\/italwax-shop-heater-thermostat.jpg\",\"datePublished\":\"2022-06-14T06:18:15+00:00\",\"dateModified\":\"2026-02-03T10:56:01+00:00\",\"description\":\"Chauffe-cartouche digital avec thermostat pour tous les cires roll-on. Temp\u00e9rature r\u00e9glable, design compact, r\u00e9sultats professionnels \u00e0 domicile. *\",\"breadcrumb\":{\"@id\":\"https:\\\/\\\/italwaxfrance.fr\\\/particulier\\\/product\\\/chauffe-cartouches-avec-thermostat\\\/#breadcrumb\"},\"inLanguage\":\"fr-FR\",\"potentialAction\":[{\"@type\":\"ReadAction\",\"target\":[\"https:\\\/\\\/italwaxfrance.fr\\\/particulier\\\/product\\\/chauffe-cartouches-avec-thermostat\\\/\"]}]},{\"@type\":\"ImageObject\",\"inLanguage\":\"fr-FR\",\"@id\":\"https:\\\/\\\/italwaxfrance.fr\\\/particulier\\\/product\\\/chauffe-cartouches-avec-thermostat\\\/#primaryimage\",\"url\":\"https:\\\/\\\/italwaxfrance.fr\\\/particulier\\\/wp-content\\\/uploads\\\/sites\\\/12\\\/2022\\\/06\\\/italwax-shop-heater-thermostat.jpg\",\"contentUrl\":\"https:\\\/\\\/italwaxfrance.fr\\\/particulier\\\/wp-content\\\/uploads\\\/sites\\\/12\\\/2022\\\/06\\\/italwax-shop-heater-thermostat.jpg\",\"width\":1000,\"height\":1000,\"caption\":\"Chauffe Cartouche Digital avec Thermostat\"},{\"@type\":\"BreadcrumbList\",\"@id\":\"https:\\\/\\\/italwaxfrance.fr\\\/particulier\\\/product\\\/chauffe-cartouches-avec-thermostat\\\/#breadcrumb\",\"itemListElement\":[{\"@type\":\"ListItem\",\"position\":1,\"name\":\"Accueil\",\"item\":\"https:\\\/\\\/italwaxfrance.fr\\\/particulier\\\/\"},{\"@type\":\"ListItem\",\"position\":2,\"name\":\"Score\",\"item\":\"https:\\\/\\\/italwaxfrance.fr\\\/particulier\\\/shop\\\/\"},{\"@type\":\"ListItem\",\"position\":3,\"name\":\"Chauffe-Cartouche avec Thermostat\"}]},{\"@type\":\"WebSite\",\"@id\":\"https:\\\/\\\/italwaxfrance.fr\\\/particulier\\\/#website\",\"url\":\"https:\\\/\\\/italwaxfrance.fr\\\/particulier\\\/\",\"name\":\"Italwax France Particulier\",\"description\":\"Cosm\u00e9tiques professionnels\",\"publisher\":{\"@id\":\"https:\\\/\\\/italwaxfrance.fr\\\/particulier\\\/#organization\"},\"potentialAction\":[{\"@type\":\"SearchAction\",\"target\":{\"@type\":\"EntryPoint\",\"urlTemplate\":\"https:\\\/\\\/italwaxfrance.fr\\\/particulier\\\/?s={search_term_string}\"},\"query-input\":{\"@type\":\"PropertyValueSpecification\",\"valueRequired\":true,\"valueName\":\"search_term_string\"}}],\"inLanguage\":\"fr-FR\"},{\"@type\":\"Organization\",\"@id\":\"https:\\\/\\\/italwaxfrance.fr\\\/particulier\\\/#organization\",\"name\":\"Italwax France\",\"url\":\"https:\\\/\\\/italwaxfrance.fr\\\/particulier\\\/\",\"logo\":{\"@type\":\"ImageObject\",\"inLanguage\":\"fr-FR\",\"@id\":\"https:\\\/\\\/italwaxfrance.fr\\\/particulier\\\/#\\\/schema\\\/logo\\\/image\\\/\",\"url\":\"https:\\\/\\\/italwaxfrance.fr\\\/particulier\\\/wp-content\\\/uploads\\\/sites\\\/12\\\/2022\\\/04\\\/logo.png\",\"contentUrl\":\"https:\\\/\\\/italwaxfrance.fr\\\/particulier\\\/wp-content\\\/uploads\\\/sites\\\/12\\\/2022\\\/04\\\/logo.png\",\"width\":334,\"height\":158,\"caption\":\"Italwax France\"},\"image\":{\"@id\":\"https:\\\/\\\/italwaxfrance.fr\\\/particulier\\\/#\\\/schema\\\/logo\\\/image\\\/\"},\"sameAs\":[\"https:\\\/\\\/www.instagram.com\\\/italwaxfrance\\\/\",\"https:\\\/\\\/www.youtube.com\\\/@ItalwaxMedia\"]}]}<\/script>\n<!-- \/ Yoast SEO Premium plugin. -->","yoast_head_json":{"title":"Chauffe-Cartouche avec Thermostat - Italwax France Particulier","description":"Chauffe-cartouche digital avec thermostat pour tous les cires roll-on. Temp\u00e9rature r\u00e9glable, design compact, r\u00e9sultats professionnels \u00e0 domicile. *","robots":{"index":"index","follow":"follow","max-snippet":"max-snippet:-1","max-image-preview":"max-image-preview:large","max-video-preview":"max-video-preview:-1"},"canonical":"https:\/\/italwaxfrance.fr\/particulier\/product\/chauffe-cartouches-avec-thermostat\/","og_locale":"fr_FR","og_type":"article","og_title":"Chauffe-Cartouche avec Thermostat","og_description":"Chauffe-cartouche digital avec thermostat pour tous les cires roll-on. Temp\u00e9rature r\u00e9glable, design compact, r\u00e9sultats professionnels \u00e0 domicile. *","og_url":"https:\/\/italwaxfrance.fr\/particulier\/product\/chauffe-cartouches-avec-thermostat\/","og_site_name":"Italwax France Particulier","article_modified_time":"2026-02-03T10:56:01+00:00","og_image":[{"width":1000,"height":1000,"url":"http:\/\/italwaxfrance.fr\/particulier\/wp-content\/uploads\/sites\/12\/2022\/06\/italwax-shop-heater-thermostat.jpg","type":"image\/jpeg"}],"twitter_card":"summary_large_image","twitter_misc":{"Dur\u00e9e de lecture estim\u00e9e":"2 minutes"},"schema":{"@context":"https:\/\/schema.org","@graph":[{"@type":"WebPage","@id":"https:\/\/italwaxfrance.fr\/particulier\/product\/chauffe-cartouches-avec-thermostat\/","url":"https:\/\/italwaxfrance.fr\/particulier\/product\/chauffe-cartouches-avec-thermostat\/","name":"Chauffe-Cartouche avec Thermostat - Italwax France Particulier","isPartOf":{"@id":"https:\/\/italwaxfrance.fr\/particulier\/#website"},"primaryImageOfPage":{"@id":"https:\/\/italwaxfrance.fr\/particulier\/product\/chauffe-cartouches-avec-thermostat\/#primaryimage"},"image":{"@id":"https:\/\/italwaxfrance.fr\/particulier\/product\/chauffe-cartouches-avec-thermostat\/#primaryimage"},"thumbnailUrl":"https:\/\/italwaxfrance.fr\/particulier\/wp-content\/uploads\/sites\/12\/2022\/06\/italwax-shop-heater-thermostat.jpg","datePublished":"2022-06-14T06:18:15+00:00","dateModified":"2026-02-03T10:56:01+00:00","description":"Chauffe-cartouche digital avec thermostat pour tous les cires roll-on. Temp\u00e9rature r\u00e9glable, design compact, r\u00e9sultats professionnels \u00e0 domicile. *","breadcrumb":{"@id":"https:\/\/italwaxfrance.fr\/particulier\/product\/chauffe-cartouches-avec-thermostat\/#breadcrumb"},"inLanguage":"fr-FR","potentialAction":[{"@type":"ReadAction","target":["https:\/\/italwaxfrance.fr\/particulier\/product\/chauffe-cartouches-avec-thermostat\/"]}]},{"@type":"ImageObject","inLanguage":"fr-FR","@id":"https:\/\/italwaxfrance.fr\/particulier\/product\/chauffe-cartouches-avec-thermostat\/#primaryimage","url":"https:\/\/italwaxfrance.fr\/particulier\/wp-content\/uploads\/sites\/12\/2022\/06\/italwax-shop-heater-thermostat.jpg","contentUrl":"https:\/\/italwaxfrance.fr\/particulier\/wp-content\/uploads\/sites\/12\/2022\/06\/italwax-shop-heater-thermostat.jpg","width":1000,"height":1000,"caption":"Chauffe Cartouche Digital avec Thermostat"},{"@type":"BreadcrumbList","@id":"https:\/\/italwaxfrance.fr\/particulier\/product\/chauffe-cartouches-avec-thermostat\/#breadcrumb","itemListElement":[{"@type":"ListItem","position":1,"name":"Accueil","item":"https:\/\/italwaxfrance.fr\/particulier\/"},{"@type":"ListItem","position":2,"name":"Score","item":"https:\/\/italwaxfrance.fr\/particulier\/shop\/"},{"@type":"ListItem","position":3,"name":"Chauffe-Cartouche avec Thermostat"}]},{"@type":"WebSite","@id":"https:\/\/italwaxfrance.fr\/particulier\/#website","url":"https:\/\/italwaxfrance.fr\/particulier\/","name":"Italwax France Particulier","description":"Cosm\u00e9tiques professionnels","publisher":{"@id":"https:\/\/italwaxfrance.fr\/particulier\/#organization"},"potentialAction":[{"@type":"SearchAction","target":{"@type":"EntryPoint","urlTemplate":"https:\/\/italwaxfrance.fr\/particulier\/?s={search_term_string}"},"query-input":{"@type":"PropertyValueSpecification","valueRequired":true,"valueName":"search_term_string"}}],"inLanguage":"fr-FR"},{"@type":"Organization","@id":"https:\/\/italwaxfrance.fr\/particulier\/#organization","name":"Italwax France","url":"https:\/\/italwaxfrance.fr\/particulier\/","logo":{"@type":"ImageObject","inLanguage":"fr-FR","@id":"https:\/\/italwaxfrance.fr\/particulier\/#\/schema\/logo\/image\/","url":"https:\/\/italwaxfrance.fr\/particulier\/wp-content\/uploads\/sites\/12\/2022\/04\/logo.png","contentUrl":"https:\/\/italwaxfrance.fr\/particulier\/wp-content\/uploads\/sites\/12\/2022\/04\/logo.png","width":334,"height":158,"caption":"Italwax France"},"image":{"@id":"https:\/\/italwaxfrance.fr\/particulier\/#\/schema\/logo\/image\/"},"sameAs":["https:\/\/www.instagram.com\/italwaxfrance\/","https:\/\/www.youtube.com\/@ItalwaxMedia"]}]}},"_links":{"self":[{"href":"https:\/\/italwaxfrance.fr\/particulier\/wp-json\/wp\/v2\/product\/1111","targetHints":{"allow":["GET"]}}],"collection":[{"href":"https:\/\/italwaxfrance.fr\/particulier\/wp-json\/wp\/v2\/product"}],"about":[{"href":"https:\/\/italwaxfrance.fr\/particulier\/wp-json\/wp\/v2\/types\/product"}],"replies":[{"embeddable":true,"href":"https:\/\/italwaxfrance.fr\/particulier\/wp-json\/wp\/v2\/comments?post=1111"}],"wp:featuredmedia":[{"embeddable":true,"href":"https:\/\/italwaxfrance.fr\/particulier\/wp-json\/wp\/v2\/media\/1112"}],"wp:attachment":[{"href":"https:\/\/italwaxfrance.fr\/particulier\/wp-json\/wp\/v2\/media?parent=1111"}],"wp:term":[{"taxonomy":"product_brand","embeddable":true,"href":"https:\/\/italwaxfrance.fr\/particulier\/wp-json\/wp\/v2\/product_brand?post=1111"},{"taxonomy":"product_cat","embeddable":true,"href":"https:\/\/italwaxfrance.fr\/particulier\/wp-json\/wp\/v2\/product_cat?post=1111"},{"taxonomy":"product_tag","embeddable":true,"href":"https:\/\/italwaxfrance.fr\/particulier\/wp-json\/wp\/v2\/product_tag?post=1111"}],"curies":[{"name":"wp","href":"https:\/\/api.w.org\/{rel}","templated":true}]}}