{"id":1033,"date":"2022-05-12T18:59:55","date_gmt":"2022-05-12T15:59:55","guid":{"rendered":"http:\/\/www.italwaxfrance.fr\/particulier\/?post_type=product&#038;p=1033"},"modified":"2026-01-28T15:41:14","modified_gmt":"2026-01-28T12:41:14","slug":"emulsion-post-epilation-a-lorchidee","status":"publish","type":"product","link":"https:\/\/italwaxfrance.fr\/particulier\/product\/emulsion-post-epilation-a-lorchidee\/","title":{"rendered":"Emulsion Retardante la Repousse des Poils \u00e0 l\u2019Orchid\u00e9e"},"content":{"rendered":"<h2 data-start=\"142\" data-end=\"221\">\u00c9mulsion Retardante de Repousse \u2013 Douceur, Hydratation et Poils Plus Fins<\/h2>\n<p data-start=\"223\" data-end=\"606\">Prenez soin de votre peau apr\u00e8s l\u2019\u00e9pilation avec notre <strong data-start=\"278\" data-end=\"310\">\u00e9mulsion \u00e0 l&rsquo;orchid\u00e9e l\u00e9g\u00e8re et apaisante<\/strong>, pens\u00e9e pour un usage quotidien. Elle <strong data-start=\"351\" data-end=\"375\">apaise imm\u00e9diatement<\/strong>, hydrate intens\u00e9ment et rafra\u00eechit la peau apr\u00e8s le retrait des poils. Gr\u00e2ce \u00e0 sa texture fluide et non grasse, elle p\u00e9n\u00e8tre rapidement et ne laisse aucun film collant. Votre peau reste douce, fra\u00eeche et parfaitement prot\u00e9g\u00e9e.<\/p>\n<p data-start=\"608\" data-end=\"1070\">Ce soin post-\u00e9pilation est <strong data-start=\"635\" data-end=\"681\">enrichi en complexe actif \u00ab DECELERINE R \u00bb<\/strong>, reconnu pour ses propri\u00e9t\u00e9s retardatrices. Il <strong data-start=\"731\" data-end=\"777\">ralentit visiblement la repousse des poils<\/strong> en affaiblissant leur structure \u00e0 chaque application. R\u00e9sultat : les poils repoussent plus lentement, deviennent plus fins, et votre peau reste lisse plus longtemps. Utilis\u00e9e quotidiennement, cette \u00e9mulsion prolonge les effets de votre \u00e9pilation et am\u00e9liore le confort entre deux s\u00e9ances.<\/p>\n<p data-start=\"1072\" data-end=\"1416\">Cette \u00e9mulsion post-\u00e9pilation \u00e0 l&rsquo;orchid\u00e9e convient \u00e0 <strong data-start=\"1088\" data-end=\"1117\">toutes les zones du corps<\/strong> : jambes, aisselles, maillot, visage, et m\u00eame apr\u00e8s le rasage chez les hommes. Elle est id\u00e9ale apr\u00e8s chaque \u00e9pilation, quelle que soit la m\u00e9thode utilis\u00e9e (<strong><em><a href=\"https:\/\/italwaxfrance.fr\/particulier\/product-category\/cires-hypoallergeniques-pelables-sans-colophane\/\">cire<\/a><\/em><\/strong>, \u00e9pilateur, rasoir). Notre \u00e9mulsion retardante \u00e0 l&rsquo;orchid\u00e9e peut aussi s\u2019appliquer comme soin hydratant quotidien, pour maintenir la souplesse et la beaut\u00e9 de la peau.<\/p>\n<p data-start=\"1418\" data-end=\"1697\">Cette \u00e9mulsion post-\u00e9pilation \u00e0 l\u2019orchid\u00e9e, qui ralentit la repousse, est \u00e9galement id\u00e9ale pour un usage professionnel. Elle peut \u00eatre propos\u00e9e \u00e0 la revente en institut afin de permettre \u00e0 vos clients de prolonger les effets de leur \u00e9pilation \u00e0 domicile.<\/p>\n<h2 data-start=\"1704\" data-end=\"1731\">\ud83e\uddf4 Comment l\u2019utiliser ?<\/h2>\n<ol data-start=\"1733\" data-end=\"1992\">\n<li data-start=\"1733\" data-end=\"1793\">\n<p data-start=\"1736\" data-end=\"1793\">Appliquez une petite quantit\u00e9 de l&rsquo;\u00e9mulsion post-\u00e9pilation \u00e0 l&rsquo;orchid\u00e9e sur peau propre et s\u00e8che.<\/p>\n<\/li>\n<li data-start=\"1794\" data-end=\"1844\">\n<p data-start=\"1797\" data-end=\"1844\">Massez doucement jusqu\u2019\u00e0 compl\u00e8te absorption.<\/p>\n<\/li>\n<li data-start=\"1845\" data-end=\"1935\">\n<p data-start=\"1848\" data-end=\"1935\">Utilisez apr\u00e8s chaque \u00e9pilation, puis chaque jour pour maintenir l\u2019effet retardateur.<\/p>\n<\/li>\n<li data-start=\"1936\" data-end=\"1992\">\n<p data-start=\"1939\" data-end=\"1992\">Convient \u00e0 toutes les zones, m\u00eame les plus sensibles.<\/p>\n<\/li>\n<\/ol>\n<p>Format: 100 ml, 250 ml.<\/p>\n","protected":false},"excerpt":{"rendered":"<p>\u00c9mulsion Retardante de Repousse \u2013 Douceur, Hydratation et Poils Plus Fins Prenez soin de votre peau apr\u00e8s l\u2019\u00e9pilation avec notre \u00e9mulsion \u00e0 l&rsquo;orchid\u00e9e l\u00e9g\u00e8re et apaisante, pens\u00e9e pour un usage quotidien. Elle apaise imm\u00e9diatement, hydrate intens\u00e9ment et rafra\u00eechit la peau apr\u00e8s le retrait des poils. Gr\u00e2ce \u00e0 sa texture fluide et non grasse, elle p\u00e9n\u00e8tre&#8230; <a href=\"https:\/\/italwaxfrance.fr\/particulier\/product\/emulsion-post-epilation-a-lorchidee\/\">Read More<\/a><\/p>\n","protected":false},"featured_media":1040,"comment_status":"open","ping_status":"closed","template":"","meta":[],"product_brand":[],"product_cat":[17],"product_tag":[],"class_list":{"0":"post-1033","1":"product","2":"type-product","3":"status-publish","4":"has-post-thumbnail","6":"product_cat-produits-post-epilation","8":"first","9":"instock","10":"taxable","11":"shipping-taxable","12":"purchasable","13":"product-type-variable"},"yoast_head":"<!-- This site is optimized with the Yoast SEO Premium plugin v27.2 (Yoast SEO v27.5) - https:\/\/yoast.com\/product\/yoast-seo-premium-wordpress\/ -->\n<title>Emulsion Retardante la Repousse des Poils \u00e0 l\u2019Orchid\u00e9e<\/title>\n<meta name=\"description\" content=\"L&#039;\u00e9mulsion retardante post-\u00e9pilation \u00e0 l&#039;orchid\u00e9e, hydrate, apaise et ralentit la repousse des poils. Texture l\u00e9g\u00e8re, usage quotidien.\" \/>\n<meta name=\"robots\" content=\"index, follow, max-snippet:-1, max-image-preview:large, max-video-preview:-1\" \/>\n<link rel=\"canonical\" href=\"https:\/\/italwaxfrance.fr\/particulier\/product\/emulsion-post-epilation-a-lorchidee\/\" \/>\n<meta property=\"og:locale\" content=\"fr_FR\" \/>\n<meta property=\"og:type\" content=\"article\" \/>\n<meta property=\"og:title\" content=\"Emulsion Retardante la Repousse des Poils \u00e0 l\u2019Orchid\u00e9e\" \/>\n<meta property=\"og:description\" content=\"L&#039;\u00e9mulsion retardante post-\u00e9pilation \u00e0 l&#039;orchid\u00e9e, hydrate, apaise et ralentit la repousse des poils. Texture l\u00e9g\u00e8re, usage quotidien.\" \/>\n<meta property=\"og:url\" content=\"https:\/\/italwaxfrance.fr\/particulier\/product\/emulsion-post-epilation-a-lorchidee\/\" \/>\n<meta property=\"og:site_name\" content=\"Italwax France Particulier\" \/>\n<meta property=\"article:modified_time\" content=\"2026-01-28T12:41:14+00:00\" \/>\n<meta property=\"og:image\" content=\"http:\/\/italwaxfrance.fr\/particulier\/wp-content\/uploads\/sites\/12\/2022\/05\/italwax-shop-after-wax-emulsion-orchid.jpg\" \/>\n\t<meta property=\"og:image:width\" content=\"1000\" \/>\n\t<meta property=\"og:image:height\" content=\"1000\" \/>\n\t<meta property=\"og:image:type\" content=\"image\/jpeg\" \/>\n<meta name=\"twitter:card\" content=\"summary_large_image\" \/>\n<meta name=\"twitter:label1\" content=\"Dur\u00e9e de lecture estim\u00e9e\" \/>\n\t<meta name=\"twitter:data1\" content=\"2 minutes\" \/>\n<script type=\"application\/ld+json\" class=\"yoast-schema-graph\">{\"@context\":\"https:\\\/\\\/schema.org\",\"@graph\":[{\"@type\":\"WebPage\",\"@id\":\"https:\\\/\\\/italwaxfrance.fr\\\/particulier\\\/product\\\/emulsion-post-epilation-a-lorchidee\\\/\",\"url\":\"https:\\\/\\\/italwaxfrance.fr\\\/particulier\\\/product\\\/emulsion-post-epilation-a-lorchidee\\\/\",\"name\":\"Emulsion Retardante la Repousse des Poils \u00e0 l\u2019Orchid\u00e9e\",\"isPartOf\":{\"@id\":\"https:\\\/\\\/italwaxfrance.fr\\\/particulier\\\/#website\"},\"primaryImageOfPage\":{\"@id\":\"https:\\\/\\\/italwaxfrance.fr\\\/particulier\\\/product\\\/emulsion-post-epilation-a-lorchidee\\\/#primaryimage\"},\"image\":{\"@id\":\"https:\\\/\\\/italwaxfrance.fr\\\/particulier\\\/product\\\/emulsion-post-epilation-a-lorchidee\\\/#primaryimage\"},\"thumbnailUrl\":\"https:\\\/\\\/italwaxfrance.fr\\\/particulier\\\/wp-content\\\/uploads\\\/sites\\\/12\\\/2022\\\/05\\\/italwax-shop-after-wax-emulsion-orchid.jpg\",\"datePublished\":\"2022-05-12T15:59:55+00:00\",\"dateModified\":\"2026-01-28T12:41:14+00:00\",\"description\":\"L'\u00e9mulsion retardante post-\u00e9pilation \u00e0 l'orchid\u00e9e, hydrate, apaise et ralentit la repousse des poils. Texture l\u00e9g\u00e8re, usage quotidien.\",\"breadcrumb\":{\"@id\":\"https:\\\/\\\/italwaxfrance.fr\\\/particulier\\\/product\\\/emulsion-post-epilation-a-lorchidee\\\/#breadcrumb\"},\"inLanguage\":\"fr-FR\",\"potentialAction\":[{\"@type\":\"ReadAction\",\"target\":[\"https:\\\/\\\/italwaxfrance.fr\\\/particulier\\\/product\\\/emulsion-post-epilation-a-lorchidee\\\/\"]}]},{\"@type\":\"ImageObject\",\"inLanguage\":\"fr-FR\",\"@id\":\"https:\\\/\\\/italwaxfrance.fr\\\/particulier\\\/product\\\/emulsion-post-epilation-a-lorchidee\\\/#primaryimage\",\"url\":\"https:\\\/\\\/italwaxfrance.fr\\\/particulier\\\/wp-content\\\/uploads\\\/sites\\\/12\\\/2022\\\/05\\\/italwax-shop-after-wax-emulsion-orchid.jpg\",\"contentUrl\":\"https:\\\/\\\/italwaxfrance.fr\\\/particulier\\\/wp-content\\\/uploads\\\/sites\\\/12\\\/2022\\\/05\\\/italwax-shop-after-wax-emulsion-orchid.jpg\",\"width\":1000,\"height\":1000,\"caption\":\"\u00e9mulsion post-\u00e9pilation \u00e0 l'orchid\u00e9e, retardant de repousse poils\"},{\"@type\":\"BreadcrumbList\",\"@id\":\"https:\\\/\\\/italwaxfrance.fr\\\/particulier\\\/product\\\/emulsion-post-epilation-a-lorchidee\\\/#breadcrumb\",\"itemListElement\":[{\"@type\":\"ListItem\",\"position\":1,\"name\":\"Accueil\",\"item\":\"https:\\\/\\\/italwaxfrance.fr\\\/particulier\\\/\"},{\"@type\":\"ListItem\",\"position\":2,\"name\":\"Score\",\"item\":\"https:\\\/\\\/italwaxfrance.fr\\\/particulier\\\/shop\\\/\"},{\"@type\":\"ListItem\",\"position\":3,\"name\":\"Emulsion Retardante la Repousse des Poils \u00e0 l\u2019Orchid\u00e9e\"}]},{\"@type\":\"WebSite\",\"@id\":\"https:\\\/\\\/italwaxfrance.fr\\\/particulier\\\/#website\",\"url\":\"https:\\\/\\\/italwaxfrance.fr\\\/particulier\\\/\",\"name\":\"Italwax France Particulier\",\"description\":\"Cosm\u00e9tiques professionnels\",\"publisher\":{\"@id\":\"https:\\\/\\\/italwaxfrance.fr\\\/particulier\\\/#organization\"},\"potentialAction\":[{\"@type\":\"SearchAction\",\"target\":{\"@type\":\"EntryPoint\",\"urlTemplate\":\"https:\\\/\\\/italwaxfrance.fr\\\/particulier\\\/?s={search_term_string}\"},\"query-input\":{\"@type\":\"PropertyValueSpecification\",\"valueRequired\":true,\"valueName\":\"search_term_string\"}}],\"inLanguage\":\"fr-FR\"},{\"@type\":\"Organization\",\"@id\":\"https:\\\/\\\/italwaxfrance.fr\\\/particulier\\\/#organization\",\"name\":\"Italwax France\",\"url\":\"https:\\\/\\\/italwaxfrance.fr\\\/particulier\\\/\",\"logo\":{\"@type\":\"ImageObject\",\"inLanguage\":\"fr-FR\",\"@id\":\"https:\\\/\\\/italwaxfrance.fr\\\/particulier\\\/#\\\/schema\\\/logo\\\/image\\\/\",\"url\":\"https:\\\/\\\/italwaxfrance.fr\\\/particulier\\\/wp-content\\\/uploads\\\/sites\\\/12\\\/2022\\\/04\\\/logo.png\",\"contentUrl\":\"https:\\\/\\\/italwaxfrance.fr\\\/particulier\\\/wp-content\\\/uploads\\\/sites\\\/12\\\/2022\\\/04\\\/logo.png\",\"width\":334,\"height\":158,\"caption\":\"Italwax France\"},\"image\":{\"@id\":\"https:\\\/\\\/italwaxfrance.fr\\\/particulier\\\/#\\\/schema\\\/logo\\\/image\\\/\"},\"sameAs\":[\"https:\\\/\\\/www.instagram.com\\\/italwaxfrance\\\/\",\"https:\\\/\\\/www.youtube.com\\\/@ItalwaxMedia\"]}]}<\/script>\n<!-- \/ Yoast SEO Premium plugin. -->","yoast_head_json":{"title":"Emulsion Retardante la Repousse des Poils \u00e0 l\u2019Orchid\u00e9e","description":"L'\u00e9mulsion retardante post-\u00e9pilation \u00e0 l'orchid\u00e9e, hydrate, apaise et ralentit la repousse des poils. Texture l\u00e9g\u00e8re, usage quotidien.","robots":{"index":"index","follow":"follow","max-snippet":"max-snippet:-1","max-image-preview":"max-image-preview:large","max-video-preview":"max-video-preview:-1"},"canonical":"https:\/\/italwaxfrance.fr\/particulier\/product\/emulsion-post-epilation-a-lorchidee\/","og_locale":"fr_FR","og_type":"article","og_title":"Emulsion Retardante la Repousse des Poils \u00e0 l\u2019Orchid\u00e9e","og_description":"L'\u00e9mulsion retardante post-\u00e9pilation \u00e0 l'orchid\u00e9e, hydrate, apaise et ralentit la repousse des poils. Texture l\u00e9g\u00e8re, usage quotidien.","og_url":"https:\/\/italwaxfrance.fr\/particulier\/product\/emulsion-post-epilation-a-lorchidee\/","og_site_name":"Italwax France Particulier","article_modified_time":"2026-01-28T12:41:14+00:00","og_image":[{"width":1000,"height":1000,"url":"http:\/\/italwaxfrance.fr\/particulier\/wp-content\/uploads\/sites\/12\/2022\/05\/italwax-shop-after-wax-emulsion-orchid.jpg","type":"image\/jpeg"}],"twitter_card":"summary_large_image","twitter_misc":{"Dur\u00e9e de lecture estim\u00e9e":"2 minutes"},"schema":{"@context":"https:\/\/schema.org","@graph":[{"@type":"WebPage","@id":"https:\/\/italwaxfrance.fr\/particulier\/product\/emulsion-post-epilation-a-lorchidee\/","url":"https:\/\/italwaxfrance.fr\/particulier\/product\/emulsion-post-epilation-a-lorchidee\/","name":"Emulsion Retardante la Repousse des Poils \u00e0 l\u2019Orchid\u00e9e","isPartOf":{"@id":"https:\/\/italwaxfrance.fr\/particulier\/#website"},"primaryImageOfPage":{"@id":"https:\/\/italwaxfrance.fr\/particulier\/product\/emulsion-post-epilation-a-lorchidee\/#primaryimage"},"image":{"@id":"https:\/\/italwaxfrance.fr\/particulier\/product\/emulsion-post-epilation-a-lorchidee\/#primaryimage"},"thumbnailUrl":"https:\/\/italwaxfrance.fr\/particulier\/wp-content\/uploads\/sites\/12\/2022\/05\/italwax-shop-after-wax-emulsion-orchid.jpg","datePublished":"2022-05-12T15:59:55+00:00","dateModified":"2026-01-28T12:41:14+00:00","description":"L'\u00e9mulsion retardante post-\u00e9pilation \u00e0 l'orchid\u00e9e, hydrate, apaise et ralentit la repousse des poils. Texture l\u00e9g\u00e8re, usage quotidien.","breadcrumb":{"@id":"https:\/\/italwaxfrance.fr\/particulier\/product\/emulsion-post-epilation-a-lorchidee\/#breadcrumb"},"inLanguage":"fr-FR","potentialAction":[{"@type":"ReadAction","target":["https:\/\/italwaxfrance.fr\/particulier\/product\/emulsion-post-epilation-a-lorchidee\/"]}]},{"@type":"ImageObject","inLanguage":"fr-FR","@id":"https:\/\/italwaxfrance.fr\/particulier\/product\/emulsion-post-epilation-a-lorchidee\/#primaryimage","url":"https:\/\/italwaxfrance.fr\/particulier\/wp-content\/uploads\/sites\/12\/2022\/05\/italwax-shop-after-wax-emulsion-orchid.jpg","contentUrl":"https:\/\/italwaxfrance.fr\/particulier\/wp-content\/uploads\/sites\/12\/2022\/05\/italwax-shop-after-wax-emulsion-orchid.jpg","width":1000,"height":1000,"caption":"\u00e9mulsion post-\u00e9pilation \u00e0 l'orchid\u00e9e, retardant de repousse poils"},{"@type":"BreadcrumbList","@id":"https:\/\/italwaxfrance.fr\/particulier\/product\/emulsion-post-epilation-a-lorchidee\/#breadcrumb","itemListElement":[{"@type":"ListItem","position":1,"name":"Accueil","item":"https:\/\/italwaxfrance.fr\/particulier\/"},{"@type":"ListItem","position":2,"name":"Score","item":"https:\/\/italwaxfrance.fr\/particulier\/shop\/"},{"@type":"ListItem","position":3,"name":"Emulsion Retardante la Repousse des Poils \u00e0 l\u2019Orchid\u00e9e"}]},{"@type":"WebSite","@id":"https:\/\/italwaxfrance.fr\/particulier\/#website","url":"https:\/\/italwaxfrance.fr\/particulier\/","name":"Italwax France Particulier","description":"Cosm\u00e9tiques professionnels","publisher":{"@id":"https:\/\/italwaxfrance.fr\/particulier\/#organization"},"potentialAction":[{"@type":"SearchAction","target":{"@type":"EntryPoint","urlTemplate":"https:\/\/italwaxfrance.fr\/particulier\/?s={search_term_string}"},"query-input":{"@type":"PropertyValueSpecification","valueRequired":true,"valueName":"search_term_string"}}],"inLanguage":"fr-FR"},{"@type":"Organization","@id":"https:\/\/italwaxfrance.fr\/particulier\/#organization","name":"Italwax France","url":"https:\/\/italwaxfrance.fr\/particulier\/","logo":{"@type":"ImageObject","inLanguage":"fr-FR","@id":"https:\/\/italwaxfrance.fr\/particulier\/#\/schema\/logo\/image\/","url":"https:\/\/italwaxfrance.fr\/particulier\/wp-content\/uploads\/sites\/12\/2022\/04\/logo.png","contentUrl":"https:\/\/italwaxfrance.fr\/particulier\/wp-content\/uploads\/sites\/12\/2022\/04\/logo.png","width":334,"height":158,"caption":"Italwax France"},"image":{"@id":"https:\/\/italwaxfrance.fr\/particulier\/#\/schema\/logo\/image\/"},"sameAs":["https:\/\/www.instagram.com\/italwaxfrance\/","https:\/\/www.youtube.com\/@ItalwaxMedia"]}]}},"_links":{"self":[{"href":"https:\/\/italwaxfrance.fr\/particulier\/wp-json\/wp\/v2\/product\/1033","targetHints":{"allow":["GET"]}}],"collection":[{"href":"https:\/\/italwaxfrance.fr\/particulier\/wp-json\/wp\/v2\/product"}],"about":[{"href":"https:\/\/italwaxfrance.fr\/particulier\/wp-json\/wp\/v2\/types\/product"}],"replies":[{"embeddable":true,"href":"https:\/\/italwaxfrance.fr\/particulier\/wp-json\/wp\/v2\/comments?post=1033"}],"wp:featuredmedia":[{"embeddable":true,"href":"https:\/\/italwaxfrance.fr\/particulier\/wp-json\/wp\/v2\/media\/1040"}],"wp:attachment":[{"href":"https:\/\/italwaxfrance.fr\/particulier\/wp-json\/wp\/v2\/media?parent=1033"}],"wp:term":[{"taxonomy":"product_brand","embeddable":true,"href":"https:\/\/italwaxfrance.fr\/particulier\/wp-json\/wp\/v2\/product_brand?post=1033"},{"taxonomy":"product_cat","embeddable":true,"href":"https:\/\/italwaxfrance.fr\/particulier\/wp-json\/wp\/v2\/product_cat?post=1033"},{"taxonomy":"product_tag","embeddable":true,"href":"https:\/\/italwaxfrance.fr\/particulier\/wp-json\/wp\/v2\/product_tag?post=1033"}],"curies":[{"name":"wp","href":"https:\/\/api.w.org\/{rel}","templated":true}]}}