{"id":399,"date":"2022-04-04T15:32:24","date_gmt":"2022-04-04T12:32:24","guid":{"rendered":"https:\/\/www.italwaxfrance.fr\/particulier\/?page_id=399"},"modified":"2025-07-08T15:29:51","modified_gmt":"2025-07-08T12:29:51","slug":"politique-de-confidentialite","status":"publish","type":"page","link":"https:\/\/italwaxfrance.fr\/particulier\/politique-de-confidentialite\/","title":{"rendered":"Mentions l\u00e9gales"},"content":{"rendered":"\t\t<div data-elementor-type=\"wp-page\" data-elementor-id=\"399\" class=\"elementor elementor-399\">\n\t\t\t\t\t\t<section class=\"elementor-section elementor-top-section elementor-element elementor-element-ea36b10 elementor-section-boxed elementor-section-height-default elementor-section-height-default\" data-id=\"ea36b10\" data-element_type=\"section\" data-e-type=\"section\" data-settings=\"{&quot;background_background&quot;:&quot;classic&quot;}\">\n\t\t\t\t\t\t<div class=\"elementor-container elementor-column-gap-default\">\n\t\t\t\t\t<div class=\"elementor-column elementor-col-100 elementor-top-column elementor-element elementor-element-52f482f\" data-id=\"52f482f\" data-element_type=\"column\" data-e-type=\"column\">\n\t\t\t<div class=\"elementor-widget-wrap elementor-element-populated\">\n\t\t\t\t\t\t<div class=\"elementor-element elementor-element-3dd6c15 elementor-widget elementor-widget-heading\" data-id=\"3dd6c15\" data-element_type=\"widget\" data-e-type=\"widget\" data-widget_type=\"heading.default\">\n\t\t\t\t<div class=\"elementor-widget-container\">\n\t\t\t\t\t<h1 class=\"elementor-heading-title elementor-size-default\">Mentions l\u00e9gales<\/h1>\t\t\t\t<\/div>\n\t\t\t\t<\/div>\n\t\t\t\t<div class=\"elementor-element elementor-element-178ae62 elementor-widget-divider--view-line elementor-widget elementor-widget-divider\" data-id=\"178ae62\" data-element_type=\"widget\" data-e-type=\"widget\" data-widget_type=\"divider.default\">\n\t\t\t\t<div class=\"elementor-widget-container\">\n\t\t\t\t\t\t\t<div class=\"elementor-divider\">\n\t\t\t<span class=\"elementor-divider-separator\">\n\t\t\t\t\t\t<\/span>\n\t\t<\/div>\n\t\t\t\t\t\t<\/div>\n\t\t\t\t<\/div>\n\t\t\t\t<div class=\"elementor-element elementor-element-0a0d5dd elementor-widget elementor-widget-text-editor\" data-id=\"0a0d5dd\" data-element_type=\"widget\" data-e-type=\"widget\" data-widget_type=\"text-editor.default\">\n\t\t\t\t<div class=\"elementor-widget-container\">\n\t\t\t\t\t\t\t\t\t<p><strong>Editeur<\/strong><\/p>\n<p><strong>Italwax SARL<\/strong><br>55 Rue Emile Zola, 69150 D\u00e9cines-Charpieu<br><\/p>\n<p>T\u00e9l : 06 42 43 95 24<br>Email : contact@italwaxfrance.fr<br>Num\u00e9ro SIRET : 913 286 878 00016<br>N\u00b0 TVA : FR04913286878<br>RCS : 913 286 878<\/p>\n<p>Cr\u00e9dits : Le concept et la production de ce site internet a \u00e9t\u00e9 r\u00e9alis\u00e9 en utilisant la solution open-source WordPress\u2122 .<\/p>\n<p><strong>H\u00e9bergement<\/strong><\/p>\n<p><strong>H\u00e9bergeur<\/strong> : OVH<br><strong>Raison sociale<\/strong> : OVH SAS<br><strong>Si\u00e8ge social<\/strong> : 2 rue Kellermann \u2013 59100 Roubaix \u2013 France<\/p>\n<p><strong>RCS<\/strong> 424 761 419<\/p>\n<p><strong>Conception et r\u00e9alisation du site internet<\/strong><\/p>\n<p>Italwax SARL<\/p>\n<p><strong>HYPERLIENS EN PROVENANCE DU SITE<\/strong><\/p>\n<p>Le Site peut contenir des liens hypertextes vers d\u2019autres sites pr\u00e9sents sur le r\u00e9seau Internet. Les liens vers ces autres Sites sont susceptibles de vous faire quitter notre Site.<\/p>\n<p>ITALWAX SARL n&rsquo;est pas responsable du contenu d&rsquo;un site g\u00e9r\u00e9 par un tiers et auquel il peut \u00eatre acc\u00e9d\u00e9 depuis le Site. ITALWAX SARL n&rsquo;accepte aucune obligation, ne donne aucune garantie et d\u00e9cline toute responsabilit\u00e9 concernant le contenu d&rsquo;un autre site internet.<\/p>\n<p><strong>Propri\u00e9t\u00e9 intellectuelle<\/strong><\/p>\n<p>Toutes les donn\u00e9es, marques, textes, logos, images, photos, ou tout autre contenu du site fait l&rsquo;objet d&rsquo;une protection au titre du droit de la propri\u00e9t\u00e9 intellectuelle.<\/p>\n<p><strong>Donn\u00e9es personnelles<\/strong><\/p>\n<p>Toute information personnelle transmise \u00e0 ITALWAX SARL est soumise aux dispositions de la Loi n\u00b0 78-17 Informatique et Libert\u00e9s du 06\/01\/1978. A ce titre, vous disposez d\u2019un droit d\u2019acc\u00e8s, de rectification et de suppression des informations personnelles vous concernant que vous pouvez exercer \u00e0 tout moment par \u00e9crit \u00e0 l\u2019adresse suivante :<\/p>\n<p><strong>Italwax SARL<\/strong><br><\/p><p>55 Rue Emile Zola, 69150 D\u00e9cines-Charpieu<\/p><p>contact@italwaxfrance.fr<\/p>\t\t\t\t\t\t\t\t<\/div>\n\t\t\t\t<\/div>\n\t\t\t\t\t<\/div>\n\t\t<\/div>\n\t\t\t\t\t<\/div>\n\t\t<\/section>\n\t\t\t\t<\/div>\n\t\t","protected":false},"excerpt":{"rendered":"<p>Mentions l\u00e9gales Editeur Italwax SARL55 Rue Emile Zola, 69150 D\u00e9cines-Charpieu T\u00e9l : 06 42 43 95 24Email : contact@italwaxfrance.frNum\u00e9ro SIRET : 913 286 878 00016N\u00b0 TVA : FR04913286878RCS : 913 286 878 Cr\u00e9dits : Le concept et la production de ce site internet a \u00e9t\u00e9 r\u00e9alis\u00e9 en utilisant la solution open-source WordPress\u2122 . H\u00e9bergement H\u00e9bergeur&#8230; <a href=\"https:\/\/italwaxfrance.fr\/particulier\/politique-de-confidentialite\/\">Read More<\/a><\/p>\n","protected":false},"author":1,"featured_media":0,"parent":0,"menu_order":0,"comment_status":"closed","ping_status":"closed","template":"","meta":{"footnotes":""},"class_list":["post-399","page","type-page","status-publish","hentry"],"yoast_head":"<!-- This site is optimized with the Yoast SEO Premium plugin v27.2 (Yoast SEO v27.5) - https:\/\/yoast.com\/product\/yoast-seo-premium-wordpress\/ -->\n<title>Mentions l\u00e9gales - Italwax France Particulier<\/title>\n<meta name=\"robots\" content=\"index, follow, max-snippet:-1, max-image-preview:large, max-video-preview:-1\" \/>\n<link rel=\"canonical\" href=\"https:\/\/italwaxfrance.fr\/particulier\/politique-de-confidentialite\/\" \/>\n<meta property=\"og:locale\" content=\"fr_FR\" \/>\n<meta property=\"og:type\" content=\"article\" \/>\n<meta property=\"og:title\" content=\"Mentions l\u00e9gales\" \/>\n<meta property=\"og:description\" content=\"Mentions l\u00e9gales Editeur Italwax SARL55 Rue Emile Zola, 69150 D\u00e9cines-Charpieu T\u00e9l : 06 42 43 95 24Email : contact@italwaxfrance.frNum\u00e9ro SIRET : 913 286 878 00016N\u00b0 TVA : FR04913286878RCS : 913 286 878 Cr\u00e9dits : Le concept et la production de ce site internet a \u00e9t\u00e9 r\u00e9alis\u00e9 en utilisant la solution open-source WordPress\u2122 . H\u00e9bergement H\u00e9bergeur... Read More\" \/>\n<meta property=\"og:url\" content=\"https:\/\/italwaxfrance.fr\/particulier\/politique-de-confidentialite\/\" \/>\n<meta property=\"og:site_name\" content=\"Italwax France Particulier\" \/>\n<meta property=\"article:modified_time\" content=\"2025-07-08T12:29:51+00:00\" \/>\n<meta property=\"og:image\" content=\"https:\/\/italwaxfrance.fr\/particulier\/wp-content\/uploads\/sites\/12\/2022\/04\/logo.png\" \/>\n\t<meta property=\"og:image:width\" content=\"334\" \/>\n\t<meta property=\"og:image:height\" content=\"158\" \/>\n\t<meta property=\"og:image:type\" content=\"image\/png\" \/>\n<meta name=\"twitter:card\" content=\"summary_large_image\" \/>\n<meta name=\"twitter:label1\" content=\"Dur\u00e9e de lecture estim\u00e9e\" \/>\n\t<meta name=\"twitter:data1\" content=\"2 minutes\" \/>\n<script type=\"application\/ld+json\" class=\"yoast-schema-graph\">{\"@context\":\"https:\\\/\\\/schema.org\",\"@graph\":[{\"@type\":\"WebPage\",\"@id\":\"https:\\\/\\\/italwaxfrance.fr\\\/particulier\\\/politique-de-confidentialite\\\/\",\"url\":\"https:\\\/\\\/italwaxfrance.fr\\\/particulier\\\/politique-de-confidentialite\\\/\",\"name\":\"Mentions l\u00e9gales - Italwax France Particulier\",\"isPartOf\":{\"@id\":\"https:\\\/\\\/italwaxfrance.fr\\\/particulier\\\/#website\"},\"datePublished\":\"2022-04-04T12:32:24+00:00\",\"dateModified\":\"2025-07-08T12:29:51+00:00\",\"breadcrumb\":{\"@id\":\"https:\\\/\\\/italwaxfrance.fr\\\/particulier\\\/politique-de-confidentialite\\\/#breadcrumb\"},\"inLanguage\":\"fr-FR\",\"potentialAction\":[{\"@type\":\"ReadAction\",\"target\":[\"https:\\\/\\\/italwaxfrance.fr\\\/particulier\\\/politique-de-confidentialite\\\/\"]}]},{\"@type\":\"BreadcrumbList\",\"@id\":\"https:\\\/\\\/italwaxfrance.fr\\\/particulier\\\/politique-de-confidentialite\\\/#breadcrumb\",\"itemListElement\":[{\"@type\":\"ListItem\",\"position\":1,\"name\":\"Accueil\",\"item\":\"https:\\\/\\\/italwaxfrance.fr\\\/particulier\\\/\"},{\"@type\":\"ListItem\",\"position\":2,\"name\":\"Mentions l\u00e9gales\"}]},{\"@type\":\"WebSite\",\"@id\":\"https:\\\/\\\/italwaxfrance.fr\\\/particulier\\\/#website\",\"url\":\"https:\\\/\\\/italwaxfrance.fr\\\/particulier\\\/\",\"name\":\"Italwax France Particulier\",\"description\":\"Cosm\u00e9tiques professionnels\",\"publisher\":{\"@id\":\"https:\\\/\\\/italwaxfrance.fr\\\/particulier\\\/#organization\"},\"potentialAction\":[{\"@type\":\"SearchAction\",\"target\":{\"@type\":\"EntryPoint\",\"urlTemplate\":\"https:\\\/\\\/italwaxfrance.fr\\\/particulier\\\/?s={search_term_string}\"},\"query-input\":{\"@type\":\"PropertyValueSpecification\",\"valueRequired\":true,\"valueName\":\"search_term_string\"}}],\"inLanguage\":\"fr-FR\"},{\"@type\":\"Organization\",\"@id\":\"https:\\\/\\\/italwaxfrance.fr\\\/particulier\\\/#organization\",\"name\":\"Italwax France\",\"url\":\"https:\\\/\\\/italwaxfrance.fr\\\/particulier\\\/\",\"logo\":{\"@type\":\"ImageObject\",\"inLanguage\":\"fr-FR\",\"@id\":\"https:\\\/\\\/italwaxfrance.fr\\\/particulier\\\/#\\\/schema\\\/logo\\\/image\\\/\",\"url\":\"https:\\\/\\\/italwaxfrance.fr\\\/particulier\\\/wp-content\\\/uploads\\\/sites\\\/12\\\/2022\\\/04\\\/logo.png\",\"contentUrl\":\"https:\\\/\\\/italwaxfrance.fr\\\/particulier\\\/wp-content\\\/uploads\\\/sites\\\/12\\\/2022\\\/04\\\/logo.png\",\"width\":334,\"height\":158,\"caption\":\"Italwax France\"},\"image\":{\"@id\":\"https:\\\/\\\/italwaxfrance.fr\\\/particulier\\\/#\\\/schema\\\/logo\\\/image\\\/\"},\"sameAs\":[\"https:\\\/\\\/www.instagram.com\\\/italwaxfrance\\\/\",\"https:\\\/\\\/www.youtube.com\\\/@ItalwaxMedia\"]}]}<\/script>\n<!-- \/ Yoast SEO Premium plugin. -->","yoast_head_json":{"title":"Mentions l\u00e9gales - Italwax France Particulier","robots":{"index":"index","follow":"follow","max-snippet":"max-snippet:-1","max-image-preview":"max-image-preview:large","max-video-preview":"max-video-preview:-1"},"canonical":"https:\/\/italwaxfrance.fr\/particulier\/politique-de-confidentialite\/","og_locale":"fr_FR","og_type":"article","og_title":"Mentions l\u00e9gales","og_description":"Mentions l\u00e9gales Editeur Italwax SARL55 Rue Emile Zola, 69150 D\u00e9cines-Charpieu T\u00e9l : 06 42 43 95 24Email : contact@italwaxfrance.frNum\u00e9ro SIRET : 913 286 878 00016N\u00b0 TVA : FR04913286878RCS : 913 286 878 Cr\u00e9dits : Le concept et la production de ce site internet a \u00e9t\u00e9 r\u00e9alis\u00e9 en utilisant la solution open-source WordPress\u2122 . H\u00e9bergement H\u00e9bergeur... Read More","og_url":"https:\/\/italwaxfrance.fr\/particulier\/politique-de-confidentialite\/","og_site_name":"Italwax France Particulier","article_modified_time":"2025-07-08T12:29:51+00:00","og_image":[{"width":334,"height":158,"url":"https:\/\/italwaxfrance.fr\/particulier\/wp-content\/uploads\/sites\/12\/2022\/04\/logo.png","type":"image\/png"}],"twitter_card":"summary_large_image","twitter_misc":{"Dur\u00e9e de lecture estim\u00e9e":"2 minutes"},"schema":{"@context":"https:\/\/schema.org","@graph":[{"@type":"WebPage","@id":"https:\/\/italwaxfrance.fr\/particulier\/politique-de-confidentialite\/","url":"https:\/\/italwaxfrance.fr\/particulier\/politique-de-confidentialite\/","name":"Mentions l\u00e9gales - Italwax France Particulier","isPartOf":{"@id":"https:\/\/italwaxfrance.fr\/particulier\/#website"},"datePublished":"2022-04-04T12:32:24+00:00","dateModified":"2025-07-08T12:29:51+00:00","breadcrumb":{"@id":"https:\/\/italwaxfrance.fr\/particulier\/politique-de-confidentialite\/#breadcrumb"},"inLanguage":"fr-FR","potentialAction":[{"@type":"ReadAction","target":["https:\/\/italwaxfrance.fr\/particulier\/politique-de-confidentialite\/"]}]},{"@type":"BreadcrumbList","@id":"https:\/\/italwaxfrance.fr\/particulier\/politique-de-confidentialite\/#breadcrumb","itemListElement":[{"@type":"ListItem","position":1,"name":"Accueil","item":"https:\/\/italwaxfrance.fr\/particulier\/"},{"@type":"ListItem","position":2,"name":"Mentions l\u00e9gales"}]},{"@type":"WebSite","@id":"https:\/\/italwaxfrance.fr\/particulier\/#website","url":"https:\/\/italwaxfrance.fr\/particulier\/","name":"Italwax France Particulier","description":"Cosm\u00e9tiques professionnels","publisher":{"@id":"https:\/\/italwaxfrance.fr\/particulier\/#organization"},"potentialAction":[{"@type":"SearchAction","target":{"@type":"EntryPoint","urlTemplate":"https:\/\/italwaxfrance.fr\/particulier\/?s={search_term_string}"},"query-input":{"@type":"PropertyValueSpecification","valueRequired":true,"valueName":"search_term_string"}}],"inLanguage":"fr-FR"},{"@type":"Organization","@id":"https:\/\/italwaxfrance.fr\/particulier\/#organization","name":"Italwax France","url":"https:\/\/italwaxfrance.fr\/particulier\/","logo":{"@type":"ImageObject","inLanguage":"fr-FR","@id":"https:\/\/italwaxfrance.fr\/particulier\/#\/schema\/logo\/image\/","url":"https:\/\/italwaxfrance.fr\/particulier\/wp-content\/uploads\/sites\/12\/2022\/04\/logo.png","contentUrl":"https:\/\/italwaxfrance.fr\/particulier\/wp-content\/uploads\/sites\/12\/2022\/04\/logo.png","width":334,"height":158,"caption":"Italwax France"},"image":{"@id":"https:\/\/italwaxfrance.fr\/particulier\/#\/schema\/logo\/image\/"},"sameAs":["https:\/\/www.instagram.com\/italwaxfrance\/","https:\/\/www.youtube.com\/@ItalwaxMedia"]}]}},"_links":{"self":[{"href":"https:\/\/italwaxfrance.fr\/particulier\/wp-json\/wp\/v2\/pages\/399","targetHints":{"allow":["GET"]}}],"collection":[{"href":"https:\/\/italwaxfrance.fr\/particulier\/wp-json\/wp\/v2\/pages"}],"about":[{"href":"https:\/\/italwaxfrance.fr\/particulier\/wp-json\/wp\/v2\/types\/page"}],"author":[{"embeddable":true,"href":"https:\/\/italwaxfrance.fr\/particulier\/wp-json\/wp\/v2\/users\/1"}],"replies":[{"embeddable":true,"href":"https:\/\/italwaxfrance.fr\/particulier\/wp-json\/wp\/v2\/comments?post=399"}],"version-history":[{"count":24,"href":"https:\/\/italwaxfrance.fr\/particulier\/wp-json\/wp\/v2\/pages\/399\/revisions"}],"predecessor-version":[{"id":1961,"href":"https:\/\/italwaxfrance.fr\/particulier\/wp-json\/wp\/v2\/pages\/399\/revisions\/1961"}],"wp:attachment":[{"href":"https:\/\/italwaxfrance.fr\/particulier\/wp-json\/wp\/v2\/media?parent=399"}],"curies":[{"name":"wp","href":"https:\/\/api.w.org\/{rel}","templated":true}]}}