{"id":390,"date":"2022-04-04T15:23:58","date_gmt":"2022-04-04T12:23:58","guid":{"rendered":"https:\/\/www.italwaxfrance.fr\/particulier\/?page_id=390"},"modified":"2025-07-08T15:29:40","modified_gmt":"2025-07-08T12:29:40","slug":"livraison-et-retour","status":"publish","type":"page","link":"https:\/\/italwaxfrance.fr\/particulier\/livraison-et-retour\/","title":{"rendered":"CGV"},"content":{"rendered":"\t\t<div data-elementor-type=\"wp-page\" data-elementor-id=\"390\" class=\"elementor elementor-390\">\n\t\t\t\t\t\t<section class=\"elementor-section elementor-top-section elementor-element elementor-element-ea36b10 elementor-section-boxed elementor-section-height-default elementor-section-height-default\" data-id=\"ea36b10\" data-element_type=\"section\" data-e-type=\"section\" data-settings=\"{&quot;background_background&quot;:&quot;classic&quot;}\">\n\t\t\t\t\t\t<div class=\"elementor-container elementor-column-gap-default\">\n\t\t\t\t\t<div class=\"elementor-column elementor-col-100 elementor-top-column elementor-element elementor-element-52f482f\" data-id=\"52f482f\" data-element_type=\"column\" data-e-type=\"column\">\n\t\t\t<div class=\"elementor-widget-wrap elementor-element-populated\">\n\t\t\t\t\t\t<div class=\"elementor-element elementor-element-3dd6c15 elementor-widget elementor-widget-heading\" data-id=\"3dd6c15\" data-element_type=\"widget\" data-e-type=\"widget\" data-widget_type=\"heading.default\">\n\t\t\t\t<div class=\"elementor-widget-container\">\n\t\t\t\t\t<h1 class=\"elementor-heading-title elementor-size-default\">CGV<\/h1>\t\t\t\t<\/div>\n\t\t\t\t<\/div>\n\t\t\t\t<div class=\"elementor-element elementor-element-178ae62 elementor-widget-divider--view-line elementor-widget elementor-widget-divider\" data-id=\"178ae62\" data-element_type=\"widget\" data-e-type=\"widget\" data-widget_type=\"divider.default\">\n\t\t\t\t<div class=\"elementor-widget-container\">\n\t\t\t\t\t\t\t<div class=\"elementor-divider\">\n\t\t\t<span class=\"elementor-divider-separator\">\n\t\t\t\t\t\t<\/span>\n\t\t<\/div>\n\t\t\t\t\t\t<\/div>\n\t\t\t\t<\/div>\n\t\t\t\t<div class=\"elementor-element elementor-element-90ea902 elementor-widget elementor-widget-text-editor\" data-id=\"90ea902\" data-element_type=\"widget\" data-e-type=\"widget\" data-widget_type=\"text-editor.default\">\n\t\t\t\t<div class=\"elementor-widget-container\">\n\t\t\t\t\t\t\t\t\t<p><span style=\"font-weight: 400;\">L<\/span><span style=\"font-weight: 400;\">\u02bc<\/span><span style=\"font-weight: 400;\">ensemble des commandes qui nous sont remises et les march\u00e9s que nous traitons sont soumis, sans exception, aux conditions g\u00e9n\u00e9rales ci-apr\u00e8s.<\/span><\/p>\n<p><b>ACCEPTATION DES COMMANDES, LES PRIX<\/b><\/p>\n<p><span style=\"font-weight: 400;\">Toute commande qui nous est transmise directement par l<\/span><span style=\"font-weight: 400;\">\u02bc<\/span><span style=\"font-weight: 400;\">acheteur ne devient d\u00e9finitive qu\u2019apr\u00e8s acceptation \u00e9crite de notre part. L<\/span><span style=\"font-weight: 400;\">\u02bc<\/span><span style=\"font-weight: 400;\">acceptation par le vendeur confirme la commande. En cas d&rsquo;indisponibilit\u00e9 du produit command\u00e9, le Client en sera inform\u00e9 au plus t\u00f4t et aura la possibilit\u00e9 d&rsquo;annuler sa commande. Il aura alors le choix de demander soit l&rsquo;\u00e9change du produit, soit le remboursement des sommes dans les 30 jours \u00e0 compter de la date de demande.<\/span><\/p>\n<p><span style=\"font-weight: 400;\">Les prix communiqu\u00e9s figurant dans le pr\u00e9sent site sont hors taxes (H.T.) et, sauf conditions particuli\u00e8res, les frais de transport doivent \u00eatre pay\u00e9s \u00e0 la vente. Les prix sont modifiables sans pr\u00e9avis.&nbsp;<\/span><\/p>\n<p><b>PAIEMENT &amp; RETARD DE PAIEMENT<\/b><\/p>\n<p><span style=\"font-weight: 400;\">Les modes de paiement propos\u00e9s sont le paiement par carte de cr\u00e9dit, par PayPal et par virement bancaire. Le cas \u00e9ch\u00e9ant,&nbsp;d\u2019autres modes de paiement vous seront indiqu\u00e9s au plus tard au d\u00e9but&nbsp;du processus de commande. Nous nous r\u00e9servons le droit de modifier les modes de paiement disponibles sans notification pr\u00e9alable.<\/span><\/p>\n<p><span style=\"font-weight: 400;\">En cas de retard de paiement de l<\/span><span style=\"font-weight: 400;\">\u02bc<\/span><span style=\"font-weight: 400;\">une des sommes dues au titre d<\/span><span style=\"font-weight: 400;\">\u02bc<\/span><span style=\"font-weight: 400;\">une commande de l<\/span><span style=\"font-weight: 400;\">\u02bc<\/span><span style=\"font-weight: 400;\">acheteur, le taux de p\u00e9nalit\u00e9 de retard de paiement est \u00e9gal \u00e0 5 % du montant TTC de la cr\u00e9ance impay\u00e9e.,<\/span><\/p>\n<p><b>LIVRAISONS<\/b><\/p>\n<p><span style=\"font-weight: 400;\">LIVRAISON UNIQUEMENT EN FRANCE&nbsp;<\/span><span style=\"font-weight: 400;\">METROPOLITAINE<\/span><span style=\"font-weight: 400;\">. Pour les autres pays ou r\u00e9gions du monde, contactez-nous&nbsp;<\/span><a href=\"mailto:contact@italwaxfrance.fr\"><span style=\"font-weight: 400;\">contact@italwaxfrance.fr<\/span><\/a> <span style=\"font-weight: 400;\">&nbsp;, nous allons vous mettre en relations avec le distributeur dans votre pays.<\/span><\/p>\n<p><span style=\"font-weight: 400;\">Nos d\u00e9lais de livraison sont donn\u00e9s \u00e0 titre indicatif.&nbsp;Sauf cas particuliers (jours f\u00e9ri\u00e9s, ponts, etc.), le d\u00e9lai moyen pour les livraisons varie entre 2 et 5 jours.<\/span><b>&nbsp;<\/b><span style=\"font-weight: 400;\">Les retards \u00e9ventuels ne peuvent entra\u00eener l<\/span><span style=\"font-weight: 400;\">\u02bc<\/span><span style=\"font-weight: 400;\">annulation de la vente.&nbsp;<\/span><\/p>\n<p><span style=\"font-weight: 400;\">V\u00e9rifiez toujours votre colis \u00e0 l\u2019arriv\u00e9e. Vous disposez d\u2019un d\u00e9lai de 48 heures pour faire d\u2019\u00e9ventuelles r\u00e9serves aupr\u00e8s du transporteur en cas de manquant ou de d\u00e9gradation.&nbsp;<\/span><\/p>\n<p><span style=\"font-weight: 400;\">Les Produits livr\u00e9s au Client demeurent la propri\u00e9t\u00e9 de ITALWAX SARL tant que le Client n\u2019a pas pay\u00e9 l\u2019int\u00e9gralit\u00e9 du prix en principal et accessoires, d\u00fb au titre de sa commande.<\/span><\/p>\n<p><span style=\"font-weight: 400;\">Le Paiement au sens de la pr\u00e9sente clause s\u2019entendant par l\u2019encaissement effectif du prix par ITALWAX SARL.<\/span><\/p>\n<p><span style=\"font-weight: 400;\">Le transfert des risques prend effet d\u00e8s la livraison effective des produits command\u00e9s sur le site.<\/span><\/p>\n<p><b>RETOUR DE MAT\u00c9RIEL<\/b><\/p>\n<p><span style=\"font-weight: 400;\">Le client dispose d<\/span><span style=\"font-weight: 400;\">\u02bc<\/span><span style=\"font-weight: 400;\">un d\u00e9lai de&nbsp;<\/span><b>14 jours<\/b><span style=\"font-weight: 400;\">&nbsp;\u00e0 compter de la date de r\u00e9ception des marchandises pour nous renvoyer un \u00e9quipement. Dans tous les cas, ce retour de mat\u00e9riel devra \u00eatre accompagn\u00e9 d<\/span><span style=\"font-weight: 400;\">\u02bc<\/span><span style=\"font-weight: 400;\">un bon de livraison rappelant notre n\u00b0 de commande, \u00eatre en port pay\u00e9 et \u00eatre fait en emballage d<\/span><span style=\"font-weight: 400;\">\u02bc<\/span><span style=\"font-weight: 400;\">origine. Le non respect des conditions ci-dessus entra\u00eenera \u00e0 notre gr\u00e9 soit le refus du retour, soit la reprise du mat\u00e9riel avec une r\u00e9faction de 25 % sur le prix auquel ce dernier a \u00e9t\u00e9 factur\u00e9.<\/span><\/p>\n<p><b>GARANTIE<\/b><\/p>\n<p><span style=\"font-weight: 400;\">ITALWAX SARL offre une garantie seulement sur les appareils \u00e9lectriques. Cette garantie s\u2019applique aux d\u00e9fauts de production et ne s\u2019applique pas aux dommages caus\u00e9s, entre autres, par abus, mauvaise utilisation, trempage, installation non autoris\u00e9e. S\u2019il est prouv\u00e9 que l\u2019appareil \u00e9lectrique a \u00e9t\u00e9 endommag\u00e9 par le client, la garantie sera imm\u00e9diatement annul\u00e9e. La p\u00e9riode de garantie commence \u00e0 la date d\u2019achat.&nbsp;<\/span><span style=\"font-weight: 400;\"><br><\/span><span style=\"font-weight: 400;\"><br><\/span><span style=\"font-weight: 400;\">En cas de r\u00e9clamation pendant la p\u00e9riode de garantie, le client doit effectuer une demande par \u00e9crit au Service Commercial contact@italwaxfrance.fr pr\u00e9cisant la nature du probl\u00e8me. Si besoin, l\u2019e-mail doit \u00e9galement inclure des photos des dommages.<\/span><\/p>\n<p><span style=\"font-weight: 400;\">La facture ITALWAX SARL est le seul document valable comme garantie.<\/span><\/p>\n<p><span style=\"font-weight: 400;\">Les mat\u00e9riels neufs sont garantis conform\u00e9ment aux mentions port\u00e9es dans la commande et dans la limite de la garantie des fabricants. La garantie est octroy\u00e9e pour les mat\u00e9riels neufs et porte sur les d\u00e9fectuosit\u00e9s et vices de construction.<\/span><\/p>\n<p><span style=\"font-weight: 400;\">En aucun cas ITALWAX SARL est responsable des d\u00e9fectuosit\u00e9s r\u00e9sultant d\u2019une mauvaise utilisation, d\u2019absence d\u2019entretien, de l\u2019utilisation de produits d\u2019entretien autres que ceux pr\u00e9conis\u00e9s par le fabricant ou de l\u2019usure naturelle de l\u2019article. La garantie se limite au remplacement gratuit de toute pi\u00e8ce d\u00e9fectueuse. La garantie ne peut s\u2019appliquer qu\u2019\u00e0 la condition expresse que le client ait fait un usage normal du mat\u00e9riel, qu\u2019il ne l\u2019ait pas lui-m\u00eame, ou par personne interpos\u00e9e, directement ou indirectement modifi\u00e9 ou tent\u00e9 de les modifier.<\/span><\/p>\n<p><span style=\"font-weight: 400;\">Les d\u00e9placements de service apr\u00e8s-vente ne sont pas couvert par la garantie et resteront \u00e0 la charge du client.<\/span><\/p>\n<p><span style=\"font-weight: 400;\">La garantie cessera de plein droit, sans mise en demeure, ni formalit\u00e9s quelconque, si le client n\u2019a pas satisfait \u00e0 ses obligations de paiement.<\/span><\/p>\n<p><b>COMPTE UTILISATEUR \/ COMPTE CLIENT<\/b><\/p>\n<p><span style=\"font-weight: 400;\">Afin de pouvoir consulter les tarifs et passer commande sur la boutique en ligne italwaxfrance.fr, l&rsquo;internaute doit cr\u00e9er un compte utilisateur en remplissant scrupuleusement un formulaire d&rsquo;inscription. Les informations communiqu\u00e9es sont utilis\u00e9es pour le traitement et le suivi des commandes, le SAV et la relation client.<\/span><span style=\"font-weight: 400;\"><br><\/span><span style=\"font-weight: 400;\">Ces informations pourront \u00e9galement \u00eatre utilis\u00e9es pour des actions marketing (emails promotionnels, relances paniers abandonn\u00e9s par email ou SMS&#8230;). En application de la loi du 6\/01\/78 relative \u00e0 l&rsquo;informatique, aux fichiers et aux libert\u00e9s modifi\u00e9e, vous disposez des droits d&rsquo;opposition, d&rsquo;acc\u00e8s et de rectification des donn\u00e9es vous concernant ; vous pouvez les exercer en \u00e9crivant \u00e0 Italwax SARL &#8211;&nbsp;<\/span><span style=\"font-weight: 400;\">55 Rue Emile Zola, 69150 D\u00e9<\/span><span style=\"font-weight: 400;\">cines-Charpieu<\/span><span style=\"font-weight: 400;\">&nbsp;ou contact@italwaxfrance.fr.<\/span><span style=\"font-weight: 400;\"><br><\/span><span style=\"font-weight: 400;\">Pour vous d\u00e9sabonner de toutes les communications commerciales envoy\u00e9es par Italwax SARL par email et\/ou par SMS, contacez&nbsp; contact@italwaxfrance.fr&nbsp;en pr\u00e9cisant stop email ou stop SMS dans votre message.<\/span><\/p>\n<p><b>INFORMATIQUE ET LIBERTES<\/b><\/p>\n<p><span style=\"font-weight: 400;\">Italwax SARL se r\u00e9serve le droit de collecter des donn\u00e9es sur l\u2019Utilisateur, notamment par l\u2019utilisation de cookies. L\u2019internaute a la possibilit\u00e9 de refuser ces cookies en activant cette option sur son navigateur, ou de les supprimer sachant que l\u2019utilisation du site pourra s\u2019en trouver limit\u00e9e.<\/span><\/p>\n<p><span style=\"font-weight: 400;\">Italwax SARL pourra ensuite utiliser ces donn\u00e9es personnelles afin de mieux informer les internautes sur les produits et les offres commerciales d\u2019 Italwax SARL ou sur toute op\u00e9ration li\u00e9e \u00e0 des jeux concours notamment. Italwax SARL s\u2019engage \u00e0 ne pas transmettre l\u2019identit\u00e9 et les coordonn\u00e9es des utilisateurs des services \u00e0 un partenaire commercial \u00e9tranger \u00e0 la soci\u00e9t\u00e9 Italwax SARL.<\/span><\/p>\n<p><span style=\"font-weight: 400;\">L\u2019utilisateur est inform\u00e9 qu\u2019il peut choisir \u00e0 tout moment de ne plus recevoir de messages commerciaux en cliquant sur le lien de d\u00e9sabonnement figurant en bas de chacun des emails.<\/span><\/p>\n<p><span style=\"font-weight: 400;\">Conform\u00e9ment \u00e0 l\u2019article 27 de la loi fran\u00e7aise Informatique, Fichiers et Libert\u00e9s du 6 janvier 1978, l\u2019internaute dispose d\u2019un droit d\u2019acc\u00e8s et de rectification relatif aux donn\u00e9es le concernant, droit qu\u2019il peut exercer en \u00e9crivant \u00e0&nbsp;:&nbsp;<\/span><a href=\"mailto:contact@italwaxfrance.fr\"><span style=\"font-weight: 400;\">contact@italwaxfrance.fr<\/span><\/a><span style=\"font-weight: 400;\">&nbsp;<\/span><\/p>\n<p><b>NON VALIDATION PARTIELLE<\/b><\/p>\n<p><span style=\"font-weight: 400;\">Si une ou plusieurs stipulations des CGV sont tenues pour non valides ou d\u00e9clar\u00e9es telles en application d\u2019une loi, d\u2019un r\u00e8glement ou \u00e0 la suite d\u2019une d\u00e9cision d\u00e9finitive d\u2019une juridiction comp\u00e9tente, les autres stipulations garderont toute leur force et leur port\u00e9e.&nbsp;<\/span><\/p>\n<p><b>LOI APPLICABLE<\/b><\/p>\n<p><span style=\"font-weight: 400;\">Les CGV sont soumises au droit fran\u00e7ais. Les litiges seront de la comp\u00e9tence de la juridiction de LYON.<\/span><\/p>\t\t\t\t\t\t\t\t<\/div>\n\t\t\t\t<\/div>\n\t\t\t\t\t<\/div>\n\t\t<\/div>\n\t\t\t\t\t<\/div>\n\t\t<\/section>\n\t\t\t\t<\/div>\n\t\t","protected":false},"excerpt":{"rendered":"<p>CGV L\u02bcensemble des commandes qui nous sont remises et les march\u00e9s que nous traitons sont soumis, sans exception, aux conditions g\u00e9n\u00e9rales ci-apr\u00e8s. ACCEPTATION DES COMMANDES, LES PRIX Toute commande qui nous est transmise directement par l\u02bcacheteur ne devient d\u00e9finitive qu\u2019apr\u00e8s acceptation \u00e9crite de notre part. L\u02bcacceptation par le vendeur confirme la commande. En cas d&rsquo;indisponibilit\u00e9&#8230; <a href=\"https:\/\/italwaxfrance.fr\/particulier\/livraison-et-retour\/\">Read More<\/a><\/p>\n","protected":false},"author":1,"featured_media":0,"parent":0,"menu_order":0,"comment_status":"closed","ping_status":"closed","template":"","meta":{"footnotes":""},"class_list":["post-390","page","type-page","status-publish","hentry"],"yoast_head":"<!-- This site is optimized with the Yoast SEO Premium plugin v27.2 (Yoast SEO v27.5) - https:\/\/yoast.com\/product\/yoast-seo-premium-wordpress\/ -->\n<title>CGV - Italwax France Particulier<\/title>\n<meta name=\"robots\" content=\"index, follow, max-snippet:-1, max-image-preview:large, max-video-preview:-1\" \/>\n<link rel=\"canonical\" href=\"https:\/\/italwaxfrance.fr\/particulier\/livraison-et-retour\/\" \/>\n<meta property=\"og:locale\" content=\"fr_FR\" \/>\n<meta property=\"og:type\" content=\"article\" \/>\n<meta property=\"og:title\" content=\"CGV\" \/>\n<meta property=\"og:description\" content=\"CGV L\u02bcensemble des commandes qui nous sont remises et les march\u00e9s que nous traitons sont soumis, sans exception, aux conditions g\u00e9n\u00e9rales ci-apr\u00e8s. ACCEPTATION DES COMMANDES, LES PRIX Toute commande qui nous est transmise directement par l\u02bcacheteur ne devient d\u00e9finitive qu\u2019apr\u00e8s acceptation \u00e9crite de notre part. L\u02bcacceptation par le vendeur confirme la commande. En cas d&rsquo;indisponibilit\u00e9... Read More\" \/>\n<meta property=\"og:url\" content=\"https:\/\/italwaxfrance.fr\/particulier\/livraison-et-retour\/\" \/>\n<meta property=\"og:site_name\" content=\"Italwax France Particulier\" \/>\n<meta property=\"article:modified_time\" content=\"2025-07-08T12:29:40+00:00\" \/>\n<meta property=\"og:image\" content=\"https:\/\/italwaxfrance.fr\/particulier\/wp-content\/uploads\/sites\/12\/2022\/04\/logo.png\" \/>\n\t<meta property=\"og:image:width\" content=\"334\" \/>\n\t<meta property=\"og:image:height\" content=\"158\" \/>\n\t<meta property=\"og:image:type\" content=\"image\/png\" \/>\n<meta name=\"twitter:card\" content=\"summary_large_image\" \/>\n<meta name=\"twitter:label1\" content=\"Dur\u00e9e de lecture estim\u00e9e\" \/>\n\t<meta name=\"twitter:data1\" content=\"6 minutes\" \/>\n<script type=\"application\/ld+json\" class=\"yoast-schema-graph\">{\"@context\":\"https:\\\/\\\/schema.org\",\"@graph\":[{\"@type\":\"WebPage\",\"@id\":\"https:\\\/\\\/italwaxfrance.fr\\\/particulier\\\/livraison-et-retour\\\/\",\"url\":\"https:\\\/\\\/italwaxfrance.fr\\\/particulier\\\/livraison-et-retour\\\/\",\"name\":\"CGV - Italwax France Particulier\",\"isPartOf\":{\"@id\":\"https:\\\/\\\/italwaxfrance.fr\\\/particulier\\\/#website\"},\"datePublished\":\"2022-04-04T12:23:58+00:00\",\"dateModified\":\"2025-07-08T12:29:40+00:00\",\"breadcrumb\":{\"@id\":\"https:\\\/\\\/italwaxfrance.fr\\\/particulier\\\/livraison-et-retour\\\/#breadcrumb\"},\"inLanguage\":\"fr-FR\",\"potentialAction\":[{\"@type\":\"ReadAction\",\"target\":[\"https:\\\/\\\/italwaxfrance.fr\\\/particulier\\\/livraison-et-retour\\\/\"]}]},{\"@type\":\"BreadcrumbList\",\"@id\":\"https:\\\/\\\/italwaxfrance.fr\\\/particulier\\\/livraison-et-retour\\\/#breadcrumb\",\"itemListElement\":[{\"@type\":\"ListItem\",\"position\":1,\"name\":\"Accueil\",\"item\":\"https:\\\/\\\/italwaxfrance.fr\\\/particulier\\\/\"},{\"@type\":\"ListItem\",\"position\":2,\"name\":\"CGV\"}]},{\"@type\":\"WebSite\",\"@id\":\"https:\\\/\\\/italwaxfrance.fr\\\/particulier\\\/#website\",\"url\":\"https:\\\/\\\/italwaxfrance.fr\\\/particulier\\\/\",\"name\":\"Italwax France Particulier\",\"description\":\"Cosm\u00e9tiques professionnels\",\"publisher\":{\"@id\":\"https:\\\/\\\/italwaxfrance.fr\\\/particulier\\\/#organization\"},\"potentialAction\":[{\"@type\":\"SearchAction\",\"target\":{\"@type\":\"EntryPoint\",\"urlTemplate\":\"https:\\\/\\\/italwaxfrance.fr\\\/particulier\\\/?s={search_term_string}\"},\"query-input\":{\"@type\":\"PropertyValueSpecification\",\"valueRequired\":true,\"valueName\":\"search_term_string\"}}],\"inLanguage\":\"fr-FR\"},{\"@type\":\"Organization\",\"@id\":\"https:\\\/\\\/italwaxfrance.fr\\\/particulier\\\/#organization\",\"name\":\"Italwax France\",\"url\":\"https:\\\/\\\/italwaxfrance.fr\\\/particulier\\\/\",\"logo\":{\"@type\":\"ImageObject\",\"inLanguage\":\"fr-FR\",\"@id\":\"https:\\\/\\\/italwaxfrance.fr\\\/particulier\\\/#\\\/schema\\\/logo\\\/image\\\/\",\"url\":\"https:\\\/\\\/italwaxfrance.fr\\\/particulier\\\/wp-content\\\/uploads\\\/sites\\\/12\\\/2022\\\/04\\\/logo.png\",\"contentUrl\":\"https:\\\/\\\/italwaxfrance.fr\\\/particulier\\\/wp-content\\\/uploads\\\/sites\\\/12\\\/2022\\\/04\\\/logo.png\",\"width\":334,\"height\":158,\"caption\":\"Italwax France\"},\"image\":{\"@id\":\"https:\\\/\\\/italwaxfrance.fr\\\/particulier\\\/#\\\/schema\\\/logo\\\/image\\\/\"},\"sameAs\":[\"https:\\\/\\\/www.instagram.com\\\/italwaxfrance\\\/\",\"https:\\\/\\\/www.youtube.com\\\/@ItalwaxMedia\"]}]}<\/script>\n<!-- \/ Yoast SEO Premium plugin. -->","yoast_head_json":{"title":"CGV - Italwax France Particulier","robots":{"index":"index","follow":"follow","max-snippet":"max-snippet:-1","max-image-preview":"max-image-preview:large","max-video-preview":"max-video-preview:-1"},"canonical":"https:\/\/italwaxfrance.fr\/particulier\/livraison-et-retour\/","og_locale":"fr_FR","og_type":"article","og_title":"CGV","og_description":"CGV L\u02bcensemble des commandes qui nous sont remises et les march\u00e9s que nous traitons sont soumis, sans exception, aux conditions g\u00e9n\u00e9rales ci-apr\u00e8s. ACCEPTATION DES COMMANDES, LES PRIX Toute commande qui nous est transmise directement par l\u02bcacheteur ne devient d\u00e9finitive qu\u2019apr\u00e8s acceptation \u00e9crite de notre part. L\u02bcacceptation par le vendeur confirme la commande. En cas d&rsquo;indisponibilit\u00e9... Read More","og_url":"https:\/\/italwaxfrance.fr\/particulier\/livraison-et-retour\/","og_site_name":"Italwax France Particulier","article_modified_time":"2025-07-08T12:29:40+00:00","og_image":[{"width":334,"height":158,"url":"https:\/\/italwaxfrance.fr\/particulier\/wp-content\/uploads\/sites\/12\/2022\/04\/logo.png","type":"image\/png"}],"twitter_card":"summary_large_image","twitter_misc":{"Dur\u00e9e de lecture estim\u00e9e":"6 minutes"},"schema":{"@context":"https:\/\/schema.org","@graph":[{"@type":"WebPage","@id":"https:\/\/italwaxfrance.fr\/particulier\/livraison-et-retour\/","url":"https:\/\/italwaxfrance.fr\/particulier\/livraison-et-retour\/","name":"CGV - Italwax France Particulier","isPartOf":{"@id":"https:\/\/italwaxfrance.fr\/particulier\/#website"},"datePublished":"2022-04-04T12:23:58+00:00","dateModified":"2025-07-08T12:29:40+00:00","breadcrumb":{"@id":"https:\/\/italwaxfrance.fr\/particulier\/livraison-et-retour\/#breadcrumb"},"inLanguage":"fr-FR","potentialAction":[{"@type":"ReadAction","target":["https:\/\/italwaxfrance.fr\/particulier\/livraison-et-retour\/"]}]},{"@type":"BreadcrumbList","@id":"https:\/\/italwaxfrance.fr\/particulier\/livraison-et-retour\/#breadcrumb","itemListElement":[{"@type":"ListItem","position":1,"name":"Accueil","item":"https:\/\/italwaxfrance.fr\/particulier\/"},{"@type":"ListItem","position":2,"name":"CGV"}]},{"@type":"WebSite","@id":"https:\/\/italwaxfrance.fr\/particulier\/#website","url":"https:\/\/italwaxfrance.fr\/particulier\/","name":"Italwax France Particulier","description":"Cosm\u00e9tiques professionnels","publisher":{"@id":"https:\/\/italwaxfrance.fr\/particulier\/#organization"},"potentialAction":[{"@type":"SearchAction","target":{"@type":"EntryPoint","urlTemplate":"https:\/\/italwaxfrance.fr\/particulier\/?s={search_term_string}"},"query-input":{"@type":"PropertyValueSpecification","valueRequired":true,"valueName":"search_term_string"}}],"inLanguage":"fr-FR"},{"@type":"Organization","@id":"https:\/\/italwaxfrance.fr\/particulier\/#organization","name":"Italwax France","url":"https:\/\/italwaxfrance.fr\/particulier\/","logo":{"@type":"ImageObject","inLanguage":"fr-FR","@id":"https:\/\/italwaxfrance.fr\/particulier\/#\/schema\/logo\/image\/","url":"https:\/\/italwaxfrance.fr\/particulier\/wp-content\/uploads\/sites\/12\/2022\/04\/logo.png","contentUrl":"https:\/\/italwaxfrance.fr\/particulier\/wp-content\/uploads\/sites\/12\/2022\/04\/logo.png","width":334,"height":158,"caption":"Italwax France"},"image":{"@id":"https:\/\/italwaxfrance.fr\/particulier\/#\/schema\/logo\/image\/"},"sameAs":["https:\/\/www.instagram.com\/italwaxfrance\/","https:\/\/www.youtube.com\/@ItalwaxMedia"]}]}},"_links":{"self":[{"href":"https:\/\/italwaxfrance.fr\/particulier\/wp-json\/wp\/v2\/pages\/390","targetHints":{"allow":["GET"]}}],"collection":[{"href":"https:\/\/italwaxfrance.fr\/particulier\/wp-json\/wp\/v2\/pages"}],"about":[{"href":"https:\/\/italwaxfrance.fr\/particulier\/wp-json\/wp\/v2\/types\/page"}],"author":[{"embeddable":true,"href":"https:\/\/italwaxfrance.fr\/particulier\/wp-json\/wp\/v2\/users\/1"}],"replies":[{"embeddable":true,"href":"https:\/\/italwaxfrance.fr\/particulier\/wp-json\/wp\/v2\/comments?post=390"}],"version-history":[{"count":9,"href":"https:\/\/italwaxfrance.fr\/particulier\/wp-json\/wp\/v2\/pages\/390\/revisions"}],"predecessor-version":[{"id":1958,"href":"https:\/\/italwaxfrance.fr\/particulier\/wp-json\/wp\/v2\/pages\/390\/revisions\/1958"}],"wp:attachment":[{"href":"https:\/\/italwaxfrance.fr\/particulier\/wp-json\/wp\/v2\/media?parent=390"}],"curies":[{"name":"wp","href":"https:\/\/api.w.org\/{rel}","templated":true}]}}